{"id":14184,"date":"2024-10-16T11:15:11","date_gmt":"2024-10-16T04:15:11","guid":{"rendered":"https:\/\/serverhot.vn\/-product-\/dell-precision-7875-tower-workstation-ma-san-pham-precision7875\/"},"modified":"2024-10-16T11:15:12","modified_gmt":"2024-10-16T04:15:12","slug":"dell-precision-7875-tower-workstation-ma-san-pham-precision7875","status":"publish","type":"product","link":"https:\/\/serverhot.vn\/bn\/-product-\/dell-precision-7875-tower-workstation-ma-san-pham-precision7875\/","title":{"rendered":"Dell Precision 7875 Tower Workstation M\u00e3 s\u1ea3n ph\u1ea9m: PRECISION7875"},"content":{"rendered":"<div class=\"showText tabs\" id=\"tab2\">\n                                    <\/div>","protected":false},"excerpt":{"rendered":"<ul>\n<p><strong>Dell Precision 7875 Tower Workstation<\/strong> l\u00e0 m\u1ed9t m\u00e1y t\u00ednh \u0111\u1ec3 b\u00e0n hi\u1ec7u su\u1ea5t cao, \u0111\u01b0\u1ee3c thi\u1ebft k\u1ebf cho c\u00f4ng vi\u1ec7c chuy\u00ean nghi\u1ec7p.<\/p>\n<ul style=\"list-style-type: square\">\n<li>B\u1ed9 x\u1eed l\u00fd: AMD Ryzen Threadripper Pro 7945WX (12 nh\u00e2n, c\u00f3 th\u1ec3 l\u00ean \u0111\u1ebfn 96 nh\u00e2n)<\/li>\n<li>B\u1ed9 nh\u1edb: 16GB RAM DDR5-4800 ECC (1x16GB DIMM)<\/li>\n<li>L\u01b0u tr\u1eef: 256GB PCIe NVMe M.2 SSD<\/li>\n<li>Card \u0111\u1ed3 h\u1ecda: AMD Radeon Pro W6300<\/li>\n<li>Ngu\u1ed3n \u0111i\u1ec7n: 1,000W<\/li>\n<li>M\u1ea1ng: C\u1ed5ng 1GbE<\/li>\n<li>H\u1ec7 \u0111i\u1ec1u h\u00e0nh: Windows 11 Pro<\/li>\n<\/ul>\n<\/ul>","protected":false},"featured_media":14185,"comment_status":"closed","ping_status":"closed","template":"","meta":[],"pwb-brand":[],"product_cat":[2886],"product_tag":[],"class_list":{"0":"post-14184","1":"product","2":"type-product","3":"status-publish","4":"has-post-thumbnail","6":"product_cat-dell-workstation","8":"first","9":"instock","10":"shipping-taxable","11":"product-type-simple"},"brands":[],"_links":{"self":[{"href":"https:\/\/serverhot.vn\/bn\/wp-json\/wp\/v2\/product\/14184","targetHints":{"allow":["GET"]}}],"collection":[{"href":"https:\/\/serverhot.vn\/bn\/wp-json\/wp\/v2\/product"}],"about":[{"href":"https:\/\/serverhot.vn\/bn\/wp-json\/wp\/v2\/types\/product"}],"replies":[{"embeddable":true,"href":"https:\/\/serverhot.vn\/bn\/wp-json\/wp\/v2\/comments?post=14184"}],"wp:featuredmedia":[{"embeddable":true,"href":"https:\/\/serverhot.vn\/bn\/wp-json\/wp\/v2\/media\/14185"}],"wp:attachment":[{"href":"https:\/\/serverhot.vn\/bn\/wp-json\/wp\/v2\/media?parent=14184"}],"wp:term":[{"taxonomy":"pwb-brand","embeddable":true,"href":"https:\/\/serverhot.vn\/bn\/wp-json\/wp\/v2\/pwb-brand?post=14184"},{"taxonomy":"product_cat","embeddable":true,"href":"https:\/\/serverhot.vn\/bn\/wp-json\/wp\/v2\/product_cat?post=14184"},{"taxonomy":"product_tag","embeddable":true,"href":"https:\/\/serverhot.vn\/bn\/wp-json\/wp\/v2\/product_tag?post=14184"}],"curies":[{"name":"wp","href":"https:\/\/api.w.org\/{rel}","templated":true}]}}