{"id":14394,"date":"2024-11-06T09:00:31","date_gmt":"2024-11-06T02:00:31","guid":{"rendered":"https:\/\/serverhot.vn\/-product-\/may-scan-avision-av332u-a4-a5-dao-mat-adf-usb-ma-san-pham-av332u\/"},"modified":"2024-11-06T09:00:45","modified_gmt":"2024-11-06T02:00:45","slug":"may-scan-avision-av332u-a4-a5-dao-mat-adf-usb-ma-san-pham-av332u","status":"publish","type":"product","link":"https:\/\/serverhot.vn\/bn\/-product-\/may-scan-avision-av332u-a4-a5-dao-mat-adf-usb-ma-san-pham-av332u\/","title":{"rendered":"M\u00e1y Scan Avision AV332U (A4\/A5\/ \u0110\u1ea3o m\u1eb7t\/ ADF\/ USB) M\u00e3 s\u1ea3n ph\u1ea9m: AV332U"},"content":{"rendered":"<div class=\"showText tabs\" id=\"tab2\">\n                                    <\/div>","protected":false},"excerpt":{"rendered":"<ul>\n<ul>\n<li>T\u1ed1c \u0111\u1ed9 qu\u00e9t cao l\u00ean t\u1edbi 32 ppm\/64ipm \u1edf (A4, M\u00e0u, 300 dpi)<\/li>\n<li>D\u1ec5 d\u00e0ng mang theo do thi\u1ebft k\u1ebf m\u1ecfng<\/li>\n<li>H\u1ed7 tr\u1ee3 th\u1ebb nh\u1ef1a d\u1eadp n\u1ed5i<\/li>\n<li>Ph\u00e1t hi\u1ec7n nhi\u1ec1u ngu\u1ed3n c\u1ea5p si\u00eau \u00e2m<\/li>\n<li>C\u00e1c \u1ee9ng d\u1ee5ng ph\u1ea7n m\u1ec1m chuy\u00ean nghi\u1ec7p \u0111i k\u00e8m bao g\u1ed3m Avision Button Manager, AVScan, PaperPort<\/li>\n<li>C\u00f4ng ngh\u1ec7 LED th\u00e2n thi\u1ec7n v\u1edbi m\u00f4i tr\u01b0\u1eddng<\/li>\n<li>ADF nh\u1ecf g\u1ecdn c\u00f3 th\u1ec3 ch\u1ee9a t\u1edbi 50 trang<\/li>\n<li>Nh\u1ea5n v\u00e0 qu\u00e9t v\u00e0o c\u00e1c m\u00e1y ch\u1ee7 \u0111\u00e1m m\u00e2y nh\u01b0 Google Drive, FTP, Evernote v\u00e0 Microsoft SharePoint th\u00f4ng qua Button Manager<\/li>\n<\/ul>\n<\/ul>","protected":false},"featured_media":14395,"comment_status":"closed","ping_status":"closed","template":"","meta":[],"pwb-brand":[],"product_cat":[2910],"product_tag":[25],"class_list":{"0":"post-14394","1":"product","2":"type-product","3":"status-publish","4":"has-post-thumbnail","6":"product_cat-thiet-bi-van-phong","7":"product_tag-man","9":"first","10":"instock","11":"shipping-taxable","12":"product-type-simple"},"brands":[],"_links":{"self":[{"href":"https:\/\/serverhot.vn\/bn\/wp-json\/wp\/v2\/product\/14394","targetHints":{"allow":["GET"]}}],"collection":[{"href":"https:\/\/serverhot.vn\/bn\/wp-json\/wp\/v2\/product"}],"about":[{"href":"https:\/\/serverhot.vn\/bn\/wp-json\/wp\/v2\/types\/product"}],"replies":[{"embeddable":true,"href":"https:\/\/serverhot.vn\/bn\/wp-json\/wp\/v2\/comments?post=14394"}],"wp:featuredmedia":[{"embeddable":true,"href":"https:\/\/serverhot.vn\/bn\/wp-json\/wp\/v2\/media\/14395"}],"wp:attachment":[{"href":"https:\/\/serverhot.vn\/bn\/wp-json\/wp\/v2\/media?parent=14394"}],"wp:term":[{"taxonomy":"pwb-brand","embeddable":true,"href":"https:\/\/serverhot.vn\/bn\/wp-json\/wp\/v2\/pwb-brand?post=14394"},{"taxonomy":"product_cat","embeddable":true,"href":"https:\/\/serverhot.vn\/bn\/wp-json\/wp\/v2\/product_cat?post=14394"},{"taxonomy":"product_tag","embeddable":true,"href":"https:\/\/serverhot.vn\/bn\/wp-json\/wp\/v2\/product_tag?post=14394"}],"curies":[{"name":"wp","href":"https:\/\/api.w.org\/{rel}","templated":true}]}}