{"id":14585,"date":"2025-02-04T13:31:28","date_gmt":"2025-02-04T06:31:28","guid":{"rendered":"https:\/\/serverhot.vn\/-product-\/cap-mang-duc-san-cat6-dai-5m-chinh-hang-ugreen-50187-cao-cap-ma-san-pham-50187\/"},"modified":"2025-02-04T13:31:43","modified_gmt":"2025-02-04T06:31:43","slug":"cap-mang-duc-san-cat6-dai-5m-chinh-hang-ugreen-50187-cao-cap-ma-san-pham-50187","status":"publish","type":"product","link":"https:\/\/serverhot.vn\/bn\/-product-\/cap-mang-duc-san-cat6-dai-5m-chinh-hang-ugreen-50187-cao-cap-ma-san-pham-50187\/","title":{"rendered":"C\u00e1p m\u1ea1ng \u0111\u00fac s\u1eb5n Cat6 d\u00e0i 5m ch\u00ednh h\u00e3ng Ugreen 50187 cao c\u1ea5p M\u00e3 s\u1ea3n ph\u1ea9m: 50187"},"content":{"rendered":"<div class=\"showText tabs\" id=\"tab2\">\n                                    <\/div>","protected":false},"excerpt":{"rendered":"<ul>\n<p>Th\u00f4ng tin s\u1ea3n ph\u1ea9m<\/p>\n<p>C\u00e1p m\u1ea1ng \u0111\u00fac s\u1eb5n Cat6 d\u00e0i 5m ch\u00ednh h\u00e3ng Ugreen 50187 cao c\u1ea5p<\/p>\n<p>Gi\u1edbi thi\u1ec7u : C\u00e1p m\u1ea1ng Cat6 d\u00e0i 5m Ugreen 50187<\/p>\n<p>\u00a0<\/p>\n<p>&#8211; C\u00e1p m\u1ea1ng \u0111\u00fac s\u1eb5n Cat6 d\u00e0i 5m ch\u00ednh h\u00e3ng Ugreen 50187 ch\u1ea5t l\u01b0\u1ee3ng cao \u0111\u1ec3 gi\u1ea3m thi\u1ec3u s\u1ef1 m\u1ea5t m\u00e1t t\u00edn hi\u1ec7u v\u00e0 \u0111i\u1ec7n n\u0103ng ti\u00eau th\u1ee5 trong kho\u1ea3ng c\u00e1ch d\u00e0i c\u00e1p n\u00e0y cung c\u1ea5p hi\u1ec7u su\u1ea5t l\u00ean \u0111\u1ebfn 3500 MHz v\u00e0 ph\u00f9 h\u1ee3p cho 10-100-1000 (Fast Ethernet) v\u00e0 n\u00f3 \u0111\u01b0\u1ee3c thi\u1ebft k\u1ebf \u0111\u1ec3 s\u1eed d\u1ee5ng tr\u00ean c\u00e1c m\u1ea1ng Ethernet \/ RJ45. . V\u00e0 Th\u00edch h\u1ee3p \u0111\u1ec3 k\u1ebft n\u1ed1i PC, Xbox, PS3, m\u00e1y t\u00ednh x\u00e1ch tay \u0111\u1ebfn router b\u0103ng th\u00f4ng r\u1ed9ng c\u1ee7a b\u1ea1n .<\/p>\n<p>&#8211; H\u00e3ng s\u1ea3n xu\u1ea5t : Ugreen<\/p>\n<p>&#8211; M\u00e3 s\u1ea3n ph\u1ea9m : 50187<\/p>\n<p>&#8211; K\u1ebft h\u1ee3p ho\u00e0n h\u1ea3o v\u1edbi m\u1ea1ng l\u01b0\u1edbi 10, 100,1000 Base-T.\u00a0<\/p>\n<p>&#8211; C\u00e1p lo\u1ea1i: CAT6\u00a0<\/p>\n<p>&#8211; C\u1ea5u t\u1ea1o b\u1eb1ng ch\u1ea5t li\u1ec7u nh\u1ef1a PVC\u00a0<\/p>\n<p>&#8211; Cable Gauge: 26 AWG\u00a0<\/p>\n<p>&#8211; M\u00e0u s\u1eafc: \u0110en<\/p>\n<p>&#8211; Hi\u1ec7u su\u1ea5t c\u00e1p l\u00ean \u0111\u1ebfn 500 MHz\u00a0<\/p>\n<p>&#8211; Cable Che ch\u1eafn: UTP<\/p>\n<\/ul>","protected":false},"featured_media":14586,"comment_status":"closed","ping_status":"closed","template":"","meta":[],"pwb-brand":[],"product_cat":[2901],"product_tag":[50],"class_list":{"0":"post-14585","1":"product","2":"type-product","3":"status-publish","4":"has-post-thumbnail","6":"product_cat-ubiquiti","7":"product_tag-green","9":"first","10":"instock","11":"shipping-taxable","12":"product-type-simple"},"brands":[],"_links":{"self":[{"href":"https:\/\/serverhot.vn\/bn\/wp-json\/wp\/v2\/product\/14585","targetHints":{"allow":["GET"]}}],"collection":[{"href":"https:\/\/serverhot.vn\/bn\/wp-json\/wp\/v2\/product"}],"about":[{"href":"https:\/\/serverhot.vn\/bn\/wp-json\/wp\/v2\/types\/product"}],"replies":[{"embeddable":true,"href":"https:\/\/serverhot.vn\/bn\/wp-json\/wp\/v2\/comments?post=14585"}],"wp:featuredmedia":[{"embeddable":true,"href":"https:\/\/serverhot.vn\/bn\/wp-json\/wp\/v2\/media\/14586"}],"wp:attachment":[{"href":"https:\/\/serverhot.vn\/bn\/wp-json\/wp\/v2\/media?parent=14585"}],"wp:term":[{"taxonomy":"pwb-brand","embeddable":true,"href":"https:\/\/serverhot.vn\/bn\/wp-json\/wp\/v2\/pwb-brand?post=14585"},{"taxonomy":"product_cat","embeddable":true,"href":"https:\/\/serverhot.vn\/bn\/wp-json\/wp\/v2\/product_cat?post=14585"},{"taxonomy":"product_tag","embeddable":true,"href":"https:\/\/serverhot.vn\/bn\/wp-json\/wp\/v2\/product_tag?post=14585"}],"curies":[{"name":"wp","href":"https:\/\/api.w.org\/{rel}","templated":true}]}}