{"id":14587,"date":"2025-02-04T14:30:52","date_gmt":"2025-02-04T07:30:52","guid":{"rendered":"https:\/\/serverhot.vn\/-product-\/nguon-may-tinh-corsair-rm1000e-1000w-atx-3-0-pcie-5-0-80-plus-gold-full-modul-cp-9020264-na-ma-san-pham-cp-9020264-na\/"},"modified":"2025-02-04T14:31:07","modified_gmt":"2025-02-04T07:31:07","slug":"nguon-may-tinh-corsair-rm1000e-1000w-atx-3-0-pcie-5-0-80-plus-gold-full-modul-cp-9020264-na-ma-san-pham-cp-9020264-na","status":"publish","type":"product","link":"https:\/\/serverhot.vn\/bn\/-product-\/nguon-may-tinh-corsair-rm1000e-1000w-atx-3-0-pcie-5-0-80-plus-gold-full-modul-cp-9020264-na-ma-san-pham-cp-9020264-na\/","title":{"rendered":"Ngu\u1ed3n m\u00e1y t\u00ednh Corsair RM1000e &#8211; 1000W ATX 3.0 &#8211; PCIe 5.0 &#8211; 80 Plus Gold &#8211; Full Modul (CP-9020264-NA) M\u00e3 s\u1ea3n ph\u1ea9m: CP-9020264-NA"},"content":{"rendered":"<div class=\"showText tabs\" id=\"tab2\">\n                                    <\/div>","protected":false},"excerpt":{"rendered":"<ul>\n<ul>\n<li>Chu\u1ea9n ATX 3.0 &amp; t\u01b0\u01a1ng th\u00edch PCIe 5.0<\/li>\n<li>C\u00f4ng su\u1ea5t t\u1ed1i \u0111a: 1000W<\/li>\n<li>S\u1ed1 c\u1ed5ng c\u1eafm: Full-Modular<\/li>\n<li>Hi\u1ec7u su\u1ea5t: 80 Plus Gold<\/li>\n<\/ul>\n<\/ul>","protected":false},"featured_media":14588,"comment_status":"closed","ping_status":"closed","template":"","meta":[],"pwb-brand":[],"product_cat":[2916],"product_tag":[],"class_list":{"0":"post-14587","1":"product","2":"type-product","3":"status-publish","4":"has-post-thumbnail","6":"product_cat-linh-kien-may-chu","8":"first","9":"instock","10":"shipping-taxable","11":"product-type-simple"},"brands":[],"_links":{"self":[{"href":"https:\/\/serverhot.vn\/bn\/wp-json\/wp\/v2\/product\/14587","targetHints":{"allow":["GET"]}}],"collection":[{"href":"https:\/\/serverhot.vn\/bn\/wp-json\/wp\/v2\/product"}],"about":[{"href":"https:\/\/serverhot.vn\/bn\/wp-json\/wp\/v2\/types\/product"}],"replies":[{"embeddable":true,"href":"https:\/\/serverhot.vn\/bn\/wp-json\/wp\/v2\/comments?post=14587"}],"wp:featuredmedia":[{"embeddable":true,"href":"https:\/\/serverhot.vn\/bn\/wp-json\/wp\/v2\/media\/14588"}],"wp:attachment":[{"href":"https:\/\/serverhot.vn\/bn\/wp-json\/wp\/v2\/media?parent=14587"}],"wp:term":[{"taxonomy":"pwb-brand","embeddable":true,"href":"https:\/\/serverhot.vn\/bn\/wp-json\/wp\/v2\/pwb-brand?post=14587"},{"taxonomy":"product_cat","embeddable":true,"href":"https:\/\/serverhot.vn\/bn\/wp-json\/wp\/v2\/product_cat?post=14587"},{"taxonomy":"product_tag","embeddable":true,"href":"https:\/\/serverhot.vn\/bn\/wp-json\/wp\/v2\/product_tag?post=14587"}],"curies":[{"name":"wp","href":"https:\/\/api.w.org\/{rel}","templated":true}]}}