{"id":14769,"date":"2025-03-18T10:30:28","date_gmt":"2025-03-18T03:30:28","guid":{"rendered":"https:\/\/serverhot.vn\/-product-\/man-hinh-do-hoa-lg-27up600-w-27-0-inch-4k-ips-60hz-5ms-freesync-hdr10-displayhdr400-ma-san-pham-27up600-w\/"},"modified":"2025-03-18T10:30:50","modified_gmt":"2025-03-18T03:30:50","slug":"man-hinh-do-hoa-lg-27up600-w-27-0-inch-4k-ips-60hz-5ms-freesync-hdr10-displayhdr400-ma-san-pham-27up600-w","status":"publish","type":"product","link":"https:\/\/serverhot.vn\/bn\/-product-\/man-hinh-do-hoa-lg-27up600-w-27-0-inch-4k-ips-60hz-5ms-freesync-hdr10-displayhdr400-ma-san-pham-27up600-w\/","title":{"rendered":"M\u00e0n H\u00ecnh \u0110\u00f4\u0300 Ho\u0323a LG 27UP600-W (27.0 inch &#8211; 4K &#8211; IPS &#8211; 60Hz &#8211; 5ms &#8211; FreeSync &#8211; HDR10 &#8211; DisplayHDR400) M\u00e3 s\u1ea3n ph\u1ea9m: 27UP600-W"},"content":{"rendered":"<div class=\"showText tabs\" id=\"tab2\">\n<div class=\"box_right_pro_view\">\n<div class=\"thongso_pro a_technical\" style=\"max-height: fit-content\">\n<p>K\u00edch th\u01b0\u1edbc m\u00e0n h\u00ecnh<span> <\/span>27 inch<\/p>\n<p>K\u00edch th\u01b0\u1edbc (cm)<span> <\/span>68.4 cm<\/p>\n<p>\u0110\u1ed9 ph\u00e2n gi\u1ea3i<span> <\/span>UHD\/4K<\/p>\n<p>T\u1ea5m n\u1ec1n \/ C\u00f4ng ngh\u1ec7<span> <\/span>IPS<\/p>\n<p>T\u1ef7 l\u1ec7 m\u00e0n \u1ea3nh<span> <\/span><\/p>\n<p>16:9<\/p>\n<p>T\u1ea7n s\u1ed1 qu\u00e9t<span> <\/span>60Hz<\/p>\n<p>K\u00edch th\u01b0\u1edbc \u0111i\u1ec3m \u1ea3nh<span> <\/span>0.1554 x 0.1554<\/p>\n<p>\u0110\u1ed9 s\u00e1ng (T\u1ed1i thi\u1ec3u)<span> <\/span>320 cd\/m\u00b2<\/p>\n<p>\u0110\u1ed9 s\u00e1ng (\u0110i\u1ec3n h\u00ecnh)<span> <\/span>400 cd\/m\u00b2<\/p>\n<p>Gam m\u00e0u (color gamut)<span> <\/span>DCI-P3 95% (CIE1976)<\/p>\n<p>K\u1ebft n\u1ed1i (\u0110\u1ea7u v\u00e0o \/ \u0111\u1ea7u ra)<span> <\/span>1000:1<\/p>\n<p>\u0110\u1ed9 s\u00e2u m\u00e0u (S\u1ed1 m\u00e0u)<span> <\/span>1.07B<\/p>\n<p>K\u1ebft n\u1ed1i (\u0110\u1ea7u v\u00e0o \/ \u0111\u1ea7u ra)<span> <\/span>HDMI, DisplayPort<\/p>\n<p>T\u00ednh n\u0103ng n\u1ed5i tr\u1ed9i<span> <\/span>HDR 10, VESA DisplayHDR\u2122, C\u00e2n ch\u1ec9nh m\u00e0u s\u1eafc, Ch\u0103m s\u00f3c m\u1eaft, AMD FreeSync\u2122, Gaming mode, Ti\u1ebft ki\u1ec7m \u0111i\u1ec7n th\u00f4ng minh, Dual Controller<\/p>\n<p>T\u1ef7 l\u1ec7 t\u01b0\u01a1ng ph\u1ea3n (T\u1ed1i thi\u1ec3u)<span> <\/span>1000:1<\/p>\n<p>T\u1ef7 l\u1ec7 t\u01b0\u01a1ng ph\u1ea3n (\u0110i\u1ec3n h\u00ecnh)<span> <\/span>1200:1<\/p>\n<p>Th\u1eddi gian ph\u1ea3n h\u1ed3i<span> <\/span>5ms (GtG)<\/p>\n<p>G\u00f3c xem (CR\u226510)<span> <\/span>178\u00ba(R\/L), 178\u00ba(U\/D)<\/p>\n<p>X\u1eed l\u00fd b\u1ec1 m\u1eb7t<span> <\/span>Ch\u1ed1ng l\u00f3a<\/p>\n<p>T\u00cdNH N\u0102NG<\/p>\n<p>HDR 10<span> <\/span>DisplayHDR\u2122 400<\/p>\n<p>Hi\u1ec7u \u1ee9ng HDR<span> <\/span>68.4 cm<\/p>\n<p>Hi\u1ec7u \u1ee9ng HDR<span> <\/span>C\u00f3<\/p>\n<p>Gam m\u00e0u r\u1ed9ng<span> <\/span>C\u00f3<\/p>\n<p>M\u00e0u hi\u1ec7u ch\u1ec9nh<span> <\/span>C\u00f3<\/p>\n<p>Ch\u1ed1ng nh\u00e1y<span> <\/span>C\u00f3<\/p>\n<p>Ch\u1ebf \u0111\u1ed9 \u0111\u1ecdc s\u00e1ch<span> <\/span>C\u00f3<\/p>\n<p>M\u00e0u s\u1eafc y\u1ebfu<span> <\/span>C\u00f3<\/p>\n<p>Super Resolution+<span> <\/span>C\u00f3<\/p>\n<p>AMD FreeSync\u2122<span> <\/span>C\u00f3<\/p>\n<p>C\u00e2n b\u1eb1ng t\u1ed1i<span> <\/span>C\u00f3<\/p>\n<p>\u0110\u1ed3ng b\u1ed9 h\u00e0nh \u0111\u1ed9ng k\u00e9p<span> <\/span>C\u00f3<\/p>\n<p>Ti\u1ebft ki\u1ec7m n\u0103ng l\u01b0\u1ee3ng th\u00f4ng minh<span> <\/span>C\u00f3<\/p>\n<p>\u1ee8NG D\u1ee4NG SW<\/p>\n<p>B\u1ed9 \u0111i\u1ec1u khi\u1ec3n k\u00e9p<span> <\/span>C\u00f3<\/p>\n<p>\u0110i\u1ec1u khi\u1ec3n tr\u00ean m\u00e0n h\u00ecnh (Tr\u00ecnh qu\u1ea3n l\u00fd m\u00e0n h\u00ecnh LG)<span> <\/span>C\u00f3<\/p>\n<p>K\u1ebeT N\u1ed0I<\/p>\n<p>HDMI\u2122<span> <\/span>C\u00f3 (2ea)<\/p>\n<p>HDMI (\u0110\u1ed9 ph\u00e2n gi\u1ea3i T\u1ed1i \u0111a t\u1ea1i Hz)<span> <\/span>3840 x 2160 at 60Hz<\/p>\n<p>DisplayPort<span> <\/span>C\u00f3 (1ea)<\/p>\n<p>Phi\u00ean b\u1ea3n DP<span> <\/span>1.4<\/p>\n<p>DP (\u0110\u1ed9 ph\u00e2n gi\u1ea3i T\u1ed1i \u0111a t\u1ea1i Hz)<span> <\/span>3840 x 2160 at 60Hz<\/p>\n<p>Tai nghe ra<span> <\/span>C\u00f3<\/p>\n<p>NGU\u1ed2N<\/p>\n<p>Lo\u1ea1i<span> <\/span>External Power (Adapter)<\/p>\n<p>Ng\u00f5 v\u00e0o AC<span> <\/span>100-240Vac, 50\/60Hz<\/p>\n<p>M\u1ee9c ti\u00eau th\u1ee5 \u0111i\u1ec7n (\u0110i\u1ec3n h\u00ecnh)<span> <\/span>40W<\/p>\n<p>M\u1ee9c ti\u00eau th\u1ee5 \u0111i\u1ec7n (T\u1ed1i \u0111a)<span> <\/span>44W<\/p>\n<p>M\u1ee9c ti\u00eau th\u1ee5 \u0111i\u1ec7n (DC t\u1eaft)<span> <\/span>Less than 0.3W<\/p>\n<p>M\u1ee9c ti\u00eau th\u1ee5 \u0111i\u1ec7n (Ch\u1ebf \u0111\u1ed9 ng\u1ee7)<span> <\/span>&#8220;Less than 0.5W (HDMI\/DP input condition)<\/p>\n<p>Tai nghe ra<span> <\/span>C\u00f3<\/p>\n<p>\u0110\u1eb6C \u0110I\u1ec2M C\u01a0 H\u1eccC<\/p>\n<p>\u0110i\u1ec1u ch\u1ec9nh v\u1ecb tr\u00ed m\u00e0n h\u00ecnh<span> <\/span>Tilt<\/p>\n<p>C\u00f3 th\u1ec3 treo t\u01b0\u1eddng<span> <\/span>100 x 100 mm<\/p>\n<p>K\u00cdCH TH\u01af\u1edaC\/KH\u1ed0I L\u01af\u1ee2NG<\/p>\n<p>K\u00edch th\u01b0\u1edbc t\u00ednh c\u1ea3 ch\u00e2n \u0111\u1ebf (R\u1ed9ng x Cao x D\u00e0y)<span> <\/span>613.5 x 454.8 x 211.5 mm<\/p>\n<p>K\u00edch th\u01b0\u1edbc kh\u00f4ng t\u00ednh ch\u00e2n \u0111\u1ebf (R\u1ed9ng x Cao x D\u00e0y)<span> <\/span>613.5 x 363.5 x 45.4 mm<\/p>\n<p>K\u00edch th\u01b0\u1edbc khi v\u1eadn chuy\u1ec3n (R\u1ed9ng x Cao x D\u00e0y)<span> <\/span>712 x 436 x 154 mm<\/p>\n<p>Kh\u1ed1i l\u01b0\u1ee3ng t\u00ednh c\u1ea3 ch\u00e2n \u0111\u1ebf<span> <\/span>4.3 kg<\/p>\n<p>Kh\u1ed1i l\u01b0\u1ee3ng kh\u00f4ng t\u00ednh ch\u00e2n \u0111\u1ebf<span> <\/span>3.8 kg<\/p>\n<p>Kh\u1ed1i l\u01b0\u1ee3ng khi v\u1eadn chuy\u1ec3n<span> <\/span>6.4 kg<\/p>\n<p>\u00a0<\/p>\n<\/p><\/div>\n<p>                            <!--                            <\/p>\n<div class=\"xemthem_id_r\">--><br \/>\n                            <!--                                <a><!--\/show\/?token=--><br \/>\n                            <!--\"--><br \/>\n                            <!--                                   class=\"preview fancybox fancybox.ajax\" rel=\"nofollow\"&gt;Xem th&#234;m th&#244;ng s&#7889; k&#7929; thu&#7853;t<\/a>--><br \/>\n                            <!--                            <\/div>\n<p>-->\n                        <\/p><\/div>\n<\/p><\/div>","protected":false},"excerpt":{"rendered":"<ul>\n<p>Ki\u1ec3u d\u00e1ng m\u00e0n h\u00ecnh: Ph\u1eb3ng<\/p>\n<p>T\u1ec9 l\u1ec7 khung h\u00ecnh: 16:9<\/p>\n<p>K\u00edch th\u01b0\u1edbc m\u1eb7c \u0111\u1ecbnh: 27.0 inch<\/p>\n<p>C\u00f4ng ngh\u1ec7 t\u1ea5m n\u1ec1n: IPS<\/p>\n<\/ul>","protected":false},"featured_media":14770,"comment_status":"closed","ping_status":"closed","template":"","meta":[],"pwb-brand":[],"product_cat":[2909],"product_tag":[],"class_list":{"0":"post-14769","1":"product","2":"type-product","3":"status-publish","4":"has-post-thumbnail","6":"product_cat-man-hinh-may-tinh","8":"first","9":"instock","10":"shipping-taxable","11":"product-type-simple"},"brands":[],"_links":{"self":[{"href":"https:\/\/serverhot.vn\/bn\/wp-json\/wp\/v2\/product\/14769","targetHints":{"allow":["GET"]}}],"collection":[{"href":"https:\/\/serverhot.vn\/bn\/wp-json\/wp\/v2\/product"}],"about":[{"href":"https:\/\/serverhot.vn\/bn\/wp-json\/wp\/v2\/types\/product"}],"replies":[{"embeddable":true,"href":"https:\/\/serverhot.vn\/bn\/wp-json\/wp\/v2\/comments?post=14769"}],"wp:featuredmedia":[{"embeddable":true,"href":"https:\/\/serverhot.vn\/bn\/wp-json\/wp\/v2\/media\/14770"}],"wp:attachment":[{"href":"https:\/\/serverhot.vn\/bn\/wp-json\/wp\/v2\/media?parent=14769"}],"wp:term":[{"taxonomy":"pwb-brand","embeddable":true,"href":"https:\/\/serverhot.vn\/bn\/wp-json\/wp\/v2\/pwb-brand?post=14769"},{"taxonomy":"product_cat","embeddable":true,"href":"https:\/\/serverhot.vn\/bn\/wp-json\/wp\/v2\/product_cat?post=14769"},{"taxonomy":"product_tag","embeddable":true,"href":"https:\/\/serverhot.vn\/bn\/wp-json\/wp\/v2\/product_tag?post=14769"}],"curies":[{"name":"wp","href":"https:\/\/api.w.org\/{rel}","templated":true}]}}