{"id":14897,"date":"2025-05-02T10:01:15","date_gmt":"2025-05-02T03:01:15","guid":{"rendered":"https:\/\/serverhot.vn\/-product-\/converter-quang-bt-950gs-20a-10-100-1000m-ma-san-pham-bt-950gs-20a10-100-1000m\/"},"modified":"2025-05-02T10:01:47","modified_gmt":"2025-05-02T03:01:47","slug":"converter-quang-bt-950gs-20a-10-100-1000m-ma-san-pham-bt-950gs-20a10-100-1000m","status":"publish","type":"product","link":"https:\/\/serverhot.vn\/bn\/-product-\/converter-quang-bt-950gs-20a-10-100-1000m-ma-san-pham-bt-950gs-20a10-100-1000m\/","title":{"rendered":"Converter quang BT-950GS-20A 10\/100\/1000M M\u00e3 s\u1ea3n ph\u1ea9m: BT-950GS-20A10\/100\/1000M"},"content":{"rendered":"<div class=\"showText tabs\" id=\"tab2\">\n                                    <\/div>","protected":false},"excerpt":{"rendered":"<ul>\n<ul>\n<li>BT-950GS-20A Series l\u00e0 m\u1ed9t lo\u1ea1i thi\u1ebft b\u1ecb chuy\u1ec3n \u0111\u1ed5i Ethernet 1 s\u1ee3i c\u00e1p quang singlemode th\u00f4ng minh, th\u00edch \u1ee9ng v\u00e0 ch\u1ea5t l\u01b0\u1ee3ng. N\u00f3 c\u00f3 ch\u1ee9c n\u0103ng chuy\u1ec3n t\u1ea3i d\u1eef li\u1ec7u c\u00e1p quang v\u1edbi kho\u1ea3ng c\u00e1ch l\u00ean \u0111\u1ebfn 20km th\u00f4ng qua c\u00e1p quang singlemode. S\u1eed d\u1ee5ng b\u1ed9 chuy\u1ec3n \u0111\u1ed5i ph\u01b0\u01a1ng ti\u1ec7n l\u00e0 m\u1ed9t gi\u1ea3i ph\u00e1p kinh t\u1ebf \u0111\u1ec3 \u0111\u1ea1t \u0111\u01b0\u1ee3c c\u01a1 s\u1edf truy\u1ec1n kho\u1ea3ng c\u00e1ch xa d\u1ef1a tr\u00ean t\u00ecnh tr\u1ea1ng hi\u1ec7n t\u1ea1i.<\/li>\n<li>B\u1ed9 chuy\u1ec3n \u0111\u1ed5i quang \u0111i\u1ec7n converter quang 1 s\u1ee3i Bton th\u01b0\u1eddng \u0111i k\u00e8m ph\u1ee5 ki\u1ec7n v\u1edbi d\u00e2y nh\u1ea3y quang singlemode chu\u1ea9n SC-LC, SC-SC or \u0111\u1ea7u b\u1ea5m nhanh Fast conecter chu\u1ea9n SC\/UPC.<\/li>\n<\/ul>\n<\/ul>","protected":false},"featured_media":14898,"comment_status":"closed","ping_status":"closed","template":"","meta":[],"pwb-brand":[],"product_cat":[2901],"product_tag":[],"class_list":{"0":"post-14897","1":"product","2":"type-product","3":"status-publish","4":"has-post-thumbnail","6":"product_cat-ubiquiti","8":"first","9":"instock","10":"shipping-taxable","11":"product-type-simple"},"brands":[],"_links":{"self":[{"href":"https:\/\/serverhot.vn\/bn\/wp-json\/wp\/v2\/product\/14897","targetHints":{"allow":["GET"]}}],"collection":[{"href":"https:\/\/serverhot.vn\/bn\/wp-json\/wp\/v2\/product"}],"about":[{"href":"https:\/\/serverhot.vn\/bn\/wp-json\/wp\/v2\/types\/product"}],"replies":[{"embeddable":true,"href":"https:\/\/serverhot.vn\/bn\/wp-json\/wp\/v2\/comments?post=14897"}],"wp:featuredmedia":[{"embeddable":true,"href":"https:\/\/serverhot.vn\/bn\/wp-json\/wp\/v2\/media\/14898"}],"wp:attachment":[{"href":"https:\/\/serverhot.vn\/bn\/wp-json\/wp\/v2\/media?parent=14897"}],"wp:term":[{"taxonomy":"pwb-brand","embeddable":true,"href":"https:\/\/serverhot.vn\/bn\/wp-json\/wp\/v2\/pwb-brand?post=14897"},{"taxonomy":"product_cat","embeddable":true,"href":"https:\/\/serverhot.vn\/bn\/wp-json\/wp\/v2\/product_cat?post=14897"},{"taxonomy":"product_tag","embeddable":true,"href":"https:\/\/serverhot.vn\/bn\/wp-json\/wp\/v2\/product_tag?post=14897"}],"curies":[{"name":"wp","href":"https:\/\/api.w.org\/{rel}","templated":true}]}}