{"id":10647,"date":"2024-06-29T07:50:49","date_gmt":"2024-06-29T00:50:49","guid":{"rendered":"https:\/\/serverhot.vn\/product\/uncategorized\/bo-phat-wifi-unifi-ap-u6-in-wall-u6-iw-ma-san-pham-u6-iw\/"},"modified":"2024-06-29T07:50:51","modified_gmt":"2024-06-29T00:50:51","slug":"bo-phat-wifi-unifi-ap-u6-in-wall-u6-iw-ma-san-pham-u6-iw","status":"publish","type":"product","link":"https:\/\/serverhot.vn\/de\/-product-\/bo-phat-wifi-unifi-ap-u6-in-wall-u6-iw-ma-san-pham-u6-iw\/","title":{"rendered":"B\u1ed9 ph\u00e1t wifi Unifi AP U6 In-Wall (U6-IW) M\u00e3 s\u1ea3n ph\u1ea9m: U6-IW"},"content":{"rendered":"<div class=\"showText tabs\" id=\"tab2\">\n                                    <\/div>","protected":false},"excerpt":{"rendered":"<ul>\n                            B\u1ed9 ph\u00e1t wifi Wi-Fi 6 g\u1eafn t\u01b0\u1eddng v\u1edbi 4\u00d74 MU-MIMO v\u00e0 b\u1ed9 chuy\u1ec3n m\u1ea1ch Gigabit Ethernet 4 c\u1ed5ng t\u00edch h\u1ee3p cho m\u00f4i tr\u01b0\u1eddng m\u1eadt \u0111\u1ed9 cao. UniFi 6 In-Wall (U6-IW)<br \/>\nUniFi 6 In-Wall l\u00e0 b\u1ed9 access point Wi-Fi 6 c\u00f3 th\u1ec3 \u0111\u01b0\u1ee3c g\u1eafn v\u00e0o \u1ed5 c\u1eafm t\u01b0\u1eddng ti\u00eau chu\u1ea9n. N\u00f3 bao g\u1ed3m 4 c\u1ed5ng Gigabit Ethernet cho k\u1ebft n\u1ed1i c\u00f3 d\u00e2y, m\u1ed9t trong s\u1ed1 \u0111\u00f3 cung c\u1ea5p kh\u1ea3 n\u0103ng truy\u1ec1n PoE cho thi\u1ebft b\u1ecb 802.3af. U6-IW cung c\u1ea5p t\u1ed1c \u0111\u1ed9 v\u00f4 tuy\u1ebfn t\u1ed5ng h\u1ee3p l\u00ean \u0111\u1ebfn 2,7 Gbps v\u1edbi radio 5 GHz (4\u00d74 MU-MIMO v\u00e0 OFDMA) v\u00e0 2,4 GHz (2\u00d72 MIMO).                         <\/ul>","protected":false},"featured_media":10648,"comment_status":"closed","ping_status":"closed","template":"","meta":[],"pwb-brand":[],"product_cat":[2901],"product_tag":[2853],"class_list":{"0":"post-10647","1":"product","2":"type-product","3":"status-publish","4":"has-post-thumbnail","6":"product_cat-ubiquiti","7":"product_tag-access-point","9":"first","10":"instock","11":"shipping-taxable","12":"product-type-simple"},"brands":[],"_links":{"self":[{"href":"https:\/\/serverhot.vn\/de\/wp-json\/wp\/v2\/product\/10647","targetHints":{"allow":["GET"]}}],"collection":[{"href":"https:\/\/serverhot.vn\/de\/wp-json\/wp\/v2\/product"}],"about":[{"href":"https:\/\/serverhot.vn\/de\/wp-json\/wp\/v2\/types\/product"}],"replies":[{"embeddable":true,"href":"https:\/\/serverhot.vn\/de\/wp-json\/wp\/v2\/comments?post=10647"}],"wp:featuredmedia":[{"embeddable":true,"href":"https:\/\/serverhot.vn\/de\/wp-json\/wp\/v2\/media\/10648"}],"wp:attachment":[{"href":"https:\/\/serverhot.vn\/de\/wp-json\/wp\/v2\/media?parent=10647"}],"wp:term":[{"taxonomy":"pwb-brand","embeddable":true,"href":"https:\/\/serverhot.vn\/de\/wp-json\/wp\/v2\/pwb-brand?post=10647"},{"taxonomy":"product_cat","embeddable":true,"href":"https:\/\/serverhot.vn\/de\/wp-json\/wp\/v2\/product_cat?post=10647"},{"taxonomy":"product_tag","embeddable":true,"href":"https:\/\/serverhot.vn\/de\/wp-json\/wp\/v2\/product_tag?post=10647"}],"curies":[{"name":"wp","href":"https:\/\/api.w.org\/{rel}","templated":true}]}}