{"id":10657,"date":"2024-06-29T08:15:47","date_gmt":"2024-06-29T01:15:47","guid":{"rendered":"https:\/\/serverhot.vn\/product\/uncategorized\/camera-ip-hong-ngoai-5-0-megapixel-hanwha-techwin-wisenet-qno-8080r-vap-ma-san-pham-qno-8080r-vap\/"},"modified":"2024-06-29T08:15:48","modified_gmt":"2024-06-29T01:15:48","slug":"camera-ip-hong-ngoai-5-0-megapixel-hanwha-techwin-wisenet-qno-8080r-vap-ma-san-pham-qno-8080r-vap","status":"publish","type":"product","link":"https:\/\/serverhot.vn\/de\/-product-\/camera-ip-hong-ngoai-5-0-megapixel-hanwha-techwin-wisenet-qno-8080r-vap-ma-san-pham-qno-8080r-vap\/","title":{"rendered":"Camera IP h\u1ed3ng ngo\u1ea1i 5.0 Megapixel Hanwha Techwin WISENET QNO-8080R\/VAP M\u00e3 s\u1ea3n ph\u1ea9m: QNO-8080R\/VAP"},"content":{"rendered":"<div class=\"showText tabs\" id=\"tab2\">\n                                    <\/div>","protected":false},"excerpt":{"rendered":"<ul>\n                            Camera IP h\u1ed3ng ngo\u1ea1i 5.0 Megapixel Hanwha Techwin WISENET QNO-8080R\/VAP<br \/>\n&#8211; C\u1ea3m bi\u1ebfn h\u00ecnh \u1ea3nh: 1\/2.8 inch CMOS.<br \/>\n&#8211; \u0110\u1ed9 ph\u00e2n gi\u1ea3i camera ip: 5 Megapixel (2592 x 1944).<br \/>\n&#8211; H\u1ed7 tr\u1ee3 khe c\u1eafm b\u1ed9 nh\u1edb Micro SD\/ SDHC\/ SDXC (t\u1ed1i \u0111a 128GB).<br \/>\n&#8211; Chu\u1ea9n n\u00e9n h\u00ecnh \u1ea3nh: H.265, H.264, MJPEG.<br \/>\n&#8211; \u0110\u1ed9 nh\u1ea1y s\u00e1ng: 0.15Lux (Color), 0Lux (B\/W, IR LED on).<br \/>\n&#8211; \u1ed0ng k\u00ednh varifocal c\u00f3 \u0111\u1ed9ng c\u01a1: 3.2 ~ 10 mm (3.1x).<br \/>\n&#8211; T\u1ea7m quan s\u00e1t h\u1ed3ng ngo\u1ea1i: 30 m\u00e9t.<br \/>\n&#8211; H\u1ed7 tr\u1ee3 ch\u1ee9c n\u0103ng Ng\u00e0y &amp; \u0110\u00eam, ch\u1ed1ng ng\u01b0\u1ee3c s\u00e1ng WDR (120dB).<br \/>\n&#8211; Ch\u1ee9c n\u0103ng \u0111\u1eb7c bi\u1ec7t: Gi\u1ea3 m\u1ea1o, ph\u00e1t hi\u1ec7n chuy\u1ec3n \u0111\u1ed9ng, ph\u00e1t hi\u1ec7n l\u1ec7ch t\u00e2m.<br \/>\n&#8211; Ch\u1ebf \u0111\u1ed9 xem h\u00e0nh lang, h\u1ed7 tr\u1ee3 WiseStream II.<br \/>\n&#8211; Ti\u00eau chu\u1ea9n ch\u1ed1ng b\u1ee5i v\u00e0 n\u01b0\u1edbc: IP66 (th\u00edch h\u1ee3p s\u1eed d\u1ee5ng trong nh\u00e0 v\u00e0 ngo\u00e0i tr\u1eddi).<br \/>\n&#8211; Ti\u00eau chu\u1ea9n ch\u1ed1ng va \u0111\u1eadp: IK10.<br \/>\n&#8211; Ch\u1ee9c n\u0103ng c\u1ea5p ngu\u1ed3n qua m\u1ea1ng PoE.<br \/>\n&#8211; Mobile Monitoring via Wisenet.<br \/>\n&#8211; D\u1ec5 d\u00e0ng gi\u00e1m s\u00e1t qua \u0111i\u1ec7n tho\u1ea1i di \u0111\u1ed9ng, iPad, iPhone\u2026<br \/>\n&#8211; Ph\u1ea7n m\u1ec1m gi\u00e1m s\u00e1t v\u00e0 t\u00ean mi\u1ec1n mi\u1ec5n ph\u00ed\u2026                        <\/ul>","protected":false},"featured_media":10658,"comment_status":"closed","ping_status":"closed","template":"","meta":[],"pwb-brand":[],"product_cat":[2911],"product_tag":[],"class_list":{"0":"post-10657","1":"product","2":"type-product","3":"status-publish","4":"has-post-thumbnail","6":"product_cat-thiet-bi-camera","8":"first","9":"instock","10":"shipping-taxable","11":"product-type-simple"},"brands":[],"_links":{"self":[{"href":"https:\/\/serverhot.vn\/de\/wp-json\/wp\/v2\/product\/10657","targetHints":{"allow":["GET"]}}],"collection":[{"href":"https:\/\/serverhot.vn\/de\/wp-json\/wp\/v2\/product"}],"about":[{"href":"https:\/\/serverhot.vn\/de\/wp-json\/wp\/v2\/types\/product"}],"replies":[{"embeddable":true,"href":"https:\/\/serverhot.vn\/de\/wp-json\/wp\/v2\/comments?post=10657"}],"wp:featuredmedia":[{"embeddable":true,"href":"https:\/\/serverhot.vn\/de\/wp-json\/wp\/v2\/media\/10658"}],"wp:attachment":[{"href":"https:\/\/serverhot.vn\/de\/wp-json\/wp\/v2\/media?parent=10657"}],"wp:term":[{"taxonomy":"pwb-brand","embeddable":true,"href":"https:\/\/serverhot.vn\/de\/wp-json\/wp\/v2\/pwb-brand?post=10657"},{"taxonomy":"product_cat","embeddable":true,"href":"https:\/\/serverhot.vn\/de\/wp-json\/wp\/v2\/product_cat?post=10657"},{"taxonomy":"product_tag","embeddable":true,"href":"https:\/\/serverhot.vn\/de\/wp-json\/wp\/v2\/product_tag?post=10657"}],"curies":[{"name":"wp","href":"https:\/\/api.w.org\/{rel}","templated":true}]}}