{"id":10835,"date":"2024-06-29T12:45:16","date_gmt":"2024-06-29T05:45:16","guid":{"rendered":"https:\/\/serverhot.vn\/product\/uncategorized\/bo-phat-wifi-aruba-ap-534-rw-jz331a-ma-san-pham-jz331a\/"},"modified":"2024-06-29T12:45:18","modified_gmt":"2024-06-29T05:45:18","slug":"bo-phat-wifi-aruba-ap-534-rw-jz331a-ma-san-pham-jz331a","status":"publish","type":"product","link":"https:\/\/serverhot.vn\/de\/-product-\/bo-phat-wifi-aruba-ap-534-rw-jz331a-ma-san-pham-jz331a\/","title":{"rendered":"B\u1ed9 ph\u00e1t WiFi Aruba AP-534 (RW) JZ331A M\u00e3 s\u1ea3n ph\u1ea9m: JZ331A"},"content":{"rendered":"<div class=\"showText tabs\" id=\"tab2\">\n<div class=\"box_right_pro_view\">\n<div class=\"thongso_pro a_technical\" style=\"max-height: fit-content\">\n<table border=\"1\">\n<tbody>\n<tr>\n<th>Lo\u1ea1i AP<\/th>\n<td>\n<p>Trong nh\u00e0, radio k\u00e9p, 5 GHz v\u00e0 2,4 GHz 802.11ax 4\u00d74 MIMO<\/p>\n<\/td>\n<\/tr>\n<tr>\n<th>M\u00f4 t\u1ea3<\/th>\n<td>\n<p>\u2013 5GHz: B\u1ed1n lu\u1ed3ng kh\u00f4ng gian Ng\u01b0\u1eddi d\u00f9ng \u0111\u01a1n (SU) MIMO cho t\u1ed1c \u0111\u1ed9 d\u1eef li\u1ec7u kh\u00f4ng d\u00e2y l\u00ean \u0111\u1ebfn 2,4Gbps v\u1edbi c\u00e1c thi\u1ebft b\u1ecb kh\u00e1ch 4SS HE80 (ho\u1eb7c 2SS HE160) 802.11ax ri\u00eang l\u1ebb ho\u1eb7c v\u1edbi b\u1ed1n thi\u1ebft b\u1ecb kh\u00e1ch h\u1ed7 tr\u1ee3 1SS ho\u1eb7c hai 2SS HE80 802.11ax MU-MIMO \u0111\u1ed3ng th\u1eddi<br \/>\u2013 2.4GHz: B\u1ed1n lu\u1ed3ng kh\u00f4ng gian M\u1ed9t ng\u01b0\u1eddi d\u00f9ng (SU) MIMO cho t\u1ed1c \u0111\u1ed9 d\u1eef li\u1ec7u kh\u00f4ng d\u00e2y l\u00ean \u0111\u1ebfn 1.150Mbps v\u1edbi c\u00e1c thi\u1ebft b\u1ecb kh\u00e1ch 4SS HE40 802.11ax ri\u00eang l\u1ebb ho\u1eb7c v\u1edbi hai thi\u1ebft b\u1ecb kh\u00e1ch h\u1ed7 tr\u1ee3 2SS HE40 802.11ax MU-MIMO \u0111\u1ed3ng th\u1eddi<br \/>\u2013 H\u1ed7 tr\u1ee3 l\u00ean \u0111\u1ebfn 1.024 thi\u1ebft b\u1ecb kh\u00e1ch \u0111\u01b0\u1ee3c li\u00ean k\u1ebft tr\u00ean m\u1ed7i b\u1ed9 \u0111\u00e0m * (gi\u1edbi h\u1ea1n khuy\u1ebfn ngh\u1ecb \u0111i\u1ec3n h\u00ecnh cho c\u00e1c \u1ee9ng d\u1ee5ng kh\u00e1ch \u0111ang ho\u1ea1t \u0111\u1ed9ng l\u00e0 200) v\u00e0 t\u1ed1i \u0111a 16 BSSID tr\u00ean m\u1ed7i \u0111\u00e0i<\/p>\n<\/td>\n<\/tr>\n<tr>\n<th>\u0102ng ten WiFi<\/th>\n<td>\n<p>AP-534: B\u1ed1n \u0111\u1ea7u n\u1ed1i RP-SMA (c\u00e1i) cho \u0103ng-ten b\u0103ng t\u1ea7n k\u00e9p b\u00ean ngo\u00e0i (A0 \u0111\u1ebfn A3, t\u01b0\u01a1ng \u1ee9ng v\u1edbi chu\u1ed7i v\u00f4 tuy\u1ebfn t\u1eeb 0 \u0111\u1ebfn 3). Suy hao b\u00ean trong tr\u01b0\u1eddng h\u1ee3p x\u1ea5u nh\u1ea5t gi\u1eefa giao di\u1ec7n v\u00f4 tuy\u1ebfn v\u00e0 c\u00e1c \u0111\u1ea7u n\u1ed1i \u0103ng ten b\u00ean ngo\u00e0i (do m\u1ea1ch ph\u00e2n k\u00eanh): 0,8dB \u1edf 2,4GHz v\u00e0 1,3dB \u1edf 5GHz.<\/p>\n<\/td>\n<\/tr>\n<tr>\n<th>C\u00e1c giao di\u1ec7n kh\u00e1c<\/th>\n<td>\n<p>AP-535: B\u1ed1n \u0103ng-ten \u0111a h\u01b0\u1edbng b\u0103ng t\u1ea7n k\u00e9p t\u00edch h\u1ee3p cho 4\u00d74 MIMO v\u1edbi \u0111\u1ed9 l\u1ee3i \u0103ng-ten cao nh\u1ea5t l\u00e0 3,5dBi \u1edf 2,4 GHz v\u00e0 5,4dBi \u1edf 5 GHz. \u0102ng-ten t\u00edch h\u1ee3p \u0111\u01b0\u1ee3c t\u1ed1i \u01b0u h\u00f3a cho h\u01b0\u1edbng ngang c\u1ee7a AP. G\u00f3c downtilt \u0111\u1ec3 \u0111\u1ea1t \u0111\u01b0\u1ee3c t\u1ed1i \u0111a l\u00e0 kho\u1ea3ng 30 \u0111\u1ed9.<br \/>S\u1ef1 k\u1ebft h\u1ee3p c\u1ee7a c\u00e1c ph\u1ea7n t\u1eed \u0103ng ten ph\u00e2n c\u1ef1c theo chi\u1ec1u ngang v\u00e0 chi\u1ec1u d\u1ecdc \u0111\u01b0\u1ee3c s\u1eed d\u1ee5ng<br \/>K\u1ebft h\u1ee3p c\u00e1c m\u1eabu c\u1ee7a t\u1eebng \u0103ng-ten c\u1ee7a \u0111\u00e0i MIMO, \u0111\u1ed9 l\u1ee3i cao nh\u1ea5t c\u1ee7a m\u1eabu trung b\u00ecnh k\u1ebft h\u1ee3p l\u00e0 1,9dBi \u1edf 2,4GHz v\u00e0 3,5dBi \u1edf 5GHz.<\/p>\n<\/td>\n<\/tr>\n<tr>\n<th>Ngu\u1ed3n \u0111i\u1ec7n v\u00e0 m\u1ee9c ti\u00eau th\u1ee5<\/th>\n<td>\n<p>\u2013 E0, E1: C\u1ed5ng HPE SmartRate (RJ-45, t\u1ed1c \u0111\u1ed9 th\u01b0\u01a1ng l\u01b0\u1ee3ng t\u1ed1i \u0111a 5Gbps)<br \/>T\u1ed1c \u0111\u1ed9 li\u00ean k\u1ebft t\u1ef1 \u0111\u1ed9ng c\u1ea3m bi\u1ebfn (100\/1000\/2500 \/ 5000BASE-T) v\u00e0 MDI \/ MDX<br \/>T\u1ed1c \u0111\u1ed9 2,5Gbps v\u00e0 5Gbps tu\u00e2n th\u1ee7 c\u00e1c th\u00f4ng s\u1ed1 k\u1ef9 thu\u1eadt NBase-T v\u00e0 802.3bz<br \/>POE-PD: 48Vdc (danh ngh\u0129a) 802.3af \/ at \/ bt POE (l\u1edbp 3 tr\u1edf l\u00ean)<br \/>802.3az Ethernet hi\u1ec7u qu\u1ea3 n\u0103ng l\u01b0\u1ee3ng (EEE)<br \/>\u2013 H\u1ed7 tr\u1ee3 t\u1ed5ng h\u1ee3p li\u00ean k\u1ebft (LACP) gi\u1eefa c\u1ea3 hai c\u1ed5ng m\u1ea1ng \u0111\u1ec3 d\u1ef1 ph\u00f2ng v\u00e0 t\u0103ng dung l\u01b0\u1ee3ng<br \/>\u2013 Ngu\u1ed3n POE c\u00f3 th\u1ec3 \u0111\u01b0\u1ee3c l\u1ea5y t\u1eeb m\u1ed9t trong hai c\u1ed5ng (ngu\u1ed3n \u0111\u01a1n ho\u1eb7c \u0111\u01b0\u1ee3c \u0111\u1eb7t th\u00e0nh \u01b0u ti\u00ean) ho\u1eb7c c\u1ea3 hai c\u1ed5ng \u0111\u1ed3ng th\u1eddi (\u0111\u01b0\u1ee3c \u0111\u1eb7t th\u00e0nh k\u1ebft h\u1ee3p) Khi \u0111\u01b0\u1ee3c \u0111\u1eb7t th\u00e0nh \u01b0u ti\u00ean, AP l\u1ea5y ngu\u1ed3n t\u1eeb E0 v\u00e0 c\u00f3 th\u1ec3 chuy\u1ec3n \u0111\u1ed5i d\u1ef1 ph\u00f2ng sang E1.<br \/>\u2013 Giao di\u1ec7n ngu\u1ed3n DC: 48Vdc (danh ngh\u0129a, +\/- 5%), ch\u1ea5p nh\u1eadn ph\u00edch c\u1eafm tr\u00f2n d\u01b0\u01a1ng trung t\u00e2m 1,35mm \/ 3,5mm v\u1edbi chi\u1ec1u d\u00e0i 9,5mm<br \/>\u2013 Giao di\u1ec7n m\u00e1y ch\u1ee7 USB 2.0 (\u0111\u1ea7u n\u1ed1i Lo\u1ea1i A)<br \/>C\u00f3 kh\u1ea3 n\u0103ng c\u1ea5p ngu\u1ed3n l\u00ean \u0111\u1ebfn 1A \/ 5W cho m\u1ed9t thi\u1ebft b\u1ecb \u0111\u00ednh k\u00e8m<br \/>\u2013 Bluetooth 5.0 n\u0103ng l\u01b0\u1ee3ng th\u1ea5p (BLE5.0) v\u00e0 \u0111\u00e0i ph\u00e1t thanh Zigbee (802.15.4) *<br \/>BLE: c\u00f4ng su\u1ea5t ph\u00e1t l\u00ean \u0111\u1ebfn 8dBm (l\u1edbp 1) v\u00e0 \u0111\u1ed9 nh\u1ea1y nh\u1eadn -95dBm<br \/>Zigbee: c\u00f4ng su\u1ea5t ph\u00e1t l\u00ean \u0111\u1ebfn 8dBm v\u00e0 \u0111\u1ed9 nh\u1ea1y nh\u1eadn 99dBm<br \/>T\u00edch h\u1ee3p \u0103ng ten \u0111a h\u01b0\u1edbng ph\u00e2n c\u1ef1c theo chi\u1ec1u d\u1ecdc v\u1edbi kho\u1ea3ng nghi\u00eang 30 \u0111\u1ed9 v\u00e0 \u0111\u1ed9 l\u1ee3i \u0111\u1ec9nh l\u00e0 3,1dBi (AP-535) ho\u1eb7c 5,0dBi (AP-534)<br \/>\u2013 C\u00e1c ch\u1ec9 s\u1ed1 tr\u1ef1c quan (hai \u0111\u00e8n LED nhi\u1ec1u m\u00e0u): cho tr\u1ea1ng th\u00e1i H\u1ec7 th\u1ed1ng v\u00e0 Radio<br \/>\u2013 N\u00fat \u0111\u1eb7t l\u1ea1i: kh\u00f4i ph\u1ee5c c\u00e0i \u0111\u1eb7t g\u1ed1c, \u0111i\u1ec1u khi\u1ec3n ch\u1ebf \u0111\u1ed9 \u0111\u00e8n LED (b\u00ecnh th\u01b0\u1eddng \/ t\u1eaft)<br \/>\u2013 Giao di\u1ec7n b\u1ea3ng \u0111i\u1ec1u khi\u1ec3n n\u1ed1i ti\u1ebfp (gi\u1eafc c\u1eafm v\u1eadt l\u00fd USB micro-B \u0111\u1ed9c quy\u1ec1n)<br \/>\u2013 Khe b\u1ea3o m\u1eadt Kensington<\/p>\n<\/td>\n<\/tr>\n<tr>\n<th>L\u1eafp r\u00e1p<\/th>\n<td>\n<p>M\u1ed9t gi\u00e1 \u0111\u1ee1 \u0111\u00e3 \u0111\u01b0\u1ee3c c\u00e0i \u0111\u1eb7t s\u1eb5n \u1edf m\u1eb7t sau c\u1ee7a AP. Gi\u00e1 \u0111\u1ee1 n\u00e0y \u0111\u01b0\u1ee3c s\u1eed d\u1ee5ng \u0111\u1ec3 c\u1ed1 \u0111\u1ecbnh AP v\u00e0o b\u1ea5t k\u1ef3 b\u1ed9 g\u1eafn k\u1ebft n\u00e0o (\u0111\u01b0\u1ee3c b\u00e1n ri\u00eang)<\/p>\n<\/td>\n<\/tr>\n<tr>\n<th>K\u00edch th\u01b0\u1edbc<\/th>\n<td>\n<p>\u2013 K\u00edch th\u01b0\u1edbc \/ tr\u1ecdng l\u01b0\u1ee3ng (AP-535; \u0111\u01a1n v\u1ecb, kh\u00f4ng bao g\u1ed3m gi\u00e1 \u0111\u1ee1):<br \/>240mm (W) x 240mm (D) x 57mm (H) \/ 9,4 &#8220;(W) x 9,4&#8221; (D) x 2,1 &#8220;(H)<br \/>1,270g \/ 44,8oz<br \/>\u2013 K\u00edch th\u01b0\u1edbc \/ tr\u1ecdng l\u01b0\u1ee3ng (AP-535; v\u1eadn chuy\u1ec3n):<br \/>285mm (W) x 300mm (D) x 105mm (H) \/ 11,2 &#8220;(W) x 11,9&#8221; (D) x 4,1 &#8220;(H)<br \/>1,930g \/ 68,1 oz<\/p>\n<\/td>\n<\/tr>\n<tr>\n<th>M\u00f4i tr\u01b0\u1eddng<\/th>\n<td>\n<p>\u2013 \u0110i\u1ec1u ki\u1ec7n ho\u1ea1t \u0111\u1ed9ng<br \/>Nhi\u1ec7t \u0111\u1ed9: 0C \u0111\u1ebfn + 50C \/ + 32F \u0111\u1ebfn + 122F<br \/>\u0110\u1ed9 \u1ea9m: 5% \u0111\u1ebfn 93% kh\u00f4ng ng\u01b0ng t\u1ee5<br \/>AP \u0111\u01b0\u1ee3c \u0111\u00e1nh gi\u00e1 cao \u0111\u1ec3 s\u1eed d\u1ee5ng trong c\u00e1c kh\u00f4ng gian x\u1eed l\u00fd kh\u00f4ng kh\u00ed<br \/>M\u00f4i tr\u01b0\u1eddng ETS 300 019 l\u1edbp 3.2<br \/>\u2013 \u0110i\u1ec1u ki\u1ec7n b\u1ea3o qu\u1ea3n v\u00e0 v\u1eadn chuy\u1ec3n<br \/>Nhi\u1ec7t \u0111\u1ed9: -40C \u0111\u1ebfn + 70C \/ -40F \u0111\u1ebfn + 158F<br \/>\u0110\u1ed9 \u1ea9m: 5% \u0111\u1ebfn 93% kh\u00f4ng ng\u01b0ng t\u1ee5<br \/>M\u00f4i tr\u01b0\u1eddng ETS 300 019 l\u1edbp 1.2 v\u00e0 2.3<\/p>\n<\/td>\n<\/tr>\n<tr>\n<th>\u0110\u1ed9 tin c\u1eady<\/th>\n<td>\n<p>Th\u1eddi gian trung b\u00ecnh gi\u1eefa l\u1ed7i (MTBF): 995.000 gi\u1edd (114yrs) \u1edf nhi\u1ec7t \u0111\u1ed9 ho\u1ea1t \u0111\u1ed9ng + 25C.<\/p>\n<\/td>\n<\/tr>\n<tr>\n<th>B\u1ea3o h\u00e0nh<\/th>\n<td>\n<p>Aruba b\u1ea3o h\u00e0nh tr\u1ecdn \u0111\u1eddi c\u00f3 gi\u1edbi h\u1ea1n<\/p>\n<\/td>\n<\/tr>\n<tr>\n<th>Phi\u00ean b\u1ea3n ph\u1ea7n m\u1ec1m t\u1ed1i thi\u1ec3u<\/th>\n<td>\n<p>ArubaOS and Aruba InstantOS 8.5.0.0<\/p>\n<\/td>\n<\/tr>\n<\/tbody>\n<\/table><\/div>\n<p>                            <!--                            <\/p>\n<div class=\"xemthem_id_r\">--><br \/>\n                            <!--                                <a><!--\/show\/?token=--><br \/>\n                            <!--\"--><br \/>\n                            <!--                                   class=\"preview fancybox fancybox.ajax\" rel=\"nofollow\"&gt;Xem th&#234;m th&#244;ng s&#7889; k&#7929; thu&#7853;t<\/a>--><br \/>\n                            <!--                            <\/div>\n<p>-->\n                        <\/p><\/div>\n<\/p><\/div>","protected":false},"excerpt":{"rendered":"<ul>\n<ul>\n<li style=\"text-align: justify\">AP h\u1ed7 tr\u1ee3 ngu\u1ed3n DC tr\u1ef1c ti\u1ebfp v\u00e0 Ngu\u1ed3n qua Ethernet (POE; tr\u00ean c\u1ed5ng E0 v\u00e0 \/ ho\u1eb7c E1)<\/li>\n<li style=\"text-align: justify\">Ngu\u1ed3n \u0111i\u1ec7n m\u1ed9t chi\u1ec1u: 23,3W, c\u1ea5p ngu\u1ed3n POE (802.3bt ho\u1eb7c 802.3at k\u00e9p): 26.4W C\u1ea5p ngu\u1ed3n POE (802.3at, IPM b\u1ecb v\u00f4 hi\u1ec7u h\u00f3a): 23.3W<\/li>\n<li style=\"text-align: justify\">2.4 GHz (1150 Mbps) and 5 GHz (2,4 Gbps)<\/li>\n<li style=\"text-align: justify\">K\u00edch th\u01b0\u1edbc: 240mm (W) x 240mm (D) x 57mm (H) \/ 9,4 \u201c(W) x 9,4\u201d (D) x 2,1 \u201c(H) 1,270g<\/li>\n<li style=\"text-align: justify\">Ch\u1ecbu t\u1ea3i t\u1ed1i \u0111a : 1024 Client \/ 2 b\u0103ng t\u1ea7n<\/li>\n<li style=\"text-align: justify\">Bluetooth Low Energy (BLE) radio<\/li>\n<\/ul>\n<\/ul>","protected":false},"featured_media":10836,"comment_status":"closed","ping_status":"closed","template":"","meta":[],"pwb-brand":[],"product_cat":[2895],"product_tag":[2840,55],"class_list":{"0":"post-10835","1":"product","2":"type-product","3":"status-publish","4":"has-post-thumbnail","6":"product_cat-hpe-networking","7":"product_tag-do-tin-cay","8":"product_tag-run","10":"first","11":"instock","12":"shipping-taxable","13":"product-type-simple"},"brands":[],"_links":{"self":[{"href":"https:\/\/serverhot.vn\/de\/wp-json\/wp\/v2\/product\/10835","targetHints":{"allow":["GET"]}}],"collection":[{"href":"https:\/\/serverhot.vn\/de\/wp-json\/wp\/v2\/product"}],"about":[{"href":"https:\/\/serverhot.vn\/de\/wp-json\/wp\/v2\/types\/product"}],"replies":[{"embeddable":true,"href":"https:\/\/serverhot.vn\/de\/wp-json\/wp\/v2\/comments?post=10835"}],"wp:featuredmedia":[{"embeddable":true,"href":"https:\/\/serverhot.vn\/de\/wp-json\/wp\/v2\/media\/10836"}],"wp:attachment":[{"href":"https:\/\/serverhot.vn\/de\/wp-json\/wp\/v2\/media?parent=10835"}],"wp:term":[{"taxonomy":"pwb-brand","embeddable":true,"href":"https:\/\/serverhot.vn\/de\/wp-json\/wp\/v2\/pwb-brand?post=10835"},{"taxonomy":"product_cat","embeddable":true,"href":"https:\/\/serverhot.vn\/de\/wp-json\/wp\/v2\/product_cat?post=10835"},{"taxonomy":"product_tag","embeddable":true,"href":"https:\/\/serverhot.vn\/de\/wp-json\/wp\/v2\/product_tag?post=10835"}],"curies":[{"name":"wp","href":"https:\/\/api.w.org\/{rel}","templated":true}]}}