{"id":11071,"date":"2024-06-29T13:20:41","date_gmt":"2024-06-29T06:20:41","guid":{"rendered":"https:\/\/serverhot.vn\/product\/uncategorized\/o-cung-mang-wd-my-cloud-home-8tb-ma-san-pham-wdbvxc0080hwt-sesn\/"},"modified":"2024-06-29T13:20:42","modified_gmt":"2024-06-29T06:20:42","slug":"o-cung-mang-wd-my-cloud-home-8tb-ma-san-pham-wdbvxc0080hwt-sesn","status":"publish","type":"product","link":"https:\/\/serverhot.vn\/de\/-product-\/o-cung-mang-wd-my-cloud-home-8tb-ma-san-pham-wdbvxc0080hwt-sesn\/","title":{"rendered":"\u1ed4 c\u1ee9ng m\u1ea1ng WD My Cloud Home 8TB M\u00e3 s\u1ea3n ph\u1ea9m: WDBVXC0080HWT-SESN"},"content":{"rendered":"<div class=\"showText tabs\" id=\"tab2\">\n<div class=\"box_right_pro_view\">\n<div class=\"thongso_pro a_technical\" style=\"max-height: fit-content\">\n<table class=\"specTable\" border=\"1\" cellpadding=\"1\">\n<tbody>\n<tr>\n<td class=\"specTopic\"><span><span>Nh\u00e0 s\u1ea3n xu\u1ea5t<\/span><\/span><\/td>\n<td class=\"specDetail\"><span><span><span>Western Digital<\/span><\/span><\/span><\/td>\n<\/tr>\n<tr>\n<td class=\"specTopic\"><span><span>Model<\/span><\/span><\/td>\n<td class=\"specDetail\"><span><span>My Cloud Home<\/span><\/span><\/td>\n<\/tr>\n<tr>\n<td class=\"specTopic\"><span><span>Chu\u1ea9n giao ti\u1ebfp<\/span><\/span><\/td>\n<td class=\"specDetail\"><span><span>Gigabit Lan 10\/100\/1000 Ethernet port<\/span><\/span><\/td>\n<\/tr>\n<tr>\n<td class=\"specTopic\"><span><span>Dung l\u01b0\u1ee3ng<\/span><\/span><\/td>\n<td class=\"specDetail\"><span><span>8TB<\/span><\/span><\/td>\n<\/tr>\n<tr>\n<td class=\"specTopic\"><span><span>Chu\u1ea9n giao ti\u1ebfp USB m\u1edf r\u1ed9ng<\/span><\/span><\/td>\n<td class=\"specDetail\"><span><span>USB 3.0<\/span><\/span><\/td>\n<\/tr>\n<tr>\n<td class=\"specTopic\"><span><span>Chia s\u1ebb tr\u1ef1c tuy\u1ebfn qua Internet<\/span><\/span><\/td>\n<td class=\"specDetail\"><span><span>C\u00f3<\/span><\/span><\/td>\n<\/tr>\n<tr>\n<td class=\"specTopic\"><span><span>S\u1ed1 \u1ed5 c\u1ee9ng<\/span><\/span><\/td>\n<td class=\"specDetail\"><span><span>Single Drive<\/span><\/span><\/td>\n<\/tr>\n<tr>\n<td class=\"specTopic\"><span><span>Ph\u1ea7n m\u1ec1m h\u1ed7 tr\u1ee3 tr\u00ean thi\u1ebft b\u1ecb di \u0111\u1ed9ng<\/span><\/span><\/td>\n<td class=\"specDetail\"><span><span><span><span><a href=\"https:\/\/mycloud.com\/#\/apps_os4\" target=\"_blank\" rel=\"noopener\">MyCloud<\/a><\/span><\/span>\u00a0(c\u00f3 s\u1eb5n tr\u00ean Appstore, Google Play,&#8230;)<\/span><\/span><\/td>\n<\/tr>\n<tr>\n<td class=\"specTopic\"><span><span>Ph\u1ea7n m\u1ec1m h\u1ed7 tr\u1ee3 tr\u00ean m\u00e1y t\u00ednh<\/span><\/span><\/td>\n<td class=\"specDetail\"><span><span><a href=\"https:\/\/mycloud.com\/#\/apps_os4\" target=\"_blank\" rel=\"noopener\"><span>WD Discovery<\/span><\/a><\/span>\u00a0<\/span><span><span>(H\u1ed7 tr\u1ee3 tr\u00ean Windows. B\u1ea1n c\u00f3 th\u1ec3 dowload t\u1ea1i<\/span><\/span><span>\u00a0<span><a href=\"https:\/\/mycloud.com\/#\/apps_os4\" target=\"_blank\" rel=\"noopener noreferrer\"><em><span><span>\u0110\u00c2Y<\/span><\/span><\/em><\/a><\/span>)<\/span><\/td>\n<\/tr>\n<\/tbody>\n<\/table><\/div>\n<p>                            <!--                            <\/p>\n<div class=\"xemthem_id_r\">--><br \/>\n                            <!--                                <a><!--\/show\/?token=--><br \/>\n                            <!--\"--><br \/>\n                            <!--                                   class=\"preview fancybox fancybox.ajax\" rel=\"nofollow\"&gt;Xem th&#234;m th&#244;ng s&#7889; k&#7929; thu&#7853;t<\/a>--><br \/>\n                            <!--                            <\/div>\n<p>-->\n                        <\/p><\/div>\n<\/p><\/div>","protected":false},"excerpt":{"rendered":"<ul>\n                                                    <\/ul>","protected":false},"featured_media":11072,"comment_status":"closed","ping_status":"closed","template":"","meta":[],"pwb-brand":[],"product_cat":[2885],"product_tag":[],"class_list":{"0":"post-11071","1":"product","2":"type-product","3":"status-publish","4":"has-post-thumbnail","6":"product_cat-western-digital","8":"first","9":"instock","10":"shipping-taxable","11":"product-type-simple"},"brands":[],"_links":{"self":[{"href":"https:\/\/serverhot.vn\/de\/wp-json\/wp\/v2\/product\/11071","targetHints":{"allow":["GET"]}}],"collection":[{"href":"https:\/\/serverhot.vn\/de\/wp-json\/wp\/v2\/product"}],"about":[{"href":"https:\/\/serverhot.vn\/de\/wp-json\/wp\/v2\/types\/product"}],"replies":[{"embeddable":true,"href":"https:\/\/serverhot.vn\/de\/wp-json\/wp\/v2\/comments?post=11071"}],"wp:featuredmedia":[{"embeddable":true,"href":"https:\/\/serverhot.vn\/de\/wp-json\/wp\/v2\/media\/11072"}],"wp:attachment":[{"href":"https:\/\/serverhot.vn\/de\/wp-json\/wp\/v2\/media?parent=11071"}],"wp:term":[{"taxonomy":"pwb-brand","embeddable":true,"href":"https:\/\/serverhot.vn\/de\/wp-json\/wp\/v2\/pwb-brand?post=11071"},{"taxonomy":"product_cat","embeddable":true,"href":"https:\/\/serverhot.vn\/de\/wp-json\/wp\/v2\/product_cat?post=11071"},{"taxonomy":"product_tag","embeddable":true,"href":"https:\/\/serverhot.vn\/de\/wp-json\/wp\/v2\/product_tag?post=11071"}],"curies":[{"name":"wp","href":"https:\/\/api.w.org\/{rel}","templated":true}]}}