{"id":11107,"date":"2024-06-29T13:30:44","date_gmt":"2024-06-29T06:30:44","guid":{"rendered":"https:\/\/serverhot.vn\/product\/uncategorized\/lcd-dell-e2318h-42me2318h-23-inch-full-hd-1920-x-1080-led-backlight-monitor-_vga-_display-port-ma-san-pham-42me2318h\/"},"modified":"2024-06-29T13:30:45","modified_gmt":"2024-06-29T06:30:45","slug":"lcd-dell-e2318h-42me2318h-23-inch-full-hd-1920-x-1080-led-backlight-monitor-_vga-_display-port-ma-san-pham-42me2318h","status":"publish","type":"product","link":"https:\/\/serverhot.vn\/de\/-product-\/lcd-dell-e2318h-42me2318h-23-inch-full-hd-1920-x-1080-led-backlight-monitor-_vga-_display-port-ma-san-pham-42me2318h\/","title":{"rendered":"LCD Dell E2318H (42ME2318H) 23 inch Full HD (1920 x 1080) LED Backlight Monitor _VGA _Display Port M\u00e3 s\u1ea3n ph\u1ea9m: 42ME2318H"},"content":{"rendered":"<div class=\"showText tabs\" id=\"tab2\">\n                                    <\/div>","protected":false},"excerpt":{"rendered":"<ul>\n<p><span>Th\u00f4ng Tin Chung:\u00a0<\/span><span>E2318H, 36 th\u00e1ng, B\u1ea3o h\u00e0nh ch\u00ednh h\u00e3ng Dell<\/span><br \/><span>Th\u00f4ng s\u1ed1 m\u00e0n h\u00ecnh:\u00a0<\/span><span>Full HD, 1920 x 1080, 23&#8243;, LED Backlit, TFT Active Matrix, T\u1ea5m n\u1ec1n IPS<\/span><br \/><span>K\u1ebft n\u1ed1i:\u00a0<\/span><span>DisplayPort, VGA<\/span><br \/><span>C\u00f4ng su\u1ea5t &amp; V\u1eadn h\u00e0nh:\u00a0<\/span><span>100 t\u1edbi 240 VAC, 50\/60Hz<\/span><br \/><span>K\u00edch Th\u01b0\u1edbc &amp; Tr\u1ecdng L\u01b0\u1ee3ng:\u00a0<\/span><span>Ngang 54.48cm x D\u00e0y 18cm x Cao 41.5cm, 5.47kg<\/span><\/p>\n<\/ul>","protected":false},"featured_media":11108,"comment_status":"closed","ping_status":"closed","template":"","meta":[],"pwb-brand":[],"product_cat":[2909],"product_tag":[],"class_list":{"0":"post-11107","1":"product","2":"type-product","3":"status-publish","4":"has-post-thumbnail","6":"product_cat-man-hinh-may-tinh","8":"first","9":"instock","10":"shipping-taxable","11":"product-type-simple"},"brands":[],"_links":{"self":[{"href":"https:\/\/serverhot.vn\/de\/wp-json\/wp\/v2\/product\/11107","targetHints":{"allow":["GET"]}}],"collection":[{"href":"https:\/\/serverhot.vn\/de\/wp-json\/wp\/v2\/product"}],"about":[{"href":"https:\/\/serverhot.vn\/de\/wp-json\/wp\/v2\/types\/product"}],"replies":[{"embeddable":true,"href":"https:\/\/serverhot.vn\/de\/wp-json\/wp\/v2\/comments?post=11107"}],"wp:featuredmedia":[{"embeddable":true,"href":"https:\/\/serverhot.vn\/de\/wp-json\/wp\/v2\/media\/11108"}],"wp:attachment":[{"href":"https:\/\/serverhot.vn\/de\/wp-json\/wp\/v2\/media?parent=11107"}],"wp:term":[{"taxonomy":"pwb-brand","embeddable":true,"href":"https:\/\/serverhot.vn\/de\/wp-json\/wp\/v2\/pwb-brand?post=11107"},{"taxonomy":"product_cat","embeddable":true,"href":"https:\/\/serverhot.vn\/de\/wp-json\/wp\/v2\/product_cat?post=11107"},{"taxonomy":"product_tag","embeddable":true,"href":"https:\/\/serverhot.vn\/de\/wp-json\/wp\/v2\/product_tag?post=11107"}],"curies":[{"name":"wp","href":"https:\/\/api.w.org\/{rel}","templated":true}]}}