{"id":11137,"date":"2024-06-29T13:38:50","date_gmt":"2024-06-29T06:38:50","guid":{"rendered":"https:\/\/serverhot.vn\/product\/uncategorized\/may-tinh-de-ban-dong-bo-dell-optiplex-7010-tower-core-i5-13500-8gb-512gb-ssd-intel-uhd-graphics-770-ubuntu-3-year-ma-san-pham-42ot701006\/"},"modified":"2024-06-29T13:38:51","modified_gmt":"2024-06-29T06:38:51","slug":"may-tinh-de-ban-dong-bo-dell-optiplex-7010-tower-core-i5-13500-8gb-512gb-ssd-intel-uhd-graphics-770-ubuntu-3-year-ma-san-pham-42ot701006","status":"publish","type":"product","link":"https:\/\/serverhot.vn\/de\/-product-\/may-tinh-de-ban-dong-bo-dell-optiplex-7010-tower-core-i5-13500-8gb-512gb-ssd-intel-uhd-graphics-770-ubuntu-3-year-ma-san-pham-42ot701006\/","title":{"rendered":"M\u00e1y t\u00ednh \u0111\u1ec3 b\u00e0n \u0111\u1ed3ng b\u1ed9 Dell Optiplex 7010 Tower (Core i5-13500\/ 8GB\/ 512GB SSD\/ Intel UHD Graphics 770\/ Ubuntu\/ 3 Year) M\u00e3 s\u1ea3n ph\u1ea9m: 42OT701006"},"content":{"rendered":"<div class=\"showText tabs\" id=\"tab2\">\n                                    <\/div>","protected":false},"excerpt":{"rendered":"<ul>\n<p>OptiPlex Tower (7010)-i513500-08-512G-UBT-3Y<\/p>\n<p>Intel Core i5-13500 (6+8 Cores\/24MB\/20T\/2.5GHz to 4.8GHz\/65W); supports Win11\/Win11 DG\/Linux) \/Intel Q670 Chipset \/\u00a0 8GB (1x8GB) DDR4 Non-ECC Memory \/ M.2 2230 512GB PCIe NVMe Class 35 SSD \/ Dell MS116 Wired Mouse Black + Dell Wired Keyboard KB216 Black (English) \/\u00a0 Port: HDMI, DP\/ 3Y ProSupport + Keep Your HD<\/p>\n<\/ul>","protected":false},"featured_media":11138,"comment_status":"closed","ping_status":"closed","template":"","meta":[],"pwb-brand":[],"product_cat":[2886],"product_tag":[],"class_list":{"0":"post-11137","1":"product","2":"type-product","3":"status-publish","4":"has-post-thumbnail","6":"product_cat-dell-workstation","8":"first","9":"instock","10":"shipping-taxable","11":"product-type-simple"},"brands":[],"_links":{"self":[{"href":"https:\/\/serverhot.vn\/de\/wp-json\/wp\/v2\/product\/11137","targetHints":{"allow":["GET"]}}],"collection":[{"href":"https:\/\/serverhot.vn\/de\/wp-json\/wp\/v2\/product"}],"about":[{"href":"https:\/\/serverhot.vn\/de\/wp-json\/wp\/v2\/types\/product"}],"replies":[{"embeddable":true,"href":"https:\/\/serverhot.vn\/de\/wp-json\/wp\/v2\/comments?post=11137"}],"wp:featuredmedia":[{"embeddable":true,"href":"https:\/\/serverhot.vn\/de\/wp-json\/wp\/v2\/media\/11138"}],"wp:attachment":[{"href":"https:\/\/serverhot.vn\/de\/wp-json\/wp\/v2\/media?parent=11137"}],"wp:term":[{"taxonomy":"pwb-brand","embeddable":true,"href":"https:\/\/serverhot.vn\/de\/wp-json\/wp\/v2\/pwb-brand?post=11137"},{"taxonomy":"product_cat","embeddable":true,"href":"https:\/\/serverhot.vn\/de\/wp-json\/wp\/v2\/product_cat?post=11137"},{"taxonomy":"product_tag","embeddable":true,"href":"https:\/\/serverhot.vn\/de\/wp-json\/wp\/v2\/product_tag?post=11137"}],"curies":[{"name":"wp","href":"https:\/\/api.w.org\/{rel}","templated":true}]}}