{"id":11267,"date":"2024-06-29T14:03:20","date_gmt":"2024-06-29T07:03:20","guid":{"rendered":"https:\/\/serverhot.vn\/product\/uncategorized\/may-tinh-de-ban-dell-optiplex-7010-tower-core-i5-13500-intel-q670-8gb-512gb-ssd-intel-uhd-graphics-770-fedora-3-year-ma-san-pham-71023330\/"},"modified":"2024-06-29T14:03:21","modified_gmt":"2024-06-29T07:03:21","slug":"may-tinh-de-ban-dell-optiplex-7010-tower-core-i5-13500-intel-q670-8gb-512gb-ssd-intel-uhd-graphics-770-fedora-3-year-ma-san-pham-71023330","status":"publish","type":"product","link":"https:\/\/serverhot.vn\/de\/-product-\/may-tinh-de-ban-dell-optiplex-7010-tower-core-i5-13500-intel-q670-8gb-512gb-ssd-intel-uhd-graphics-770-fedora-3-year-ma-san-pham-71023330\/","title":{"rendered":"M\u00e1y t\u00ednh \u0111\u1ec3 b\u00e0n Dell Optiplex 7010 Tower (Core i5-13500\/ Intel Q670\/ 8GB\/ 512GB SSD\/ Intel UHD Graphics 770\/ Fedora\/ 3 Year) M\u00e3 s\u1ea3n ph\u1ea9m: 71023330"},"content":{"rendered":"<div class=\"showText tabs\" id=\"tab2\">\n                                    <\/div>","protected":false},"excerpt":{"rendered":"<ul>\n<p><span style=\"font-family: arial, verdana, sans-serif;font-size: 13px\">B\u1ed9 VXL: Intel Core i5-13500 (2.5GHz up to 4.8GHz, 24 MB Intel Smart Cache)<\/span><\/p>\n<p><span style=\"font-family: arial, verdana, sans-serif;font-size: 13px\">B\u1ed9 nh\u1edb RAM: 8GB DDR4 3200<\/span><\/p>\n<p><span style=\"font-family: arial, verdana, sans-serif;font-size: 13px\">\u1ed4 c\u1ee9ng: 512Gb SSD<\/span><\/p>\n<p><span style=\"font-family: arial, verdana, sans-serif;font-size: 13px\">Card \u0111\u1ed3 h\u1ecda: Intel UHD Graphics 770<\/span><\/p>\n<h3 style=\"font-family: arial, verdana, sans-serif;font-size: 13px;margin: 0px;padding-top: 0px;padding-right: 0px;padding-bottom: 0px;line-height: 1.45;font-weight: normal\">H\u1ec7 \u0111i\u1ec1u h\u00e0nh: Fedora<\/h3>\n<\/ul>","protected":false},"featured_media":11268,"comment_status":"closed","ping_status":"closed","template":"","meta":[],"pwb-brand":[],"product_cat":[2886],"product_tag":[],"class_list":{"0":"post-11267","1":"product","2":"type-product","3":"status-publish","4":"has-post-thumbnail","6":"product_cat-dell-workstation","8":"first","9":"instock","10":"shipping-taxable","11":"product-type-simple"},"brands":[],"_links":{"self":[{"href":"https:\/\/serverhot.vn\/de\/wp-json\/wp\/v2\/product\/11267","targetHints":{"allow":["GET"]}}],"collection":[{"href":"https:\/\/serverhot.vn\/de\/wp-json\/wp\/v2\/product"}],"about":[{"href":"https:\/\/serverhot.vn\/de\/wp-json\/wp\/v2\/types\/product"}],"replies":[{"embeddable":true,"href":"https:\/\/serverhot.vn\/de\/wp-json\/wp\/v2\/comments?post=11267"}],"wp:featuredmedia":[{"embeddable":true,"href":"https:\/\/serverhot.vn\/de\/wp-json\/wp\/v2\/media\/11268"}],"wp:attachment":[{"href":"https:\/\/serverhot.vn\/de\/wp-json\/wp\/v2\/media?parent=11267"}],"wp:term":[{"taxonomy":"pwb-brand","embeddable":true,"href":"https:\/\/serverhot.vn\/de\/wp-json\/wp\/v2\/pwb-brand?post=11267"},{"taxonomy":"product_cat","embeddable":true,"href":"https:\/\/serverhot.vn\/de\/wp-json\/wp\/v2\/product_cat?post=11267"},{"taxonomy":"product_tag","embeddable":true,"href":"https:\/\/serverhot.vn\/de\/wp-json\/wp\/v2\/product_tag?post=11267"}],"curies":[{"name":"wp","href":"https:\/\/api.w.org\/{rel}","templated":true}]}}