{"id":11664,"date":"2024-06-29T14:51:59","date_gmt":"2024-06-29T07:51:59","guid":{"rendered":"https:\/\/serverhot.vn\/product\/uncategorized\/may-tinh-de-ban-dong-bo-dell-vostro-3020-mt-mti7v3020w1-8g-512g-core-i7-13700-intel-b660-8gb-ddr4-512gb-ssd-wf_bt-windows-11-home-ma-san-pham-mti7v3020w1\/"},"modified":"2024-06-29T14:52:00","modified_gmt":"2024-06-29T07:52:00","slug":"may-tinh-de-ban-dong-bo-dell-vostro-3020-mt-mti7v3020w1-8g-512g-core-i7-13700-intel-b660-8gb-ddr4-512gb-ssd-wf_bt-windows-11-home-ma-san-pham-mti7v3020w1","status":"publish","type":"product","link":"https:\/\/serverhot.vn\/de\/-product-\/may-tinh-de-ban-dong-bo-dell-vostro-3020-mt-mti7v3020w1-8g-512g-core-i7-13700-intel-b660-8gb-ddr4-512gb-ssd-wf_bt-windows-11-home-ma-san-pham-mti7v3020w1\/","title":{"rendered":"M\u00e1y t\u00ednh \u0111\u1ec3 b\u00e0n \u0111\u1ed3ng b\u1ed9 Dell Vostro 3020 MT MTI7V3020W1-8G-512G (Core i7 13700\/ Intel B660\/ 8GB DDR4\/ 512GB SSD\/ WF_BT\/ Windows 11 Home) M\u00e3 s\u1ea3n ph\u1ea9m: MTI7V3020W1"},"content":{"rendered":"<div class=\"showText tabs\" id=\"tab2\">\n                                    <\/div>","protected":false},"excerpt":{"rendered":"<ul>\n<p>&#8211; CPU:\u00a0Intel Core i7-13700 (2.1GHz upto 5.1GHz, 16-Core, 24MB Cache<br \/>&#8211; RAM:\u00a08GB DDR4 3200MHz (x2 slot)<br \/>&#8211; SSD:\u00a0512GB SSD PCIe NVMe (x1 HDD 3.5&#8243; sata)<br \/>&#8211;\u00a0K\u1ebft n\u1ed1i: Lan Gigabit, Wifi + Bluetooth<br \/>&#8211;\u00a0Windows 11 Home 64bit + Office Home and Student<\/p>\n<p><span style=\"background-color: #ffffff;color: #333333;font-family: Roboto, sans-serif;font-size: 14px\">\u00a0<\/span><\/p>\n<p><span class=\"item hide d-block\" style=\"margin-bottom: 5px;color: #333333;font-family: Roboto, sans-serif;font-size: 14px;background-color: #ffffff\">K\u1ebft n\u1ed1i m\u1ea1ng: Lan Gigabit, Wifi + Bluetooth<\/span><span class=\"item hide d-block\" style=\"margin-bottom: 5px;color: #333333;font-family: Roboto, sans-serif;font-size: 14px;background-color: #ffffff\">K\u1ebft n\u1ed1i m\u1ea1ng: Lan Gigabit, Wifi + Bluetooth<\/span><\/p>\n<\/ul>","protected":false},"featured_media":11665,"comment_status":"closed","ping_status":"closed","template":"","meta":[],"pwb-brand":[],"product_cat":[2886],"product_tag":[2841],"class_list":{"0":"post-11664","1":"product","2":"type-product","3":"status-publish","4":"has-post-thumbnail","6":"product_cat-dell-workstation","7":"product_tag-hdd","9":"first","10":"instock","11":"shipping-taxable","12":"product-type-simple"},"brands":[],"_links":{"self":[{"href":"https:\/\/serverhot.vn\/de\/wp-json\/wp\/v2\/product\/11664","targetHints":{"allow":["GET"]}}],"collection":[{"href":"https:\/\/serverhot.vn\/de\/wp-json\/wp\/v2\/product"}],"about":[{"href":"https:\/\/serverhot.vn\/de\/wp-json\/wp\/v2\/types\/product"}],"replies":[{"embeddable":true,"href":"https:\/\/serverhot.vn\/de\/wp-json\/wp\/v2\/comments?post=11664"}],"wp:featuredmedia":[{"embeddable":true,"href":"https:\/\/serverhot.vn\/de\/wp-json\/wp\/v2\/media\/11665"}],"wp:attachment":[{"href":"https:\/\/serverhot.vn\/de\/wp-json\/wp\/v2\/media?parent=11664"}],"wp:term":[{"taxonomy":"pwb-brand","embeddable":true,"href":"https:\/\/serverhot.vn\/de\/wp-json\/wp\/v2\/pwb-brand?post=11664"},{"taxonomy":"product_cat","embeddable":true,"href":"https:\/\/serverhot.vn\/de\/wp-json\/wp\/v2\/product_cat?post=11664"},{"taxonomy":"product_tag","embeddable":true,"href":"https:\/\/serverhot.vn\/de\/wp-json\/wp\/v2\/product_tag?post=11664"}],"curies":[{"name":"wp","href":"https:\/\/api.w.org\/{rel}","templated":true}]}}