{"id":11883,"date":"2024-06-29T15:23:27","date_gmt":"2024-06-29T08:23:27","guid":{"rendered":"https:\/\/serverhot.vn\/product\/uncategorized\/edgerouter-infinity-er-8-xg-ma-san-pham-er-8-xg\/"},"modified":"2024-06-29T15:23:28","modified_gmt":"2024-06-29T08:23:28","slug":"edgerouter-infinity-er-8-xg-ma-san-pham-er-8-xg","status":"publish","type":"product","link":"https:\/\/serverhot.vn\/de\/-product-\/edgerouter-infinity-er-8-xg-ma-san-pham-er-8-xg\/","title":{"rendered":"EdgeRouter Infinity (ER-8-XG) M\u00e3 s\u1ea3n ph\u1ea9m: ER-8-XG"},"content":{"rendered":"<div class=\"showText tabs\" id=\"tab2\">\n                                    <\/div>","protected":false},"excerpt":{"rendered":"<ul>\n<h1 class=\"product-name\">EdgeRouter Infinity<\/h1>\n<div class=\"product-description\">\n<p>\u25ba\u00a0<strong>Ubiquiti EdgeRouter Infinity (ER-8-XG) :\u00a0<\/strong>\u00a0v\u1edbi t\u1ed5ng th\u00f4ng l\u01b0\u1ee3ng 80 Gbps v\u1edbi m\u1ee9c gia h\u1ee3p l\u00ed so v\u1edbi \u00a0gi\u00e1 tr\u1ecb hi\u1ec7u su\u1ea5t mang l\u1ea1i.<\/p>\n<p>\u25ba\u00a0<strong>Ubiquiti EdgeRouter Infinity\u00a0<strong>(ER-8-XG)<\/strong>:\u00a0<\/strong>\u00a0v\u1edbi t\u00e1m c\u1ed5ng SFP + cung c\u1ea5p k\u1ebft n\u1ed1i c\u00e1p quang 10G v\u00e0 c\u1ed5ng RJ45 Gigabit Ethernet cung c\u1ea5p k\u1ebft n\u1ed1i \u0111\u1ed3ng.<\/p>\n<p>\u25ba\u00a0<strong>Ubiquiti EdgeRouter Infinity\u00a0<strong>(ER-8-XG)\u00a0<\/strong>:\u00a0<\/strong>\u00a0bao g\u1ed3m c\u00e1c m\u00f4-\u0111un ngu\u1ed3n AC \/ DC cung c\u1ea5p ngu\u1ed3n ch\u00ednh v\u00e0 ngu\u1ed3n d\u1ef1 ph\u00f2ng cho thi\u1ebft b\u1ecb. H\u1ed7 tr\u1ee3 c\u1ea5u h\u00ecnh c\u00f3 th\u1ec3 m\u1edf r\u1ed9ng b\u1eb1ng c\u00e1ch s\u1eed d\u1ee5ng EdgeOS ho\u1eb7c H\u1ec7 th\u1ed1ng qu\u1ea3n l\u00fd m\u1ea1ng Ubiquiti (UNMS).<\/p>\n<ul>\n<li>(8) 10G SFP+ Ports and (1) Gigabit Ethernet RJ45 Port<\/li>\n<li>Hot-Swappable Modular Power Supplies<\/li>\n<li>16-Core, 1.8 GHz Processor<\/li>\n<li>Rackmountable<\/li>\n<\/ul>\n<\/div>\n<\/ul>","protected":false},"featured_media":11884,"comment_status":"closed","ping_status":"closed","template":"","meta":[],"pwb-brand":[],"product_cat":[2901],"product_tag":[25],"class_list":{"0":"post-11883","1":"product","2":"type-product","3":"status-publish","4":"has-post-thumbnail","6":"product_cat-ubiquiti","7":"product_tag-man","9":"first","10":"instock","11":"shipping-taxable","12":"product-type-simple"},"brands":[],"_links":{"self":[{"href":"https:\/\/serverhot.vn\/de\/wp-json\/wp\/v2\/product\/11883","targetHints":{"allow":["GET"]}}],"collection":[{"href":"https:\/\/serverhot.vn\/de\/wp-json\/wp\/v2\/product"}],"about":[{"href":"https:\/\/serverhot.vn\/de\/wp-json\/wp\/v2\/types\/product"}],"replies":[{"embeddable":true,"href":"https:\/\/serverhot.vn\/de\/wp-json\/wp\/v2\/comments?post=11883"}],"wp:featuredmedia":[{"embeddable":true,"href":"https:\/\/serverhot.vn\/de\/wp-json\/wp\/v2\/media\/11884"}],"wp:attachment":[{"href":"https:\/\/serverhot.vn\/de\/wp-json\/wp\/v2\/media?parent=11883"}],"wp:term":[{"taxonomy":"pwb-brand","embeddable":true,"href":"https:\/\/serverhot.vn\/de\/wp-json\/wp\/v2\/pwb-brand?post=11883"},{"taxonomy":"product_cat","embeddable":true,"href":"https:\/\/serverhot.vn\/de\/wp-json\/wp\/v2\/product_cat?post=11883"},{"taxonomy":"product_tag","embeddable":true,"href":"https:\/\/serverhot.vn\/de\/wp-json\/wp\/v2\/product_tag?post=11883"}],"curies":[{"name":"wp","href":"https:\/\/api.w.org\/{rel}","templated":true}]}}