{"id":11905,"date":"2024-06-29T15:27:59","date_gmt":"2024-06-29T08:27:59","guid":{"rendered":"https:\/\/serverhot.vn\/product\/uncategorized\/may-bo-intel-nuc-11-performance-kit-mini-pc-rnuc11pahi70000-ma-san-pham-rnuc11pahi70000\/"},"modified":"2024-06-29T15:28:00","modified_gmt":"2024-06-29T08:28:00","slug":"may-bo-intel-nuc-11-performance-kit-mini-pc-rnuc11pahi70000-ma-san-pham-rnuc11pahi70000","status":"publish","type":"product","link":"https:\/\/serverhot.vn\/de\/-product-\/may-bo-intel-nuc-11-performance-kit-mini-pc-rnuc11pahi70000-ma-san-pham-rnuc11pahi70000\/","title":{"rendered":"M\u00e1y B\u1ed9 Intel NUC 11 Performance Kit Mini PC RNUC11PAHi70000 M\u00e3 s\u1ea3n ph\u1ea9m: RNUC11PAHI70000"},"content":{"rendered":"<div class=\"showText tabs\" id=\"tab2\">\n<div class=\"box_right_pro_view\">\n<div class=\"thongso_pro a_technical\" style=\"max-height: fit-content\">\n<table border=\"1\">\n<tbody>\n<tr>\n<td>\n<p><span>S\u1ea3n ph\u1ea9m<\/span><\/p>\n<\/td>\n<td>\n<p><span>M\u00e1y t\u00ednh \u0111\u1ed3ng b\u1ed9<\/span><\/p>\n<\/td>\n<\/tr>\n<tr>\n<td>\n<p><span>H\u00e3ng s\u1ea3n xu\u1ea5t<\/span><\/p>\n<\/td>\n<td>\n<p><span>Intel NUC<\/span><\/p>\n<\/td>\n<\/tr>\n<tr>\n<td>\n<p><span>Model<\/span><\/p>\n<\/td>\n<td>\n<p><span>RNUC11PAHi70000<\/span><\/p>\n<\/td>\n<\/tr>\n<tr>\n<td>\n<p><span>B\u1ed9 vi x\u1eed l\u00fd<\/span><\/p>\n<\/td>\n<td>\n<p><span>Intel Core i7-1165G7\u00a0(Upto 4.70GHz,\u00a04 nh\u00e2n\u00a08 lu\u1ed3ng, 12MB Cache)<\/span><\/p>\n<\/td>\n<\/tr>\n<tr>\n<td>\n<p><span>RAM<\/span><\/p>\n<\/td>\n<td>\n<p><span>Kh\u00f4ng k\u00e8m s\u1eb5n,\u00a0DDR4-3200 1.2V SO-DIMM t\u1ed1i \u0111a 64GB<\/span><\/p>\n<\/td>\n<\/tr>\n<tr>\n<td>\n<p><span>\u1ed4 c\u1ee9ng<\/span><\/p>\n<\/td>\n<td>\n<p><span>Kh\u00f4ng k\u00e8m s\u1eb5n,\u00a0HDD &amp; SSD,\u00a02.5,M.2<\/span><\/p>\n<\/td>\n<\/tr>\n<tr>\n<td>\n<p><span>Card \u0111\u1ed3 h\u1ecda<\/span><\/p>\n<\/td>\n<td>\n<p><span>Intel\u00ae Iris\u00ae Xe Graphics<\/span><\/p>\n<\/td>\n<\/tr>\n<tr>\n<td>\n<p><span>\u00d4 \u0111\u0129a<\/span><\/p>\n<\/td>\n<td>\n<p><span>Kh\u00f4ng c\u00f3<\/span><\/p>\n<\/td>\n<\/tr>\n<tr>\n<td>\n<p><span>K\u1ebft n\u1ed1i m\u1ea1ng<\/span><\/p>\n<\/td>\n<td>\n<div class=\"-icecat-ds_label\">\n<div class=\"-icecat-tooltip-containeer\">\n<p><span>Ethernet Technology:\u00a02.5 Gigabit Ethernet<\/span><br \/><span>Wireless LAN:\u00a0Yes<\/span><br \/><span>Bluetooth:\u00a0Yes<\/span><\/p>\n<\/div>\n<\/div>\n<\/td>\n<\/tr>\n<tr>\n<td>\n<p><span>Keyboard &amp; Mouse<\/span><\/p>\n<\/td>\n<td>\n<p><span>Kh\u00f4ng c\u00f3<\/span><\/p>\n<\/td>\n<\/tr>\n<tr>\n<td>\n<p><span>C\u1ed5ng k\u1ebft n\u1ed1i<\/span><\/p>\n<\/td>\n<td>\n<p><span>HDMI:\u00a0Yes<\/span><br \/><span>Total Number of USB Ports:\u00a07<\/span><br \/><span>Number of USB 3.1 Gen 2 Ports (Rear):\u00a02<\/span><br \/><span>Number of Onboard USB 2.0 Ports:\u00a01<\/span><br \/><span>USB Type-C (Rear):\u00a0Yes<\/span><br \/><span>USB Type-C Detail:\u00a02x Type-c<\/span><br \/><span>Number of SATA Interfaces:\u00a02<\/span><br \/><span>Number of Thunderbolt 3 Ports:\u00a02<\/span><\/p>\n<\/td>\n<\/tr>\n<tr>\n<td>\n<p><span>H\u1ec7 \u0111i\u1ec1u h\u00e0nh<\/span><\/p>\n<\/td>\n<td>\n<p><span>No OS<\/span><\/p>\n<\/td>\n<\/tr>\n<\/tbody>\n<\/table><\/div>\n<p>                            <!--                            <\/p>\n<div class=\"xemthem_id_r\">--><br \/>\n                            <!--                                <a><!--\/show\/?token=--><br \/>\n                            <!--\"--><br \/>\n                            <!--                                   class=\"preview fancybox fancybox.ajax\" rel=\"nofollow\"&gt;Xem th&#234;m th&#244;ng s&#7889; k&#7929; thu&#7853;t<\/a>--><br \/>\n                            <!--                            <\/div>\n<p>-->\n                        <\/p><\/div>\n<\/p><\/div>","protected":false},"excerpt":{"rendered":"<ul>\n<ul>\n<li><span class=\"item\">Intel Core i7-1165G7 (12M Cache, up to 4.70 GHz, with IPU) Quad Core CPU<\/span><\/li>\n<li><span class=\"item\">2 x DDR4 SODIMM<\/span><\/li>\n<li><span class=\"item\">1 x M.2 SATA\/PCIe Slot, 1 x 2.5&#8243;<\/span><\/li>\n<\/ul>\n<\/ul>","protected":false},"featured_media":11906,"comment_status":"closed","ping_status":"closed","template":"","meta":[],"pwb-brand":[],"product_cat":[2889],"product_tag":[2841,25,2852],"class_list":{"0":"post-11905","1":"product","2":"type-product","3":"status-publish","4":"has-post-thumbnail","6":"product_cat-intel","7":"product_tag-hdd","8":"product_tag-man","9":"product_tag-wireless","11":"first","12":"instock","13":"shipping-taxable","14":"product-type-simple"},"brands":[],"_links":{"self":[{"href":"https:\/\/serverhot.vn\/de\/wp-json\/wp\/v2\/product\/11905","targetHints":{"allow":["GET"]}}],"collection":[{"href":"https:\/\/serverhot.vn\/de\/wp-json\/wp\/v2\/product"}],"about":[{"href":"https:\/\/serverhot.vn\/de\/wp-json\/wp\/v2\/types\/product"}],"replies":[{"embeddable":true,"href":"https:\/\/serverhot.vn\/de\/wp-json\/wp\/v2\/comments?post=11905"}],"wp:featuredmedia":[{"embeddable":true,"href":"https:\/\/serverhot.vn\/de\/wp-json\/wp\/v2\/media\/11906"}],"wp:attachment":[{"href":"https:\/\/serverhot.vn\/de\/wp-json\/wp\/v2\/media?parent=11905"}],"wp:term":[{"taxonomy":"pwb-brand","embeddable":true,"href":"https:\/\/serverhot.vn\/de\/wp-json\/wp\/v2\/pwb-brand?post=11905"},{"taxonomy":"product_cat","embeddable":true,"href":"https:\/\/serverhot.vn\/de\/wp-json\/wp\/v2\/product_cat?post=11905"},{"taxonomy":"product_tag","embeddable":true,"href":"https:\/\/serverhot.vn\/de\/wp-json\/wp\/v2\/product_tag?post=11905"}],"curies":[{"name":"wp","href":"https:\/\/api.w.org\/{rel}","templated":true}]}}