{"id":11972,"date":"2024-06-29T15:48:17","date_gmt":"2024-06-29T08:48:17","guid":{"rendered":"https:\/\/serverhot.vn\/product\/uncategorized\/dien-thoai-ip-grandstream-grp2602p-w-ma-san-pham-grp2602pw\/"},"modified":"2024-06-29T15:48:18","modified_gmt":"2024-06-29T08:48:18","slug":"dien-thoai-ip-grandstream-grp2602p-w-ma-san-pham-grp2602pw","status":"publish","type":"product","link":"https:\/\/serverhot.vn\/de\/-product-\/dien-thoai-ip-grandstream-grp2602p-w-ma-san-pham-grp2602pw\/","title":{"rendered":"\u0110i\u1ec7n tho\u1ea1i IP Grandstream GRP2602(P\/W) M\u00e3 s\u1ea3n ph\u1ea9m: GRP2602PW"},"content":{"rendered":"<div class=\"showText tabs\" id=\"tab2\">\n                                    <\/div>","protected":false},"excerpt":{"rendered":"<ul>\n<p style=\"margin: 0px;padding: 0px;color: #333333;font-family: arial;font-size: 14px;background-color: #ffffff\"><span style=\"margin: 0px;padding: 0px;color: #ff0000\"><span style=\"margin: 0px;padding: 0px;font-weight: bold\">\u0110i\u1ec7n tho\u1ea1i IP Grandstream GRP2602(P\/W)<\/span><\/span><\/p>\n<p style=\"margin: 0px;padding: 0px;color: #333333;font-family: arial;font-size: 14px;background-color: #ffffff\">&#8211; H\u1ed7 tr\u1ee3 2 c\u1ed5ng LAN 10\/100\u00a0<span style=\"text-align: justify\">(h\u1ed7 tr\u1ee3 PoE &#8211; kh\u00f4ng k\u00e8m theo adapter ngu\u1ed3n).<\/span><br \/>&#8211; H\u1ed7 tr\u1ee3 WIFI<\/p>\n<p style=\"margin: 0px;padding: 0px;color: #333333;font-family: arial;font-size: 14px;background-color: #ffffff\">&#8211; H\u1ed7 tr\u1ee3 2 Line, 4 SIP<\/p>\n<p style=\"margin: 0px;padding: 0px;color: #333333;font-family: arial;font-size: 14px;background-color: #ffffff\">&#8211; M\u00e0n h\u00ecnh LCD ph\u00e1t s\u00e1ng ban \u0111\u00eam.<\/p>\n<p style=\"margin: 0px;padding: 0px;color: #333333;font-family: arial;font-size: 14px;background-color: #ffffff\">&#8211; Jack tai nghe RJ9.<\/p>\n<p style=\"margin: 0px;padding: 0px;color: #333333;font-family: arial;font-size: 14px;background-color: #ffffff\">&#8211; Contact 1000 s\u1ed1.<\/p>\n<p style=\"margin: 0px;padding: 0px;color: #333333;font-family: arial;font-size: 14px;background-color: #ffffff\">&#8211; Call log 200 s\u1ed1.<\/p>\n<p style=\"margin: 0px;padding: 0px;color: #333333;font-family: arial;font-size: 14px;background-color: #ffffff\">&#8211; H\u1ed7 tr\u1ee3 OpenVPN.<\/p>\n<p style=\"margin: 0px;padding: 0px;color: #333333;font-family: arial;font-size: 14px;background-color: #ffffff\">&#8211; T\u00edch h\u1ee3p qu\u1ea3n l\u00fd Cloud.<\/p>\n<\/ul>","protected":false},"featured_media":11973,"comment_status":"closed","ping_status":"closed","template":"","meta":[],"pwb-brand":[],"product_cat":[2910],"product_tag":[],"class_list":{"0":"post-11972","1":"product","2":"type-product","3":"status-publish","4":"has-post-thumbnail","6":"product_cat-thiet-bi-van-phong","8":"first","9":"instock","10":"shipping-taxable","11":"product-type-simple"},"brands":[],"_links":{"self":[{"href":"https:\/\/serverhot.vn\/de\/wp-json\/wp\/v2\/product\/11972","targetHints":{"allow":["GET"]}}],"collection":[{"href":"https:\/\/serverhot.vn\/de\/wp-json\/wp\/v2\/product"}],"about":[{"href":"https:\/\/serverhot.vn\/de\/wp-json\/wp\/v2\/types\/product"}],"replies":[{"embeddable":true,"href":"https:\/\/serverhot.vn\/de\/wp-json\/wp\/v2\/comments?post=11972"}],"wp:featuredmedia":[{"embeddable":true,"href":"https:\/\/serverhot.vn\/de\/wp-json\/wp\/v2\/media\/11973"}],"wp:attachment":[{"href":"https:\/\/serverhot.vn\/de\/wp-json\/wp\/v2\/media?parent=11972"}],"wp:term":[{"taxonomy":"pwb-brand","embeddable":true,"href":"https:\/\/serverhot.vn\/de\/wp-json\/wp\/v2\/pwb-brand?post=11972"},{"taxonomy":"product_cat","embeddable":true,"href":"https:\/\/serverhot.vn\/de\/wp-json\/wp\/v2\/product_cat?post=11972"},{"taxonomy":"product_tag","embeddable":true,"href":"https:\/\/serverhot.vn\/de\/wp-json\/wp\/v2\/product_tag?post=11972"}],"curies":[{"name":"wp","href":"https:\/\/api.w.org\/{rel}","templated":true}]}}