{"id":12058,"date":"2024-06-29T16:10:46","date_gmt":"2024-06-29T09:10:46","guid":{"rendered":"https:\/\/serverhot.vn\/product\/uncategorized\/microsoft-office-home-and-business-2021-english-apac-em-medialess-t5d-03510-ma-san-pham-t5d-03510\/"},"modified":"2024-06-29T16:10:47","modified_gmt":"2024-06-29T09:10:47","slug":"microsoft-office-home-and-business-2021-english-apac-em-medialess-t5d-03510-ma-san-pham-t5d-03510","status":"publish","type":"product","link":"https:\/\/serverhot.vn\/de\/-product-\/microsoft-office-home-and-business-2021-english-apac-em-medialess-t5d-03510-ma-san-pham-t5d-03510\/","title":{"rendered":"Microsoft Office Home and Business 2021 English APAC EM Medialess T5D-03510 M\u00e3 s\u1ea3n ph\u1ea9m: T5D-03510"},"content":{"rendered":"<div class=\"showText tabs\" id=\"tab2\">\n<div class=\"box_right_pro_view\">\n<div class=\"thongso_pro a_technical\" style=\"max-height: fit-content\">\n<p>\u00a0<\/p>\n<table dir=\"ltr\" border=\"1\" cellspacing=\"0\" cellpadding=\"0\" data-sheets-root=\"1\">\n<colgroup>\n<col width=\"501\">\n<col width=\"780\"><\/colgroup>\n<tbody>\n<tr>\n<td colspan=\"2\" rowspan=\"1\" data-sheets-value=\"{\">T\u00ean s\u1ea3n ph\u1ea9m \u0111\u1ea7y \u0111\u1ee7: Office Home and Business 2021 English APAC EM Medialess<\/td>\n<\/tr>\n<tr>\n<td colspan=\"2\" rowspan=\"1\" data-sheets-value=\"{\">H\u00ecnh th\u1ee9c FPP \u0111\u01b0\u1ee3c hi\u1ec3u l\u00e0 d\u1ea1ng ph\u1ea7n m\u1ec1m \u0111\u00f3ng g\u00f3i b\u1ea3n quy\u1ec1n h\u1ed9p v\u1eadt l\u00fd, c\u00e1ch th\u1ee9c mua v\u00e0 nh\u1eadn h\u00e0ng truy\u1ec1n th\u1ed1ng.<\/td>\n<\/tr>\n<tr>\n<td colspan=\"2\" rowspan=\"1\" data-sheets-value=\"{\">G\u00f3i mua 1 l\u1ea7n duy nh\u1ea5t cho 1 PC ho\u1eb7c m\u00e1y Mac<\/td>\n<\/tr>\n<tr>\n<td colspan=\"2\" rowspan=\"1\" data-sheets-value=\"{\">S\u1eed d\u1ee5ng tr\u1ecdn \u0111\u1eddi, c\u00f3 th\u1ec3 chuy\u1ec3n key sang m\u00e1y t\u00ednh kh\u00e1c<\/td>\n<\/tr>\n<tr>\n<td colspan=\"2\" rowspan=\"1\" data-sheets-value=\"{\">C\u00e1c \u1ee9ng d\u1ee5ng Office v\u0103n ph\u00f2ng c\u1ed5 \u0111i\u1ec3n n\u0103m 2021<\/td>\n<\/tr>\n<tr>\n<td colspan=\"2\" rowspan=\"1\" data-sheets-value=\"{\">T\u01b0\u01a1ng th\u00edch v\u1edbi Windows 11, Windows 10, ho\u1eb7c macOS<\/td>\n<\/tr>\n<tr>\n<td colspan=\"2\" rowspan=\"1\" data-sheets-value=\"{\">Nh\u1eadn h\u1ed7 tr\u1ee3 c\u1ee7a Microsoft trong 60 ng\u00e0y \u0111\u1ea7u ti\u00ean mi\u1ec5n ph\u00ed<\/td>\n<\/tr>\n<tr>\n<td colspan=\"2\" rowspan=\"1\" data-sheets-value=\"{\">L\u00e0m vi\u1ec7c v\u1edbi Microsoft Teams mi\u1ec5n ph\u00ed<\/td>\n<\/tr>\n<tr>\n<td colspan=\"2\" rowspan=\"1\" data-sheets-value=\"{\">Kh\u00f4ng th\u1ec3 h\u1ea1 c\u1ea5p xu\u1ed1ng Office 2019<\/td>\n<\/tr>\n<tr>\n<td colspan=\"2\" rowspan=\"1\" data-sheets-value=\"{\">*Truy c\u1eadp aka.ms\/systemrequirements \u0111\u1ec3 bi\u1ebft c\u00e1c phi\u00ean b\u1ea3n t\u01b0\u01a1ng th\u00edch c\u1ee7a Windows 11, Windows 10 v\u00e0 macOS v\u00e0 \u0111\u1ec3 bi\u1ebft c\u00e1c y\u00eau c\u1ea7u v\u1ec1 t\u00ednh n\u0103ng kh\u00e1c.<\/td>\n<\/tr>\n<\/tbody>\n<\/table><\/div>\n<p>                            <!--                            <\/p>\n<div class=\"xemthem_id_r\">--><br \/>\n                            <!--                                <a><!--\/show\/?token=--><br \/>\n                            <!--\"--><br \/>\n                            <!--                                   class=\"preview fancybox fancybox.ajax\" rel=\"nofollow\"&gt;Xem th&#234;m th&#244;ng s&#7889; k&#7929; thu&#7853;t<\/a>--><br \/>\n                            <!--                            <\/div>\n<p>-->\n                        <\/p><\/div>\n<\/p><\/div>","protected":false},"excerpt":{"rendered":"<ul>\n<p>Office Home &amp; Business 2021 \u2013 D\u00e0nh cho gia \u0111\u00ecnh v\u00e0 doanh nghi\u1ec7p nh\u1ecf mu\u1ed1n c\u00e0i \u0111\u1eb7t c\u00e1c \u1ee9ng d\u1ee5ng Office c\u1ed5 \u0111i\u1ec3n v\u00e0 email tr\u00ean m\u1ed9t PC ho\u1eb7c m\u00e1y Mac \u0111\u1ec3 s\u1eed d\u1ee5ng t\u1ea1i nh\u00e0 ho\u1eb7c c\u01a1 quan.<\/p>\n<ul>\n<li>Phi\u00ean b\u1ea3n Word, Excel, PowerPoint, OneNote v\u00e0 Outlook<\/li>\n<li>T\u01b0\u01a1ng th\u00edch v\u1edbi Windows 10, Windows 11, v\u00e0 MacOs<\/li>\n<li>Da\u0300nh cho 1 Ma\u0301y ti\u0301nh, Cho 1 ng\u01b0\u1eddi<\/li>\n<\/ul>\n<\/ul>","protected":false},"featured_media":12059,"comment_status":"closed","ping_status":"closed","template":"","meta":[],"pwb-brand":[],"product_cat":[2917],"product_tag":[],"class_list":{"0":"post-12058","1":"product","2":"type-product","3":"status-publish","4":"has-post-thumbnail","6":"product_cat-microsoft","8":"first","9":"instock","10":"shipping-taxable","11":"product-type-simple"},"brands":[],"_links":{"self":[{"href":"https:\/\/serverhot.vn\/de\/wp-json\/wp\/v2\/product\/12058","targetHints":{"allow":["GET"]}}],"collection":[{"href":"https:\/\/serverhot.vn\/de\/wp-json\/wp\/v2\/product"}],"about":[{"href":"https:\/\/serverhot.vn\/de\/wp-json\/wp\/v2\/types\/product"}],"replies":[{"embeddable":true,"href":"https:\/\/serverhot.vn\/de\/wp-json\/wp\/v2\/comments?post=12058"}],"wp:featuredmedia":[{"embeddable":true,"href":"https:\/\/serverhot.vn\/de\/wp-json\/wp\/v2\/media\/12059"}],"wp:attachment":[{"href":"https:\/\/serverhot.vn\/de\/wp-json\/wp\/v2\/media?parent=12058"}],"wp:term":[{"taxonomy":"pwb-brand","embeddable":true,"href":"https:\/\/serverhot.vn\/de\/wp-json\/wp\/v2\/pwb-brand?post=12058"},{"taxonomy":"product_cat","embeddable":true,"href":"https:\/\/serverhot.vn\/de\/wp-json\/wp\/v2\/product_cat?post=12058"},{"taxonomy":"product_tag","embeddable":true,"href":"https:\/\/serverhot.vn\/de\/wp-json\/wp\/v2\/product_tag?post=12058"}],"curies":[{"name":"wp","href":"https:\/\/api.w.org\/{rel}","templated":true}]}}