{"id":12208,"date":"2024-06-29T16:35:33","date_gmt":"2024-06-29T09:35:33","guid":{"rendered":"https:\/\/serverhot.vn\/product\/uncategorized\/tram-phat-song-khong-day-dect-ip-yealink-w70b-ma-san-pham-w70b\/"},"modified":"2024-06-29T16:35:35","modified_gmt":"2024-06-29T09:35:35","slug":"tram-phat-song-khong-day-dect-ip-yealink-w70b-ma-san-pham-w70b","status":"publish","type":"product","link":"https:\/\/serverhot.vn\/de\/-product-\/tram-phat-song-khong-day-dect-ip-yealink-w70b-ma-san-pham-w70b\/","title":{"rendered":"Tr\u1ea1m Ph\u00e1t S\u00f3ng Kh\u00f4ng D\u00e2y DECT IP Yealink W70B M\u00e3 s\u1ea3n ph\u1ea9m: W70B"},"content":{"rendered":"<div class=\"showText tabs\" id=\"tab2\">\n                                    <\/div>","protected":false},"excerpt":{"rendered":"<ul>\n<ul>\n<li style=\"text-align: justify\">20 cu\u1ed9c g\u1ecdi \u0111\u1ed3ng th\u1eddi<\/li>\n<li style=\"text-align: justify\">K\u1ebft n\u1ed1i t\u1ed1i \u0111a 10 thi\u1ebft b\u1ecb c\u1ea7m tay kh\u00f4ng d\u00e2y DECT (W73H\/ W56H\/ W59R)<\/li>\n<li style=\"text-align: justify\">10 t\u00e0i kho\u1ea3n SIP<\/li>\n<li style=\"text-align: justify\">H\u1ed7 tr\u1ee3 codec \u00e2m thanh Opus<\/li>\n<li style=\"text-align: justify\">H\u1ec7 th\u1ed1ng gi\u1ea3m ti\u1ebfng \u1ed3n<\/li>\n<li style=\"text-align: justify\">M\u00e3 h\u00f3a b\u1ea3o m\u1eadt TLS v\u00e0 SRTP<\/li>\n<li style=\"text-align: justify\">Kh\u00f4ng n\u00e2ng c\u1ea5p Perception<\/li>\n<li style=\"text-align: justify\">K\u00e8m ngu\u1ed3n<\/li>\n<\/ul>\n<\/ul>","protected":false},"featured_media":12209,"comment_status":"closed","ping_status":"closed","template":"","meta":[],"pwb-brand":[],"product_cat":[2910],"product_tag":[],"class_list":{"0":"post-12208","1":"product","2":"type-product","3":"status-publish","4":"has-post-thumbnail","6":"product_cat-thiet-bi-van-phong","8":"first","9":"instock","10":"shipping-taxable","11":"product-type-simple"},"brands":[],"_links":{"self":[{"href":"https:\/\/serverhot.vn\/de\/wp-json\/wp\/v2\/product\/12208","targetHints":{"allow":["GET"]}}],"collection":[{"href":"https:\/\/serverhot.vn\/de\/wp-json\/wp\/v2\/product"}],"about":[{"href":"https:\/\/serverhot.vn\/de\/wp-json\/wp\/v2\/types\/product"}],"replies":[{"embeddable":true,"href":"https:\/\/serverhot.vn\/de\/wp-json\/wp\/v2\/comments?post=12208"}],"wp:featuredmedia":[{"embeddable":true,"href":"https:\/\/serverhot.vn\/de\/wp-json\/wp\/v2\/media\/12209"}],"wp:attachment":[{"href":"https:\/\/serverhot.vn\/de\/wp-json\/wp\/v2\/media?parent=12208"}],"wp:term":[{"taxonomy":"pwb-brand","embeddable":true,"href":"https:\/\/serverhot.vn\/de\/wp-json\/wp\/v2\/pwb-brand?post=12208"},{"taxonomy":"product_cat","embeddable":true,"href":"https:\/\/serverhot.vn\/de\/wp-json\/wp\/v2\/product_cat?post=12208"},{"taxonomy":"product_tag","embeddable":true,"href":"https:\/\/serverhot.vn\/de\/wp-json\/wp\/v2\/product_tag?post=12208"}],"curies":[{"name":"wp","href":"https:\/\/api.w.org\/{rel}","templated":true}]}}