{"id":12244,"date":"2024-06-29T16:44:42","date_gmt":"2024-06-29T09:44:42","guid":{"rendered":"https:\/\/serverhot.vn\/product\/uncategorized\/thiet-bi-mang-switch-cisco-c1000-24t-4g-l-ma-san-pham-c1000-24t-4g-l\/"},"modified":"2024-06-29T16:44:43","modified_gmt":"2024-06-29T09:44:43","slug":"thiet-bi-mang-switch-cisco-c1000-24t-4g-l-ma-san-pham-c1000-24t-4g-l","status":"publish","type":"product","link":"https:\/\/serverhot.vn\/de\/-product-\/thiet-bi-mang-switch-cisco-c1000-24t-4g-l-ma-san-pham-c1000-24t-4g-l\/","title":{"rendered":"Thi\u1ebft B\u1ecb M\u1ea1ng Switch Cisco C1000-24T-4G-L M\u00e3 s\u1ea3n ph\u1ea9m: C1000-24T-4G-L"},"content":{"rendered":"<div class=\"showText tabs\" id=\"tab2\">\n<div class=\"box_right_pro_view\">\n<div class=\"thongso_pro a_technical\" style=\"max-height: fit-content\">\n<h3><span>Th\u00f4ng s\u1ed1 k\u1ef9 thu\u1eadt Cisco C1000-24T-4G-L<\/span><\/h3>\n<table>\n<tbody>\n<tr>\n<td>M\u00e3 s\u1ea3n ph\u1ea9m<\/td>\n<td><span>Cisco C1000-24T-4G-L<\/span><\/td>\n<\/tr>\n<tr>\n<td>S\u1ef1 mi\u00eau t\u1ea3<\/td>\n<td>C\u1ed5ng Ethernet 24x 10\/100\/1000, li\u00ean k\u1ebft l\u00ean 4x 1G SFP<\/td>\n<\/tr>\n<tr>\n<td>C\u1ed5ng Gigabit Ethernet<\/td>\n<td>24<\/td>\n<\/tr>\n<tr>\n<td>Giao di\u1ec7n \u0111\u01b0\u1eddng l\u00ean<\/td>\n<td>4 SFP<\/td>\n<\/tr>\n<tr>\n<td>K\u00edch th\u01b0\u1edbc (WxDxH t\u00ednh b\u1eb1ng inch)<\/td>\n<td>17,5 x 9,45 x 1,73<\/td>\n<\/tr>\n<tr>\n<td colspan=\"2\"><span>C\u1ed5ng b\u1ea3ng \u0111i\u1ec1u khi\u1ec3n<\/span><\/td>\n<\/tr>\n<tr>\n<td>RJ-45 Ethernet<\/td>\n<td>1<\/td>\n<\/tr>\n<tr>\n<td>USB mini-B<\/td>\n<td>1<\/td>\n<\/tr>\n<tr>\n<td>C\u1ed5ng USB-A \u0111\u1ec3 l\u01b0u tr\u1eef v\u00e0 b\u1ea3ng \u0111i\u1ec1u khi\u1ec3n Bluetooth<\/td>\n<td>1<\/td>\n<\/tr>\n<tr>\n<td colspan=\"2\"><span>B\u1ed9 nh\u1edb v\u00e0 b\u1ed9 x\u1eed l\u00fd<\/span><\/td>\n<\/tr>\n<tr>\n<td>CPU<\/td>\n<td>ARM v7 800 MHz<\/td>\n<\/tr>\n<tr>\n<td>DRAM<\/td>\n<td>512 MB<\/td>\n<\/tr>\n<tr>\n<td>B\u1ed9 nh\u1edb flash<\/td>\n<td>256 MB<\/td>\n<\/tr>\n<tr>\n<td colspan=\"2\">Hi\u1ec7u su\u1ea5t<\/td>\n<\/tr>\n<tr>\n<td>B\u0103ng th\u00f4ng chuy\u1ec3n ti\u1ebfp<\/td>\n<td>28 Gb \/ gi\u00e2y<\/td>\n<\/tr>\n<tr>\n<td>Chuy\u1ec3n \u0111\u1ed5i b\u0103ng th\u00f4ng<\/td>\n<td>56 Gb \/ gi\u00e2y<\/td>\n<\/tr>\n<tr>\n<td>T\u1ef7 l\u1ec7 chuy\u1ec3n ti\u1ebfp (64 &#8211; byte L3 g\u00f3i)<\/td>\n<td>41,67 Mpps<\/td>\n<\/tr>\n<tr>\n<td>\u0110\u1ecba ch\u1ec9 MAC Unicast<\/td>\n<td>16000<\/td>\n<\/tr>\n<tr>\n<td>C\u00e1c tuy\u1ebfn tr\u1ef1c ti\u1ebfp \u0111\u01a1n IPv4<\/td>\n<td>542<\/td>\n<\/tr>\n<tr>\n<td>C\u00e1c tuy\u1ebfn gi\u00e1n ti\u1ebfp \u0111\u01a1n ph\u00e1t IPv4<\/td>\n<td>256<\/td>\n<\/tr>\n<tr>\n<td>C\u00e1c tuy\u1ebfn tr\u1ef1c ti\u1ebfp unicast IPv6<\/td>\n<td>414<\/td>\n<\/tr>\n<tr>\n<td>C\u00e1c tuy\u1ebfn gi\u00e1n ti\u1ebfp \u0111\u01a1n IPv6<\/td>\n<td>128<\/td>\n<\/tr>\n<tr>\n<td>C\u00e1c tuy\u1ebfn t\u0129nh IPv4<\/td>\n<td>16<\/td>\n<\/tr>\n<tr>\n<td>C\u00e1c tuy\u1ebfn t\u0129nh IPv6<\/td>\n<td>16<\/td>\n<\/tr>\n<tr>\n<td>C\u00e1c tuy\u1ebfn ph\u00e1t \u0111a h\u01b0\u1edbng IPv4 v\u00e0 nh\u00f3m IGMP<\/td>\n<td>1024<\/td>\n<\/tr>\n<tr>\n<td>Nh\u00f3m ph\u00e1t \u0111a h\u01b0\u1edbng IPv6<\/td>\n<td>1024<\/td>\n<\/tr>\n<tr>\n<td>ACE b\u1ea3o m\u1eadt IPv4 \/ MAC<\/td>\n<td>600<\/td>\n<\/tr>\n<tr>\n<td>ACE b\u1ea3o m\u1eadt IPv6<\/td>\n<td>600<\/td>\n<\/tr>\n<tr>\n<td>C\u00e1c VLAN ho\u1ea1t \u0111\u1ed9ng t\u1ed1i \u0111a<\/td>\n<td>256<\/td>\n<\/tr>\n<tr>\n<td>C\u00f3 s\u1eb5n c\u00e1c ID VLAN<\/td>\n<td>4094<\/td>\n<\/tr>\n<tr>\n<td>C\u00e1c tr\u01b0\u1eddng h\u1ee3p STP t\u1ed1i \u0111a<\/td>\n<td>64<\/td>\n<\/tr>\n<tr>\n<td>Phi\u00ean SPAN t\u1ed1i \u0111a<\/td>\n<td>4<\/td>\n<\/tr>\n<tr>\n<td>G\u00f3i MTU-L3<\/td>\n<td>9198 byte<\/td>\n<\/tr>\n<tr>\n<td>Khung Ethernet Jumbo<\/td>\n<td>10,240 byte<\/td>\n<\/tr>\n<tr>\n<td>Ch\u1ebft th\u1edf h\u1ed5n h\u1ec3n<\/td>\n<td>\u0110\u00fang<\/td>\n<\/tr>\n<tr>\n<td>MTBF t\u00ednh b\u1eb1ng gi\u1edd (d\u1eef li\u1ec7u)<\/td>\n<td>2.026.793<\/td>\n<\/tr>\n<tr>\n<td>MTBF t\u00ednh b\u1eb1ng gi\u1edd (PoE)<\/td>\n<td>698.220<\/td>\n<\/tr>\n<tr>\n<td>MTBF t\u00ednh b\u1eb1ng gi\u1edd (PoE \u0111\u1ea7y \u0111\u1ee7)<\/td>\n<td>698.220<\/td>\n<\/tr>\n<tr>\n<td colspan=\"2\"><span>Thu\u1ed9c v\u1ec1 m\u00f4i tr\u01b0\u1eddng<\/span><\/td>\n<\/tr>\n<tr>\n<td>Nhi\u1ec7t \u0111\u1ed9 ho\u1ea1t \u0111\u1ed9ng M\u1ee9c \u0111\u1ed9 ni\u00eam phong<\/td>\n<td>-5 \u0111\u1ebfn 50 \u0111\u1ed9 C *<\/td>\n<\/tr>\n<tr>\n<td>L\u00ean \u0111\u1ebfn 5.000ft (1500 m)<\/td>\n<td>-5 \u0111\u1ebfn 45 \u0111\u1ed9 C<\/td>\n<\/tr>\n<tr>\n<td>L\u00ean \u0111\u1ebfn 10.000 (3000 m)<\/td>\n<td>-5 \u0111\u1ebfn 40 \u0111\u1ed9 C<\/td>\n<\/tr>\n<tr>\n<td>\u0110\u1ed9 cao ho\u1ea1t \u0111\u1ed9ng<\/td>\n<td>10.000 ft (3.000m)<\/td>\n<\/tr>\n<tr>\n<td>\u0110\u1ed9 \u1ea9m t\u01b0\u01a1ng \u0111\u1ed1i ho\u1ea1t \u0111\u1ed9ng<\/td>\n<td>5% \u0111\u1ebfn 90% \u1edf 40C<\/td>\n<\/tr>\n<tr>\n<td>Nhi\u1ec7t \u0111\u1ed9 b\u1ea3o qu\u1ea3n<\/td>\n<td>-13 \u0111\u1ebfn 158F (-25 \u0111\u1ebfn 70C)<\/td>\n<\/tr>\n<tr>\n<td>\u0110\u1ed9 cao l\u01b0u tr\u1eef<\/td>\n<td>15.000 ft (4500m)<\/td>\n<\/tr>\n<tr>\n<td>L\u01b0u tr\u1eef \u0111\u1ed9 \u1ea9m t\u01b0\u01a1ng \u0111\u1ed1i<\/td>\n<td>5% \u0111\u1ebfn 95% \u1edf 65C<\/td>\n<\/tr>\n<tr>\n<td colspan=\"2\">* L\u01b0u \u00fd : Ho\u1ea1t \u0111\u1ed9ng 50C ch\u1ec9 \u0111\u01b0\u1ee3c h\u1ed7 tr\u1ee3 cho ho\u1ea1t \u0111\u1ed9ng ng\u1eafn h\u1ea1n; Quang h\u1ecdc GLC-BX-D \/ U v\u00e0 CWDM kh\u00f4ng th\u1ec3 h\u1ed7 tr\u1ee3 ho\u1ea1t \u0111\u1ed9ng 50C; Nhi\u1ec7t \u0111\u1ed9 m\u00f4i tr\u01b0\u1eddng t\u1ed1i thi\u1ec3u \u0111\u1ec3 kh\u1edfi \u0111\u1ed9ng l\u1ea1nh l\u00e0 0C (32F)<\/td>\n<\/tr>\n<tr>\n<td colspan=\"2\"><span>An to\u00e0n v\u00e0 tu\u00e2n th\u1ee7<\/span><\/td>\n<\/tr>\n<tr>\n<td>S\u1ef1 an to\u00e0n<\/td>\n<td>UL 60950-1 Phi\u00ean b\u1ea3n th\u1ee9 hai, CAN \/ CSA-C22.2 S\u1ed1 60950-1 Phi\u00ean b\u1ea3n th\u1ee9 hai, EN 60950-1 Phi\u00ean b\u1ea3n th\u1ee9 hai, IEC 60950-1 Phi\u00ean b\u1ea3n th\u1ee9 hai, AS \/ NZS 60950-1, IEC 62368-1, UL 62368 -1 GB 4943.1-2011<\/td>\n<\/tr>\n<tr>\n<td>EMC: Kh\u00ed th\u1ea3i<\/td>\n<td>47CFR Part 15 Class A, AS \/ NZS CISPR32 Class A, CISPR32 Class A, EN55032 Class A, ICES-003 Class A, VCCI-CISPR32 Class A, EN61000-3-2, EN61000-3-3, KN32 Class A, CNS13438 H\u1ea1ng A<\/td>\n<\/tr>\n<tr>\n<td>EMC: Mi\u1ec5n d\u1ecbch<\/td>\n<td>EN55024 (bao g\u1ed3m EN 61000-4-5), EN300386, KN35<\/td>\n<\/tr>\n<tr>\n<td>Thu\u1ed9c v\u1ec1 m\u00f4i tr\u01b0\u1eddng<\/td>\n<td>Gi\u1ea3m thi\u1ec3u c\u00e1c ch\u1ea5t \u0111\u1ed9c h\u1ea1i (RoHS) bao g\u1ed3m Ch\u1ec9 th\u1ecb 2011\/65 \/ EU<\/td>\n<\/tr>\n<tr>\n<td>Telco<\/td>\n<td>M\u00e3 nh\u1eadn d\u1ea1ng thi\u1ebft b\u1ecb ng\u00f4n ng\u1eef chung (CLEI)<\/td>\n<\/tr>\n<tr>\n<td>Ch\u1ee9ng nh\u1eadn c\u1ee7a ch\u00ednh ph\u1ee7 Hoa K\u1ef3<\/td>\n<td>TBD<\/td>\n<\/tr>\n<tr>\n<td colspan=\"2\"><span>K\u1ebft n\u1ed1i v\u00e0 giao di\u1ec7n<\/span><\/td>\n<\/tr>\n<tr>\n<td>Giao di\u1ec7n Ethernet<\/td>\n<td>* C\u1ed5ng 10BASE-T: \u0111\u1ea7u n\u1ed1i RJ-45, c\u00e1p 2 c\u1eb7p Lo\u1ea1i 3, 4 ho\u1eb7c 5 C\u1eb7p xo\u1eafn kh\u00f4ng \u0111\u01b0\u1ee3c che ch\u1eafn (UTP) * C\u1ed5ng 100BASE-TX: \u0111\u1ea7u n\u1ed1i RJ-45, c\u00e1p UTP lo\u1ea1i 5 2 c\u1eb7p * C\u1ed5ng 1000BASE-T: \u0111\u1ea7u n\u1ed1i RJ-45, c\u00e1p UTP lo\u1ea1i 5 4 c\u1eb7p * C\u00e1c c\u1ed5ng d\u1ef1a tr\u00ean SFP 1000BASE-T: \u0111\u1ea7u n\u1ed1i RJ-45, c\u00e1p UTP lo\u1ea1i 5 4 c\u1eb7p<\/td>\n<\/tr>\n<tr>\n<td>\u0110\u00e8n LED ch\u1ec9 b\u00e1o<\/td>\n<td>* Tr\u1ea1ng th\u00e1i m\u1ed7i c\u1ed5ng: t\u00ednh to\u00e0n v\u1eb9n c\u1ee7a li\u00ean k\u1ebft, b\u1ecb v\u00f4 hi\u1ec7u h\u00f3a, ho\u1ea1t \u0111\u1ed9ng * T\u00ecnh tr\u1ea1ng h\u1ec7 th\u1ed1ng: h\u1ec7 th\u1ed1ng<\/td>\n<\/tr>\n<tr>\n<td>C\u00e1p b\u1ea3ng \u0111i\u1ec1u khi\u1ec3n<\/td>\n<td>* C\u00e1p b\u1ea3ng \u0111i\u1ec1u khi\u1ec3n CAB-CONSOLE-RJ45 d\u00e0i 6 ft v\u1edbi RJ-45 * C\u00e1p b\u1ea3ng \u0111i\u1ec1u khi\u1ec3n CAB-CONSOLE-USB d\u00e0i 6 ft v\u1edbi \u0111\u1ea7u n\u1ed1i USB Lo\u1ea1i A v\u00e0 mini-B<\/td>\n<\/tr>\n<tr>\n<td>Quy\u1ec1n l\u1ef1c<\/td>\n<td>* S\u1eed d\u1ee5ng d\u00e2y ngu\u1ed3n AC \u0111i k\u00e8m \u0111\u1ec3 k\u1ebft n\u1ed1i \u0111\u1ea7u n\u1ed1i ngu\u1ed3n AC v\u1edbi \u1ed5 c\u1eafm \u0111i\u1ec7n AC * M\u00f4 h\u00ecnh c\u00f3 ngu\u1ed3n \u0111i\u1ec7n b\u00ean ngo\u00e0i<\/td>\n<\/tr>\n<\/tbody>\n<\/table><\/div>\n<p>                            <!--                            <\/p>\n<div class=\"xemthem_id_r\">--><br \/>\n                            <!--                                <a><!--\/show\/?token=--><br \/>\n                            <!--\"--><br \/>\n                            <!--                                   class=\"preview fancybox fancybox.ajax\" rel=\"nofollow\"&gt;Xem th&#234;m th&#244;ng s&#7889; k&#7929; thu&#7853;t<\/a>--><br \/>\n                            <!--                            <\/div>\n<p>-->\n                        <\/p><\/div>\n<\/p><\/div>","protected":false},"excerpt":{"rendered":"<ul>\n<h3 style=\"font-family: 'Roboto Condensed', sans-serif;font-weight: 500;line-height: normal;margin: 8px 0px 5px;font-size: 16px;background-color: #ffffff\"><span style=\"font-weight: bold\">Thi\u1ebft b\u1ecb chuy\u1ec3n m\u1ea1ch Cisco C1000-24T-4G-L Catalyst 1000 Series cung c\u1ea5p c\u00e1c t\u00ednh n\u0103ng sau:<\/span><\/h3>\n<ul style=\"margin-top: 0px;margin-bottom: 10px;font-family: 'Roboto Condensed', sans-serif;font-size: 14px;background-color: #ffffff\">\n<li>24 c\u1ed5ng d\u1eef li\u1ec7u Gigabit Ethernet v\u1edbi chuy\u1ec3n ti\u1ebfp t\u1ed1c \u0111\u1ed9 \u0111\u01b0\u1eddng truy\u1ec1n<\/li>\n<li><span style=\"font-weight: bold\">Cisco C1000-24T-4G-L<\/span>\u00a0c\u00f3 4 c\u1ed5ng li\u00ean k\u1ebft c\u1ed1 \u0111\u1ecbnh 1 Gigabit Ethernet Small Form-Factor Pluggable (SFP) \/ RJ 45 Combo ho\u1eb7c 4 li\u00ean k\u1ebft up c\u1ed1 \u0111\u1ecbnh 0 Gigabit Ethernet N\u00e2ng cao SFP (SFP +)<\/li>\n<li>CLI v\u00e0 \/ ho\u1eb7c c\u00e1c t\u00f9y ch\u1ecdn qu\u1ea3n l\u00fd giao di\u1ec7n ng\u01b0\u1eddi d\u00f9ng web tr\u1ef1c quan<\/li>\n<li>Gi\u00e1m s\u00e1t m\u1ea1ng th\u00f4ng qua lu\u1ed3ng l\u1ea5y m\u1eabu (sFlow)<\/li>\n<li>B\u1ea3o m\u1eadt v\u1edbi h\u1ed7 tr\u1ee3 802.1X cho c\u00e1c thi\u1ebft b\u1ecb \u0111\u01b0\u1ee3c k\u1ebft n\u1ed1i, B\u1ed9 ph\u00e2n t\u00edch c\u1ed5ng chuy\u1ec3n m\u1ea1ch (SPAN) v\u00e0 B\u1ed9 b\u1ea3o v\u1ec7 \u0111\u01a1n v\u1ecb d\u1eef li\u1ec7u giao th\u1ee9c c\u1ea7u n\u1ed1i (BPDU)<\/li>\n<li>C\u00f3 s\u1eb5n c\u00e1c m\u1eabu kh\u00f4ng qu\u1ea1t nh\u1ecf g\u1ecdn v\u1edbi \u0111\u1ed9 s\u00e2u d\u01b0\u1edbi 13 inch (33 cm)<\/li>\n<li>H\u1ed7 tr\u1ee3 qu\u1ea3n l\u00fd thi\u1ebft b\u1ecb v\u1edbi quy\u1ec1n truy c\u1eadp qua Bluetooth, Giao th\u1ee9c qu\u1ea3n l\u00fd m\u1ea1ng \u0111\u01a1n gi\u1ea3n (SNMP), RJ-45 ho\u1eb7c quy\u1ec1n truy c\u1eadp b\u1ea3ng \u0111i\u1ec1u khi\u1ec3n USB<\/li>\n<li>\u0110\u1ed9 tin c\u1eady v\u1edbi Th\u1eddi gian trung b\u00ecnh gi\u1eefa c\u00e1c l\u1ea7n h\u1ecfng h\u00f3c (MTBF) cao h\u01a1n v\u00e0 h\u1ed7 tr\u1ee3 b\u1ea3o h\u00e0nh tr\u1ecdn \u0111\u1eddi c\u00f3 gi\u1edbi h\u1ea1n n\u00e2ng cao (E-LLW)<\/li>\n<\/ul>\n<\/ul>","protected":false},"featured_media":12245,"comment_status":"closed","ping_status":"closed","template":"","meta":[],"pwb-brand":[],"product_cat":[2893],"product_tag":[2847,2840,55,2849],"class_list":{"0":"post-12244","1":"product","2":"type-product","3":"status-publish","4":"has-post-thumbnail","6":"product_cat-cisco","7":"product_tag-cisco","8":"product_tag-do-tin-cay","9":"product_tag-run","10":"product_tag-switch","12":"first","13":"instock","14":"shipping-taxable","15":"product-type-simple"},"brands":[],"_links":{"self":[{"href":"https:\/\/serverhot.vn\/de\/wp-json\/wp\/v2\/product\/12244","targetHints":{"allow":["GET"]}}],"collection":[{"href":"https:\/\/serverhot.vn\/de\/wp-json\/wp\/v2\/product"}],"about":[{"href":"https:\/\/serverhot.vn\/de\/wp-json\/wp\/v2\/types\/product"}],"replies":[{"embeddable":true,"href":"https:\/\/serverhot.vn\/de\/wp-json\/wp\/v2\/comments?post=12244"}],"wp:featuredmedia":[{"embeddable":true,"href":"https:\/\/serverhot.vn\/de\/wp-json\/wp\/v2\/media\/12245"}],"wp:attachment":[{"href":"https:\/\/serverhot.vn\/de\/wp-json\/wp\/v2\/media?parent=12244"}],"wp:term":[{"taxonomy":"pwb-brand","embeddable":true,"href":"https:\/\/serverhot.vn\/de\/wp-json\/wp\/v2\/pwb-brand?post=12244"},{"taxonomy":"product_cat","embeddable":true,"href":"https:\/\/serverhot.vn\/de\/wp-json\/wp\/v2\/product_cat?post=12244"},{"taxonomy":"product_tag","embeddable":true,"href":"https:\/\/serverhot.vn\/de\/wp-json\/wp\/v2\/product_tag?post=12244"}],"curies":[{"name":"wp","href":"https:\/\/api.w.org\/{rel}","templated":true}]}}