{"id":12288,"date":"2024-06-29T16:56:34","date_gmt":"2024-06-29T09:56:34","guid":{"rendered":"https:\/\/serverhot.vn\/product\/uncategorized\/bo-chuyen-doi-quang-dien-single-mode-media-converter-tp-link-mc110cs-ma-san-pham-mc110cs\/"},"modified":"2024-06-29T16:56:36","modified_gmt":"2024-06-29T09:56:36","slug":"bo-chuyen-doi-quang-dien-single-mode-media-converter-tp-link-mc110cs-ma-san-pham-mc110cs","status":"publish","type":"product","link":"https:\/\/serverhot.vn\/de\/-product-\/bo-chuyen-doi-quang-dien-single-mode-media-converter-tp-link-mc110cs-ma-san-pham-mc110cs\/","title":{"rendered":"B\u1ed9 Chuy\u1ec3n \u0110\u1ed5i Quang \u0110i\u1ec7n Single-mode Media Converter TP-Link MC110CS M\u00e3 s\u1ea3n ph\u1ea9m: MC110CS"},"content":{"rendered":"<div class=\"showText tabs\" id=\"tab2\">\n<div class=\"box_right_pro_view\">\n<div class=\"thongso_pro a_technical\" style=\"max-height: fit-content\">\n<table border=\"0\" cellspacing=\"0\" cellpadding=\"0\">\n<tbody>\n<tr>\n<td colspan=\"2\">\n<p>MEDIA CONVERTER &amp; MODULE<\/p>\n<\/td>\n<\/tr>\n<tr>\n<td>\n<p>Standards and Protocols<\/p>\n<\/td>\n<td valign=\"bottom\">\n<p>IEEE 802.3, IEEE 802.3u, IEEE 802.3x<\/p>\n<\/td>\n<\/tr>\n<tr>\n<td rowspan=\"5\">\n<p>Basic Function<\/p>\n<\/td>\n<td valign=\"bottom\">\n<p>Ch\u1ebf \u0111\u1ed9 chuy\u1ec3n B\u00e1n\/Song c\u00f4ng tr\u00ean c\u1ed5ng FX<\/p>\n<\/td>\n<\/tr>\n<tr>\n<td valign=\"bottom\">\n<p>\u0110i\u1ec1u khi\u1ec3n lu\u1ed3ng song c\u00f4ng(IEEE 802.3)<\/p>\n<\/td>\n<\/tr>\n<tr>\n<td valign=\"bottom\">\n<p>\u0110i\u1ec1u khi\u1ec3n lu\u1ed3ng b\u00e1n song c\u00f4ng(Backpressure)<\/p>\n<\/td>\n<\/tr>\n<tr>\n<td valign=\"bottom\">\n<p>m\u1edf r\u1ed9ng kho\u1ea3ng c\u00e1ch c\u00e1p quang l\u00ean t\u1edbi 20km<\/p>\n<\/td>\n<\/tr>\n<tr>\n<td valign=\"bottom\">\n<p>T\u00ednh n\u0103ng Link Fault Passthrough v\u00e0 Far End Fault gi\u1ea3m thi\u1ec3u s\u1ef1 m\u1ea5t m\u00e1t g\u00e2y ra b\u1edfi nh\u1eefng li\u00ean k\u1ebft l\u1ed7i r\u1ea5t k\u1ecbp th\u1eddi<\/p>\n<\/td>\n<\/tr>\n<tr>\n<td rowspan=\"2\">\n<p>Ports<\/p>\n<\/td>\n<td valign=\"bottom\">\n<p>C\u1ed5ng 1 100M SC<\/p>\n<\/td>\n<\/tr>\n<tr>\n<td valign=\"bottom\">\n<p>C\u1ed5ng 1 100M RJ45 (t\u1ef1 \u0111\u1ed9ng MDI\/MDIX)<\/p>\n<\/td>\n<\/tr>\n<tr>\n<td rowspan=\"2\">\n<p>Network Media 10BASE-T<\/p>\n<\/td>\n<td valign=\"bottom\">\n<p>C\u00e1p UTP lo\u1ea1i 3,4,5 (l\u1edbn nh\u1ea5t 100m)<\/p>\n<\/td>\n<\/tr>\n<tr>\n<td valign=\"bottom\">\n<p>C\u00e1p STP 100\u03a9 EIA\/TIA-568(l\u1edbn nh\u1ea5t 100m)<\/p>\n<\/td>\n<\/tr>\n<tr>\n<td rowspan=\"2\">\n<p>Network Media 100BASE-T<\/p>\n<\/td>\n<td valign=\"bottom\">\n<p>C\u00e1p UTP lo\u1ea1i 5, 5e (l\u1edbn nh\u1ea5t 100m)<\/p>\n<\/td>\n<\/tr>\n<tr>\n<td valign=\"bottom\">\n<p>C\u00e1p STP EIA\/TIA-568 100\u03a9 (l\u1edbn nh\u1ea5t 100m)<\/p>\n<\/td>\n<\/tr>\n<tr>\n<td>\n<p>Network Media 100BASE-FX<\/p>\n<\/td>\n<td valign=\"bottom\">\n<p>C\u00e1p quang single-mode<\/p>\n<\/td>\n<\/tr>\n<tr>\n<td>\n<p>LED Indicators<\/p>\n<\/td>\n<td valign=\"bottom\">\n<p>PWR, FDX\/Col, Link\/Act, SPD<\/p>\n<\/td>\n<\/tr>\n<tr>\n<td>\n<p>Dimensions (W*D*H)<\/p>\n<\/td>\n<td valign=\"bottom\">\n<p>3.7*2.9*1.1 in. (94.5*73.0*27.0 mm)<\/p>\n<\/td>\n<\/tr>\n<tr>\n<td>\n<p>Power Supply<\/p>\n<\/td>\n<td valign=\"bottom\">\n<p>Cung c\u1ea5p \u0111i\u1ec7n \u1edf b\u00ean ngo\u00e0i<\/p>\n<\/td>\n<\/tr>\n<tr>\n<td>\n<p>Safety &amp; Emission<\/p>\n<\/td>\n<td valign=\"bottom\">\n<p>FCC, CE<\/p>\n<\/td>\n<\/tr>\n<tr>\n<td rowspan=\"4\">\n<p>Environment<\/p>\n<\/td>\n<td valign=\"bottom\">\n<p>Nhi\u1ec7t \u0111\u1ed9 ho\u1ea1t \u0111\u1ed9ng : 0\u2103~40\u2103\u00a0(32\u2109~104\u2109)<\/p>\n<\/td>\n<\/tr>\n<tr>\n<td valign=\"bottom\">\n<p>Nhi\u1ec7t \u0111\u1ed9 b\u1ea3o qu\u1ea3n : -40\u2103~70\u2103\u00a0(-40\u2109~158\u2109)<\/p>\n<\/td>\n<\/tr>\n<tr>\n<td valign=\"bottom\">\n<p>\u0110\u1ed9 \u1ea9m ho\u1ea1t \u0111\u1ed9ng : 10%~90% kh\u00f4ng ng\u01b0ng t\u1ee5<\/p>\n<\/td>\n<\/tr>\n<tr>\n<td valign=\"bottom\">\n<p>\u0110\u1ed9 \u1ea9m b\u1ea3o qu\u1ea3n : 5%~90% kh\u00f4ng ng\u01b0ng t\u1ee5<\/p>\n<p>\u00a0<\/p>\n<\/td>\n<\/tr>\n<\/tbody>\n<\/table><\/div>\n<p>                            <!--                            <\/p>\n<div class=\"xemthem_id_r\">--><br \/>\n                            <!--                                <a><!--\/show\/?token=--><br \/>\n                            <!--\"--><br \/>\n                            <!--                                   class=\"preview fancybox fancybox.ajax\" rel=\"nofollow\"&gt;Xem th&#234;m th&#244;ng s&#7889; k&#7929; thu&#7853;t<\/a>--><br \/>\n                            <!--                            <\/div>\n<p>-->\n                        <\/p><\/div>\n<\/p><\/div>","protected":false},"excerpt":{"rendered":"<ul>\n<ul style=\"color: #242424;font-family: Roboto, Helvetica, Arial, sans-serif;font-size: 14px;text-align: justify;background-color: #ffffff\">\n<li><span style=\"font-weight: bolder\">B\u1ed9 Chuy\u1ec3n \u0110\u1ed5i Quang \u0110i\u1ec7n TP-Link MC110CS<\/span>\u00a0l\u00e0 m\u1ed9t b\u1ed9 chuy\u1ec3n \u0111\u1ed5i quang \u0111i\u1ec7n \u0111\u01b0\u1ee3c thi\u1ebft k\u1ebf \u0111\u1ec3 chuy\u1ec3n \u0111\u1ed5i c\u00e1c ph\u01b0\u01a1ng ti\u1ec7n truy\u1ec1n th\u00f4ng 100BASE-FX c\u00e1p quang sang 100BASE-TX c\u00e1p \u0111\u1ed3ng v\u00e0 ng\u01b0\u1ee3c l\u1ea1i.<\/li>\n<li>Thi\u1ebft k\u1ebf theo chu\u1ea9n IEEE 802.3u 10\/100Base-TX v\u00e0 100Base-FX. MC110CS l\u00e0 thi\u1ebft k\u1ebf \u0111\u1ec3 s\u1eed d\u1ee5ng v\u1edbi c\u00e1p quang ch\u1ebf \u0111\u1ed9 single-mode d\u00f9ng trong ki\u1ec3u k\u1ebft n\u1ed1i SC-type. MC110CS h\u1ed7 tr\u1ee3 \u0111\u1eb7c t\u00ednh tia laser b\u01b0\u1edbc s\u00f3ng d\u00e0i(LX) khi t\u1ed1c \u0111\u1ed9 chuy\u1ec3n ti\u1ebfp d\u00e2y d\u1eabn \u0111\u1ea7y \u0111\u1ee7.<\/li>\n<li>L\u00e0m vi\u1ec7c \u1edf b\u01b0\u1edbc s\u00f3ng 1310nm \u1edf c\u1ea3 truy\u1ec1n v\u00e0 nh\u1eadn d\u1eef li\u1ec7u<\/li>\n<li>Nh\u1eefng \u0111\u1eb7c t\u00ednh kh\u00e1c c\u1ee7a s\u1ea3n ph\u1ea9m n\u00e0y \u0111\u00f3 l\u00e0 kh\u1ea3 n\u0103ng s\u1eed d\u1ee5ng \u0111\u1ed9c l\u1eadp(kh\u00f4ng y\u00eau c\u1ea7u c\u00e1c b\u1ed9 ph\u1eadn ch\u1ee7 y\u1ebfu kh\u00e1c) ho\u1eb7c v\u1edbi b\u1ed9 khung TL-MC1400 c\u1ee7a TP-LINK.<\/li>\n<li>T\u1ef1 \u0111\u1ed9ng MDI\/MDI-X cho c\u1ed5ng TX, t\u1ef1 \u0111\u1ed9ng \u0111i\u1ec1u ch\u1ec9nh ch\u1ebf \u0111\u1ed9 duplex.<\/li>\n<li>MC110CS s\u1ebd truy\u1ec1n t\u1ea3i nh\u01b0 c\u00e1p quang v\u1edbi v\u1edbi kho\u1ea3ng c\u00e1ch r\u1ea5t l\u1edbn, n\u1ebfu s\u1eed d\u1ee5ng c\u00e1p quang \u1edf ch\u1ebf \u0111\u1ed9 single-mode c\u00f3 th\u1ec3 l\u00ean t\u1edbi kho\u1ea3ng c\u00e1ch 20km.<\/li>\n<\/ul>\n<\/ul>","protected":false},"featured_media":12289,"comment_status":"closed","ping_status":"closed","template":"","meta":[],"pwb-brand":[],"product_cat":[2896],"product_tag":[],"class_list":{"0":"post-12288","1":"product","2":"type-product","3":"status-publish","4":"has-post-thumbnail","6":"product_cat-tp-link","8":"first","9":"instock","10":"shipping-taxable","11":"product-type-simple"},"brands":[],"_links":{"self":[{"href":"https:\/\/serverhot.vn\/de\/wp-json\/wp\/v2\/product\/12288","targetHints":{"allow":["GET"]}}],"collection":[{"href":"https:\/\/serverhot.vn\/de\/wp-json\/wp\/v2\/product"}],"about":[{"href":"https:\/\/serverhot.vn\/de\/wp-json\/wp\/v2\/types\/product"}],"replies":[{"embeddable":true,"href":"https:\/\/serverhot.vn\/de\/wp-json\/wp\/v2\/comments?post=12288"}],"wp:featuredmedia":[{"embeddable":true,"href":"https:\/\/serverhot.vn\/de\/wp-json\/wp\/v2\/media\/12289"}],"wp:attachment":[{"href":"https:\/\/serverhot.vn\/de\/wp-json\/wp\/v2\/media?parent=12288"}],"wp:term":[{"taxonomy":"pwb-brand","embeddable":true,"href":"https:\/\/serverhot.vn\/de\/wp-json\/wp\/v2\/pwb-brand?post=12288"},{"taxonomy":"product_cat","embeddable":true,"href":"https:\/\/serverhot.vn\/de\/wp-json\/wp\/v2\/product_cat?post=12288"},{"taxonomy":"product_tag","embeddable":true,"href":"https:\/\/serverhot.vn\/de\/wp-json\/wp\/v2\/product_tag?post=12288"}],"curies":[{"name":"wp","href":"https:\/\/api.w.org\/{rel}","templated":true}]}}