{"id":12408,"date":"2024-06-29T17:23:59","date_gmt":"2024-06-29T10:23:59","guid":{"rendered":"https:\/\/serverhot.vn\/product\/uncategorized\/ac5400-mu-mimo-gigabit-router-linksys-ea9500-ma-san-pham-ea9500\/"},"modified":"2024-06-29T17:24:00","modified_gmt":"2024-06-29T10:24:00","slug":"ac5400-mu-mimo-gigabit-router-linksys-ea9500-ma-san-pham-ea9500","status":"publish","type":"product","link":"https:\/\/serverhot.vn\/de\/-product-\/ac5400-mu-mimo-gigabit-router-linksys-ea9500-ma-san-pham-ea9500\/","title":{"rendered":"AC5400 MU-MIMO Gigabit Router LINKSYS EA9500 M\u00e3 s\u1ea3n ph\u1ea9m: EA9500"},"content":{"rendered":"<div class=\"showText tabs\" id=\"tab2\">\n                                    <\/div>","protected":false},"excerpt":{"rendered":"<ul>\n<p><span>\u2022 Thi\u1ebft k\u1ebf chu\u1ea9n WiFi AC t\u1ed1c \u0111\u1ed9 truy\u1ec1n t\u1ea3i l\u00ean t\u1edbi 2600Mbps (N1000Mbps + AC2167Mbps + AC2167Mbps).<\/span><\/p>\n<p><span>\u2022 1 c\u1ed5ng WAN Gigabit 10\/100\/1000Mbps + 8 c\u1ed5ng LAN Gigabit 10\/100\/1000Mbps.<\/span><\/p>\n<p><span>\u2022 B\u1ed9 vi s\u1eed l\u00fd hai nh\u00e2n Broadcom BCM4709C0 @ 1.4 GHz, RAM 256 MB, Flash 128 MB.<\/span><\/p>\n<p><span>\u2022 T\u00edch h\u1ee3p c\u00f4ng ngh\u1ec7 Wi-Fi chu\u1ea9n AC m\u1edbi nh\u1ea5t hi\u1ec7n nay (802.11ac th\u1ebf h\u1ec7 2) MU-MIMO \u0111\u1ed9t ph\u00e1.<\/span><\/p>\n<p><span>\u2022 3 b\u0103ng t\u1ea7n ho\u1eb7t \u0111\u1ed9ng c\u00f9ng l\u00fac 2.4Ghz &amp; 5 Ghz &amp; 5 Ghz, v\u1edbi 8 \u0103ng-ten r\u1eddi c\u00f4ng su\u1ea5t cao.<\/span><\/p>\n<p><span>\u2022 B\u1ea3o h\u00e0nh 3 n\u0103m 1 \u0111\u1ed5i 1<\/span><\/p>\n<p><span>&#8211; B\u0103ng t\u1ea7n h\u1ed7 tr\u1ee3: 2.4 GHz \/ 5 GHz\u00a0<\/span><br \/><span>&#8211; Chu\u1ea9n k\u1ebft n\u1ed1i: 802.11 a\/b\/g\/n\/ac\u00a0<\/span><br \/><span>&#8211; T\u1ed1c \u0111\u1ed9 2.4GHz: 1000Mbps\u00a0<\/span><br \/><span>&#8211; T\u1ed1c \u0111\u1ed9 5.0GHz: 2166Mbps\u00a0<\/span><br \/><span>&#8211; \u0102ng ten: 8x ngo\u00e0i<\/span><\/p>\n<\/ul>","protected":false},"featured_media":12409,"comment_status":"closed","ping_status":"closed","template":"","meta":[],"pwb-brand":[],"product_cat":[2907],"product_tag":[],"class_list":{"0":"post-12408","1":"product","2":"type-product","3":"status-publish","4":"has-post-thumbnail","6":"product_cat-linksys","8":"first","9":"instock","10":"shipping-taxable","11":"product-type-simple"},"brands":[],"_links":{"self":[{"href":"https:\/\/serverhot.vn\/de\/wp-json\/wp\/v2\/product\/12408","targetHints":{"allow":["GET"]}}],"collection":[{"href":"https:\/\/serverhot.vn\/de\/wp-json\/wp\/v2\/product"}],"about":[{"href":"https:\/\/serverhot.vn\/de\/wp-json\/wp\/v2\/types\/product"}],"replies":[{"embeddable":true,"href":"https:\/\/serverhot.vn\/de\/wp-json\/wp\/v2\/comments?post=12408"}],"wp:featuredmedia":[{"embeddable":true,"href":"https:\/\/serverhot.vn\/de\/wp-json\/wp\/v2\/media\/12409"}],"wp:attachment":[{"href":"https:\/\/serverhot.vn\/de\/wp-json\/wp\/v2\/media?parent=12408"}],"wp:term":[{"taxonomy":"pwb-brand","embeddable":true,"href":"https:\/\/serverhot.vn\/de\/wp-json\/wp\/v2\/pwb-brand?post=12408"},{"taxonomy":"product_cat","embeddable":true,"href":"https:\/\/serverhot.vn\/de\/wp-json\/wp\/v2\/product_cat?post=12408"},{"taxonomy":"product_tag","embeddable":true,"href":"https:\/\/serverhot.vn\/de\/wp-json\/wp\/v2\/product_tag?post=12408"}],"curies":[{"name":"wp","href":"https:\/\/api.w.org\/{rel}","templated":true}]}}