{"id":12779,"date":"2024-06-29T18:30:07","date_gmt":"2024-06-29T11:30:07","guid":{"rendered":"https:\/\/serverhot.vn\/product\/uncategorized\/microsoft-defender-for-cloud-apps-ma-san-pham-ms-def-cloudapps\/"},"modified":"2024-06-29T18:30:13","modified_gmt":"2024-06-29T11:30:13","slug":"microsoft-defender-for-cloud-apps-ma-san-pham-ms-def-cloudapps","status":"publish","type":"product","link":"https:\/\/serverhot.vn\/de\/-product-\/microsoft-defender-for-cloud-apps-ma-san-pham-ms-def-cloudapps\/","title":{"rendered":"Microsoft Defender for Cloud Apps M\u00e3 s\u1ea3n ph\u1ea9m: MS-DEF-CLOUDAPPS"},"content":{"rendered":"<div class=\"showText tabs\" id=\"tab2\">\n                                    <\/div>","protected":false},"excerpt":{"rendered":"<ul>\n<p>Microsoft Defender for Cloud Apps gi\u1ea3i ph\u00e1p b\u1ea3o m\u1eadt d\u00e0nh cho c\u00e1c \u1ee9ng d\u1ee5ng d\u1ef1a tr\u00ean SaaS (Software as a Service) v\u00e0 d\u1eef li\u1ec7u quan tr\u1ecdng c\u1ee7a b\u1ea1n trong m\u00f4i tr\u01b0\u1eddng \u0111\u00e1m m\u00e2y. \u0110\u00e2y l\u00e0 m\u1ed9t ph\u1ea7n c\u1ee7a n\u1ec1n t\u1ea3ng b\u1ea3o m\u1eadt \u0111i\u1ec3m cu\u1ed1i c\u1ee7a Microsoft, gi\u00fap b\u1ea1n ng\u0103n ch\u1eb7n, ph\u00e1t hi\u1ec7n, \u0111i\u1ec1u tra v\u00e0 ph\u1ea3n \u1ee9ng v\u1edbi c\u00e1c m\u1ed1i \u0111e d\u1ecda ti\u00ean ti\u1ebfn.<br \/>&#8211; B\u1ea3o v\u1ec7 \u1ee9ng d\u1ee5ng d\u1ef1a tr\u00ean SaaS<br \/>&#8211; Kh\u00e1m ph\u00e1 \u1ee9ng d\u1ee5ng d\u1ef1a tr\u00ean SaaS<\/p>\n<\/ul>","protected":false},"featured_media":12780,"comment_status":"closed","ping_status":"closed","template":"","meta":[],"pwb-brand":[],"product_cat":[2917],"product_tag":[],"class_list":{"0":"post-12779","1":"product","2":"type-product","3":"status-publish","4":"has-post-thumbnail","6":"product_cat-microsoft","8":"first","9":"instock","10":"shipping-taxable","11":"product-type-simple"},"brands":[],"_links":{"self":[{"href":"https:\/\/serverhot.vn\/de\/wp-json\/wp\/v2\/product\/12779","targetHints":{"allow":["GET"]}}],"collection":[{"href":"https:\/\/serverhot.vn\/de\/wp-json\/wp\/v2\/product"}],"about":[{"href":"https:\/\/serverhot.vn\/de\/wp-json\/wp\/v2\/types\/product"}],"replies":[{"embeddable":true,"href":"https:\/\/serverhot.vn\/de\/wp-json\/wp\/v2\/comments?post=12779"}],"wp:featuredmedia":[{"embeddable":true,"href":"https:\/\/serverhot.vn\/de\/wp-json\/wp\/v2\/media\/12780"}],"wp:attachment":[{"href":"https:\/\/serverhot.vn\/de\/wp-json\/wp\/v2\/media?parent=12779"}],"wp:term":[{"taxonomy":"pwb-brand","embeddable":true,"href":"https:\/\/serverhot.vn\/de\/wp-json\/wp\/v2\/pwb-brand?post=12779"},{"taxonomy":"product_cat","embeddable":true,"href":"https:\/\/serverhot.vn\/de\/wp-json\/wp\/v2\/product_cat?post=12779"},{"taxonomy":"product_tag","embeddable":true,"href":"https:\/\/serverhot.vn\/de\/wp-json\/wp\/v2\/product_tag?post=12779"}],"curies":[{"name":"wp","href":"https:\/\/api.w.org\/{rel}","templated":true}]}}