{"id":13778,"date":"2024-09-28T01:30:08","date_gmt":"2024-09-27T18:30:08","guid":{"rendered":"https:\/\/serverhot.vn\/-product-\/camera-ip-starlight-dome-2-0mp-dahua-dh-ipc-hdbw2231ep-s-s2-ma-san-pham-dh-ipc-hdbw2231ep-s-s2\/"},"modified":"2024-09-28T01:30:10","modified_gmt":"2024-09-27T18:30:10","slug":"camera-ip-starlight-dome-2-0mp-dahua-dh-ipc-hdbw2231ep-s-s2-ma-san-pham-dh-ipc-hdbw2231ep-s-s2","status":"publish","type":"product","link":"https:\/\/serverhot.vn\/de\/-product-\/camera-ip-starlight-dome-2-0mp-dahua-dh-ipc-hdbw2231ep-s-s2-ma-san-pham-dh-ipc-hdbw2231ep-s-s2\/","title":{"rendered":"Camera IP Starlight Dome 2.0MP DAHUA DH-IPC-HDBW2231EP-S-S2 M\u00e3 s\u1ea3n ph\u1ea9m: DH-IPC-HDBW2231EP-S-S2"},"content":{"rendered":"<div class=\"showText tabs\" id=\"tab2\">\n<div class=\"box_right_pro_view\">\n<div class=\"thongso_pro a_technical\" style=\"max-height: fit-content\">\n<p>\u2013 \u0110\u1ed9 ph\u00e2n gi\u1ea3i 2 Megapixel c\u1ea3m bi\u1ebfn CMOS k\u00edch th\u01b0\u1edbc 1\/2.8\u201d.<\/p>\n<p>\u2013 25\/30fps@1080P<\/p>\n<p>\u2013 H\u1ed7 tr\u1ee3 Starlight v\u1edbi \u0111\u1ed9 nh\u1ea1y s\u00e1ng c\u1ef1c th\u1ea5p 0.002Lux@F1.6.<\/p>\n<p>\u2013 Chu\u1ea9n n\u00e9n H265+<\/p>\n<p>\u2013 H\u1ed7 tr\u1ee3 ch\u1ee9c n\u0103ng ph\u00e1t hi\u1ec7n th\u00f4ng minh: H\u00e0ng r\u00e0o \u1ea3o, X\u00e2m nh\u1eadp, Ph\u00e1t hi\u1ec7n \u0111i\u1ec7n \u00e1p<\/p>\n<p>\u2013 Ch\u1ed1ng ng\u01b0\u1ee3c s\u00e1ng WDR(120dB)<\/p>\n<p>\u2013 Ch\u1ebf \u0111\u1ed9 ng\u00e0y \u0111\u00eam (ICR), t\u1ef1 \u0111\u1ed9ng c\u00e2n b\u1eb1ng tr\u1eafng (AWB), t\u1ef1 \u0111\u1ed9ng b\u00f9 s\u00e1ng (AGC), ch\u1ed1ng ng\u01b0\u1ee3c s\u00e1ng(BLC), ch\u1ed1ng nhi\u1ec5u (3D-DNR).<\/p>\n<p>\u2013 T\u1ea7m xa h\u1ed3ng ngo\u1ea1i 30m v\u1edbi c\u00f4ng ngh\u1ec7 h\u1ed3ng ngo\u1ea1i th\u00f4ng minh<\/p>\n<p>\u2013 Camera Dahua h\u1ed7 tr\u1ee3 khe c\u1eafm th\u1ebb nh\u1edb 256GB<\/p>\n<p>\u2013 H\u1ed7 tr\u1ee3 t\u00ean mi\u1ec1n DSSDDNS, P2P<\/p>\n<p>\u2013 \u1ed0ng k\u00ednh c\u1ed1 \u0111\u1ecbnh 3.6mm.<\/p>\n<p>\u2013 Chu\u1ea9n t\u01b0\u01a1ng th\u00edch Onvif 2.4.<\/p>\n<p>\u2013 Chu\u1ea9n ch\u1ed1ng n\u01b0\u1edbc IP67.<\/p>\n<p>\u2013 \u0110i\u1ec7n \u00e1p DC12V ho\u1eb7c PoE (802.3af), c\u00f4ng su\u1ea5t &lt;5W<\/p>\n<p>\u2013 Nhi\u1ec7t \u0111\u1ed9 ho\u1ea1t \u0111\u1ed9ng: -40\u00b0 C ~ +60\u00b0 C.<\/p>\n<p>\u2013 Ch\u1ea5t li\u1ec7u kim lo\u1ea1i.<\/p>\n<p>\u2013 Xu\u1ea5t x\u1ee9: Trung Qu\u1ed1c.<\/p>\n<\/p><\/div>\n<p>                            <!--                            <\/p>\n<div class=\"xemthem_id_r\">--><br \/>\n                            <!--                                <a><!--\/show\/?token=--><br \/>\n                            <!--\"--><br \/>\n                            <!--                                   class=\"preview fancybox fancybox.ajax\" rel=\"nofollow\"&gt;Xem th&#234;m th&#244;ng s&#7889; k&#7929; thu&#7853;t<\/a>--><br \/>\n                            <!--                            <\/div>\n<p>-->\n                        <\/p><\/div>\n<\/p><\/div>","protected":false},"excerpt":{"rendered":"<ul>\n<p>\u0110\u1ed9 ph\u00e2n gi\u1ea3i 2 Megapixel.<\/p>\n<p>H\u1ed7 tr\u1ee3 Starlight v\u1edbi \u0111\u1ed9 nh\u1ea1y s\u00e1ng c\u1ef1c th\u1ea5p 0.002Lux@F1.6.<\/p>\n<p>Chu\u1ea9n n\u00e9n H265+.<\/p>\n<p>\u1ed0ng k\u00ednh c\u1ed1 \u0111\u1ecbnh 3.6mm.<\/p>\n<p>T\u1ea7m xa h\u1ed3ng ngo\u1ea1i 30m v\u1edbi c\u00f4ng ngh\u1ec7 h\u1ed3ng ngo\u1ea1i th\u00f4ng minh.<\/p>\n<p>H\u1ed7 tr\u1ee3 khe c\u1eafm th\u1ebb nh\u1edb 256GB.<\/p>\n<p>Chu\u1ea9n ch\u1ed1ng n\u01b0\u1edbc IP67.<\/p>\n<\/ul>","protected":false},"featured_media":13779,"comment_status":"closed","ping_status":"closed","template":"","meta":[],"pwb-brand":[],"product_cat":[2911],"product_tag":[55],"class_list":{"0":"post-13778","1":"product","2":"type-product","3":"status-publish","4":"has-post-thumbnail","6":"product_cat-thiet-bi-camera","7":"product_tag-run","9":"first","10":"instock","11":"shipping-taxable","12":"product-type-simple"},"brands":[],"_links":{"self":[{"href":"https:\/\/serverhot.vn\/de\/wp-json\/wp\/v2\/product\/13778","targetHints":{"allow":["GET"]}}],"collection":[{"href":"https:\/\/serverhot.vn\/de\/wp-json\/wp\/v2\/product"}],"about":[{"href":"https:\/\/serverhot.vn\/de\/wp-json\/wp\/v2\/types\/product"}],"replies":[{"embeddable":true,"href":"https:\/\/serverhot.vn\/de\/wp-json\/wp\/v2\/comments?post=13778"}],"wp:featuredmedia":[{"embeddable":true,"href":"https:\/\/serverhot.vn\/de\/wp-json\/wp\/v2\/media\/13779"}],"wp:attachment":[{"href":"https:\/\/serverhot.vn\/de\/wp-json\/wp\/v2\/media?parent=13778"}],"wp:term":[{"taxonomy":"pwb-brand","embeddable":true,"href":"https:\/\/serverhot.vn\/de\/wp-json\/wp\/v2\/pwb-brand?post=13778"},{"taxonomy":"product_cat","embeddable":true,"href":"https:\/\/serverhot.vn\/de\/wp-json\/wp\/v2\/product_cat?post=13778"},{"taxonomy":"product_tag","embeddable":true,"href":"https:\/\/serverhot.vn\/de\/wp-json\/wp\/v2\/product_tag?post=13778"}],"curies":[{"name":"wp","href":"https:\/\/api.w.org\/{rel}","templated":true}]}}