{"id":14471,"date":"2024-12-03T04:45:08","date_gmt":"2024-12-02T21:45:08","guid":{"rendered":"https:\/\/serverhot.vn\/-product-\/man-hinh-lenovo-thinkvision-s24i-30-63dekar3ww-23-8-inch-fhd-ips-4ms-100hz-ma-san-pham-63dekar3ww\/"},"modified":"2024-12-03T04:45:14","modified_gmt":"2024-12-02T21:45:14","slug":"man-hinh-lenovo-thinkvision-s24i-30-63dekar3ww-23-8-inch-fhd-ips-4ms-100hz-ma-san-pham-63dekar3ww","status":"publish","type":"product","link":"https:\/\/serverhot.vn\/de\/-product-\/man-hinh-lenovo-thinkvision-s24i-30-63dekar3ww-23-8-inch-fhd-ips-4ms-100hz-ma-san-pham-63dekar3ww\/","title":{"rendered":"M\u00e0n h\u00ecnh Lenovo ThinkVision S24i-30 63DEKAR3WW (23.8 inch &#8211; FHD &#8211; IPS &#8211; 4ms &#8211; 100Hz) M\u00e3 s\u1ea3n ph\u1ea9m: 63DEKAR3WW"},"content":{"rendered":"<div class=\"showText tabs\" id=\"tab2\">\n                                    <\/div>","protected":false},"excerpt":{"rendered":"<ul>\n<ul>\n<li>Nhu c\u1ea7u: M\u00e0n h\u00ecnh v\u0103n ph\u00f2ng<\/li>\n<li>M\u00e0n h\u00ecnh<span> <\/span>23.8 Inch IPS (In-Plane Switching)<\/li>\n<li>\u0110\u1ed9 ph\u00e2n gi\u1ea3i: Full HD (1920&#215;1080)<\/li>\n<li>Th\u1eddi gian \u0111\u00e1p \u1ee9ng: 4ms (Extreme Mode)<\/li>\n<li>T\u1ea7n s\u1ed1 qu\u00e9t: 100Hz<\/li>\n<\/ul>\n<\/ul>","protected":false},"featured_media":14472,"comment_status":"closed","ping_status":"closed","template":"","meta":[],"pwb-brand":[],"product_cat":[2909],"product_tag":[2849],"class_list":{"0":"post-14471","1":"product","2":"type-product","3":"status-publish","4":"has-post-thumbnail","6":"product_cat-man-hinh-may-tinh","7":"product_tag-switch","9":"first","10":"instock","11":"shipping-taxable","12":"product-type-simple"},"brands":[],"_links":{"self":[{"href":"https:\/\/serverhot.vn\/de\/wp-json\/wp\/v2\/product\/14471","targetHints":{"allow":["GET"]}}],"collection":[{"href":"https:\/\/serverhot.vn\/de\/wp-json\/wp\/v2\/product"}],"about":[{"href":"https:\/\/serverhot.vn\/de\/wp-json\/wp\/v2\/types\/product"}],"replies":[{"embeddable":true,"href":"https:\/\/serverhot.vn\/de\/wp-json\/wp\/v2\/comments?post=14471"}],"wp:featuredmedia":[{"embeddable":true,"href":"https:\/\/serverhot.vn\/de\/wp-json\/wp\/v2\/media\/14472"}],"wp:attachment":[{"href":"https:\/\/serverhot.vn\/de\/wp-json\/wp\/v2\/media?parent=14471"}],"wp:term":[{"taxonomy":"pwb-brand","embeddable":true,"href":"https:\/\/serverhot.vn\/de\/wp-json\/wp\/v2\/pwb-brand?post=14471"},{"taxonomy":"product_cat","embeddable":true,"href":"https:\/\/serverhot.vn\/de\/wp-json\/wp\/v2\/product_cat?post=14471"},{"taxonomy":"product_tag","embeddable":true,"href":"https:\/\/serverhot.vn\/de\/wp-json\/wp\/v2\/product_tag?post=14471"}],"curies":[{"name":"wp","href":"https:\/\/api.w.org\/{rel}","templated":true}]}}