{"id":14495,"date":"2024-12-05T17:45:16","date_gmt":"2024-12-05T10:45:16","guid":{"rendered":"https:\/\/serverhot.vn\/-product-\/laptop-hp-pavilion-15-eg3111tu-8u6l8pa-intel-core-i5-1335u-16gb-512gb-15-6-inch-fhd-win-11-home-ma-san-pham-8u6l8pa\/"},"modified":"2024-12-05T17:45:27","modified_gmt":"2024-12-05T10:45:27","slug":"laptop-hp-pavilion-15-eg3111tu-8u6l8pa-intel-core-i5-1335u-16gb-512gb-15-6-inch-fhd-win-11-home-ma-san-pham-8u6l8pa","status":"publish","type":"product","link":"https:\/\/serverhot.vn\/de\/-product-\/laptop-hp-pavilion-15-eg3111tu-8u6l8pa-intel-core-i5-1335u-16gb-512gb-15-6-inch-fhd-win-11-home-ma-san-pham-8u6l8pa\/","title":{"rendered":"Laptop HP Pavilion 15-eg3111TU 8U6L8PA (Intel Core i5-1335U | 16GB | 512GB | 15.6 inch FHD | Win 11 Home) M\u00e3 s\u1ea3n ph\u1ea9m: 8U6L8PA"},"content":{"rendered":"<div class=\"showText tabs\" id=\"tab2\">\n<div class=\"box_right_pro_view\">\n<div class=\"thongso_pro a_technical\" style=\"max-height: fit-content\">\n<p>H\u00e3ng s\u1ea3n xu\u1ea5t<\/p>\n<p>\u00a0<\/p>\n<p>Laptop HP<\/p>\n<p>\u00a0<\/p>\n<p>T\u00ean s\u1ea3n ph\u1ea9m\u00a0 \u00a0<\/p>\n<p>\u00a0<\/p>\n<p>Laptop HP Pavilion 15-eg3111TU 8U6L8PA<\/p>\n<p>D\u00f2ng Laptop<\/p>\n<p>\u00a0<\/p>\n<p>Laptop | Laptop cho k\u1ebf to\u00e1n | Laptop V\u0103n Ph\u00f2ng | Laptop kho\u1ea3ng 15 inch<\/p>\n<p>\u00a0<\/p>\n<p>B\u1ed9 vi x\u1eed l\u00fd\u00a0<\/p>\n<p>\u00a0<\/p>\n<p>C\u00f4ng ngh\u1ec7 CPU<\/p>\n<p>\u00a0<\/p>\n<p>Intel\u00ae Core\u2122 i5-1335U<\/p>\n<p>\u00a0<\/p>\n<p>S\u1ed1 nh\u00e2n<\/p>\n<p>\u00a0<\/p>\n<p>10<\/p>\n<p>\u00a0<\/p>\n<p>S\u1ed1 lu\u1ed3ng<\/p>\n<p>\u00a0<\/p>\n<p>12<\/p>\n<p>\u00a0<\/p>\n<p>T\u1ed1c \u0111\u1ed9 CPU<\/p>\n<p>\u00a0<\/p>\n<p>\u00a0<\/p>\n<p>\u00a0<\/p>\n<p>T\u1ed1c \u0111\u1ed9 t\u1ed1i \u0111a<\/p>\n<p>\u00a0<\/p>\n<p>4.6 GHz<\/p>\n<p>\u00a0<\/p>\n<p>B\u1ed9 nh\u1edb \u0111\u1ec7m<\/p>\n<p>\u00a0<\/p>\n<p>12 MB<\/p>\n<p>\u00a0<\/p>\n<p>B\u1ed9 nh\u1edb trong (RAM)<\/p>\n<p>\u00a0<\/p>\n<p>RAM<\/p>\n<p>\u00a0<\/p>\n<p>16GB (8GBx2)<\/p>\n<p>\u00a0<\/p>\n<p>Lo\u1ea1i RAM<\/p>\n<p>\u00a0<\/p>\n<p>DDR4<\/p>\n<p>\u00a0<\/p>\n<p>T\u1ed1c \u0111\u1ed9 Bus RAM<\/p>\n<p>\u00a0<\/p>\n<p>\u00a03200 MHz\u00a0\u00a0<\/p>\n<p>\u00a0<\/p>\n<p>S\u1ed1 khe c\u1eafm<\/p>\n<p>\u00a0<\/p>\n<p>2 Khe\u00a0<\/p>\n<p>\u00a0<\/p>\n<p>H\u1ed7 tr\u1ee3 RAM t\u1ed1i \u0111a<\/p>\n<p>\u00a0<\/p>\n<p>\u00a0&#8211;<\/p>\n<p>\u00a0<\/p>\n<p>\u1ed4 c\u1ee9ng\u00a0<\/p>\n<p>\u00a0<\/p>\n<p>Dung l\u01b0\u1ee3ng<\/p>\n<p>\u00a0<\/p>\n<p>512 GB PCIe\u00ae NVMe\u2122 M.2 SSD<\/p>\n<p>\u00a0<\/p>\n<p>T\u1ed1c \u0111\u1ed9 v\u00f2ng quay<\/p>\n<p>\u00a0<\/p>\n<p>\u00a0<\/p>\n<p>\u00a0<\/p>\n<p>Khe c\u1eafm SSD m\u1edf r\u1ed9ng<\/p>\n<p>\u00a0<\/p>\n<p>&#8211;\u00a0<\/p>\n<p>\u1ed4 \u0111\u0129a quang (ODD)\u00a0<\/p>\n<p>\u00a0<\/p>\n<p>Kh\u00f4ng c\u00f3<\/p>\n<p>\u00a0<\/p>\n<p>M\u00e0n h\u00ecnh<\/p>\n<p>\u00a0<\/p>\n<p>K\u00edch th\u01b0\u1edbc m\u00e0n h\u00ecnh<\/p>\n<p>\u00a0<\/p>\n<p>\u00a015.6 inch\u00a0<\/p>\n<p>\u00a0<\/p>\n<p>\u0110\u1ed9 ph\u00e2n gi\u1ea3i<\/p>\n<p>\u00a0<\/p>\n<p>FHD (1920 x 1080)<\/p>\n<p>\u00a0<\/p>\n<p>T\u1ea7n s\u1ed1 qu\u00e9t<\/p>\n<p>\u00a0<\/p>\n<p>\u00a0&#8211;<\/p>\n<p>\u00a0<\/p>\n<p>C\u00f4ng ngh\u1ec7 m\u00e0n h\u00ecnh<\/p>\n<p>\u00a0<\/p>\n<p>IPS, micro-edge, BrightView, 250 nits, 45% NTSC<\/p>\n<p>\u00a0<\/p>\n<p>\u0110\u1ed3 H\u1ecda (VGA)\u00a0<\/p>\n<p>\u00a0<\/p>\n<p>Card m\u00e0n h\u00ecnh<\/p>\n<p>\u00a0<\/p>\n<p>Intel Iris Xe<\/p>\n<p>\u00a0<\/p>\n<p>K\u1ebft n\u1ed1i (Network)\u00a0<\/p>\n<p>\u00a0<\/p>\n<p>Wireless<\/p>\n<p>\u00a0<\/p>\n<p>MediaTek Wi-Fi 6 MT7921 (2&#215;2)<\/p>\n<p>\u00a0<\/p>\n<p>LAN<\/p>\n<p>\u00a0<\/p>\n<p>\u00a0<\/p>\n<p>\u00a0<\/p>\n<p>Bluetooth<\/p>\n<p>\u00a0<\/p>\n<p>Bluetooth\u00ae 5.2 combo (Supporting Gigabit data rate)<\/p>\n<p>\u00a0<\/p>\n<p>B\u00e0n ph\u00edm , Chu\u1ed9t\u00a0<\/p>\n<p>\u00a0<\/p>\n<p>Ki\u1ec3u b\u00e0n ph\u00edm<\/p>\n<p>\u00a0<\/p>\n<p>B\u00e0n ph\u00edm ti\u00eau chu\u1ea9n &#8211;\u00a0 B\u00e0n ph\u00edm s\u1ed1<\/p>\n<p>\u00a0<\/p>\n<p>Chu\u1ed9t<\/p>\n<p>\u00a0<\/p>\n<p>C\u1ea3m \u1ee9ng \u0111a \u0111i\u1ec3m<\/p>\n<p>\u00a0<\/p>\n<p>Giao ti\u1ebfp m\u1edf r\u1ed9ng\u00a0<\/p>\n<p>\u00a0<\/p>\n<p>K\u1ebft n\u1ed1i USB<\/p>\n<p>\u00a0<\/p>\n<p>1 SuperSpeed USB Type-C\u00ae 10Gbps signaling rate (USB Power Delivery, DisplayPort\u2122 1.4, HP Sleep and Charge)<\/p>\n<p>\u00a0<\/p>\n<p>2 SuperSpeed USB Type-A 5Gbps signaling rate<\/p>\n<p>\u00a0<\/p>\n<p>K\u1ebft n\u1ed1i HDMI\/VGA<\/p>\n<p>\u00a0<\/p>\n<p>1 HDMI 2.1<\/p>\n<p>\u00a0<\/p>\n<p>Tai nghe<\/p>\n<p>\u00a0<\/p>\n<p>1 headphone\/microphone combo<\/p>\n<p>\u00a0<\/p>\n<p>Camera<\/p>\n<p>\u00a0<\/p>\n<p>HP Wide Vision 720p HD camera with integrated dual array digital microphones<\/p>\n<p>\u00a0<\/p>\n<p>Card m\u1edf r\u1ed9ng<\/p>\n<p>\u00a0<\/p>\n<p>&#8211;<\/p>\n<p>\u00a0<\/p>\n<p>LOA<\/p>\n<p>\u00a0<\/p>\n<p>2 Loa<\/p>\n<p>\u00a0<\/p>\n<p>Ki\u1ec3u Pin<\/p>\n<p>\u00a0<\/p>\n<p>\u00a03-cell, 41 Wh Li-ion<\/p>\n<p>\u00a0<\/p>\n<p>S\u1ea1c pin<\/p>\n<p>\u00a0<\/p>\n<p>\u0110i k\u00e8m<\/p>\n<p>\u00a0<\/p>\n<p>H\u1ec7 \u0111i\u1ec1u h\u00e0nh (b\u1ea3n quy\u1ec1n) \u0111i k\u00e8m\u00a0<\/p>\n<p>\u00a0<\/p>\n<p>Windows 11 Home<\/p>\n<p>\u00a0<\/p>\n<p>K\u00edch th\u01b0\u1edbc (D\u00e0i x R\u1ed9ng x Cao)<\/p>\n<p>\u00a0<\/p>\n<p>360.4 x 271.09 x 25.9 mm<\/p>\n<p>\u00a0<\/p>\n<p>Tr\u1ecdng L\u01b0\u1ee3ng<\/p>\n<p>\u00a0<\/p>\n<p>1.74 kg<\/p>\n<p>\u00a0<\/p>\n<p>M\u00e0u s\u1eafc<\/p>\n<p>\u00a0<\/p>\n<p>B\u1ea1c<\/p>\n<\/p><\/div>\n<p>                            <!--                            <\/p>\n<div class=\"xemthem_id_r\">--><br \/>\n                            <!--                                <a><!--\/show\/?token=--><br \/>\n                            <!--\"--><br \/>\n                            <!--                                   class=\"preview fancybox fancybox.ajax\" rel=\"nofollow\"&gt;Xem th&#234;m th&#244;ng s&#7889; k&#7929; thu&#7853;t<\/a>--><br \/>\n                            <!--                            <\/div>\n<p>-->\n                        <\/p><\/div>\n<\/p><\/div>","protected":false},"excerpt":{"rendered":"<ul>\n<p>CPU: Intel Core i5-1335U (upto 4.60 GHz, 12 MB)<\/p>\n<p>RAM: 16GB(8GBx2) DDR4 3200MHz (2 khe)<\/p>\n<p>\u1ed4 c\u1ee9ng: 512GB PCIe\u00ae NVMe\u2122 M.2 SSD<\/p>\n<p>VGA: Intel Iris Xe Graphics<\/p>\n<\/ul>","protected":false},"featured_media":14496,"comment_status":"closed","ping_status":"closed","template":"","meta":[],"pwb-brand":[],"product_cat":[2891],"product_tag":[44,2852],"class_list":{"0":"post-14495","1":"product","2":"type-product","3":"status-publish","4":"has-post-thumbnail","6":"product_cat-hp-laptop","7":"product_tag-lee","8":"product_tag-wireless","10":"first","11":"instock","12":"shipping-taxable","13":"product-type-simple"},"brands":[],"_links":{"self":[{"href":"https:\/\/serverhot.vn\/de\/wp-json\/wp\/v2\/product\/14495","targetHints":{"allow":["GET"]}}],"collection":[{"href":"https:\/\/serverhot.vn\/de\/wp-json\/wp\/v2\/product"}],"about":[{"href":"https:\/\/serverhot.vn\/de\/wp-json\/wp\/v2\/types\/product"}],"replies":[{"embeddable":true,"href":"https:\/\/serverhot.vn\/de\/wp-json\/wp\/v2\/comments?post=14495"}],"wp:featuredmedia":[{"embeddable":true,"href":"https:\/\/serverhot.vn\/de\/wp-json\/wp\/v2\/media\/14496"}],"wp:attachment":[{"href":"https:\/\/serverhot.vn\/de\/wp-json\/wp\/v2\/media?parent=14495"}],"wp:term":[{"taxonomy":"pwb-brand","embeddable":true,"href":"https:\/\/serverhot.vn\/de\/wp-json\/wp\/v2\/pwb-brand?post=14495"},{"taxonomy":"product_cat","embeddable":true,"href":"https:\/\/serverhot.vn\/de\/wp-json\/wp\/v2\/product_cat?post=14495"},{"taxonomy":"product_tag","embeddable":true,"href":"https:\/\/serverhot.vn\/de\/wp-json\/wp\/v2\/product_tag?post=14495"}],"curies":[{"name":"wp","href":"https:\/\/api.w.org\/{rel}","templated":true}]}}