{"id":14715,"date":"2025-02-22T01:45:36","date_gmt":"2025-02-21T18:45:36","guid":{"rendered":"https:\/\/serverhot.vn\/-product-\/tu-ac-quy-ect-dcxa06-ma-san-pham-ect-dcxa06\/"},"modified":"2025-02-22T01:45:42","modified_gmt":"2025-02-21T18:45:42","slug":"tu-ac-quy-ect-dcxa06-ma-san-pham-ect-dcxa06","status":"publish","type":"product","link":"https:\/\/serverhot.vn\/de\/-product-\/tu-ac-quy-ect-dcxa06-ma-san-pham-ect-dcxa06\/","title":{"rendered":"T\u1ee7 \u1eafc quy ECT-DCXA06 M\u00e3 s\u1ea3n ph\u1ea9m: ECT-DCXA06"},"content":{"rendered":"<div class=\"showText tabs\" id=\"tab2\">\n<div class=\"box_right_pro_view\">\n<div class=\"thongso_pro a_technical\" style=\"max-height: fit-content\">\n<p>K\u00edch th\u01b0\u1edbc \u0111\u00f3ng g\u00f3i(mm) 260*715*485<\/p>\n<p>Tr\u1ecdng l\u01b0\u1ee3ng \u0111\u00f3ng g\u00f3i(kg) 32<\/p>\n<p>Tr\u1ecdng l\u01b0\u1ee3ng t\u1ecbnh(kg) 31<\/p>\n<p>K\u00edch th\u01b0\u1edbc l\u1eafp \u0111\u1eb7t(mm) 694*450*680<\/p>\n<p>C\u1ea5u tr\u00fac 2 t\u1ea7ng<\/p>\n<p>Ch\u1ea5t li\u1ec7u Th\u00e9p<\/p>\n<p>Lo\u1ea1i s\u01a1n S\u01a1n t\u0129nh \u0111i\u1ec7n<\/p>\n<p>M\u00e0u s\u01a1n \u0110en\/X\u00e1m\/Tr\u1eafng<\/p>\n<\/p><\/div>\n<p>                            <!--                            <\/p>\n<div class=\"xemthem_id_r\">--><br \/>\n                            <!--                                <a><!--\/show\/?token=--><br \/>\n                            <!--\"--><br \/>\n                            <!--                                   class=\"preview fancybox fancybox.ajax\" rel=\"nofollow\"&gt;Xem th&#234;m th&#244;ng s&#7889; k&#7929; thu&#7853;t<\/a>--><br \/>\n                            <!--                            <\/div>\n<p>-->\n                        <\/p><\/div>\n<\/p><\/div>","protected":false},"excerpt":{"rendered":"<ul>\n                                                    <\/ul>","protected":false},"featured_media":14716,"comment_status":"closed","ping_status":"closed","template":"","meta":[],"pwb-brand":[],"product_cat":[2913],"product_tag":[],"class_list":{"0":"post-14715","1":"product","2":"type-product","3":"status-publish","4":"has-post-thumbnail","6":"product_cat-bo-luu-dien-ups","8":"first","9":"instock","10":"shipping-taxable","11":"product-type-simple"},"brands":[],"_links":{"self":[{"href":"https:\/\/serverhot.vn\/de\/wp-json\/wp\/v2\/product\/14715","targetHints":{"allow":["GET"]}}],"collection":[{"href":"https:\/\/serverhot.vn\/de\/wp-json\/wp\/v2\/product"}],"about":[{"href":"https:\/\/serverhot.vn\/de\/wp-json\/wp\/v2\/types\/product"}],"replies":[{"embeddable":true,"href":"https:\/\/serverhot.vn\/de\/wp-json\/wp\/v2\/comments?post=14715"}],"wp:featuredmedia":[{"embeddable":true,"href":"https:\/\/serverhot.vn\/de\/wp-json\/wp\/v2\/media\/14716"}],"wp:attachment":[{"href":"https:\/\/serverhot.vn\/de\/wp-json\/wp\/v2\/media?parent=14715"}],"wp:term":[{"taxonomy":"pwb-brand","embeddable":true,"href":"https:\/\/serverhot.vn\/de\/wp-json\/wp\/v2\/pwb-brand?post=14715"},{"taxonomy":"product_cat","embeddable":true,"href":"https:\/\/serverhot.vn\/de\/wp-json\/wp\/v2\/product_cat?post=14715"},{"taxonomy":"product_tag","embeddable":true,"href":"https:\/\/serverhot.vn\/de\/wp-json\/wp\/v2\/product_tag?post=14715"}],"curies":[{"name":"wp","href":"https:\/\/api.w.org\/{rel}","templated":true}]}}