{"id":14980,"date":"2025-05-21T16:32:04","date_gmt":"2025-05-21T09:32:04","guid":{"rendered":"https:\/\/serverhot.vn\/-product-\/may-chu-asus-ts100-e10-non-hotplug-4x3-5in\/"},"modified":"2025-05-21T16:32:52","modified_gmt":"2025-05-21T09:32:52","slug":"may-chu-asus-ts100-e10-non-hotplug-4x3-5in","status":"publish","type":"product","link":"https:\/\/serverhot.vn\/de\/-product-\/may-chu-asus-ts100-e10-non-hotplug-4x3-5in\/","title":{"rendered":"M\u00e1y Ch\u1ee7 ASUS TS100 E10 Non-Hotplug 4&#215;3.5in"},"content":{"rendered":"<div class=\"tabs\" id=\"tab2\">\n<div class=\"thongso_pro\">\n<ul>\n<li>\n<div>Chassis Asus TS100-E10 &#8211; 300W <\/div>\n<\/li>\n<li>\n<div>Mainboard Asus TS100-E10<\/div>\n<\/li>\n<li>\n<div>Intel\u00ae Rapid Storage Technology Enterprise(RSTe) (For Linux\/Windows) (Support Software RAID 10, 0, 1, 5)<\/div>\n<\/li>\n<li>\n<div>1 x Intel\u00ae Xeon\u00ae E-2124 Processor 8M Cache, up to 4.30 GHz<\/div>\n<\/li>\n<li>\n<div>1 x B\u1ed9 Nh\u1edb RAM DDR4 PC4-25600 Dell 8GB DDR4 1RX8 3200MHz ECC Unbuffered DIMM <\/div>\n<\/li>\n<li>\n<div>1 x \u1ed4 C\u1ee9ng SSD Samsung PM883 960GB SATA 6Gb\/s V4 TLC VNAND 2.5inch<\/div>\n<\/li>\n<li>\n<div>1 x Converter bracket Dell 2.5inch to 3.5inch 09W8C4 <\/div>\n<\/li>\n<\/ul>\n<p><\/p>\n<ul class=\"product-spec\" style=\"margin: 0px;padding: 0px;border: none;font-size: 12px;line-height: inherit;font-family: 'Segoe UI', \u5fae\u8edf\u6b63\u9ed1\u9ad4, 'Microsoft JhengHei', Arial, \u65b0\u7d30\u660e\u9ad4;vertical-align: baseline;overflow: hidden;width: 1134.75px;color: #333333;background-color: #ffffff\">\n<li style=\"margin: 0px;padding: 0px;border: 0px;font-style: inherit;font-variant: inherit;font-weight: inherit;font-size: inherit;line-height: 20px;font-family: inherit;vertical-align: top;width: 1134.75px;background-color: transparent;overflow: hidden\">\n<table style=\"border-collapse: collapse;width: 100%;height: 766px\" border=\"1\">\n<tbody>\n<tr style=\"height: 120px\">\n<td style=\"width: 48.7555%;height: 120px\"><span style=\"color: #000000;font-size: 20px\">B\u1ed9 vi x\u1eed l\u00fd \/ Thanh ghi h\u1ec7 th\u1ed1ng<\/span><\/td>\n<td style=\"width: 48.7555%;height: 120px\"><span style=\"font-size: 14px\">1 x Socket LGA1151 Option 1<\/span><br style=\"font-size: 14px\"><span style=\"font-size: 14px\">B\u1ed9 x\u1eed l\u00fd Intel<\/span><span style=\"margin: 0px;padding: 0px;border: 0px;font-style: inherit;font-variant: inherit;font-weight: inherit;font-size: 10.5px;line-height: 0;font-family: inherit;vertical-align: baseline;position: relative;top: -0.5em\">\u00ae<\/span><span style=\"font-size: 14px\">\u00a0Xeon<\/span><span style=\"margin: 0px;padding: 0px;border: 0px;font-style: inherit;font-variant: inherit;font-weight: inherit;font-size: 10.5px;line-height: 0;font-family: inherit;vertical-align: baseline;position: relative;top: -0.5em\">\u00ae<\/span><span style=\"font-size: 14px\">\u00a0d\u00f2ng E-2100 (95W)<\/span><br style=\"font-size: 14px\"><span style=\"font-size: 14px\">B\u1ed9 x\u1eed l\u00fd Intel<\/span><span style=\"margin: 0px;padding: 0px;border: 0px;font-style: inherit;font-variant: inherit;font-weight: inherit;font-size: 10.5px;line-height: 0;font-family: inherit;vertical-align: baseline;position: relative;top: -0.5em\">\u00ae<\/span><span style=\"font-size: 14px\">\u00a0Xeon<\/span><span style=\"margin: 0px;padding: 0px;border: 0px;font-style: inherit;font-variant: inherit;font-weight: inherit;font-size: 10.5px;line-height: 0;font-family: inherit;vertical-align: baseline;position: relative;top: -0.5em\">\u00ae<\/span><span style=\"font-size: 14px\">\u00a0d\u00f2ng E-2200 (95W)<\/span><br style=\"font-size: 14px\"><span style=\"font-size: 14px\">B\u1ed9 x\u1eed l\u00fd Intel\u00ae Core\u2122 i3\/Pentium\u00ae\/Celeron\u00ae th\u1ebf h\u1ec7 th\u1ee9 8\/9<\/span><br style=\"font-size: 14px\"><br style=\"font-size: 14px\"><span style=\"font-size: 14px\">*Tham kh\u1ea3o www.asus.com \u0111\u1ec3 c\u00f3 danh s\u00e1ch CPU \u0111\u01b0\u1ee3c h\u1ed7 tr\u1ee3<\/span><\/td>\n<\/tr>\n<tr style=\"height: 22px\">\n<td style=\"width: 48.7555%;height: 22px\"><span style=\"color: #000000;font-size: 20px\">Th\u1ebf h\u1ec7<\/span><\/td>\n<td style=\"width: 48.7555%;height: 22px\"><span style=\"font-size: 14px\">E10<\/span><\/td>\n<\/tr>\n<tr style=\"height: 22px\">\n<td style=\"width: 48.7555%;height: 22px\"><span style=\"color: #000000;font-size: 20px\">Logic L\u00f5i<\/span><\/td>\n<td style=\"width: 48.7555%;height: 22px\"><span style=\"font-size: 14px\">Intel\u00ae C242 Chipset<\/span><\/td>\n<\/tr>\n<tr style=\"height: 140px\">\n<td style=\"width: 48.7555%;height: 140px\"><span style=\"color: #000000;font-size: 20px\">B\u1ed9 nh\u1edb<\/span><\/td>\n<td style=\"width: 48.7555%;height: 140px\"><strong style=\"margin: 0px;padding: 0px;border: 0px;font-style: inherit;font-variant: inherit;font-size: inherit;line-height: inherit;font-family: inherit;vertical-align: baseline\">T\u1ed5ng s\u1ed1 khe :<\/strong><span style=\"font-size: 14px\">\u00a04 (2-k\u00eanh) Option 1<\/span><br style=\"font-size: 14px\"><strong style=\"margin: 0px;padding: 0px;border: 0px;font-style: inherit;font-variant: inherit;font-size: inherit;line-height: inherit;font-family: inherit;vertical-align: baseline\">C\u00f4ng su\u1ea5t :<\/strong><span style=\"font-size: 14px\">\u00a0T\u1ed1i \u0111a l\u00ean t\u1edbi 64GB UDIMM<\/span><br style=\"font-size: 14px\"><strong style=\"margin: 0px;padding: 0px;border: 0px;font-style: inherit;font-variant: inherit;font-size: inherit;line-height: inherit;font-family: inherit;vertical-align: baseline\">Lo\u1ea1i b\u1ed9 nh\u1edb :<\/strong><br style=\"font-size: 14px\"><span style=\"font-size: 14px\">2666\/2400 UDIMM kh\u00f4ng ECC v\u00e0 c\u00f3 ECC<\/span><br style=\"font-size: 14px\"><strong style=\"margin: 0px;padding: 0px;border: 0px;font-style: inherit;font-variant: inherit;font-size: inherit;line-height: inherit;font-family: inherit;vertical-align: baseline\">Dung l\u01b0\u1ee3ng b\u1ed9 nh\u1edb :<\/strong><br style=\"font-size: 14px\"><span style=\"font-size: 14px\">32GB, 16GB, 8GB, 4GB<\/span><br style=\"font-size: 14px\"><span style=\"font-size: 14px\">* Tham kh\u1ea3o trang h\u1ed7 tr\u1ee3 \u0111\u1ec3 bi\u1ebft th\u00eam th\u00f4ng tin<\/span><\/td>\n<\/tr>\n<tr style=\"height: 60px\">\n<td style=\"width: 48.7555%;height: 60px\"><span style=\"color: #000000;font-size: 20px\">khe c\u1eafm m\u1edf r\u1ed9ng<\/span><\/td>\n<td style=\"width: 48.7555%;height: 60px\"><span style=\"font-size: 14px\">1 x PCIe x16 (Gen3 x16 Link)<\/span><br style=\"font-size: 14px\"><span style=\"font-size: 14px\">1 x PCIe x8 (Gen3 x4 Link)<\/span><br style=\"font-size: 14px\"><span style=\"font-size: 14px\">2 x PCI<\/span><\/td>\n<\/tr>\n<tr style=\"height: 140px\">\n<td style=\"width: 48.7555%;height: 140px\"><span style=\"color: #000000;font-size: 20px\">L\u01b0u tr\u1eef<\/span><\/td>\n<td style=\"width: 48.7555%;height: 140px\"><strong style=\"margin: 0px;padding: 0px;border: 0px;font-style: inherit;font-variant: inherit;font-size: inherit;line-height: inherit;font-family: inherit;vertical-align: baseline\">L\u01b0u tr\u1eef :<\/strong><br style=\"font-size: 14px\"><span style=\"font-size: 14px\">Intel\u00ae C242 Chipset<\/span><br style=\"font-size: 14px\"><span style=\"font-size: 14px\">6 x c\u1ed5ng SATA3 6Gb\/s + 2 x \u0111\u1ea7u n\u1ed1i M.2 *<\/span><span style=\"margin: 0px;padding: 0px;border: 0px;font-style: inherit;font-variant: inherit;font-weight: inherit;font-size: 10.5px;line-height: 0;font-family: inherit;vertical-align: baseline;position: relative;top: -0.5em\">1<\/span><br style=\"font-size: 14px\"><span style=\"font-size: 14px\">C\u00f4ng ngh\u1ec7 l\u01b0u tr\u1eef nhanh Intel\u00ae Enterprise (RSTe) (Cho Linux\/Windows)<\/span><br style=\"font-size: 14px\"><span style=\"font-size: 14px\">(H\u1ed7 tr\u1ee3 ph\u1ea7n m\u1ec1m RAID 0, 1, 5, 10 )<\/span><br style=\"font-size: 14px\"><strong style=\"margin: 0px;padding: 0px;border: 0px;font-style: inherit;font-variant: inherit;font-size: inherit;line-height: inherit;font-family: inherit;vertical-align: baseline\">SAS B\u1ed9 \u0111i\u1ec1u khi\u1ec3n :<\/strong><br style=\"font-size: 14px\"><span style=\"font-size: 14px\">Card HBA SAS 8 c\u1ed5ng ASUS PIKE II 3008<\/span><\/td>\n<\/tr>\n<tr style=\"height: 160px\">\n<td style=\"width: 48.7555%;height: 160px\"><span style=\"color: #000000;font-size: 20px\">Khay \u1ed5 \u0111\u0129a<\/span><\/td>\n<td style=\"width: 48.7555%;height: 160px\"><span style=\"font-size: 14px\">3 x khay \u1ed5 \u0111\u0129a 3,5\u201c (ho\u1eb7c hai l\u1ed3ng 2,5\u201d t\u00f9y ch\u1ecdn)*<\/span><br style=\"font-size: 14px\"><span style=\"font-size: 14px\">1 x khay \u1ed5 \u0111\u0129a g\u1eafn trong 2,5\u201d<\/span><br style=\"font-size: 14px\"><span style=\"font-size: 14px\">1x l\u1ed3ng \u1ed5 \u0111\u0129a g\u1eafn trong t\u00f9y ch\u1ecdn 5,25\u201d \u0111\u1ebfn 3,5\u201d\/2,5\u201d<\/span><br style=\"font-size: 14px\"><br style=\"font-size: 14px\"><span style=\"font-size: 14px\">* Ch\u1ec9 h\u1ed7 tr\u1ee3 1 \u1ed5 \u0111\u0129a khi l\u1eafp c\u1ea1c li\u1ec1n tr\u00ean 9,5\u201d l\u00ean khe c\u1eafm li\u00ean k\u1ebft x16<\/span><br style=\"font-size: 14px\"><br style=\"font-size: 14px\"><span style=\"font-size: 14px\">2 x M.2 (NGFF 22110\/2280\/2260\/2242. M\u1ed9t khe M.2 h\u1ed7 tr\u1ee3 c\u1ea3 hai li\u00ean k\u1ebft SATA 6Gb\/s &amp; PCI-E Gen3 x2 v\u00e0 m\u1ed9t khe M.2 ch\u1ec9 h\u1ed7 tr\u1ee3 SATA 6Gb\/s.)<\/span><\/td>\n<\/tr>\n<tr style=\"height: 40px\">\n<td style=\"width: 48.7555%;height: 40px\"><span style=\"color: #000000;font-size: 20px\">\u1ed4 L\u01b0u tr\u1eef Trung gian FDD\/CD\/DVD<\/span><\/td>\n<td style=\"width: 48.7555%;height: 40px\"><span style=\"font-size: 14px\">2 x Khay c\u1eafm \u0111a ph\u01b0\u01a1ng ti\u1ec7n 5,25&#8243;<\/span><br style=\"font-size: 14px\"><span style=\"font-size: 14px\">T\u00f9y ch\u1ecdn: Kh\u00f4ng d\u00f9ng \/ DVD-RW \/ DVD ROM<\/span><\/td>\n<\/tr>\n<tr style=\"height: 40px\">\n<td style=\"width: 48.7555%;height: 40px\"><span style=\"color: #000000;font-size: 20px\">K\u1ebft n\u1ed1i<\/span><\/td>\n<td style=\"width: 48.7555%;height: 40px\"><span style=\"font-size: 14px\">1 x Intel\u00ae I210AT<\/span><br style=\"font-size: 14px\"><span style=\"font-size: 14px\">1 x i219-LM<\/span><\/td>\n<\/tr>\n<tr>\n<td style=\"width: 48.7555%\"><span style=\"color: #000000;font-size: 20px\">\u0110\u1ed3 h\u1ecda<br \/><\/span><\/td>\n<td style=\"width: 48.7555%\"><span style=\"font-size: 14px\">Aspeed AST2510 v\u1edbi 64MB VRAM<br \/><\/span><\/td>\n<\/tr>\n<tr style=\"height: 22px\">\n<td style=\"width: 48.7555%;height: 22px\"><span style=\"color: #000000;font-size: 20px\">C\u1ed5ng I\/O tr\u01b0\u1edbc<\/span><\/td>\n<td style=\"width: 48.7555%;height: 22px\"><span style=\"font-size: 14px\">2 x C\u1ed5ng USB 3.0<\/span><br style=\"font-size: 14px\"><span style=\"font-size: 14px\">2 x C\u1ed5ng USB 2.0<\/span><br style=\"font-size: 14px\"><span style=\"font-size: 14px\">1 x C\u1ed5ng tai nghe<\/span><br style=\"font-size: 14px\"><span style=\"font-size: 14px\">1 x c\u1ed5ng Microphone<\/span><\/td>\n<\/tr>\n<tr>\n<td style=\"width: 48.7555%\"><span style=\"color: #000000;font-size: 20px\">C\u1ed5ng I\/O Sau<br \/><\/span><\/td>\n<td style=\"width: 48.7555%\"><span style=\"font-size: 14px\">2 x c\u1ed5ng USB 3.1<br \/>2 x C\u1ed5ng USB 3.0<br \/>2 x C\u1ed5ng USB 2.0<br \/>1 x C\u1ed5ng VGA (t\u00edch h\u1ee3p Aspeed AST2510)<br \/>2 x c\u1ed5ng LAN<br \/>3 x Gi\u1eafc c\u1eafm \u00e2m thanh (onboard Realtek\u00ae ALC800 series 7.1-Channel High Definition Audio CODEC)<br \/>1 x c\u1ed5ng B\u00e0n ph\u00edm\/Chu\u1ed9t PS\/2<br \/><\/span><\/td>\n<\/tr>\n<tr>\n<td style=\"width: 48.7555%\"><span style=\"color: #000000;font-size: 20px\">C\u00f4ng t\u1eafc\/LED<br \/><\/span><\/td>\n<td style=\"width: 48.7555%\"><span style=\"font-size: 14px\">LED\/C\u00f4ng t\u1eafc Tr\u01b0\u1edbc:<br \/>1 x C\u00f4ng t\u1eafc ngu\u1ed3n<br \/>1 x LED Ngu\u1ed3n<br \/>1 x C\u00f4ng t\u1eafc kh\u1edfi \u0111\u1ed9ng l\u1ea1i<br \/>1 x LED Truy c\u1eadp HDD<br \/><\/span><\/td>\n<\/tr>\n<tr>\n<td style=\"width: 48.7555%\"><span style=\"color: #000000;font-size: 20px\">H\u1ed7 tr\u1ee3 OS<br \/><\/span><\/td>\n<td style=\"width: 48.7555%\"><span style=\"font-size: 14px\">Please find the latest OS support from\u00a0<a style=\"margin: 0px;padding: 0px;border: 0px;font-style: inherit;font-variant: inherit;font-weight: inherit;font-size: inherit;line-height: inherit;font-family: 'Segoe UI', \u5fae\u8edf\u6b63\u9ed1\u9ad4, 'Microsoft JhengHei', Arial, \u65b0\u7d30\u660e\u9ad4;vertical-align: baseline;color: #00a8ff\" href=\"https:\/\/servers.asus.com\/support\/os\">https:\/\/servers.asus.com\/support\/os<\/a><br \/><\/span><\/td>\n<\/tr>\n<tr>\n<td style=\"width: 48.7555%\"><span style=\"color: #000000;font-size: 20px\">Gi\u1ea3i ph\u00e1p qu\u1ea3n l\u00fd<br \/><\/span><\/td>\n<td style=\"width: 48.7555%\"><span style=\"font-size: 14px\">ASUS Control Center Enterprise (T\u00f9y ch\u1ecdn)<br \/><\/span><\/td>\n<\/tr>\n<tr>\n<td style=\"width: 48.7555%\"><span style=\"color: #000000;font-size: 20px\">K\u00edch th\u01b0\u1edbc<br \/><\/span><\/td>\n<td style=\"width: 48.7555%\"><span style=\"font-size: 14px\">423mm x 190mm x 435mm<br \/>16.65&#8243; x 7.48&#8243; x 17.1&#8243;<br \/><\/span><\/td>\n<\/tr>\n<tr>\n<td style=\"width: 48.7555%\"><span style=\"color: #000000;font-size: 20px\">D\u1ea1ng thi\u1ebft k\u1ebf<br \/><\/span><\/td>\n<td style=\"width: 48.7555%\"><span style=\"font-size: 14px\">D\u1ea1ng th\u00e1p<br \/><\/span><\/td>\n<\/tr>\n<tr>\n<td style=\"width: 48.7555%\"><span style=\"color: #000000;font-size: 20px\">Ngu\u1ed3n \u0111i\u1ec7n<br \/><\/span><\/td>\n<td style=\"width: 48.7555%\"><span style=\"font-size: 14px\">B\u1ed9 ngu\u1ed3n 500W chu\u1ea9n 80PLUS Gold<br \/>D\u00f9ng cho \u0111i\u1ec7n l\u01b0\u1edbi: 100-240Vac, 7-3.5A, 50\/60Hz, Class I<br \/>B\u1ed9 ngu\u1ed3n \u0111\u01a1n 80PLUS 300W, \u0110\u1ed3ng<br \/>D\u00f9ng cho \u0111i\u1ec7n l\u01b0\u1edbi: 100-127\/220-240Vac, 6\/3A, 60-50Hz, Class I<br \/>B\u1ed9 ngu\u1ed3n 450W\/550W chu\u1ea9n 80PLUS Gold<br \/>D\u00f9ng cho \u0111i\u1ec7n l\u01b0\u1edbi: 100-240Vac,50-60 Hz,9-4.5A<br \/><\/span><\/td>\n<\/tr>\n<tr>\n<td style=\"width: 48.7555%\"><span style=\"color: #000000;font-size: 20px\">Ghi ch\u00fa<br \/><\/span><\/td>\n<td style=\"width: 48.7555%\"><span style=\"font-size: 14px\">*1<br style=\"background-color: #efefef\"><span style=\"background-color: #ffffff\">Intel\u00ae C242:<\/span><br style=\"background-color: #efefef\"><span style=\"background-color: #ffffff\">6 x c\u1ed5ng SATA 6Gb\/s v\u1edbi 2 x M.2 (NGFF 22110\/2280\/2260\/2242, c\u1ed5ng SATA m\u00e0u x\u00e1m s\u1ebd b\u1ecb v\u00f4 hi\u1ec7u h\u00f3a khi M.2 l\u00e0 t\u00edn hi\u1ec7u SATA)*<\/span><br style=\"background-color: #efefef\"><span style=\"background-color: #ffffff\">Intel\u00ae RSTe (Windows &amp; Linux)<\/span><br style=\"background-color: #efefef\"><span style=\"background-color: #ffffff\">(H\u1ed7 tr\u1ee3 ph\u1ea7n m\u1ec1m RAID 0, 1, 10 &amp; 5)<\/span><br style=\"background-color: #efefef\"><br style=\"background-color: #efefef\"><span style=\"background-color: #ffffff\">* M\u1ed9t c\u1ed5ng M.2 h\u1ed7 tr\u1ee3 c\u1ea3 hai li\u00ean k\u1ebft SATA 6Gb\/s &amp; PCI-E Gen3 x2 v\u00e0 m\u1ed9t c\u1ed5ng M.2 ch\u1ec9 h\u1ed7 tr\u1ee3 SATA 6Gb\/s.<\/span><br \/><\/span><\/td>\n<\/tr>\n<\/tbody>\n<\/table>\n<\/li>\n<li style=\"margin: 0px;padding: 0px;border: 0px;font-style: inherit;font-variant: inherit;font-weight: inherit;font-size: inherit;line-height: 20px;font-family: inherit;vertical-align: top;width: 1134.75px;background-color: transparent;overflow: hidden\">\n<div class=\"spec-data\" style=\"margin: 0px 0px 0px 243.969px;padding: 20px 20px 30px;border-width: 0px 0px 0px 1px;font-style: inherit;font-variant: inherit;font-weight: inherit;font-size: 14px;line-height: inherit;font-family: inherit;vertical-align: baseline;width: 794.312px;border-color: initial initial initial #cccccc;border-style: initial initial initial solid\"><em style=\"color: #000000;font-size: medium\">Soucre:\u00a0<a href=\"https:\/\/www.asus.com\/vn\/commercial-servers-workstations\/ts100-e10-pi4\/specifications\/\">https:\/\/www.asus.com\/vn\/commercial-servers-workstations\/ts100-e10-pi4\/specifications\/<\/a><\/em><\/div>\n<\/li>\n<\/ul><\/div>\n<\/p><\/div>","protected":false},"excerpt":{"rendered":"<p>Chassis Asus TS100-E10 &#8211; 300W Mainboard Asus TS100-E10 Intel\u00ae Rapid Storage Technology Enterprise(RSTe) (For Linux\/Windows) (Support Software RAID 10, 0, 1, 5) 1 x Intel\u00ae Xeon\u00ae E-2124 Processor 8M Cache, up to 4.30 GHz 1 x B\u1ed9 Nh\u1edb RAM DDR4 PC4-25600 Dell 8GB DDR4 1RX8 3200MHz ECC Unbuffered DIMM 1 x \u1ed4 C\u1ee9ng SSD Samsung [&#8230;]","protected":false},"featured_media":14981,"comment_status":"closed","ping_status":"closed","template":"","meta":[],"pwb-brand":[],"product_cat":[2873],"product_tag":[2841,55],"class_list":{"0":"post-14980","1":"product","2":"type-product","3":"status-publish","4":"has-post-thumbnail","6":"product_cat-asus","7":"product_tag-hdd","8":"product_tag-run","10":"first","11":"instock","12":"shipping-taxable","13":"product-type-simple"},"brands":[],"_links":{"self":[{"href":"https:\/\/serverhot.vn\/de\/wp-json\/wp\/v2\/product\/14980","targetHints":{"allow":["GET"]}}],"collection":[{"href":"https:\/\/serverhot.vn\/de\/wp-json\/wp\/v2\/product"}],"about":[{"href":"https:\/\/serverhot.vn\/de\/wp-json\/wp\/v2\/types\/product"}],"replies":[{"embeddable":true,"href":"https:\/\/serverhot.vn\/de\/wp-json\/wp\/v2\/comments?post=14980"}],"wp:featuredmedia":[{"embeddable":true,"href":"https:\/\/serverhot.vn\/de\/wp-json\/wp\/v2\/media\/14981"}],"wp:attachment":[{"href":"https:\/\/serverhot.vn\/de\/wp-json\/wp\/v2\/media?parent=14980"}],"wp:term":[{"taxonomy":"pwb-brand","embeddable":true,"href":"https:\/\/serverhot.vn\/de\/wp-json\/wp\/v2\/pwb-brand?post=14980"},{"taxonomy":"product_cat","embeddable":true,"href":"https:\/\/serverhot.vn\/de\/wp-json\/wp\/v2\/product_cat?post=14980"},{"taxonomy":"product_tag","embeddable":true,"href":"https:\/\/serverhot.vn\/de\/wp-json\/wp\/v2\/product_tag?post=14980"}],"curies":[{"name":"wp","href":"https:\/\/api.w.org\/{rel}","templated":true}]}}