{"id":15058,"date":"2025-06-03T15:31:42","date_gmt":"2025-06-03T08:31:42","guid":{"rendered":"https:\/\/serverhot.vn\/-product-\/switch-tp-link-tl-sl2428p-24-port-10-100mbps-4-port-gigabit-smart-poe-ma-san-pham-tl-sl2428p\/"},"modified":"2025-06-03T15:32:01","modified_gmt":"2025-06-03T08:32:01","slug":"switch-tp-link-tl-sl2428p-24-port-10-100mbps-4-port-gigabit-smart-poe-ma-san-pham-tl-sl2428p","status":"publish","type":"product","link":"https:\/\/serverhot.vn\/de\/-product-\/switch-tp-link-tl-sl2428p-24-port-10-100mbps-4-port-gigabit-smart-poe-ma-san-pham-tl-sl2428p\/","title":{"rendered":"Switch TP-LINK TL-SL2428P 24-Port 10\/100Mbps + 4-Port Gigabit Smart PoE+ M\u00e3 s\u1ea3n ph\u1ea9m: TL-SL2428P"},"content":{"rendered":"<div class=\"showText tabs\" id=\"tab2\">\n<div class=\"box_right_pro_view\">\n<div class=\"thongso_pro a_technical\" style=\"max-height: fit-content\">\n<p>T\u00cdNH N\u0102NG PH\u1ea6N C\u1ee8NG<\/p>\n<p>Chu\u1ea9n v\u00e0 Giao th\u1ee9c<span> <\/span>IEEE 802.3i, IEEE 802.3u, IEEE 802.3ab, IEEE802.3z, IEEE 802.3ad, IEEE 802.3x, IEEE 802.3az, IEEE 802.1d, IEEE 802.1s, IEEE 802.1w, IEEE 802.1q, IEEE 802.1x, IEEE 802.1p, IEEE 802.3af, IEEE 802.3at<\/p>\n<p>Giao di\u1ec7n<span> <\/span>\u2022 24\u00d7 10\/100Mbps RJ45 Ports (Auto Negotiation\/Auto MDI\/MDIX)<\/p>\n<p>\u2022 2\u00d7 10\/100\/1000Mbps RJ45 Ports (Auto Negotiation\/Auto MDI\/MDIX)<\/p>\n<p>\u2022 2\u00d7 Combo Gigabit Uplink RJ45\/SFP Ports<\/p>\n<p>M\u1ea1ng Media<span> <\/span>10BASE-T: UTP category 3, 4, 5 cable (maximum 100m)<\/p>\n<p>100BASE-TX\/1000Base-T: UTP category 5, 5e or above cable<\/p>\n<p>(maximum 100m)<\/p>\n<p>1000BASE-X: MMF, SMF<\/p>\n<p>S\u1ed1 l\u01b0\u1ee3ng qu\u1ea1t<span> <\/span>2<\/p>\n<p>Kh\u00f3a b\u1ea3o m\u1eadt v\u1eadt l\u00fd<span> <\/span>Yes<\/p>\n<p>PoE Budget<span> <\/span>250 W<\/p>\n<p>K\u00edch th\u01b0\u1edbc ( R x D x C )<span> <\/span>17.3\u00d77.1\u00d71.7 in.(440\u00d7180\u00d744 mm)<\/p>\n<p>L\u1eafp<span> <\/span>Rack Mountable<\/p>\n<p>Ti\u00eau th\u1ee5 \u0111i\u1ec7n t\u1ed1i \u0111a<span> <\/span>\u2022 V4.2: 286.7 W (220 V \/ 50 Hz with 250 W PD connected); 18.8 W (220 V \/ 50 Hz with no PD connected)<\/p>\n<p>\u2022 V5: 293.6 W (110 V \/ 60 Hz) (with 250 W PD connected)<\/p>\n<p>\u2022 V6: 291.6 W (110 V \/ 60 Hz) (with 250 W PD connected)<\/p>\n<p>Max Heat Dissipation<span> <\/span>\u2022 V4.2: 977.6 BTU\/h (220 V \/ 50 Hz with 250 W PD connected); 64.1 BTU\/h (with no PD connected)<\/p>\n<p>\u2022 V5: 1001.2 BTU\/hr (110 V\/60 Hz) (with 250 W PD connected)<\/p>\n<p>\u2022 V6: 995.09 BTU\/hr (110V\/60Hz) (with 250 W PD connected)<\/p>\n<p>HI\u1ec6U SU\u1ea4T<\/p>\n<p>Switching Capacity<span> <\/span>12.8 Gbps<\/p>\n<p>T\u1ed1c \u0111\u1ed9 chuy\u1ec3n g\u00f3i<span> <\/span>9.5 Mpps<\/p>\n<p>B\u1ea3ng \u0111\u1ecba ch\u1ec9 MAC<span> <\/span>8K<\/p>\n<p>Khung Jumbo<span> <\/span>9216 Bytes<\/p>\n<p>T\u00cdNH N\u0102NG PH\u1ea6N M\u1ec0M<\/p>\n<p>Ch\u1ea5t l\u01b0\u1ee3ng d\u1ecbch v\u1ee5<span> <\/span>\u2022 802.1p CoS\/ DSCP priority<\/p>\n<p>\u2022 8 priority queues<\/p>\n<p>\u2022 Priority Schedule Mode<\/p>\n<p>&#8211; SP (Strict Priority)<\/p>\n<p>&#8211; WRR (Weighted Round Robin)<\/p>\n<p>\u2022 Queue Weight Config<\/p>\n<p>\u2022 Bandwidth Control<\/p>\n<p>&#8211; Port\/Flow based Rating Limit<\/p>\n<p>\u2022 Smoother Performance<\/p>\n<p>\u2022 Actions for flows<\/p>\n<p>&#8211; Mirror(to supported interface)<\/p>\n<p>&#8211; Redirect(to supported interface)<\/p>\n<p>&#8211; Rate Limit<\/p>\n<p>&#8211; QoS Remark<\/p>\n<p>\u2022 Storm Control<\/p>\n<p>&#8211; Multiple Control Modes(kbps\/ratio\/pps)<\/p>\n<p>&#8211; Broadcast\/Multicast\/Unknown-Unicast Control<\/p>\n<p>L3 Features<span> <\/span>\u2022 16 IPv4\/IPv6 Interfaces<\/p>\n<p>\u2022 Static Routing<\/p>\n<p>&#8211; 48 static routes<\/p>\n<p>\u2022 Static ARP<\/p>\n<p>&#8211; 128 static entries<\/p>\n<p>\u2022 316 ARP Entries<\/p>\n<p>\u2022 Proxy ARP<\/p>\n<p>\u2022 Gratuitous ARP<\/p>\n<p>\u2022 DHCP Server<\/p>\n<p>\u2022 DHCP Relay<\/p>\n<p>&#8211; DHCP interface relay<\/p>\n<p>&#8211; DHCP VLAN relay<\/p>\n<p>\u2022 DHCP L2 Relay<\/p>\n<p>L2 Features<span> <\/span>\u2022 Link Aggregation<\/p>\n<p>&#8211; Static link aggregation<\/p>\n<p>&#8211; Up to 8 aggregation groups and up to 8 ports per group<\/p>\n<p>&#8211; 802.3ad LACP<\/p>\n<p>\u2022 Spanning Tree Protocol<\/p>\n<p>&#8211; 802.1D STP<\/p>\n<p>&#8211; 802.1w RSTP<\/p>\n<p>&#8211; 802.1s MSTP<\/p>\n<p>&#8211; STP Security: Loop back detection, TC Protect, BPDU Filter\/Protect, Root Protect<\/p>\n<p>\u2022 Loopback Detection<\/p>\n<p>&#8211; Port based<\/p>\n<p>&#8211; VLAN based<\/p>\n<p>\u2022 Flow Control<\/p>\n<p>&#8211; 802.3x Flow Control<\/p>\n<p>&#8211; HOL Blocking Prevention<\/p>\n<p>\u2022 Mirroring<\/p>\n<p>&#8211; Port Mirroring<\/p>\n<p>&#8211; One-to-One<\/p>\n<p>&#8211; Many-to-One<\/p>\n<p>&#8211; Tx\/Rx\/Both<\/p>\n<p>&#8211; CPU Mirroring<\/p>\n<p>L2 Multicast<span> <\/span>\u2022 Supports 511 (IPv4, IPv6) IGMP groups<\/p>\n<p>\u2022 IGMP Snooping<\/p>\n<p>&#8211; IGMP v1\/v2\/v3 Snooping<\/p>\n<p>&#8211; Fast Leave<\/p>\n<p>&#8211; IGMP Snooping Querier<\/p>\n<p>&#8211; IGMP Authentication<\/p>\n<p>\u2022 IGMP Authentication<\/p>\n<p>\u2022 MVR<\/p>\n<p>\u2022 MLD Snooping<\/p>\n<p>&#8211; MLD v1\/v2 Snooping<\/p>\n<p>&#8211; Fast Leave<\/p>\n<p>&#8211; MLD Snooping Querier<\/p>\n<p>&#8211; Static Group Config<\/p>\n<p>&#8211; Limited IP Multicast<\/p>\n<p>\u2022 Multicast Filtering: 256 profiles and 16 entries per profile<\/p>\n<p>Advanced Features<span> <\/span>\u2022 Automatic Device Discovery<\/p>\n<p>\u2022 Batch Configuration<\/p>\n<p>\u2022 Batch Firmware Upgrading<\/p>\n<p>\u2022 Intelligent Network Monitoring<\/p>\n<p>\u2022 Abnormal Event Warnings<\/p>\n<p>\u2022 Unified Configuration<\/p>\n<p>\u2022 Reboot Schedule<\/p>\n<p>IPv6 Support<span> <\/span>\u2022 IPv6 Dual IPv4\/IPv6<\/p>\n<p>\u2022 Multicast Listener Discovery(MLD) Snooping<\/p>\n<p>\u2022 IPv6 neighbor discovery (ND)<\/p>\n<p>\u2022 Path maximum transmission unit (MTU) discovery<\/p>\n<p>\u2022 Internet Control Message Protocol (ICMP) version 6<\/p>\n<p>\u2022 TCPv6\/UDPv6<\/p>\n<p>\u2022 IPv6 applications<\/p>\n<p>&#8211; DHCPv6 Client<\/p>\n<p>&#8211; Ping6<\/p>\n<p>&#8211; Tracert6<\/p>\n<p>&#8211; Telnet(v6)<\/p>\n<p>&#8211; IPv6 SNMP<\/p>\n<p>&#8211; IPv6 SSH<\/p>\n<p>&#8211; IPv6 SSL<\/p>\n<p>&#8211; Http\/Https<\/p>\n<p>&#8211; IPv6 TFTP<\/p>\n<p>VLAN<span> <\/span>\u2022 VLAN Group<\/p>\n<p>&#8211; Max 4K VLAN Groups<\/p>\n<p>\u2022 802.1Q Tagged VLAN<\/p>\n<p>\u2022 MAC VLAN: 12 Entries<\/p>\n<p>\u2022 Protocol VLAN: Protocol Template 16, Protocol VLAN 16<\/p>\n<p>\u2022 Private VLAN<\/p>\n<p>\u2022 GVRP<\/p>\n<p>\u2022 VLAN VPN (QinQ)<\/p>\n<p>&#8211; Port-Based QinQ<\/p>\n<p>&#8211; Selective QinQ<\/p>\n<p>\u2022 Voice VLAN<\/p>\n<p>Access Control List<span> <\/span>\u2022 Time-based ACL<\/p>\n<p>\u2022 MAC ACL<\/p>\n<p>&#8211; Source MAC<\/p>\n<p>&#8211; Destination MAC<\/p>\n<p>&#8211; VLAN ID<\/p>\n<p>&#8211; User Priority<\/p>\n<p>&#8211; Ether Type<\/p>\n<p>\u2022 IP ACL<\/p>\n<p>-Source IP<\/p>\n<p>&#8211; Destination IP<\/p>\n<p>&#8211; Fragment<\/p>\n<p>&#8211; IP Protocol<\/p>\n<p>&#8211; TCP Flag<\/p>\n<p>&#8211; TCP\/UDP Port<\/p>\n<p>&#8211; DSCP\/IP TOS<\/p>\n<p>&#8211; User Priority<\/p>\n<p>\u2022 Combined ACL<\/p>\n<p>\u2022 Packet Content ACL<\/p>\n<p>\u2022 IPv6 ACL<\/p>\n<p>\u2022 Policy<\/p>\n<p>&#8211; Mirroring<\/p>\n<p>&#8211; Redirect<\/p>\n<p>&#8211; Rate Limit<\/p>\n<p>&#8211; QoS Remark<\/p>\n<p>\u2022 ACL apply to Port\/VLAN<\/p>\n<p>B\u1ea3o m\u1eadt<span> <\/span>\u2022 IP-MAC-Port Binding<\/p>\n<p>&#8211; DHCP Snooping<\/p>\n<p>&#8211; ARP Inspection<\/p>\n<p>&#8211; IPv4 Source Guard<\/p>\n<p>\u2022 IPv6-MAC-Port Binding<\/p>\n<p>&#8211; DHCPv6 Snooping<\/p>\n<p>&#8211; ND Detection<\/p>\n<p>&#8211; IPv6 Source Guard<\/p>\n<p>\u2022 DoS Defend<\/p>\n<p>\u2022 Static\/Dynamic Port Security<\/p>\n<p>&#8211; Up to 64 MAC addresses per port<\/p>\n<p>\u2022 Broadcast\/Multicast\/Unicast Storm Control<\/p>\n<p>&#8211; kbps\/ratio\/pps control mode<\/p>\n<p>\u2022 IP\/Port\/MAC based access control<\/p>\n<p>\u2022 802.1X<\/p>\n<p>&#8211; Port based authentication<\/p>\n<p>&#8211; Mac based authentication<\/p>\n<p>&#8211; VLAN Assignment<\/p>\n<p>&#8211; MAB<\/p>\n<p>&#8211; Guest VLAN<\/p>\n<p>&#8211; Support Radius authentication and accountability<\/p>\n<p>\u2022 AAA (including TACACS+)<\/p>\n<p>\u2022 Port Isolation<\/p>\n<p>\u2022 Secure web management through HTTPS with SSLv3\/TLS 1.2<\/p>\n<p>\u2022 Secure Command Line Interface (CLI) management with SSHv1\/SSHv2<\/p>\n<p>IPv6<span> <\/span>\u2022 IPv6 Dual IPv4\/IPv6<\/p>\n<p>\u2022 Multicast Listener Discovery (MLD) Snooping<\/p>\n<p>\u2022 IPv6 ACL<\/p>\n<p>\u2022 IPv6 Interface<\/p>\n<p>\u2022 Static IPv6 Routing<\/p>\n<p>\u2022 IPv6 neighbor discovery (ND)<\/p>\n<p>\u2022 Path maximum transmission unit (MTU) discovery<\/p>\n<p>\u2022 Internet Control Message Protocol (ICMP) version 6<\/p>\n<p>\u2022 TCPv6\/UDPv6<\/p>\n<p>\u2022 IPv6 applications<\/p>\n<p>&#8211; DHCPv6 Client<\/p>\n<p>&#8211; Ping6<\/p>\n<p>&#8211; Tracert6<\/p>\n<p>&#8211; Telnet (v6)<\/p>\n<p>&#8211; IPv6 SNMP<\/p>\n<p>&#8211; IPv6 SSH<\/p>\n<p>&#8211; IPv6 SSL<\/p>\n<p>&#8211; Http\/Https<\/p>\n<p>&#8211; IPv6 TFTP<\/p>\n<p>MIBs<span> <\/span>\u2022 MIB II (RFC1213)<\/p>\n<p>\u2022 Interface MIB (RFC2233)<\/p>\n<p>\u2022 Ethernet Interface MIB (RFC1643)<\/p>\n<p>\u2022 Bridge MIB (RFC1493)<\/p>\n<p>\u2022 P\/Q-Bridge MIB (RFC2674)<\/p>\n<p>\u2022 RMON MIB (RFC2819)<\/p>\n<p>\u2022 RMON2 MIB (RFC2021)<\/p>\n<p>\u2022 Radius Accounting Client MIB (RFC2620)<\/p>\n<p>\u2022 Radius Authentication Client MIB (RFC2618)<\/p>\n<p>\u2022 Remote Ping, Traceroute MIB (RFC2925)<\/p>\n<p>\u2022 Support TP-Link private MIBs<\/p>\n<p>QU\u1ea2N L\u00dd<\/p>\n<p>Omada App<span> <\/span>Yes. Requiring the use of OC300, OC200, Omada Cloud-Based Controller, or Omada Software Controller.<\/p>\n<p>Centralized Management<span> <\/span>\u2022 Omada Cloud-Based Controller<\/p>\n<p>\u2022 Omada Hardware Controller (OC300)<\/p>\n<p>\u2022 Omada Hardware Controller (OC200)<\/p>\n<p>\u2022 Omada Software Controller<\/p>\n<p>Cloud Access<span> <\/span>Yes. Requiring the use of OC300, OC200, Omada Cloud-Based Controller, or Omada Software Controller.<\/p>\n<p>Zero-Touch Provisioning<span> <\/span>Yes. Requiring the use of Omada Cloud-Based Controller.<\/p>\n<p>Management Features<span> <\/span>\u2022 Web-based GUI<\/p>\n<p>\u2022 Command Line Interface (CLI) through telnet<\/p>\n<p>\u2022 SNMPv1\/v2c\/v3<\/p>\n<p>\u2022 SNMP Trap\/Inform<\/p>\n<p>\u2022 RMON (1,2,3,9 groups)<\/p>\n<p>\u2022 SDM Template<\/p>\n<p>\u2022 DHCP\/BOOTP Client<\/p>\n<p>\u2022 Dual Image, Dual Configuration<\/p>\n<p>\u2022 CPU Monitoring<\/p>\n<p>\u2022 Cable Diagnostics<\/p>\n<p>\u2022 EEE<\/p>\n<p>\u2022 SNTP<\/p>\n<p>\u2022 System Log<\/p>\n<p>KH\u00c1C<\/p>\n<p>Ch\u1ee9ng ch\u1ec9<span> <\/span>CE, FCC, RoHS<\/p>\n<p>S\u1ea3n ph\u1ea9m bao g\u1ed3m<span> <\/span>\u2022 TL-SL2428P<\/p>\n<p>\u2022 Power Cord<\/p>\n<p>\u2022 Installation Guide<\/p>\n<p>\u2022 Rackmount Kit<\/p>\n<p>\u2022 Rubber Feet<\/p>\n<p>System Requirements<span> <\/span>Microsoft\u00ae Windows\u00ae 98SE, NT, 2000, XP, Vista\u2122 or Windows 7\/8\/10\/11, MAC\u00ae OS, NetWare\u00ae, UNIX\u00ae or Linux.<\/p>\n<p>M\u00f4i tr\u01b0\u1eddng<span> <\/span>\u2022 Operating Temperature: 0\u2103~50\u2103 (32\u2109~122\u2109);<\/p>\n<p>\u2022 Storage Temperature: -40\u2103~70\u2103 (-40\u2109~158\u2109)<\/p>\n<p>\u2022 Operating Humidity: 10%~90% non-condensing<\/p>\n<p>\u2022 Storage Humidity: 5%~90% non-condensing<\/p>\n<\/p><\/div>\n<p>                            <!--                            <\/p>\n<div class=\"xemthem_id_r\">--><br \/>\n                            <!--                                <a><!--\/show\/?token=--><br \/>\n                            <!--\"--><br \/>\n                            <!--                                   class=\"preview fancybox fancybox.ajax\" rel=\"nofollow\"&gt;Xem th&#234;m th&#244;ng s&#7889; k&#7929; thu&#7853;t<\/a>--><br \/>\n                            <!--                            <\/div>\n<p>-->\n                        <\/p><\/div>\n<\/p><\/div>","protected":false},"excerpt":{"rendered":"<ul>\n<p>Features 24 PoE ports, with total PoE power budget of 250 W* and useful PoE power management features<\/p>\n<p>Integrated security strategy including 802.1Q VLAN, Port Security, and Storm control help protect LAN area investment<\/p>\n<p>L2\/L3\/L4 QoS and IGMP snooping optimize voice and video applications<\/p>\n<p>WEB\/CLI managed modes, SNMP, RMON bring abundant management features<\/p>\n<p>Dual Firmware Image improves the reliability and uptime of your network<\/p>\n<\/ul>","protected":false},"featured_media":15059,"comment_status":"closed","ping_status":"closed","template":"","meta":[],"pwb-brand":[],"product_cat":[2896],"product_tag":[25,2849],"class_list":{"0":"post-15058","1":"product","2":"type-product","3":"status-publish","4":"has-post-thumbnail","6":"product_cat-tp-link","7":"product_tag-man","8":"product_tag-switch","10":"first","11":"instock","12":"shipping-taxable","13":"product-type-simple"},"brands":[],"_links":{"self":[{"href":"https:\/\/serverhot.vn\/de\/wp-json\/wp\/v2\/product\/15058","targetHints":{"allow":["GET"]}}],"collection":[{"href":"https:\/\/serverhot.vn\/de\/wp-json\/wp\/v2\/product"}],"about":[{"href":"https:\/\/serverhot.vn\/de\/wp-json\/wp\/v2\/types\/product"}],"replies":[{"embeddable":true,"href":"https:\/\/serverhot.vn\/de\/wp-json\/wp\/v2\/comments?post=15058"}],"wp:featuredmedia":[{"embeddable":true,"href":"https:\/\/serverhot.vn\/de\/wp-json\/wp\/v2\/media\/15059"}],"wp:attachment":[{"href":"https:\/\/serverhot.vn\/de\/wp-json\/wp\/v2\/media?parent=15058"}],"wp:term":[{"taxonomy":"pwb-brand","embeddable":true,"href":"https:\/\/serverhot.vn\/de\/wp-json\/wp\/v2\/pwb-brand?post=15058"},{"taxonomy":"product_cat","embeddable":true,"href":"https:\/\/serverhot.vn\/de\/wp-json\/wp\/v2\/product_cat?post=15058"},{"taxonomy":"product_tag","embeddable":true,"href":"https:\/\/serverhot.vn\/de\/wp-json\/wp\/v2\/product_tag?post=15058"}],"curies":[{"name":"wp","href":"https:\/\/api.w.org\/{rel}","templated":true}]}}