{"id":10715,"date":"2024-06-29T10:40:21","date_gmt":"2024-06-29T03:40:21","guid":{"rendered":"https:\/\/serverhot.vn\/product\/uncategorized\/binh-acquy-long-12v7-2ah-ma-san-pham-12v7-2\/"},"modified":"2024-06-29T10:40:22","modified_gmt":"2024-06-29T03:40:22","slug":"binh-acquy-long-12v7-2ah-ma-san-pham-12v7-2","status":"publish","type":"product","link":"https:\/\/serverhot.vn\/en\/-product-\/binh-acquy-long-12v7-2ah-ma-san-pham-12v7-2\/","title":{"rendered":"B\u00ecnh Acquy Long 12v7.2AH M\u00e3 s\u1ea3n ph\u1ea9m: 12V7.2"},"content":{"rendered":"<div class=\"showText tabs\" id=\"tab2\">\n<div class=\"box_right_pro_view\">\n<div class=\"thongso_pro a_technical\" style=\"max-height: fit-content\">\n<table class=\"table\">\n<tbody>\n<tr>\n<td><strong>WP7.2-12<\/strong><\/td>\n<td colspan=\"2\"><a href=\"http:\/\/suachualuudienups.com\/product\/binh-ac-quy-long-12v7-2ah-wp7-2-12\/\">12V-7.2Ah (20HR)<\/a><\/td>\n<\/tr>\n<tr>\n<td>C\u00f4ng su\u1ea5t<\/td>\n<td colspan=\"2\">20HR (0.36A to 10.50V) 7.2Ah<br \/>10HR (0.684A to 10.50V) 6.84Ah<br \/>5HR (1.224A to 10.20V) 6.12Ah<br \/>1C (7.2A to 9.60V) 4.08Ah<br \/>3C (21.6A to 9.60V) 2.88Ah<\/td>\n<\/tr>\n<tr>\n<td>N\u1ed9i tr\u1edf\u00a0@1KHz<\/td>\n<td colspan=\"2\" rowspan=\"1\">&lt; 22m\u03a9<\/td>\n<\/tr>\n<tr>\n<td>\u0110i\u1ec7n c\u1ef1c<\/td>\n<td colspan=\"2\">F2\u00a0(Faston Tab 250)<\/td>\n<\/tr>\n<tr>\n<td>V\u1ecf &amp; N\u1eafp<\/td>\n<td colspan=\"2\">ABS\u00a0(Option: UL94 HB &amp; UL94 V-0 flame retardant)<\/td>\n<\/tr>\n<tr>\n<td>Tr\u1ecdng l\u01b0\u1ee3ng<\/td>\n<td colspan=\"2\">2.4Kg (5.28Lbs.)<\/td>\n<\/tr>\n<tr>\n<td>K\u00edch th\u01b0\u1edbc (mm)<\/td>\n<td colspan=\"2\">L151 x W65 x H94 x TH102\u00a0(\u00b11)<\/td>\n<\/tr>\n<tr>\n<td>Tu\u1ed5i th\u1ecd thi\u1ebft k\u1ebf<\/td>\n<td colspan=\"2\">05 n\u0103m<\/td>\n<\/tr>\n<tr>\n<td>B\u1ea3o h\u00e0nh<\/td>\n<td colspan=\"2\">06 \u2013 12-24 th\u00e1ng<\/td>\n<\/tr>\n<tr>\n<td>D\u00f2ng \u0111i\u1ec7n<\/td>\n<td colspan=\"2\">N\u1ea1p l\u1edbn nh\u1ea5t &lt; 2.16A | Ph\u00f3ng t\u1ed1i \u0111a 5S: 108A<\/td>\n<\/tr>\n<tr>\n<td>N\u1ea1p \u0111i\u1ec7n @25\u2103<\/td>\n<td>Cycle: 14.4-15.0V<\/td>\n<td>Standby: 13.5-13.8V (UPS)<\/td>\n<\/tr>\n<tr>\n<td>Nhi\u1ec7t \u0111\u1ed9<\/td>\n<td colspan=\"2\">-15\u2103&lt; n\u1ea1p &lt;40\u2103 |\u00a0-15\u2103&lt; ph\u00f3ng\u00a0&lt;50\u2103 |\u00a0-15\u2103&lt; l\u01b0u kho\u00a0&lt;40\u2103<\/td>\n<\/tr>\n<tr>\n<td>T\u1ef1 ph\u00f3ng \u0111i\u1ec7n<\/td>\n<td colspan=\"2\">Sau 1 th\u00e1ng c\u00f2n 92% |\u00a03 th\u00e1ng c\u00f2n 90% |\u00a06 th\u00e1ng c\u00f2n 80%<\/td>\n<\/tr>\n<tr>\n<td>T.C. Ch\u1ea5t L\u01b0\u1ee3ng<\/td>\n<td colspan=\"2\">TCVN7916:2008 | TL9000, ISO9001:2008<\/td>\n<\/tr>\n<\/tbody>\n<\/table><\/div>\n<p>                            <!--                            <\/p>\n<div class=\"xemthem_id_r\">--><br \/>\n                            <!--                                <a><!--\/show\/?token=--><br \/>\n                            <!--\"--><br \/>\n                            <!--                                   class=\"preview fancybox fancybox.ajax\" rel=\"nofollow\"&gt;Xem th&#234;m th&#244;ng s&#7889; k&#7929; thu&#7853;t<\/a>--><br \/>\n                            <!--                            <\/div>\n<p>-->\n                        <\/p><\/div>\n<\/p><\/div>","protected":false},"excerpt":{"rendered":"<ul>\n<p><span style=\"font-family: 'Open Sans', 'Lucida Grande', 'Lucida Sans Unicode', Arial, Helvetica, Verdana, sans-serif;font-size: 12px;background-color: #ffffff\">&#8211; \u0110\u00e2y l\u00e0 b\u00ecnh \u1eafc quy c\u00f3 dung l\u01b0\u1ee3ng l\u1ea7n l\u01b0\u1ee3t nh\u01b0 sau: \u0110i\u1ec7n \u00e1p danh \u0111\u1ecbnh 12V v\u00e0 d\u00f2ng \u0111i\u1ec7n l\u00e0 7.2Ah.<\/span><br style=\"font-family: 'Open Sans', 'Lucida Grande', 'Lucida Sans Unicode', Arial, Helvetica, Verdana, sans-serif;font-size: 12px;background-color: #ffffff\"><span style=\"font-family: 'Open Sans', 'Lucida Grande', 'Lucida Sans Unicode', Arial, Helvetica, Verdana, sans-serif;font-size: 12px;background-color: #ffffff\">&#8211; \u1eaec quy Long 12V7.2Ah th\u01b0\u1eddng \u0111\u01b0\u1ee3c s\u1eed d\u1ee5ng \u0111\u1ea1i \u0111a s\u1ed1 trong c\u00e1c b\u1ed9 l\u01b0u \u0111i\u1ec7n UPS, \u0111\u00e2y l\u00e0 \u1eafc quy \u0111\u01b0\u1ee3c d\u00f9ng nhi\u1ec1u nh\u1ea5t hi\u1ec7n nay. C\u00f3 th\u1ec3 s\u1eed d\u1ee5ng d\u00f9ng trong nhi\u1ec1u \u1ee9ng d\u1ee5ng c\u1ea7n ngu\u1ed3n nu\u00f4i d\u1ef1 ph\u00f2ng<\/span><br style=\"font-family: 'Open Sans', 'Lucida Grande', 'Lucida Sans Unicode', Arial, Helvetica, Verdana, sans-serif;font-size: 12px;background-color: #ffffff\"><span style=\"font-family: 'Open Sans', 'Lucida Grande', 'Lucida Sans Unicode', Arial, Helvetica, Verdana, sans-serif;font-size: 12px;background-color: #ffffff\">&#8211; S\u1ea3n ph\u1ea9m do c\u00f4ng ty \u0110\u00e0i Loan s\u1ea3n xu\u1ea5t v\u00e0 c\u00f3 tr\u1ee5 s\u1edf nh\u00e0 m\u00e1y \u0111\u1eb7t t\u1ea1i Long An Vi\u1ec7t Nam<\/span><\/p>\n<\/ul>","protected":false},"featured_media":10716,"comment_status":"closed","ping_status":"closed","template":"","meta":[],"pwb-brand":[],"product_cat":[2913],"product_tag":[],"class_list":{"0":"post-10715","1":"product","2":"type-product","3":"status-publish","4":"has-post-thumbnail","6":"product_cat-bo-luu-dien-ups","8":"first","9":"instock","10":"shipping-taxable","11":"product-type-simple"},"brands":[],"_links":{"self":[{"href":"https:\/\/serverhot.vn\/en\/wp-json\/wp\/v2\/product\/10715","targetHints":{"allow":["GET"]}}],"collection":[{"href":"https:\/\/serverhot.vn\/en\/wp-json\/wp\/v2\/product"}],"about":[{"href":"https:\/\/serverhot.vn\/en\/wp-json\/wp\/v2\/types\/product"}],"replies":[{"embeddable":true,"href":"https:\/\/serverhot.vn\/en\/wp-json\/wp\/v2\/comments?post=10715"}],"wp:featuredmedia":[{"embeddable":true,"href":"https:\/\/serverhot.vn\/en\/wp-json\/wp\/v2\/media\/10716"}],"wp:attachment":[{"href":"https:\/\/serverhot.vn\/en\/wp-json\/wp\/v2\/media?parent=10715"}],"wp:term":[{"taxonomy":"pwb-brand","embeddable":true,"href":"https:\/\/serverhot.vn\/en\/wp-json\/wp\/v2\/pwb-brand?post=10715"},{"taxonomy":"product_cat","embeddable":true,"href":"https:\/\/serverhot.vn\/en\/wp-json\/wp\/v2\/product_cat?post=10715"},{"taxonomy":"product_tag","embeddable":true,"href":"https:\/\/serverhot.vn\/en\/wp-json\/wp\/v2\/product_tag?post=10715"}],"curies":[{"name":"wp","href":"https:\/\/api.w.org\/{rel}","templated":true}]}}