{"id":10837,"date":"2024-06-29T12:48:17","date_gmt":"2024-06-29T05:48:17","guid":{"rendered":"https:\/\/serverhot.vn\/product\/uncategorized\/thiet-bi-mang-linksys-velop-mx10600-ah-tri-band-ax5300-intelligent-mesh-wifi-system-wifi-6-mu-mimo-system-2-pk-ma-san-pham-mx10600\/"},"modified":"2024-06-29T12:48:19","modified_gmt":"2024-06-29T05:48:19","slug":"thiet-bi-mang-linksys-velop-mx10600-ah-tri-band-ax5300-intelligent-mesh-wifi-system-wifi-6-mu-mimo-system-2-pk-ma-san-pham-mx10600","status":"publish","type":"product","link":"https:\/\/serverhot.vn\/en\/-product-\/thiet-bi-mang-linksys-velop-mx10600-ah-tri-band-ax5300-intelligent-mesh-wifi-system-wifi-6-mu-mimo-system-2-pk-ma-san-pham-mx10600\/","title":{"rendered":"Thi\u1ebft B\u1ecb M\u1ea1ng LINKSYS VELOP MX10600-AH TRI-BAND AX5300 INTELLIGENT MESH WIFI SYSTEM WIFI 6 MU-MIMO SYSTEM 2-PK M\u00e3 s\u1ea3n ph\u1ea9m: MX10600"},"content":{"rendered":"<div class=\"showText tabs\" id=\"tab2\">\n<div class=\"box_right_pro_view\">\n<div class=\"thongso_pro a_technical\" style=\"max-height: fit-content\">\n<table border=\"1\">\n<tbody>\n<tr>\n<td width=\"177\">S\u1ea3n ph\u1ea9m<\/td>\n<td width=\"515\">B\u00f4\u0323 m\u01a1\u0309 r\u00f4\u0323ng s\u00f3ng<\/td>\n<\/tr>\n<tr>\n<td>H\u00e3ng s\u1ea3n xu\u1ea5t<\/td>\n<td>Linksys<\/td>\n<\/tr>\n<tr>\n<td>Model<\/td>\n<td>Velop Mesh MX10600-AH AX5300 2-Pack<\/td>\n<\/tr>\n<tr>\n<td>T\u1ed1c \u0111\u1ed9 LAN<\/td>\n<td>10\/100\/1000Mbps<\/td>\n<\/tr>\n<tr>\n<td>T\u1ed1c \u0111\u1ed9 WIFI<\/td>\n<td>\u2022 T\u00f4\u0301c \u0111\u00f4\u0323 5300Mbps (2.4GHz 1147Mbps + 5GHz 2402Mbps + 5GHz 1733Mbps)<\/td>\n<\/tr>\n<tr>\n<td>Angten\u00a0<\/td>\n<td>\u2022 \u0102ng-ten ng\u1ea7m c\u00f4ng su\u00e2\u0301t cao, m\u01a1\u0309 r\u00f4\u0323ng vu\u0300ng phu\u0301 so\u0301ng t\u01a1\u0301i 180m2<\/td>\n<\/tr>\n<tr>\n<td>C\u1ed5ng giao ti\u1ebfp<\/td>\n<td>\u00a05 c\u00f4\u0309ng Giagabit Ethernet t\u01b0\u0323 \u0111\u00f4\u0323ng k\u00ea\u0301t n\u00f4\u0301i 1 WAN va\u0300 4 LAN<\/td>\n<\/tr>\n<tr>\n<td>M\u00f4 t\u1ea3 kh\u00e1c<\/td>\n<td width=\"515\">LINKSYS VELOP MX10600-AH TRI-BAND AX5300 INTELLIGENT MESH WIFI SYSTEM WIFI 6 MU-MIMO SYSTEM 2-PK<br \/>\u2022 Chu\u00e2\u0309n Wi-Fi AX m\u01a1\u0301i nh\u00e2\u0301t v\u01a1\u0301i c\u00f4ng ngh\u00ea\u0323 \u0111\u00f4\u0323t pha\u0301 MU-MIMO v\u00e0 Intelligent\u202fMesh\u2122\u202f<br \/>\u2022 T\u00f4\u0301c \u0111\u00f4\u0323 5300Mbps (2.4GHz 1147Mbps + 5GHz 2402Mbps + 5GHz 1733Mbps)<br \/>\u2022 CPU lo\u0303i t\u01b0\u0301 2.2GHz, RAM 1GB, Flash RAM 512MB<br \/>\u2022 Ph\u00e1t s\u00f3ng 3 b\u0103ng t\u1ea7n (2.4Ghz + 5Ghz + 5Ghz), ch\u1ecbu t\u1ea3i 40+ user<br \/>\u2022 C\u00f4ng ngh\u1ec7 Beamforming ph\u00e1t s\u00f3ng t\u1eadp chung<br \/>\u2022 C\u00f4ng ngh\u1ec7 Seamless Roaming chuy\u00ea\u0309n vu\u0300ng kh\u00f4ng gia\u0301n \u0111oa\u0323n<br \/>\u2022 \u0102ng-ten ng\u1ea7m c\u00f4ng su\u00e2\u0301t cao, m\u01a1\u0309 r\u00f4\u0323ng vu\u0300ng phu\u0301 so\u0301ng t\u01a1\u0301i 180m2<br \/>\u2022 H\u1ed7 tr\u1ee3 ch\u1ecdn c\u00f4ng su\u1ea5t s\u00f3ng ph\u00e1t theo khu v\u1ef1c<br \/>\u2022 Phu\u0300 h\u01a1\u0323p m\u1ecdi ki\u1ec3u d\u00e1ng nh\u00e0, d\u1ec5 d\u00e0ng m\u1edf r\u1ed9ng h\u1ec7 th\u1ed1ng<br \/>\u2022 C\u00e0i \u0111\u1eb7t v\u1edbi Linksys App d\u1ec5 d\u00e0ng tr\u00ean IOS &amp; Android<\/td>\n<\/tr>\n<\/tbody>\n<\/table><\/div>\n<p>                            <!--                            <\/p>\n<div class=\"xemthem_id_r\">--><br \/>\n                            <!--                                <a><!--\/show\/?token=--><br \/>\n                            <!--\"--><br \/>\n                            <!--                                   class=\"preview fancybox fancybox.ajax\" rel=\"nofollow\"&gt;Xem th&#234;m th&#244;ng s&#7889; k&#7929; thu&#7853;t<\/a>--><br \/>\n                            <!--                            <\/div>\n<p>-->\n                        <\/p><\/div>\n<\/p><\/div>","protected":false},"excerpt":{"rendered":"<ul>\n<ul>\n<li>C\u1ed5ng giao ti\u1ebfp: T\u00f4\u0301c \u0111\u00f4\u0323 5300Mbps (2.4GHz 1147Mbps + 5GHz 2402Mbps + 5GHz 1733Mbps)<\/li>\n<li>T\u1ed1c \u0111\u1ed9 LAN: 10\/100\/1000Mbps<\/li>\n<li>T\u1ed1c \u0111\u1ed9 WIFI: Ph\u00e1t s\u00f3ng 3 b\u0103ng t\u1ea7n (2.4Ghz + 5Ghz + 5Ghz), ch\u1ecbu t\u1ea3i 40+ user<\/li>\n<li>Angten: \u0102ng-ten ng\u1ea7m c\u00f4ng su\u00e2\u0301t cao, m\u01a1\u0309 r\u00f4\u0323ng vu\u0300ng phu\u0301 so\u0301ng t\u01a1\u0301i 180m2<\/li>\n<li>Chu\u00e2\u0309n Wi-Fi AX m\u01a1\u0301i nh\u00e2\u0301t v\u01a1\u0301i c\u00f4ng ngh\u00ea\u0323 \u0111\u00f4\u0323t pha\u0301 MU-MIMO v\u00e0 Intelligent\u202fMesh\u2122\u202f<\/li>\n<li>CPU lo\u0303i t\u01b0\u0301 2.2GHz, RAM 1GB, Flash RAM 512MB<\/li>\n<\/ul>\n<\/ul>","protected":false},"featured_media":10838,"comment_status":"closed","ping_status":"closed","template":"","meta":[],"pwb-brand":[],"product_cat":[2907],"product_tag":[],"class_list":{"0":"post-10837","1":"product","2":"type-product","3":"status-publish","4":"has-post-thumbnail","6":"product_cat-linksys","8":"first","9":"instock","10":"shipping-taxable","11":"product-type-simple"},"brands":[],"_links":{"self":[{"href":"https:\/\/serverhot.vn\/en\/wp-json\/wp\/v2\/product\/10837","targetHints":{"allow":["GET"]}}],"collection":[{"href":"https:\/\/serverhot.vn\/en\/wp-json\/wp\/v2\/product"}],"about":[{"href":"https:\/\/serverhot.vn\/en\/wp-json\/wp\/v2\/types\/product"}],"replies":[{"embeddable":true,"href":"https:\/\/serverhot.vn\/en\/wp-json\/wp\/v2\/comments?post=10837"}],"wp:featuredmedia":[{"embeddable":true,"href":"https:\/\/serverhot.vn\/en\/wp-json\/wp\/v2\/media\/10838"}],"wp:attachment":[{"href":"https:\/\/serverhot.vn\/en\/wp-json\/wp\/v2\/media?parent=10837"}],"wp:term":[{"taxonomy":"pwb-brand","embeddable":true,"href":"https:\/\/serverhot.vn\/en\/wp-json\/wp\/v2\/pwb-brand?post=10837"},{"taxonomy":"product_cat","embeddable":true,"href":"https:\/\/serverhot.vn\/en\/wp-json\/wp\/v2\/product_cat?post=10837"},{"taxonomy":"product_tag","embeddable":true,"href":"https:\/\/serverhot.vn\/en\/wp-json\/wp\/v2\/product_tag?post=10837"}],"curies":[{"name":"wp","href":"https:\/\/api.w.org\/{rel}","templated":true}]}}