{"id":10843,"date":"2024-06-29T12:48:26","date_gmt":"2024-06-29T05:48:26","guid":{"rendered":"https:\/\/serverhot.vn\/product\/uncategorized\/switch-de-ban-8-cong-2-5g-tl-sg108-m2-ma-san-pham-tl-sg108-m2\/"},"modified":"2024-06-29T12:48:27","modified_gmt":"2024-06-29T05:48:27","slug":"switch-de-ban-8-cong-2-5g-tl-sg108-m2-ma-san-pham-tl-sg108-m2","status":"publish","type":"product","link":"https:\/\/serverhot.vn\/en\/-product-\/switch-de-ban-8-cong-2-5g-tl-sg108-m2-ma-san-pham-tl-sg108-m2\/","title":{"rendered":"Switch \u0110\u1ec3 B\u00e0n 8-C\u1ed5ng 2.5G TL-SG108-M2 M\u00e3 s\u1ea3n ph\u1ea9m: TL-SG108-M2"},"content":{"rendered":"<div class=\"showText tabs\" id=\"tab2\">\n                                    <\/div>","protected":false},"excerpt":{"rendered":"<ul>\n<p><span style=\"font-size: 14px\">C\u1ed5ng :\u00a0<span style=\"background-color: #ffffff;color: #444444;text-align: justify\">8\u00d7 c\u1ed5ng 100Mbps\/1Gbps\/2.5Gbp<\/span><\/span><\/p>\n<p><span style=\"color: #444444;font-size: 14px;text-align: justify;background-color: #ffffff\">S\u1ed1 l\u01b0\u1ee3ng qu\u1ea1t :\u00a0 kh\u00f4ng qu\u1ea1t\u00a0<\/span><\/p>\n<p><span style=\"color: #444444;font-size: 14px;text-align: justify;background-color: #ffffff\">B\u1ed9 c\u1ea5p ngu\u1ed3n b\u00ean ngo\u00e0i (EU) :\u00a0<\/span><span style=\"background-color: #ffffff;color: #444444;font-size: 14px;text-align: justify\">B\u1ed9 Chuy\u1ec3n \u0110\u1ed5i Ngu\u1ed3n B\u00ean Ngo\u00e0i (\u0110\u1ea7u ra: 12 VDC \/ 1.5 A)<\/span><\/p>\n<\/ul>","protected":false},"featured_media":10844,"comment_status":"closed","ping_status":"closed","template":"","meta":[],"pwb-brand":[],"product_cat":[2896],"product_tag":[2849],"class_list":{"0":"post-10843","1":"product","2":"type-product","3":"status-publish","4":"has-post-thumbnail","6":"product_cat-tp-link","7":"product_tag-switch","9":"first","10":"instock","11":"shipping-taxable","12":"product-type-simple"},"brands":[],"_links":{"self":[{"href":"https:\/\/serverhot.vn\/en\/wp-json\/wp\/v2\/product\/10843","targetHints":{"allow":["GET"]}}],"collection":[{"href":"https:\/\/serverhot.vn\/en\/wp-json\/wp\/v2\/product"}],"about":[{"href":"https:\/\/serverhot.vn\/en\/wp-json\/wp\/v2\/types\/product"}],"replies":[{"embeddable":true,"href":"https:\/\/serverhot.vn\/en\/wp-json\/wp\/v2\/comments?post=10843"}],"wp:featuredmedia":[{"embeddable":true,"href":"https:\/\/serverhot.vn\/en\/wp-json\/wp\/v2\/media\/10844"}],"wp:attachment":[{"href":"https:\/\/serverhot.vn\/en\/wp-json\/wp\/v2\/media?parent=10843"}],"wp:term":[{"taxonomy":"pwb-brand","embeddable":true,"href":"https:\/\/serverhot.vn\/en\/wp-json\/wp\/v2\/pwb-brand?post=10843"},{"taxonomy":"product_cat","embeddable":true,"href":"https:\/\/serverhot.vn\/en\/wp-json\/wp\/v2\/product_cat?post=10843"},{"taxonomy":"product_tag","embeddable":true,"href":"https:\/\/serverhot.vn\/en\/wp-json\/wp\/v2\/product_tag?post=10843"}],"curies":[{"name":"wp","href":"https:\/\/api.w.org\/{rel}","templated":true}]}}