{"id":11149,"date":"2024-06-29T13:40:41","date_gmt":"2024-06-29T06:40:41","guid":{"rendered":"https:\/\/serverhot.vn\/product\/uncategorized\/fortigate-70f-hardware-plus-forticare-premium-and-fortiguard-unified-threat-protection-utp-fg-70f-bdl-950-12-ma-san-pham-fg-70f-bdl-950-12\/"},"modified":"2024-06-29T13:40:45","modified_gmt":"2024-06-29T06:40:45","slug":"fortigate-70f-hardware-plus-forticare-premium-and-fortiguard-unified-threat-protection-utp-fg-70f-bdl-950-12-ma-san-pham-fg-70f-bdl-950-12","status":"publish","type":"product","link":"https:\/\/serverhot.vn\/en\/-product-\/fortigate-70f-hardware-plus-forticare-premium-and-fortiguard-unified-threat-protection-utp-fg-70f-bdl-950-12-ma-san-pham-fg-70f-bdl-950-12\/","title":{"rendered":"Fortigate 70F Hardware plus FortiCare Premium and FortiGuard Unified Threat Protection (UTP) FG-70F-BDL-950-12 M\u00e3 s\u1ea3n ph\u1ea9m: FG-70F-BDL-950-12"},"content":{"rendered":"<div class=\"showText tabs\" id=\"tab2\">\n<div class=\"box_right_pro_view\">\n<div class=\"thongso_pro a_technical\" style=\"max-height: fit-content\">\n<p>\u00a0<\/p>\n<table dir=\"ltr\" border=\"1\" cellspacing=\"0\" cellpadding=\"0\" data-sheets-root=\"1\">\n<colgroup>\n<col width=\"306\">\n<col width=\"890\"><\/colgroup>\n<tbody>\n<tr>\n<td>\u00a0<\/td>\n<td data-sheets-value='{\"1\":2,\"2\":\"FortiGate 70F\/71F\"}'>FortiGate 70F\/71F<\/td>\n<\/tr>\n<tr>\n<td data-sheets-value='{\"1\":2,\"2\":\"Firewall Throughput\"}'>Firewall Throughput<\/td>\n<td data-sheets-value='{\"1\":2,\"2\":\"10 Gbps\"}'>10 Gbps<\/td>\n<\/tr>\n<tr>\n<td data-sheets-value='{\"1\":2,\"2\":\"New Sessions\/Sec.\"}'>New Sessions\/Sec.<\/td>\n<td data-sheets-value='{\"1\":3,\"3\":35}'>35<\/td>\n<\/tr>\n<tr>\n<td data-sheets-value='{\"1\":2,\"2\":\"Concurrent Sessions\"}'>Concurrent Sessions<\/td>\n<td data-sheets-value='{\"1\":2,\"2\":\"1.5 Million\"}'>1.5 Million<\/td>\n<\/tr>\n<tr>\n<td data-sheets-value='{\"1\":2,\"2\":\"VPN\"}'>VPN<\/td>\n<td data-sheets-value='{\"1\":2,\"2\":\"6.5 Gbps\"}'>6.5 Gbps<\/td>\n<\/tr>\n<tr>\n<td data-sheets-value='{\"1\":2,\"2\":\"IPS\"}'>IPS<\/td>\n<td data-sheets-value='{\"1\":2,\"2\":\"1.4 Gbps\"}'>1.4 Gbps<\/td>\n<\/tr>\n<tr>\n<td data-sheets-value='{\"1\":2,\"2\":\"NGFW\"}'>NGFW<\/td>\n<td data-sheets-value='{\"1\":2,\"2\":\"1 Gbps\"}'>1 Gbps<\/td>\n<\/tr>\n<tr>\n<td data-sheets-value='{\"1\":2,\"2\":\"Threat Protection\"}'>Threat Protection<\/td>\n<td data-sheets-value='{\"1\":2,\"2\":\"800 Mbps\"}'>800 Mbps<\/td>\n<\/tr>\n<tr>\n<td data-sheets-value='{\"1\":2,\"2\":\"Deployment Modes\"}'>Deployment Modes<\/td>\n<td data-sheets-value='{\"1\":2,\"2\":\"Next Generation FirewallnSecure SD-WAN\"}'>Next Generation Firewall<br \/>Secure SD-WAN<\/td>\n<\/tr>\n<tr>\n<td data-sheets-value='{\"1\":2,\"2\":\"Power Supply\"}'>Power Supply<\/td>\n<td data-sheets-value='{\"1\":2,\"2\":\"AC Power Adapter\"}'>AC Power Adapter<\/td>\n<\/tr>\n<tr>\n<td data-sheets-value='{\"1\":2,\"2\":\"Interfaces\"}'>Interfaces<\/td>\n<td data-sheets-value='{\"1\":2,\"2\":\"7\u00d7 GE RJ45 Internal Portsn2\u00d7 GE RJ45 WAN Portsn1\u00d7 GE RJ45 DMZ Port\"}'>7\u00d7 GE RJ45 Internal Ports<br \/>2\u00d7 GE RJ45 WAN Ports<br \/>1\u00d7 GE RJ45 DMZ Port<\/td>\n<\/tr>\n<\/tbody>\n<\/table><\/div>\n<p>                            <!--                            <\/p>\n<div class=\"xemthem_id_r\">--><br \/>\n                            <!--                                <a><!--\/show\/?token=--><br \/>\n                            <!--\"--><br \/>\n                            <!--                                   class=\"preview fancybox fancybox.ajax\" rel=\"nofollow\"&gt;Xem th&#234;m th&#244;ng s&#7889; k&#7929; thu&#7853;t<\/a>--><br \/>\n                            <!--                            <\/div>\n<p>-->\n                        <\/p><\/div>\n<\/p><\/div>","protected":false},"excerpt":{"rendered":"<ul>\n<ul>\n<li>Ports: 10 x GE RJ45 (including 7 x Internal Ports, 2 x WAN Ports, 1 x DMZ Port).<\/li>\n<li>Threat Protection Throughput: 800 Mbps<\/li>\n<li>Site-to-Site VPN Tunnels: 200<\/li>\n<li>Concurrent Sessions: 1,500,000<\/li>\n<li>Recommended: for 51-100 User Network<\/li>\n<li>1 Year Services: 24&#215;7 FortiCare &amp; FortiGuard Unified Threat Protection (UTP)<\/li>\n<\/ul>\n<\/ul>","protected":false},"featured_media":11150,"comment_status":"closed","ping_status":"closed","template":"","meta":[],"pwb-brand":[],"product_cat":[2908],"product_tag":[2856],"class_list":{"0":"post-11149","1":"product","2":"type-product","3":"status-publish","4":"has-post-thumbnail","6":"product_cat-fortinet","7":"product_tag-firewall","9":"first","10":"instock","11":"shipping-taxable","12":"product-type-simple"},"brands":[],"_links":{"self":[{"href":"https:\/\/serverhot.vn\/en\/wp-json\/wp\/v2\/product\/11149","targetHints":{"allow":["GET"]}}],"collection":[{"href":"https:\/\/serverhot.vn\/en\/wp-json\/wp\/v2\/product"}],"about":[{"href":"https:\/\/serverhot.vn\/en\/wp-json\/wp\/v2\/types\/product"}],"replies":[{"embeddable":true,"href":"https:\/\/serverhot.vn\/en\/wp-json\/wp\/v2\/comments?post=11149"}],"wp:featuredmedia":[{"embeddable":true,"href":"https:\/\/serverhot.vn\/en\/wp-json\/wp\/v2\/media\/11150"}],"wp:attachment":[{"href":"https:\/\/serverhot.vn\/en\/wp-json\/wp\/v2\/media?parent=11149"}],"wp:term":[{"taxonomy":"pwb-brand","embeddable":true,"href":"https:\/\/serverhot.vn\/en\/wp-json\/wp\/v2\/pwb-brand?post=11149"},{"taxonomy":"product_cat","embeddable":true,"href":"https:\/\/serverhot.vn\/en\/wp-json\/wp\/v2\/product_cat?post=11149"},{"taxonomy":"product_tag","embeddable":true,"href":"https:\/\/serverhot.vn\/en\/wp-json\/wp\/v2\/product_tag?post=11149"}],"curies":[{"name":"wp","href":"https:\/\/api.w.org\/{rel}","templated":true}]}}