{"id":11387,"date":"2024-06-29T14:18:04","date_gmt":"2024-06-29T07:18:04","guid":{"rendered":"https:\/\/serverhot.vn\/product\/uncategorized\/thiet-bi-mang-router-linksys-e7350-ah-max-stream-ax1800-dual-band-easy-mesh-wifi-6-mu-mimo-gigabit-ma-san-pham-e7350\/"},"modified":"2024-06-29T14:18:06","modified_gmt":"2024-06-29T07:18:06","slug":"thiet-bi-mang-router-linksys-e7350-ah-max-stream-ax1800-dual-band-easy-mesh-wifi-6-mu-mimo-gigabit-ma-san-pham-e7350","status":"publish","type":"product","link":"https:\/\/serverhot.vn\/en\/-product-\/thiet-bi-mang-router-linksys-e7350-ah-max-stream-ax1800-dual-band-easy-mesh-wifi-6-mu-mimo-gigabit-ma-san-pham-e7350\/","title":{"rendered":"Thi\u1ebft B\u1ecb M\u1ea1ng Router Linksys E7350-AH MAX-STREAM AX1800 DUAL-BAND EASY MESH WIFI 6 MU-MIMO GIGABIT M\u00e3 s\u1ea3n ph\u1ea9m: E7350"},"content":{"rendered":"<div class=\"showText tabs\" id=\"tab2\">\n<div class=\"box_right_pro_view\">\n<div class=\"thongso_pro a_technical\" style=\"max-height: fit-content\">\n<table border=\"1\">\n<tbody>\n<tr>\n<td width=\"177\">S\u1ea3n ph\u1ea9m<\/td>\n<td width=\"515\">B\u00f4\u0323 pha\u0301t wifi<\/td>\n<\/tr>\n<tr>\n<td>H\u00e3ng s\u1ea3n xu\u1ea5t<\/td>\n<td>Linksys<\/td>\n<\/tr>\n<tr>\n<td>Model<\/td>\n<td>MESH E7350-AH MAX-STREAM AX1800<\/td>\n<\/tr>\n<tr>\n<td>T\u1ed1c \u0111\u1ed9 LAN<\/td>\n<td>10\/100\/1000Mbps<\/td>\n<\/tr>\n<tr>\n<td>T\u1ed1c \u0111\u1ed9 WIFI<\/td>\n<td>Wi-Fi chu\u1ea9n AX t\u1ed1c \u0111\u1ed9 1800Mbps\u00a0<\/td>\n<\/tr>\n<tr>\n<td>Angten\u00a0<\/td>\n<td>Hai b\u0103ng t\u1ea7n ph\u00e1t s\u00f3ng \u0111\u1ed3ng th\u1eddi\u00a0 2.4GHz + 5GHz 2 anten ng\u1ea7m<\/td>\n<\/tr>\n<tr>\n<td>C\u1ed5ng giao ti\u1ebfp<\/td>\n<td>4 c\u1ed5ng LAN Gigabit (10\/100\/1000Mbps)<\/td>\n<\/tr>\n<tr>\n<td>M\u00f4 t\u1ea3 kh\u00e1c<\/td>\n<td width=\"515\">\u00a0LINKSYS E7350-AH MAX-STREAM AX1800 DUAL-BAND EASY MESH WIFI 6 MU-MIMO GIGABIT ROUTER<br \/>\u2022 Wi-Fi chu\u1ea9n AX t\u1ed1c \u0111\u1ed9 1800Mbps<br \/>\u2022 C\u00f4ng ngh\u1ec7 Wifi 6 t\u0103ng c\u01b0\u1eddng t\u1ed1c \u0111\u1ed9 truy\u1ec1n d\u1eef li\u1ec7u v\u00e0 \u0111\u1ed9 ph\u1ee7 (140m2; 20 thi\u1ebft b\u1ecb)<br \/>\u2022 Vi x\u1eed l\u00fd l\u00f5i k\u00e9p\u00a0 @880 MHz, RAM 256 MB, Flash 256 MB<br \/>\u2022 4 c\u1ed5ng LAN Gigabit (10\/100\/1000Mbps)<br \/>\u2022 Hai b\u0103ng t\u1ea7n ph\u00e1t s\u00f3ng \u0111\u1ed3ng th\u1eddi\u00a0 2.4GHz + 5GHz 2 anten ng\u1ea7m<br \/>\u2022 Thi\u1ebft l\u1eadp m\u1ea1ng ri\u00eang cho Kh\u00e1ch h\u00e0ng<br \/>\u2022 T\u00ednh n\u0103ng Parent Control \u0111\u1ec3 qu\u1ea3n l\u00fd tr\u1ebb em truy c\u1eadp web<br \/>\u2022 D\u00e0nh cho c\u0103n h\u1ed9 t\u1eeb 1 \u0111\u1ebfn 2 t\u1ea7ng, ch\u1ecbu t\u1ea3i 20 User<br \/>\u2022 H\u00e3ng s\u1ea3n xu\u1ea5t thi\u1ebft b\u1ecb m\u1ea1ng h\u00e0ng \u0111\u1ea7u th\u1ebf gi\u1edbi c\u1ee7a M\u1ef9<\/td>\n<\/tr>\n<\/tbody>\n<\/table><\/div>\n<p>                            <!--                            <\/p>\n<div class=\"xemthem_id_r\">--><br \/>\n                            <!--                                <a><!--\/show\/?token=--><br \/>\n                            <!--\"--><br \/>\n                            <!--                                   class=\"preview fancybox fancybox.ajax\" rel=\"nofollow\"&gt;Xem th&#234;m th&#244;ng s&#7889; k&#7929; thu&#7853;t<\/a>--><br \/>\n                            <!--                            <\/div>\n<p>-->\n                        <\/p><\/div>\n<\/p><\/div>","protected":false},"excerpt":{"rendered":"<ul>\n<ul>\n<li>Thi\u1ebft b\u1ecb Linksys E7350 &#8211; Dual-Band AX1800 WiFi 6 Router\u00a0<\/li>\n<li>T\u1ea7m s\u00f3ng bao ph\u1ee7 ~130m vu\u00f4ng, m\u1ee9c t\u1ea3i h\u01a1n 20 thi\u1ebft b\u1ecb, v\u00e0 T\u1ed1c \u0111\u1ed9 l\u00ean \u0111\u1ebfn 1.8Gbps<\/li>\n<li>T\u0103ng kh\u1ea3 n\u0103ng t\u1ea3i nhi\u1ec1u thi\u1ebft b\u1ecb h\u01a1n v\u1edbi c\u00f4ng ngh\u1ec7 WiFi 6<\/li>\n<li>Ethernet Ports: 1 WAN + 4 LAN, USB 3.0. 2x internal antennas<\/li>\n<li>T\u0103ng c\u01b0\u1eddng b\u1ea3o m\u1eadt h\u01a1n v\u1edbi t\u00ednh n\u0103ng Guest WiFi.<\/li>\n<\/ul>\n<\/ul>","protected":false},"featured_media":11388,"comment_status":"closed","ping_status":"closed","template":"","meta":[],"pwb-brand":[],"product_cat":[2907],"product_tag":[],"class_list":{"0":"post-11387","1":"product","2":"type-product","3":"status-publish","4":"has-post-thumbnail","6":"product_cat-linksys","8":"first","9":"instock","10":"shipping-taxable","11":"product-type-simple"},"brands":[],"_links":{"self":[{"href":"https:\/\/serverhot.vn\/en\/wp-json\/wp\/v2\/product\/11387","targetHints":{"allow":["GET"]}}],"collection":[{"href":"https:\/\/serverhot.vn\/en\/wp-json\/wp\/v2\/product"}],"about":[{"href":"https:\/\/serverhot.vn\/en\/wp-json\/wp\/v2\/types\/product"}],"replies":[{"embeddable":true,"href":"https:\/\/serverhot.vn\/en\/wp-json\/wp\/v2\/comments?post=11387"}],"wp:featuredmedia":[{"embeddable":true,"href":"https:\/\/serverhot.vn\/en\/wp-json\/wp\/v2\/media\/11388"}],"wp:attachment":[{"href":"https:\/\/serverhot.vn\/en\/wp-json\/wp\/v2\/media?parent=11387"}],"wp:term":[{"taxonomy":"pwb-brand","embeddable":true,"href":"https:\/\/serverhot.vn\/en\/wp-json\/wp\/v2\/pwb-brand?post=11387"},{"taxonomy":"product_cat","embeddable":true,"href":"https:\/\/serverhot.vn\/en\/wp-json\/wp\/v2\/product_cat?post=11387"},{"taxonomy":"product_tag","embeddable":true,"href":"https:\/\/serverhot.vn\/en\/wp-json\/wp\/v2\/product_tag?post=11387"}],"curies":[{"name":"wp","href":"https:\/\/api.w.org\/{rel}","templated":true}]}}