{"id":11423,"date":"2024-06-29T14:22:07","date_gmt":"2024-06-29T07:22:07","guid":{"rendered":"https:\/\/serverhot.vn\/product\/uncategorized\/may-tinh-ban-dell-inspiron-aio-dt-5420-42inaio540019-i5-1335u8gb-ssd-256gb-hdd-1tb-23-8-fhdwindows-11-home-office-home-and-student-2021-ma-san-pham-42inaio540019\/"},"modified":"2024-06-29T14:22:09","modified_gmt":"2024-06-29T07:22:09","slug":"may-tinh-ban-dell-inspiron-aio-dt-5420-42inaio540019-i5-1335u8gb-ssd-256gb-hdd-1tb-23-8-fhdwindows-11-home-office-home-and-student-2021-ma-san-pham-42inaio540019","status":"publish","type":"product","link":"https:\/\/serverhot.vn\/en\/-product-\/may-tinh-ban-dell-inspiron-aio-dt-5420-42inaio540019-i5-1335u8gb-ssd-256gb-hdd-1tb-23-8-fhdwindows-11-home-office-home-and-student-2021-ma-san-pham-42inaio540019\/","title":{"rendered":"M\u00e1y t\u00ednh b\u00e0n Dell Inspiron AIO DT 5420 42INAIO540019 (i5-1335U,8GB ,SSD 256GB ,HDD 1TB ,23.8 FHD,Windows 11 Home + Office Home and Student 2021) M\u00e3 s\u1ea3n ph\u1ea9m: 42INAIO540019"},"content":{"rendered":"<div class=\"showText tabs\" id=\"tab2\">\n                                    <\/div>","protected":false},"excerpt":{"rendered":"<ul>\n                            Inspiron AIO Desktops 5420- i5<br \/>\n\u2022 Processor:13th Generation Intel Core i5-1335U Processor (12MB Cache, up to 4.60 GHz)<br \/>\n\u2022 Display : 23.8-inch FHD (1920 x 1080) Anti-Glare Narrow Border Infinity Non-Touch Display<br \/>\n\u2022 Mainboard: Integrated with the Processor<br \/>\n\u2022 Ram : 8GB (1x8GB) DDR4, 3200MHz<br \/>\n\u2022 Hard Drive :256GB M.2 PCIe NVMe Solid State Drive (Boot) + 1TB 5400 rpm 2.5&#8243;&#8221; SATA Hard Drive (Storage)<br \/>\n\u2022 Graphics :Intel UHD Graphics<br \/>\n\u2022Camera: FHD, non-tilt, black<br \/>\n\u2022 Speaker: Black Cover with Black Molded Speaker Mesh<br \/>\n\u2022Optical Drive : No DVD<br \/>\n\u2022Nic: Intel(R) Wi-Fi 6E (6GHz) AX211 2&#215;2 Bluetooth 5.2 Wireless Card<br \/>\n\u2022 Dell Pro Wireless Keyboard and Mouse &#8211; KM5221W &#8211; English<br \/>\n\u2022OS: Windows 11 Home, Single Language English + Microsoft(R) Office Home and Student 2021<br \/>\n\u2022 1 year Premium Support<br \/>\n\u2022 C\/O: Malaysia                        <\/ul>","protected":false},"featured_media":0,"comment_status":"closed","ping_status":"closed","template":"","meta":[],"pwb-brand":[],"product_cat":[2886],"product_tag":[2841,2852],"class_list":{"0":"post-11423","1":"product","2":"type-product","3":"status-publish","5":"product_cat-dell-workstation","6":"product_tag-hdd","7":"product_tag-wireless","9":"first","10":"instock","11":"shipping-taxable","12":"product-type-simple"},"brands":[],"_links":{"self":[{"href":"https:\/\/serverhot.vn\/en\/wp-json\/wp\/v2\/product\/11423","targetHints":{"allow":["GET"]}}],"collection":[{"href":"https:\/\/serverhot.vn\/en\/wp-json\/wp\/v2\/product"}],"about":[{"href":"https:\/\/serverhot.vn\/en\/wp-json\/wp\/v2\/types\/product"}],"replies":[{"embeddable":true,"href":"https:\/\/serverhot.vn\/en\/wp-json\/wp\/v2\/comments?post=11423"}],"wp:attachment":[{"href":"https:\/\/serverhot.vn\/en\/wp-json\/wp\/v2\/media?parent=11423"}],"wp:term":[{"taxonomy":"pwb-brand","embeddable":true,"href":"https:\/\/serverhot.vn\/en\/wp-json\/wp\/v2\/pwb-brand?post=11423"},{"taxonomy":"product_cat","embeddable":true,"href":"https:\/\/serverhot.vn\/en\/wp-json\/wp\/v2\/product_cat?post=11423"},{"taxonomy":"product_tag","embeddable":true,"href":"https:\/\/serverhot.vn\/en\/wp-json\/wp\/v2\/product_tag?post=11423"}],"curies":[{"name":"wp","href":"https:\/\/api.w.org\/{rel}","templated":true}]}}