{"id":11590,"date":"2024-06-29T14:42:59","date_gmt":"2024-06-29T07:42:59","guid":{"rendered":"https:\/\/serverhot.vn\/product\/uncategorized\/may-in-printer-hp-color-laserjet-pro-mfp-m183fw-7kw56a-ma-san-pham-7kw56a\/"},"modified":"2024-06-29T14:43:00","modified_gmt":"2024-06-29T07:43:00","slug":"may-in-printer-hp-color-laserjet-pro-mfp-m183fw-7kw56a-ma-san-pham-7kw56a","status":"publish","type":"product","link":"https:\/\/serverhot.vn\/en\/-product-\/may-in-printer-hp-color-laserjet-pro-mfp-m183fw-7kw56a-ma-san-pham-7kw56a\/","title":{"rendered":"M\u00e1y In Printer HP Color LaserJet Pro MFP M183fw 7KW56A M\u00e3 s\u1ea3n ph\u1ea9m: 7KW56A"},"content":{"rendered":"<div class=\"showText tabs\" id=\"tab2\">\n<div class=\"box_right_pro_view\">\n<div class=\"thongso_pro a_technical\" style=\"max-height: fit-content\">\n<table border=\"1\">\n<tbody>\n<tr>\n<td>S\u1ea3n ph\u1ea9m<\/td>\n<td>HP Color LaserJet Pro MFP M183FW ( in, scan, copy, Fax ) Wireless ( 1-5 user )<\/td>\n<\/tr>\n<tr>\n<td>Model<\/td>\n<td>7KW56A<\/td>\n<\/tr>\n<tr>\n<td>Kh\u1ed5 gi\u1ea5y<\/td>\n<td>Letter, A4, A5, B5, B6, B\u01b0u thi\u1ebfp, Phong b\u00ec, &#8230;.<\/td>\n<\/tr>\n<tr>\n<td>T\u1ed1c \u0111\u1ed9 b\u00f4\u0323 x\u1eed l\u00fd<\/td>\n<td>800 MHz processor<\/td>\n<\/tr>\n<tr>\n<td>B\u00f4\u0323 nh\u01a1\u0301<\/td>\n<td>256 MB DDR, 128 MB Flash<\/td>\n<\/tr>\n<tr>\n<td>T\u1ed1c \u0111\u1ed9 in \u0111en tr\u1eafng<\/td>\n<td>L\u00ean \u0111\u1ebfn 16 trang\/ph\u00fat<\/td>\n<\/tr>\n<tr>\n<td>T\u1ed1c \u0111\u1ed9 in m\u00e0u<\/td>\n<td>L\u00ean \u0111\u1ebfn 16 trang\/ph\u00fat<\/td>\n<\/tr>\n<tr>\n<td>In trang \u0111\u1ea7u ti\u00ean<\/td>\n<td>Nhanh 11.8 gi\u00e2y<\/td>\n<\/tr>\n<tr>\n<td>M\u00e0n h\u00ecnh<\/td>\n<td>2-Line LCD<\/td>\n<\/tr>\n<tr>\n<td>\u0110\u1ed9 ph\u00e2n gi\u1ea3i<\/td>\n<td>Up to 600 x 600 dpi<\/td>\n<\/tr>\n<tr>\n<td>C\u1ed5ng giao ti\u1ebfp<\/td>\n<td>Hi-Speed USB 2.0 port<br \/>built-in Fast Ethernet 10\/100Base-TX network port<br \/>802.11n 2.4\/5GHz wireless<br \/>Fax port<\/td>\n<\/tr>\n<tr>\n<td>M\u1ef1c in<\/td>\n<td>W2310A \/ 311A \/ 312A \/ 313A ( HP 215A )<\/td>\n<\/tr>\n<tr>\n<td>Khay gi\u1ea5y<\/td>\n<td>Khay na\u0323p gi\u00e2\u0301y 150 t\u1edd. Ng\u0103n gi\u1ea5y ra 100 t\u1edd, Khay t\u1ef1 \u0111\u1ed9ng 50 t\u1edd<br \/>S\u1ed0 L\u01af\u1ee2NG TRANG \u0110\u01af\u1ee2C \u0110\u1ec0 XU\u1ea4T: t\u1eeb 150 \u0111\u1ebfn 1500 trang<br \/>CHU K\u1ef2 HO\u1ea0T \u0110\u1ed8NG (HA\u0300NG THA\u0301NG, A4): L\u00ean \u0111\u1ebfn 30.000 trang<\/td>\n<\/tr>\n<tr>\n<td>Ng\u00f4n ng\u1eef print<\/td>\n<td>HP PCL 6, HP PCL 5c, HP postscript level 3 emulation, PCLm, PDF, URF<\/td>\n<\/tr>\n<tr>\n<td>Kh\u1ea3 n\u0103ng in di \u0111\u1ed9ng<\/td>\n<td>HP ePrint; Apple AirPrint\u2122; Mobile Apps; Mopria\u2122 Certified; Wi-Fi\u00ae Direct Printing<\/td>\n<\/tr>\n<tr>\n<td>T\u1ed1c \u0111\u1ed9 scan<\/td>\n<td>Flatbed, ADF<br \/>L\u00ean \u0111\u1ebfn 14 trang\/ph\u00fat<\/td>\n<\/tr>\n<tr>\n<td>\u0110\u1ed9 ph\u00e2n gi\u1ea3i scan<\/td>\n<td>Flatbed, ADF , Up to 300 x 300 dpi (ADF), Up to 1200 x 1200 dpi (Flatbed)<\/td>\n<\/tr>\n<tr>\n<td>T\u1ed1c \u0111\u1ed9 copy<\/td>\n<td>up to 99 pages , 25% &#8211; 400%<br \/>L\u00ean \u0111\u1ebfn 16 trang\/ph\u00fat<\/td>\n<\/tr>\n<tr>\n<td>T\u1ed1c \u0111\u1ed9 Fax<\/td>\n<td>33.6 kbps (maximum), 14.4 kbps (default)<\/td>\n<\/tr>\n<tr>\n<td>H\u00ea\u0323 \u0111i\u00ea\u0300u ha\u0300nh t\u01b0\u01a1ng thi\u0301ch<\/td>\n<td>Windows OS , Fedora , Linux , Ubuntu , Mac OS , Mobile OS<\/td>\n<\/tr>\n<\/tbody>\n<\/table><\/div>\n<p>                            <!--                            <\/p>\n<div class=\"xemthem_id_r\">--><br \/>\n                            <!--                                <a><!--\/show\/?token=--><br \/>\n                            <!--\"--><br \/>\n                            <!--                                   class=\"preview fancybox fancybox.ajax\" rel=\"nofollow\"&gt;Xem th&#234;m th&#244;ng s&#7889; k&#7929; thu&#7853;t<\/a>--><br \/>\n                            <!--                            <\/div>\n<p>-->\n                        <\/p><\/div>\n<\/p><\/div>","protected":false},"excerpt":{"rendered":"<ul>\n<ul>\n<li>Lo\u1ea1i m\u00e1y in: M\u00e1y in m\u00e0u Laser da n\u0103ng (In, Sao ch\u00e9p, Qu\u00e9t, Fax )<\/li>\n<li>Kh\u1ed5 gi\u1ea5y t\u1ed1i \u0111a: Letter, A4, A5, B5, B6, B\u01b0u thi\u1ebfp, Phong b\u00ec, &#8230;.<\/li>\n<li>\u0110\u1ed9 ph\u00e2n gi\u1ea3i: Up to 600 x 600 dpi<\/li>\n<li>K\u1ebft n\u1ed1i: Wifi<\/li>\n<li>T\u1ed1c \u0111\u1ed9 in \u0111en tr\u1eafng: L\u00ean \u0111\u1ebfn 16 trang\/ph\u00fat<\/li>\n<li>T\u1ed1c \u0111\u1ed9 in m\u00e0u: L\u00ean \u0111\u1ebfn 16 trang\/ph\u00fat<\/li>\n<li>M\u1ef1c in: W2310A \/ 311A \/ 312A \/ 313A ( HP 215A )<\/li>\n<\/ul>\n<\/ul>","protected":false},"featured_media":11591,"comment_status":"closed","ping_status":"closed","template":"","meta":[],"pwb-brand":[],"product_cat":[2910],"product_tag":[2852],"class_list":{"0":"post-11590","1":"product","2":"type-product","3":"status-publish","4":"has-post-thumbnail","6":"product_cat-thiet-bi-van-phong","7":"product_tag-wireless","9":"first","10":"instock","11":"shipping-taxable","12":"product-type-simple"},"brands":[],"_links":{"self":[{"href":"https:\/\/serverhot.vn\/en\/wp-json\/wp\/v2\/product\/11590","targetHints":{"allow":["GET"]}}],"collection":[{"href":"https:\/\/serverhot.vn\/en\/wp-json\/wp\/v2\/product"}],"about":[{"href":"https:\/\/serverhot.vn\/en\/wp-json\/wp\/v2\/types\/product"}],"replies":[{"embeddable":true,"href":"https:\/\/serverhot.vn\/en\/wp-json\/wp\/v2\/comments?post=11590"}],"wp:featuredmedia":[{"embeddable":true,"href":"https:\/\/serverhot.vn\/en\/wp-json\/wp\/v2\/media\/11591"}],"wp:attachment":[{"href":"https:\/\/serverhot.vn\/en\/wp-json\/wp\/v2\/media?parent=11590"}],"wp:term":[{"taxonomy":"pwb-brand","embeddable":true,"href":"https:\/\/serverhot.vn\/en\/wp-json\/wp\/v2\/pwb-brand?post=11590"},{"taxonomy":"product_cat","embeddable":true,"href":"https:\/\/serverhot.vn\/en\/wp-json\/wp\/v2\/product_cat?post=11590"},{"taxonomy":"product_tag","embeddable":true,"href":"https:\/\/serverhot.vn\/en\/wp-json\/wp\/v2\/product_tag?post=11590"}],"curies":[{"name":"wp","href":"https:\/\/api.w.org\/{rel}","templated":true}]}}