{"id":11737,"date":"2024-06-29T15:01:02","date_gmt":"2024-06-29T08:01:02","guid":{"rendered":"https:\/\/serverhot.vn\/product\/uncategorized\/man-hinh-may-tinh-samsung-lf27t450fqexxv-27-inch-fhd-75hz-ma-san-pham-lf27t450fqexxv\/"},"modified":"2024-06-29T15:01:03","modified_gmt":"2024-06-29T08:01:03","slug":"man-hinh-may-tinh-samsung-lf27t450fqexxv-27-inch-fhd-75hz-ma-san-pham-lf27t450fqexxv","status":"publish","type":"product","link":"https:\/\/serverhot.vn\/en\/-product-\/man-hinh-may-tinh-samsung-lf27t450fqexxv-27-inch-fhd-75hz-ma-san-pham-lf27t450fqexxv\/","title":{"rendered":"M\u00e0n h\u00ecnh m\u00e1y t\u00ednh Samsung LF27T450FQEXXV 27 inch FHD 75Hz M\u00e3 s\u1ea3n ph\u1ea9m: LF27T450FQEXXV"},"content":{"rendered":"<div class=\"showText tabs\" id=\"tab2\">\n                                    <\/div>","protected":false},"excerpt":{"rendered":"<ul>\n<p><span class=\"item\">Lo\u1ea1i m\u00e0n h\u00ecnh: Ph\u1eb3ng<\/span><\/p>\n<p><span class=\"item\">T\u1ec9 l\u1ec7: 16:9<\/span><\/p>\n<p><span class=\"item\">K\u00edch th\u01b0\u1edbc: 27 inch<\/span><\/p>\n<p><span class=\"item\">T\u1ea5m n\u1ec1n: IPS<\/span><\/p>\n<p><span class=\"item hide d-block\">\u0110\u1ed9 ph\u00e2n gi\u1ea3i: Full HD (1920&#215;1080)<\/span><\/p>\n<p><span class=\"item hide d-block\">T\u1ed1c \u0111\u1ed9 l\u00e0m m\u1edbi: 75Hz<\/span><\/p>\n<p><span class=\"item hide d-block\">Th\u1eddi gian \u0111\u00e1p \u1ee9ng: 5m<\/span><span class=\"item hide d-block\">s<\/span><\/p>\n<p><span class=\"item hide d-block\">C\u1ed5ng k\u1ebft n\u1ed1i: HDMI, DisplayPort<\/span><\/p>\n<\/ul>","protected":false},"featured_media":11738,"comment_status":"closed","ping_status":"closed","template":"","meta":[],"pwb-brand":[],"product_cat":[2909],"product_tag":[],"class_list":{"0":"post-11737","1":"product","2":"type-product","3":"status-publish","4":"has-post-thumbnail","6":"product_cat-man-hinh-may-tinh","8":"first","9":"instock","10":"shipping-taxable","11":"product-type-simple"},"brands":[],"_links":{"self":[{"href":"https:\/\/serverhot.vn\/en\/wp-json\/wp\/v2\/product\/11737","targetHints":{"allow":["GET"]}}],"collection":[{"href":"https:\/\/serverhot.vn\/en\/wp-json\/wp\/v2\/product"}],"about":[{"href":"https:\/\/serverhot.vn\/en\/wp-json\/wp\/v2\/types\/product"}],"replies":[{"embeddable":true,"href":"https:\/\/serverhot.vn\/en\/wp-json\/wp\/v2\/comments?post=11737"}],"wp:featuredmedia":[{"embeddable":true,"href":"https:\/\/serverhot.vn\/en\/wp-json\/wp\/v2\/media\/11738"}],"wp:attachment":[{"href":"https:\/\/serverhot.vn\/en\/wp-json\/wp\/v2\/media?parent=11737"}],"wp:term":[{"taxonomy":"pwb-brand","embeddable":true,"href":"https:\/\/serverhot.vn\/en\/wp-json\/wp\/v2\/pwb-brand?post=11737"},{"taxonomy":"product_cat","embeddable":true,"href":"https:\/\/serverhot.vn\/en\/wp-json\/wp\/v2\/product_cat?post=11737"},{"taxonomy":"product_tag","embeddable":true,"href":"https:\/\/serverhot.vn\/en\/wp-json\/wp\/v2\/product_tag?post=11737"}],"curies":[{"name":"wp","href":"https:\/\/api.w.org\/{rel}","templated":true}]}}