{"id":11769,"date":"2024-06-29T15:05:35","date_gmt":"2024-06-29T08:05:35","guid":{"rendered":"https:\/\/serverhot.vn\/product\/uncategorized\/bo-chuyen-doi-pci-express-chuan-n-toc-do-300mbps-tp-link-tl-wn881nd-ma-san-pham-tl-wn881nd\/"},"modified":"2024-06-29T15:05:42","modified_gmt":"2024-06-29T08:05:42","slug":"bo-chuyen-doi-pci-express-chuan-n-toc-do-300mbps-tp-link-tl-wn881nd-ma-san-pham-tl-wn881nd","status":"publish","type":"product","link":"https:\/\/serverhot.vn\/en\/-product-\/bo-chuyen-doi-pci-express-chuan-n-toc-do-300mbps-tp-link-tl-wn881nd-ma-san-pham-tl-wn881nd\/","title":{"rendered":"B\u1ed9 Chuy\u1ec3n \u0110\u1ed5i PCI Express Chu\u1ea9n N T\u1ed1c \u0110\u1ed9 300Mbps TP-Link TL-WN881ND M\u00e3 s\u1ea3n ph\u1ea9m: TL-WN881ND"},"content":{"rendered":"<div class=\"showText tabs\" id=\"tab2\">\n<div class=\"box_right_pro_view\">\n<div class=\"thongso_pro a_technical\" style=\"max-height: fit-content\">\n<div class=\"title-popup\">\n<h3>Th\u00f4ng s\u1ed1 k\u1ef9 thu\u1eadt chi ti\u1ebft Card m\u1ea1ng kh\u00f4ng d\u00e2y PCI Express TP-Link TL-WN881ND Wireless N300Mbps<\/h3>\n<\/div>\n<div class=\"content-popup\">\n<div class=\"bang-tskt\">\n<table>\n<thead>\n<tr id=\"tr_603\">\n<th colspan=\"2\"><a>T\u00cdNH N\u0102NG PH\u1ea6N C\u1ee8NG<\/a><\/th>\n<\/tr>\n<\/thead>\n<tbody>\n<tr id=\"tr_694\">\n<th>Giao di\u1ec7n<\/th>\n<td>PCI Express(x1)<\/td>\n<\/tr>\n<tr id=\"tr_697\">\n<th>K\u00edch th\u01b0\u1edbc ( R x D x C )<\/th>\n<td>4.8 x 3.1 x 0.8in. (120.8 x 78.5 x 21.5mm)<\/td>\n<\/tr>\n<tr id=\"tr_1056\">\n<th>D\u1ea1ng \u0102ng ten<\/th>\n<td>Detachable Omni Directional (RP-SMA)<\/td>\n<\/tr>\n<tr id=\"tr_1057\">\n<th>\u0110\u1ed9 l\u1ee3i \u0102ng ten<\/th>\n<td>2dBi<\/td>\n<\/tr>\n<\/tbody>\n<\/table>\n<table border=\"1\">\n<thead>\n<tr id=\"tr_604\">\n<th colspan=\"2\"><a>T\u00cdNH N\u0102NG WI-FI<\/a><\/th>\n<\/tr>\n<\/thead>\n<tbody>\n<tr id=\"tr_1058\">\n<th>Chu\u1ea9n Wi-Fi<\/th>\n<td>IEEE 802.11n, IEEE 802.11g, IEEE 802.11b<\/td>\n<\/tr>\n<tr id=\"tr_698\">\n<th>B\u0103ng t\u1ea7n<\/th>\n<td>2.400-2.4835GHz<\/td>\n<\/tr>\n<tr id=\"tr_699\">\n<th>T\u1ed1c \u0111\u1ed9 t\u00edn hi\u1ec7u<\/th>\n<td>11n: Up to 300Mbps(dynamic)<br \/>11g: Up to 54Mbps(dynamic)<br \/>11b: Up to 11Mbps(dynamic)<\/td>\n<\/tr>\n<tr id=\"tr_701\">\n<th>Reception Sensitivity<\/th>\n<td>270M: -68dBm@10% PER<br \/>130M: -68dBm@10% PER<br \/>108M: -73dBm@10% PER<br \/>54M: -73dBm@10% PER<br \/>11M: -89dBm@8% PER<br \/>6M: -87dBm@10% PER<br \/>1M: -90dBm@8% PER<\/td>\n<\/tr>\n<tr id=\"tr_700\">\n<th>C\u00f4ng su\u1ea5t truy\u1ec1n t\u1ea3i<\/th>\n<td>&lt;20dBm(EIRP)<\/td>\n<\/tr>\n<tr id=\"tr_702\">\n<th>Ch\u1ebf \u0111\u1ed9 Wi-Fi<\/th>\n<td>Ad-Hoc \/ Infrastructure mode<\/td>\n<\/tr>\n<tr id=\"tr_704\">\n<th>B\u1ea3o m\u1eadt Wi-Fi<\/th>\n<td>Support 64\/128 bit WEP, WPA-PSK\/WPA2-PSK<\/td>\n<\/tr>\n<tr id=\"tr_1059\">\n<th>Modulation Technology<\/th>\n<td>DBPSK, DQPSK, CCK, OFDM, 16-QAM, 64-QAM<\/td>\n<\/tr>\n<\/tbody>\n<\/table>\n<\/div>\n<\/div><\/div>\n<p>                            <!--                            <\/p>\n<div class=\"xemthem_id_r\">--><br \/>\n                            <!--                                <a><!--\/show\/?token=--><br \/>\n                            <!--\"--><br \/>\n                            <!--                                   class=\"preview fancybox fancybox.ajax\" rel=\"nofollow\"&gt;Xem th&#234;m th&#244;ng s&#7889; k&#7929; thu&#7853;t<\/a>--><br \/>\n                            <!--                            <\/div>\n<p>-->\n                        <\/p><\/div>\n<\/p><\/div>","protected":false},"excerpt":{"rendered":"<ul>\n<p>&#8211; T\u1ed1c \u0111\u1ed9 kh\u00f4ng d\u00e2y chu\u1ea9n N l\u00ean t\u1edbi 300Mbps l\u00fd t\u01b0\u1edfng cho xem Video tr\u1ef1c tuy\u1ebfn, ch\u01a1i game tr\u1ef1c tuy\u1ebfn v\u00e0 g\u1ecdi \u0111i\u1ec7n tho\u1ea1i internet<br \/>&#8211; C\u00f4ng ngh\u1ec7 MIMO v\u1edbi kh\u1ea3 n\u0103ng xuy\u00ean th\u1ea5u t\u00edn hi\u1ec7u m\u1ea1nh m\u1ebd h\u01a1n, ph\u1ee7 s\u00f3ng kh\u00f4ng d\u00e2y r\u1ed9ng h\u01a1n, cung c\u1ea5p hi\u1ec7u su\u1ea5t t\u1ed1t h\u01a1n v\u00e0 \u1ed5n \u0111\u1ecbnh h\u01a1n<br \/>&#8211; D\u1ec5 d\u00e0ng thi\u1ebft l\u1eadp m\u1ed9t li\u00ean k\u1ebft b\u1ea3o m\u1eadt kh\u00f4ng d\u00e2y cao v\u1edbi WPS\u2122 (Wi-Fi Protected Setup)<\/p>\n<\/ul>","protected":false},"featured_media":11770,"comment_status":"closed","ping_status":"closed","template":"","meta":[],"pwb-brand":[],"product_cat":[2896],"product_tag":[2839,2852],"class_list":{"0":"post-11769","1":"product","2":"type-product","3":"status-publish","4":"has-post-thumbnail","6":"product_cat-tp-link","7":"product_tag-choi-game","8":"product_tag-wireless","10":"first","11":"instock","12":"shipping-taxable","13":"product-type-simple"},"brands":[],"_links":{"self":[{"href":"https:\/\/serverhot.vn\/en\/wp-json\/wp\/v2\/product\/11769","targetHints":{"allow":["GET"]}}],"collection":[{"href":"https:\/\/serverhot.vn\/en\/wp-json\/wp\/v2\/product"}],"about":[{"href":"https:\/\/serverhot.vn\/en\/wp-json\/wp\/v2\/types\/product"}],"replies":[{"embeddable":true,"href":"https:\/\/serverhot.vn\/en\/wp-json\/wp\/v2\/comments?post=11769"}],"wp:featuredmedia":[{"embeddable":true,"href":"https:\/\/serverhot.vn\/en\/wp-json\/wp\/v2\/media\/11770"}],"wp:attachment":[{"href":"https:\/\/serverhot.vn\/en\/wp-json\/wp\/v2\/media?parent=11769"}],"wp:term":[{"taxonomy":"pwb-brand","embeddable":true,"href":"https:\/\/serverhot.vn\/en\/wp-json\/wp\/v2\/pwb-brand?post=11769"},{"taxonomy":"product_cat","embeddable":true,"href":"https:\/\/serverhot.vn\/en\/wp-json\/wp\/v2\/product_cat?post=11769"},{"taxonomy":"product_tag","embeddable":true,"href":"https:\/\/serverhot.vn\/en\/wp-json\/wp\/v2\/product_tag?post=11769"}],"curies":[{"name":"wp","href":"https:\/\/api.w.org\/{rel}","templated":true}]}}