{"id":11771,"date":"2024-06-29T15:05:48","date_gmt":"2024-06-29T08:05:48","guid":{"rendered":"https:\/\/serverhot.vn\/product\/uncategorized\/thiet-bi-mang-router-can-bang-tai-unifi-edgerouter-lite-erlite-3-ma-san-pham-er-lite-3\/"},"modified":"2024-06-29T15:05:51","modified_gmt":"2024-06-29T08:05:51","slug":"thiet-bi-mang-router-can-bang-tai-unifi-edgerouter-lite-erlite-3-ma-san-pham-er-lite-3","status":"publish","type":"product","link":"https:\/\/serverhot.vn\/en\/-product-\/thiet-bi-mang-router-can-bang-tai-unifi-edgerouter-lite-erlite-3-ma-san-pham-er-lite-3\/","title":{"rendered":"Thi\u1ebft B\u1ecb M\u1ea1ng Router C\u00e2n B\u1eb1ng T\u1ea3i Unifi EdgeRouter Lite ERLite-3 M\u00e3 s\u1ea3n ph\u1ea9m: ER-LITE-3"},"content":{"rendered":"<div class=\"showText tabs\" id=\"tab2\">\n                                    <\/div>","protected":false},"excerpt":{"rendered":"<ul>\n<p>\u00a0Ubiquiti EdgeRouter ERLite-3 l\u00e0 thi\u1ebft b\u1ecb \u0111\u1ea7u ti\u00ean tr\u00ean th\u1ebf gi\u1edbi c\u00f3 gi\u00e1 th\u1ea5p nh\u1ea5t m\u00e0 c\u00f3 th\u1ec3 mang \u0111\u01b0\u1ee3c 1.000.000 g\u00f3i tin tr\u00ean m\u1ed9t gi\u00e2y (1.000.000 pps).<\/p>\n<p>&#8211; C\u00f3 \u0111\u1ed9 tin c\u1eady l\u00ean \u0111\u1ebfn 99.9% cho c\u00e1c \u1ee9ng d\u1ee5ng y\u00eau c\u1ea7u \u0111\u1ed9 tin c\u1eady cao.<\/p>\n<p>&#8211; \u0110\u01b0\u1ee3c qu\u1ea3n l\u00fd v\u00e0 gi\u00e1m s\u00e1t d\u1ec5 d\u00e0ng, tr\u1ef1c quan th\u00f4ng qua EdgeOS \u0111\u1ed9c quy\u1ec1n c\u1ee7a Ubiquiti Network. \u0110\u1ed3ng th\u1eddi v\u1eabn c\u00f3 th\u1ec3 qu\u1ea3n l\u00fd th\u00f4ng qua giao di\u1ec7n d\u00f2ng l\u1ec7nh Command-Line Interface (CLI).<\/p>\n<p>&#8211; C\u00f3 c\u1ea5u tr\u00fac ph\u1ea7n c\u1ee9ng m\u1ea1nh m\u1ebd v\u1edbi CPU Dual-Core 500 MHz, MIPS64 with Hardware Acceleration for Packet Processing, RAM 512 MB DDR2, b\u1ed9 nh\u1edb Flash 2 GB.<\/p>\n<p>&#8211; Ubiquiti EdgeRouter ERLite-3 l\u00e0 s\u1ef1 l\u1ef1a ch\u1ecdn th\u00edch h\u1ee3p cho c\u00e1c doanh nghi\u1ec7p, c\u00f4ng ty, kh\u00e1ch s\u1ea1n\u2026<\/p>\n<p>C\u1ea5u h\u00ecnh:\u00a0<\/p>\n<p>&#8211; CPU : Dual-Core 500 MHz, MIPS64<br \/>&#8211; RAM\u00a0 : 512 MB DDR2<br \/>&#8211; B\u1ed9 nh\u1edb l\u01b0u tr\u1eef : 2 GB<br \/>&#8211; (3) C\u1ed5ng m\u1ea1ng 1G<br \/>&#8211; (1) C\u1ed5ng Console<br \/>&#8211; 1 million+ packets per second for 64\u2011byte packets<br \/>&#8211; L\u1eafp \u0111\u1eb7t \u0111\u1ec3 b\u00e0n ho\u1eb7c treo t\u01b0\u1eddng<\/p>\n<\/ul>","protected":false},"featured_media":11772,"comment_status":"closed","ping_status":"closed","template":"","meta":[],"pwb-brand":[],"product_cat":[2901],"product_tag":[25],"class_list":{"0":"post-11771","1":"product","2":"type-product","3":"status-publish","4":"has-post-thumbnail","6":"product_cat-ubiquiti","7":"product_tag-man","9":"first","10":"instock","11":"shipping-taxable","12":"product-type-simple"},"brands":[],"_links":{"self":[{"href":"https:\/\/serverhot.vn\/en\/wp-json\/wp\/v2\/product\/11771","targetHints":{"allow":["GET"]}}],"collection":[{"href":"https:\/\/serverhot.vn\/en\/wp-json\/wp\/v2\/product"}],"about":[{"href":"https:\/\/serverhot.vn\/en\/wp-json\/wp\/v2\/types\/product"}],"replies":[{"embeddable":true,"href":"https:\/\/serverhot.vn\/en\/wp-json\/wp\/v2\/comments?post=11771"}],"wp:featuredmedia":[{"embeddable":true,"href":"https:\/\/serverhot.vn\/en\/wp-json\/wp\/v2\/media\/11772"}],"wp:attachment":[{"href":"https:\/\/serverhot.vn\/en\/wp-json\/wp\/v2\/media?parent=11771"}],"wp:term":[{"taxonomy":"pwb-brand","embeddable":true,"href":"https:\/\/serverhot.vn\/en\/wp-json\/wp\/v2\/pwb-brand?post=11771"},{"taxonomy":"product_cat","embeddable":true,"href":"https:\/\/serverhot.vn\/en\/wp-json\/wp\/v2\/product_cat?post=11771"},{"taxonomy":"product_tag","embeddable":true,"href":"https:\/\/serverhot.vn\/en\/wp-json\/wp\/v2\/product_tag?post=11771"}],"curies":[{"name":"wp","href":"https:\/\/api.w.org\/{rel}","templated":true}]}}