{"id":12334,"date":"2024-06-29T17:06:42","date_gmt":"2024-06-29T10:06:42","guid":{"rendered":"https:\/\/serverhot.vn\/product\/uncategorized\/dien-thoai-ip-yealink-sip-t42u-ma-san-pham-sip-t42u\/"},"modified":"2024-06-29T17:06:44","modified_gmt":"2024-06-29T10:06:44","slug":"dien-thoai-ip-yealink-sip-t42u-ma-san-pham-sip-t42u","status":"publish","type":"product","link":"https:\/\/serverhot.vn\/en\/-product-\/dien-thoai-ip-yealink-sip-t42u-ma-san-pham-sip-t42u\/","title":{"rendered":"\u0110i\u1ec7n Tho\u1ea1i IP Yealink SIP-T42U M\u00e3 s\u1ea3n ph\u1ea9m: SIP-T42U"},"content":{"rendered":"<div class=\"showText tabs\" id=\"tab2\">\n                                    <\/div>","protected":false},"excerpt":{"rendered":"<ul>\n<p>&#8211; M\u00e0n h\u00ecnh LCD \u0111\u1ed3 h\u1ecda 2,7 &#8220;(192 x 64px) v\u1edbi \u0111\u00e8n n\u1ec1n<\/p>\n<p>&#8211; H\u1ed7 tr\u1ee3 L\u00ean \u0111\u1ebfn 12 t\u00e0i kho\u1ea3n SIP<\/p>\n<p>&#8211; Hai c\u1ed5ng Gigabit Ethernet<\/p>\n<p>&#8211; Tai nghe USB v\u00e0 h\u1ed7 tr\u1ee3 EHS<\/p>\n<p>&#8211; Wi-Fi qua WF40 \/ WF50<\/p>\n<p>&#8211; Bluetooth qua BT40 \/ BT41<\/p>\n<\/ul>","protected":false},"featured_media":12335,"comment_status":"closed","ping_status":"closed","template":"","meta":[],"pwb-brand":[],"product_cat":[2910],"product_tag":[],"class_list":{"0":"post-12334","1":"product","2":"type-product","3":"status-publish","4":"has-post-thumbnail","6":"product_cat-thiet-bi-van-phong","8":"first","9":"instock","10":"shipping-taxable","11":"product-type-simple"},"brands":[],"_links":{"self":[{"href":"https:\/\/serverhot.vn\/en\/wp-json\/wp\/v2\/product\/12334","targetHints":{"allow":["GET"]}}],"collection":[{"href":"https:\/\/serverhot.vn\/en\/wp-json\/wp\/v2\/product"}],"about":[{"href":"https:\/\/serverhot.vn\/en\/wp-json\/wp\/v2\/types\/product"}],"replies":[{"embeddable":true,"href":"https:\/\/serverhot.vn\/en\/wp-json\/wp\/v2\/comments?post=12334"}],"wp:featuredmedia":[{"embeddable":true,"href":"https:\/\/serverhot.vn\/en\/wp-json\/wp\/v2\/media\/12335"}],"wp:attachment":[{"href":"https:\/\/serverhot.vn\/en\/wp-json\/wp\/v2\/media?parent=12334"}],"wp:term":[{"taxonomy":"pwb-brand","embeddable":true,"href":"https:\/\/serverhot.vn\/en\/wp-json\/wp\/v2\/pwb-brand?post=12334"},{"taxonomy":"product_cat","embeddable":true,"href":"https:\/\/serverhot.vn\/en\/wp-json\/wp\/v2\/product_cat?post=12334"},{"taxonomy":"product_tag","embeddable":true,"href":"https:\/\/serverhot.vn\/en\/wp-json\/wp\/v2\/product_tag?post=12334"}],"curies":[{"name":"wp","href":"https:\/\/api.w.org\/{rel}","templated":true}]}}