{"id":12338,"date":"2024-06-29T17:07:31","date_gmt":"2024-06-29T10:07:31","guid":{"rendered":"https:\/\/serverhot.vn\/product\/uncategorized\/card-man-hinh-vga-gigabyte-geforce-rtx-2060-d6-6g-gv-n2060d6-6gd-ma-san-pham-gv-n2060d6-6gd\/"},"modified":"2024-06-29T17:07:32","modified_gmt":"2024-06-29T10:07:32","slug":"card-man-hinh-vga-gigabyte-geforce-rtx-2060-d6-6g-gv-n2060d6-6gd-ma-san-pham-gv-n2060d6-6gd","status":"publish","type":"product","link":"https:\/\/serverhot.vn\/en\/-product-\/card-man-hinh-vga-gigabyte-geforce-rtx-2060-d6-6g-gv-n2060d6-6gd-ma-san-pham-gv-n2060d6-6gd\/","title":{"rendered":"Card M\u00e0n H\u00ecnh VGA GIGABYTE GeForce RTX 2060 D6 6G (GV-N2060D6-6GD) M\u00e3 s\u1ea3n ph\u1ea9m: GV-N2060D6-6GD"},"content":{"rendered":"<div class=\"showText tabs\" id=\"tab2\">\n<div class=\"box_right_pro_view\">\n<div class=\"thongso_pro a_technical\" style=\"max-height: fit-content\">\n<table border=\"1\">\n<tbody>\n<tr>\n<td>X\u1eed l\u00fd \u0111\u1ed3 h\u1ecda<\/td>\n<td>GeForce RTX \u2122 2060<\/td>\n<\/tr>\n<tr>\n<td>\u0110\u1ed3ng h\u1ed3 l\u00f5i<\/td>\n<td>1680 MHz<\/td>\n<\/tr>\n<tr>\n<td>RTX-OPS<\/td>\n<td>36<\/td>\n<\/tr>\n<tr>\n<td>M\u00e0u CUDA\u00ae<\/td>\n<td>1920<\/td>\n<\/tr>\n<tr>\n<td>\u0110\u1ed3ng h\u1ed3 ghi nh\u1edb<\/td>\n<td>14000 MHz<\/td>\n<\/tr>\n<tr>\n<td>Dung l\u01b0\u1ee3ng b\u1ed9 nh\u1edb<\/td>\n<td>6 GB<\/td>\n<\/tr>\n<tr>\n<td>Lo\u1ea1i b\u1ed9 nh\u1edb<\/td>\n<td>GDDR6<\/td>\n<\/tr>\n<tr>\n<td>Bus b\u1ed9 nh\u1edb<\/td>\n<td>192 bit<\/td>\n<\/tr>\n<tr>\n<td>B\u0103ng th\u00f4ng b\u1ed9 nh\u1edb (GB \/ gi\u00e2y)<\/td>\n<td>336 GB \/ gi\u00e2y<\/td>\n<\/tr>\n<tr>\n<td>Xe bu\u00fdt th\u1ebb<\/td>\n<td>PCI-E 3.0 x 16<\/td>\n<\/tr>\n<tr>\n<td>\u0110\u1ed9 ph\u00e2n gi\u1ea3i t\u1ed1i \u0111a k\u1ef9 thu\u1eadt s\u1ed1<\/td>\n<td>7680&#215;4320<\/td>\n<\/tr>\n<tr>\n<td>Nhi\u1ec1u ch\u1ebf \u0111\u1ed9 xem<\/td>\n<td>4<\/td>\n<\/tr>\n<tr>\n<td>K\u00edch th\u01b0\u1edbc th\u1ebb<\/td>\n<td>L = 225,65 W = 122,02 H = 40,5 mm<\/td>\n<\/tr>\n<tr>\n<td>M\u1eabu PCB<\/td>\n<td>ATX<\/td>\n<\/tr>\n<tr>\n<td>DirectX<\/td>\n<td>12<\/td>\n<\/tr>\n<tr>\n<td>OpenGL<\/td>\n<td>4.6<\/td>\n<\/tr>\n<tr>\n<td>PSU \u0111\u01b0\u1ee3c \u0111\u1ec1 xu\u1ea5t<\/td>\n<td>500W<\/td>\n<\/tr>\n<tr>\n<td>\u0110\u1ea7u n\u1ed1i ngu\u1ed3n<\/td>\n<td>8 Pin*1<\/td>\n<\/tr>\n<tr>\n<td>\u0110\u1ea7u ra<\/td>\n<td>DisplayPort 1.4 * 3<br \/>HDMI 2.0b * 1<\/td>\n<\/tr>\n<tr>\n<td>H\u1ed7 tr\u1ee3 SLI<\/td>\n<td>Kh\u00f4ng<\/td>\n<\/tr>\n<tr>\n<td>Ph\u1ee5 ki\u1ec7n<\/td>\n<td>1. H\u01b0\u1edbng d\u1eabn nhanh<br \/>2. CD tr\u00ecnh \u0111i\u1ec1u khi\u1ec3n<\/td>\n<\/tr>\n<\/tbody>\n<\/table><\/div>\n<p>                            <!--                            <\/p>\n<div class=\"xemthem_id_r\">--><br \/>\n                            <!--                                <a><!--\/show\/?token=--><br \/>\n                            <!--\"--><br \/>\n                            <!--                                   class=\"preview fancybox fancybox.ajax\" rel=\"nofollow\"&gt;Xem th&#234;m th&#244;ng s&#7889; k&#7929; thu&#7853;t<\/a>--><br \/>\n                            <!--                            <\/div>\n<p>-->\n                        <\/p><\/div>\n<\/p><\/div>","protected":false},"excerpt":{"rendered":"<ul>\n<ul>\n<li>Dung l\u01b0\u1ee3ng b\u1ed9 nh\u1edb: 6GB GDDR6<\/li>\n<li>Core Clock: 1680 MHz<\/li>\n<li>B\u0103ng th\u00f4ng: 192 bit<\/li>\n<li>K\u1ebft n\u1ed1i: DisplayPort 1.4 *3, HDMI 2.0b *1<\/li>\n<li>Ngu\u1ed3n y\u00eau c\u1ea7u: 500W<\/li>\n<\/ul>\n<\/ul>","protected":false},"featured_media":12339,"comment_status":"closed","ping_status":"closed","template":"","meta":[],"pwb-brand":[],"product_cat":[2914],"product_tag":[],"class_list":{"0":"post-12338","1":"product","2":"type-product","3":"status-publish","4":"has-post-thumbnail","6":"product_cat-vga-card-man-hinh","8":"first","9":"instock","10":"shipping-taxable","11":"product-type-simple"},"brands":[],"_links":{"self":[{"href":"https:\/\/serverhot.vn\/en\/wp-json\/wp\/v2\/product\/12338","targetHints":{"allow":["GET"]}}],"collection":[{"href":"https:\/\/serverhot.vn\/en\/wp-json\/wp\/v2\/product"}],"about":[{"href":"https:\/\/serverhot.vn\/en\/wp-json\/wp\/v2\/types\/product"}],"replies":[{"embeddable":true,"href":"https:\/\/serverhot.vn\/en\/wp-json\/wp\/v2\/comments?post=12338"}],"wp:featuredmedia":[{"embeddable":true,"href":"https:\/\/serverhot.vn\/en\/wp-json\/wp\/v2\/media\/12339"}],"wp:attachment":[{"href":"https:\/\/serverhot.vn\/en\/wp-json\/wp\/v2\/media?parent=12338"}],"wp:term":[{"taxonomy":"pwb-brand","embeddable":true,"href":"https:\/\/serverhot.vn\/en\/wp-json\/wp\/v2\/pwb-brand?post=12338"},{"taxonomy":"product_cat","embeddable":true,"href":"https:\/\/serverhot.vn\/en\/wp-json\/wp\/v2\/product_cat?post=12338"},{"taxonomy":"product_tag","embeddable":true,"href":"https:\/\/serverhot.vn\/en\/wp-json\/wp\/v2\/product_tag?post=12338"}],"curies":[{"name":"wp","href":"https:\/\/api.w.org\/{rel}","templated":true}]}}