{"id":12449,"date":"2024-06-29T17:31:38","date_gmt":"2024-06-29T10:31:38","guid":{"rendered":"https:\/\/serverhot.vn\/product\/uncategorized\/man-hinh-lcd-smart-tivi-lg-4k-49-inch-49uk7500pta-ma-san-pham-49uk7500pta\/"},"modified":"2024-06-29T17:31:39","modified_gmt":"2024-06-29T10:31:39","slug":"man-hinh-lcd-smart-tivi-lg-4k-49-inch-49uk7500pta-ma-san-pham-49uk7500pta","status":"publish","type":"product","link":"https:\/\/serverhot.vn\/en\/-product-\/man-hinh-lcd-smart-tivi-lg-4k-49-inch-49uk7500pta-ma-san-pham-49uk7500pta\/","title":{"rendered":"M\u00e0n H\u00ecnh LCD Smart Tivi LG 4K 49 inch 49UK7500PTA M\u00e3 s\u1ea3n ph\u1ea9m: 49UK7500PTA"},"content":{"rendered":"<div class=\"showText tabs\" id=\"tab2\">\n                                    <\/div>","protected":false},"excerpt":{"rendered":"<ul>\n<p>\u00a0<\/p>\n<div class=\"css-7j9rw7\"><span class=\"css-6z2lgz\">&#8211; Ki\u0301ch th\u01b0\u01a1\u0301c:\u00a0<\/span>49&#8243;<\/div>\n<div class=\"css-7j9rw7\"><span class=\"css-6z2lgz\">&#8211; \u0110\u00f4\u0323 ph\u00e2n gia\u0309i:\u00a0<\/span>3840 x 2160 \/ Ultra HD (4K)<\/div>\n<div class=\"css-7j9rw7\"><span class=\"css-6z2lgz\">&#8211; Loa\u0323i Tivi:\u00a0<\/span>Smart TV<\/div>\n<div class=\"css-7j9rw7\"><span class=\"css-6z2lgz\">&#8211; T\u00e2\u0300n s\u00f4\u0301 que\u0301t:\u00a0<\/span>50Hz<\/div>\n<div class=\"css-7j9rw7\"><span class=\"css-6z2lgz\">&#8211; H\u00ea\u0323 \u0111i\u00ea\u0300u ha\u0300nh:\u00a0<\/span>WebOS<\/div>\n<div class=\"css-7j9rw7\"><span class=\"css-6z2lgz\">&#8211; C\u00f4\u0301ng xu\u00e2\u0301t hi\u0300nh:\u00a0<\/span>4 x HDMI<\/div>\n<div class=\"css-7j9rw7\"><span class=\"css-6z2lgz\">&#8211; K\u00ea\u0301t n\u00f4\u0301i Internet:\u00a0<\/span>LAN, WiFi<\/div>\n<div class=\"css-7j9rw7\"><span class=\"css-6z2lgz\">&#8211; C\u00f4\u0309ng USB:\u00a0<\/span>2 x USB<\/div>\n<div class=\"css-7j9rw7\"><span class=\"css-6z2lgz\">&#8211; C\u00f4\u0301ng xu\u00e2\u0301t \u00e2m thanh:\u00a0<\/span>Optical, HDMI ARC<\/div>\n<div class=\"css-7j9rw7\"><span class=\"css-6z2lgz\">&#8211; Remote th\u00f4ng minh:\u00a0<\/span>C\u00f3<\/div>\n<div class=\"css-7j9rw7\"><span class=\"css-6z2lgz\">&#8211; \u0110i\u00ea\u0300u khi\u00ea\u0309n b\u0103\u0300ng \u0111i\u00ea\u0323n thoa\u0323i:\u00a0<\/span>C\u00f3<\/div>\n<div class=\"css-7j9rw7\"><span class=\"css-6z2lgz\">&#8211; K\u00ea\u0301t n\u00f4\u0301i ba\u0300n phi\u0301m, chu\u00f4\u0323t:\u00a0<\/span>C\u00f3<\/div>\n<div class=\"css-7j9rw7\"><span class=\"css-6z2lgz\">&#8211; C\u00f4ng ngh\u00ea\u0323 hi\u0300nh a\u0309nh:\u00a0<\/span>4K Active HDR, Nano Cell 2, Ultra Luminance, Nano Cell, HDR Effect, Local Dimming<\/div>\n<div class=\"css-7j9rw7\"><span class=\"css-6z2lgz\">&#8211; C\u00f4ng ngh\u00ea\u0323 \u00e2m thanh:\u00a0<\/span>DTS Virtual:X<\/div>\n<div class=\"css-7j9rw7\"><span class=\"css-6z2lgz\">&#8211; C\u00f4ng su\u00e2\u0301t loa:\u00a0<\/span>20W<\/div>\n<div class=\"css-7j9rw7\"><span class=\"css-6z2lgz\">&#8211; C\u00f4ng su\u1ea5t ti\u00eau th\u1ee5:\u00a0<\/span>150W<\/div>\n<div class=\"css-7j9rw7\"><span class=\"css-6z2lgz\">&#8211; Ch\u1ea5t li\u1ec7u:\u00a0<\/span>Vi\u1ec1n kim lo\u1ea1i, ch\u00e2n \u0111\u1ebf ph\u1ee7 kim lo\u1ea1i<\/div>\n<div class=\"css-7j9rw7\"><span class=\"css-6z2lgz\">&#8211; Ki\u0301ch th\u01b0\u01a1\u0301c co\u0301 ch\u00e2n:\u00a0<\/span>110.2 x 71.7 x 24.84 cm<\/div>\n<div class=\"css-7j9rw7\"><span class=\"css-6z2lgz\">&#8211; Kh\u00f4\u0301i l\u01b0\u01a1\u0323ng co\u0301 ch\u00e2n:\u00a0<\/span>14.5 kg<\/div>\n<div class=\"css-7j9rw7\"><span class=\"css-6z2lgz\">&#8211; Ki\u0301ch th\u01b0\u01a1\u0301c kh\u00f4ng ch\u00e2n:\u00a0<\/span>110.2 x 63.5 x 7 cm<\/div>\n<div class=\"css-7j9rw7\"><span class=\"css-6z2lgz\">&#8211; Kh\u00f4\u0301i l\u01b0\u01a1\u0323ng kh\u00f4ng ch\u00e2n:\u00a0<\/span>13 kg<\/div>\n<p>\u00a0<\/p>\n<\/ul>","protected":false},"featured_media":12450,"comment_status":"closed","ping_status":"closed","template":"","meta":[],"pwb-brand":[],"product_cat":[2909],"product_tag":[],"class_list":{"0":"post-12449","1":"product","2":"type-product","3":"status-publish","4":"has-post-thumbnail","6":"product_cat-man-hinh-may-tinh","8":"first","9":"instock","10":"shipping-taxable","11":"product-type-simple"},"brands":[],"_links":{"self":[{"href":"https:\/\/serverhot.vn\/en\/wp-json\/wp\/v2\/product\/12449","targetHints":{"allow":["GET"]}}],"collection":[{"href":"https:\/\/serverhot.vn\/en\/wp-json\/wp\/v2\/product"}],"about":[{"href":"https:\/\/serverhot.vn\/en\/wp-json\/wp\/v2\/types\/product"}],"replies":[{"embeddable":true,"href":"https:\/\/serverhot.vn\/en\/wp-json\/wp\/v2\/comments?post=12449"}],"wp:featuredmedia":[{"embeddable":true,"href":"https:\/\/serverhot.vn\/en\/wp-json\/wp\/v2\/media\/12450"}],"wp:attachment":[{"href":"https:\/\/serverhot.vn\/en\/wp-json\/wp\/v2\/media?parent=12449"}],"wp:term":[{"taxonomy":"pwb-brand","embeddable":true,"href":"https:\/\/serverhot.vn\/en\/wp-json\/wp\/v2\/pwb-brand?post=12449"},{"taxonomy":"product_cat","embeddable":true,"href":"https:\/\/serverhot.vn\/en\/wp-json\/wp\/v2\/product_cat?post=12449"},{"taxonomy":"product_tag","embeddable":true,"href":"https:\/\/serverhot.vn\/en\/wp-json\/wp\/v2\/product_tag?post=12449"}],"curies":[{"name":"wp","href":"https:\/\/api.w.org\/{rel}","templated":true}]}}