{"id":12849,"date":"2024-06-29T18:39:40","date_gmt":"2024-06-29T11:39:40","guid":{"rendered":"https:\/\/serverhot.vn\/product\/uncategorized\/microsoft-defender-for-endpoint-server-ma-san-pham-ms-def-endpoint-server\/"},"modified":"2024-06-29T18:39:45","modified_gmt":"2024-06-29T11:39:45","slug":"microsoft-defender-for-endpoint-server-ma-san-pham-ms-def-endpoint-server","status":"publish","type":"product","link":"https:\/\/serverhot.vn\/en\/-product-\/microsoft-defender-for-endpoint-server-ma-san-pham-ms-def-endpoint-server\/","title":{"rendered":"Microsoft Defender for Endpoint Server M\u00e3 s\u1ea3n ph\u1ea9m: MS-DEF-ENDPOINT-SERVER"},"content":{"rendered":"<div class=\"showText tabs\" id=\"tab2\">\n                                    <\/div>","protected":false},"excerpt":{"rendered":"<ul>\n<p><span style=\"color: #e67e23\"><strong>Microsoft Defender for Endpoint<\/strong><\/span> l\u00e0 m\u1ed9t n\u1ec1n t\u1ea3ng b\u1ea3o m\u1eadt cho c\u00e1c thi\u1ebft b\u1ecb cu\u1ed1i trong doanh nghi\u1ec7p, \u0111\u01b0\u1ee3c thi\u1ebft k\u1ebf \u0111\u1ec3 gi\u00fap m\u1ea1ng doanh nghi\u1ec7p ng\u0103n ch\u1eb7n, ph\u00e1t hi\u1ec7n, \u0111i\u1ec1u tra v\u00e0 \u0111\u1ed1i ph\u00f3 v\u1edbi c\u00e1c m\u1ed1i \u0111e d\u1ecda ti\u00ean ti\u1ebfn .<\/p>\n<p>Cung c\u1ea5p kh\u1ea3 n\u0103ng ph\u00e1t hi\u1ec7n t\u1ea5n c\u00f4ng n\u00e2ng cao v\u00e0 kh\u1ea3 n\u0103ng \u0111i\u1ec1u tra th\u00f4ng qua giao di\u1ec7n Microsoft Defender XDR.<\/p>\n<p>H\u1ed7 tr\u1ee3 cho Windows Server gi\u00fap cung c\u1ea5p c\u00e1i nh\u00ecn s\u00e2u h\u01a1n v\u1ec1 ho\u1ea1t \u0111\u1ed9ng c\u1ee7a m\u00e1y ch\u1ee7, bao g\u1ed3m ph\u00e1t hi\u1ec7n t\u1ea5n c\u00f4ng kernel v\u00e0 b\u1ed9 nh\u1edb, c\u0169ng nh\u01b0 cho ph\u00e9p th\u1ef1c hi\u1ec7n c\u00e1c h\u00e0nh \u0111\u1ed9ng ph\u1ea3n \u1ee9ng.<\/p>\n<p class=\"p\" style=\"margin: 0px auto;padding: 0px 0px 15px;font-size: 17px;line-height: 30px;background-color: #ffffff;font-family: inherit !important\">&#8212;&#8212;&#8212;&#8212;&#8212;&#8212;&#8212;&#8212;&#8212;&#8212;<\/p>\n<p style=\"margin: 0px auto;padding: 0px 0px 15px;font-size: 17px;line-height: 30px;background-color: #ffffff;font-family: inherit !important\"><span style=\"margin: 0px auto;padding: 0px;color: #e67e23;font-family: inherit !important\"><strong style=\"margin: 0px auto;padding: 0px;font-family: inherit !important\">Si\u00eau Th\u1ecb M\u00e1y Ch\u1ee7<\/strong>\u00a0<\/span>&#8211; S\u1ef1 l\u1ef1a ch\u1ecdn t\u1ed1t nh\u1ea5t v\u1edbi chi ph\u00ed h\u1ee3p l\u00fd, s\u1ea3n ph\u1ea9m \u0111\u00e1ng tin c\u1eady, ph\u1ee5c v\u1ee5 chuy\u00ean nghi\u1ec7p!<br style=\"margin: 0px auto;padding: 0px;font-family: inherit !important\">\u2713 Website:\u00a0<span style=\"margin: 0px auto;padding: 0px;color: #e67e23;font-family: inherit !important\">www.sieuthimaychu.vn<\/span><br style=\"margin: 0px auto;padding: 0px;font-family: inherit !important\">\u2713 Hotline: \u200e\u200e\u200e<strong style=\"margin: 0px auto;padding: 0px;font-family: inherit !important\">1900 633 326<\/strong><\/p>\n<div style=\"margin: 0px auto;padding: 10px;font-family: 'Open Sans', Arial, sans-serif;font-size: 17px;background-color: #ffffff;border: 1px dashed orange;border-radius: 10px\">Li\u00ean h\u1ec7 B\u1ed9 ph\u1eadn Kinh doanh \u0111\u1ec3 nh\u1eadn \u0111\u01b0\u1ee3c gi\u00e1 t\u1ed1t nh\u1ea5t:<br style=\"margin: 0px auto;padding: 0px;font-family: inherit !important\">\u2713 TP HCM:<span style=\"margin: 0px auto;padding: 0px;color: #e67e23;font-family: inherit !important\">\u00a0<a style=\"margin: 0px auto;padding: 0px;color: #e67e23;font-family: inherit !important\" href=\"tel:02873073776\">(028) 7307 3776<\/a>\u00a0<\/span><br style=\"margin: 0px auto;padding: 0px;font-family: inherit !important\">\u2713 H\u00e0 N\u1ed9i:<span style=\"margin: 0px auto;padding: 0px;color: #e67e23;font-family: inherit !important\">\u00a0<a style=\"margin: 0px auto;padding: 0px;color: #e67e23;font-family: inherit !important\" href=\"tel:02473073776\">(024) 7307 3776<\/a><\/span><br style=\"margin: 0px auto;padding: 0px;font-family: inherit !important\"><span style=\"margin: 0px auto;padding: 0px;color: #e67e23;font-family: inherit !important\">Si\u00eau Th\u1ecb M\u00e1y Ch\u1ee7\u00a0<\/span>&#8211; S\u1ef1 l\u1ef1a ch\u1ecdn t\u1ed1t nh\u1ea5t v\u1ec1 Server v\u1edbi chi ph\u00ed h\u1ee3p l\u00fd, s\u1ea3n ph\u1ea9m \u0111\u00e1ng tin c\u1eady, ph\u1ee5c v\u1ee5 chuy\u00ean nghi\u1ec7p!<\/div>\n<\/ul>","protected":false},"featured_media":12850,"comment_status":"closed","ping_status":"closed","template":"","meta":[],"pwb-brand":[],"product_cat":[2917],"product_tag":[],"class_list":{"0":"post-12849","1":"product","2":"type-product","3":"status-publish","4":"has-post-thumbnail","6":"product_cat-microsoft","8":"first","9":"instock","10":"shipping-taxable","11":"product-type-simple"},"brands":[],"_links":{"self":[{"href":"https:\/\/serverhot.vn\/en\/wp-json\/wp\/v2\/product\/12849","targetHints":{"allow":["GET"]}}],"collection":[{"href":"https:\/\/serverhot.vn\/en\/wp-json\/wp\/v2\/product"}],"about":[{"href":"https:\/\/serverhot.vn\/en\/wp-json\/wp\/v2\/types\/product"}],"replies":[{"embeddable":true,"href":"https:\/\/serverhot.vn\/en\/wp-json\/wp\/v2\/comments?post=12849"}],"wp:featuredmedia":[{"embeddable":true,"href":"https:\/\/serverhot.vn\/en\/wp-json\/wp\/v2\/media\/12850"}],"wp:attachment":[{"href":"https:\/\/serverhot.vn\/en\/wp-json\/wp\/v2\/media?parent=12849"}],"wp:term":[{"taxonomy":"pwb-brand","embeddable":true,"href":"https:\/\/serverhot.vn\/en\/wp-json\/wp\/v2\/pwb-brand?post=12849"},{"taxonomy":"product_cat","embeddable":true,"href":"https:\/\/serverhot.vn\/en\/wp-json\/wp\/v2\/product_cat?post=12849"},{"taxonomy":"product_tag","embeddable":true,"href":"https:\/\/serverhot.vn\/en\/wp-json\/wp\/v2\/product_tag?post=12849"}],"curies":[{"name":"wp","href":"https:\/\/api.w.org\/{rel}","templated":true}]}}