{"id":12987,"date":"2024-06-29T18:58:07","date_gmt":"2024-06-29T11:58:07","guid":{"rendered":"https:\/\/serverhot.vn\/product\/uncategorized\/microsoft-entra-id-p1-ma-san-pham-ms-entra-p1\/"},"modified":"2024-06-29T18:58:16","modified_gmt":"2024-06-29T11:58:16","slug":"microsoft-entra-id-p1-ma-san-pham-ms-entra-p1","status":"publish","type":"product","link":"https:\/\/serverhot.vn\/en\/-product-\/microsoft-entra-id-p1-ma-san-pham-ms-entra-p1\/","title":{"rendered":"Microsoft Entra ID P1 M\u00e3 s\u1ea3n ph\u1ea9m: MS-ENTRA-P1"},"content":{"rendered":"<div class=\"showText tabs\" id=\"tab2\">\n                                    <\/div>","protected":false},"excerpt":{"rendered":"<ul>\n<p><span style=\"font-size: 14px\">Microsoft Entra ID P1 (tr\u01b0\u1edbc \u0111\u00e2y l\u00e0 Azure Active Directory P1) l\u00e0 m\u1ed9t ph\u1ea7n c\u1ee7a n\u1ec1n t\u1ea3ng b\u1ea3o m\u1eadt \u0111i\u1ec3m cu\u1ed1i c\u1ee7a Microsoft. Phi\u00ean b\u1ea3n n\u00e0y cung c\u1ea5p c\u00e1c ch\u1ee9c n\u0103ng qu\u1ea3n l\u00fd danh t\u00ednh v\u00e0 quy\u1ec1n truy c\u1eadp an to\u00e0n. <\/span><br \/><span style=\"font-size: 14px\">&#8211; Ti\u1ec7n \u00edch t\u00edch h\u1ee3p \u1ee9ng d\u1ee5ng v\u00e0 \u0111\u0103ng nh\u1eadp m\u1ed9t l\u1ea7n (SSO)<\/span><br \/><span style=\"font-size: 14px\">&#8211; Quy\u1ec1n truy nh\u00e2\u0323p co\u0301 \u0111i\u00ea\u0300u ki\u00ea\u0323n<\/span><br \/><span style=\"font-size: 14px\">&#8211; Tr\u1ea3i nghi\u1ec7m ng\u01b0\u1eddi d\u00f9ng li\u1ec1n m\u1ea1ch<\/span><br \/><span style=\"font-size: 14px\">&#8211; Qu\u1ea3n l\u00fd danh t\u00ednh h\u1ee3p nh\u1ea5t<\/span><\/p>\n<\/ul>","protected":false},"featured_media":12988,"comment_status":"closed","ping_status":"closed","template":"","meta":[],"pwb-brand":[],"product_cat":[2917],"product_tag":[],"class_list":{"0":"post-12987","1":"product","2":"type-product","3":"status-publish","4":"has-post-thumbnail","6":"product_cat-microsoft","8":"first","9":"instock","10":"shipping-taxable","11":"product-type-simple"},"brands":[],"_links":{"self":[{"href":"https:\/\/serverhot.vn\/en\/wp-json\/wp\/v2\/product\/12987","targetHints":{"allow":["GET"]}}],"collection":[{"href":"https:\/\/serverhot.vn\/en\/wp-json\/wp\/v2\/product"}],"about":[{"href":"https:\/\/serverhot.vn\/en\/wp-json\/wp\/v2\/types\/product"}],"replies":[{"embeddable":true,"href":"https:\/\/serverhot.vn\/en\/wp-json\/wp\/v2\/comments?post=12987"}],"wp:featuredmedia":[{"embeddable":true,"href":"https:\/\/serverhot.vn\/en\/wp-json\/wp\/v2\/media\/12988"}],"wp:attachment":[{"href":"https:\/\/serverhot.vn\/en\/wp-json\/wp\/v2\/media?parent=12987"}],"wp:term":[{"taxonomy":"pwb-brand","embeddable":true,"href":"https:\/\/serverhot.vn\/en\/wp-json\/wp\/v2\/pwb-brand?post=12987"},{"taxonomy":"product_cat","embeddable":true,"href":"https:\/\/serverhot.vn\/en\/wp-json\/wp\/v2\/product_cat?post=12987"},{"taxonomy":"product_tag","embeddable":true,"href":"https:\/\/serverhot.vn\/en\/wp-json\/wp\/v2\/product_tag?post=12987"}],"curies":[{"name":"wp","href":"https:\/\/api.w.org\/{rel}","templated":true}]}}