{"id":13019,"date":"2024-06-29T19:01:54","date_gmt":"2024-06-29T12:01:54","guid":{"rendered":"https:\/\/serverhot.vn\/product\/uncategorized\/microsoft-project-online-essentials-ma-san-pham-ms-project-essentials\/"},"modified":"2024-06-29T19:01:59","modified_gmt":"2024-06-29T12:01:59","slug":"microsoft-project-online-essentials-ma-san-pham-ms-project-essentials","status":"publish","type":"product","link":"https:\/\/serverhot.vn\/en\/-product-\/microsoft-project-online-essentials-ma-san-pham-ms-project-essentials\/","title":{"rendered":"Microsoft Project Online Essentials M\u00e3 s\u1ea3n ph\u1ea9m: MS-PROJECT-ESSENTIALS"},"content":{"rendered":"<div class=\"showText tabs\" id=\"tab2\">\n                                    <\/div>","protected":false},"excerpt":{"rendered":"<ul>\n<p><span style=\"font-size: 14px\">Microsoft Project Online Essentials l\u00e0 m\u1ed9t phi\u00ean b\u1ea3n d\u00e0nh cho th\u00e0nh vi\u00ean nh\u00f3m (team member) trong d\u1ef1 \u00e1n, \u0111\u01b0\u1ee3c t\u00edch h\u1ee3p trong c\u00e1c g\u00f3i \u0111\u0103ng k\u00fd Microsoft 365. Phi\u00ean b\u1ea3n n\u00e0y cho ph\u00e9p ng\u01b0\u1eddi d\u00f9ng th\u1ef1c hi\u1ec7n c\u1eadp nh\u1eadt c\u00f4ng vi\u1ec7c v\u00e0 th\u1eddi gian cho c\u00e1c d\u1ef1 \u00e1n \u0111\u01b0\u1ee3c qu\u1ea3n l\u00fd trong Project Online. Tuy nhi\u00ean, Project Online Essentials kh\u00f4ng bao g\u1ed3m Project for the web<\/span><\/p>\n<\/ul>","protected":false},"featured_media":13020,"comment_status":"closed","ping_status":"closed","template":"","meta":[],"pwb-brand":[],"product_cat":[2917],"product_tag":[],"class_list":{"0":"post-13019","1":"product","2":"type-product","3":"status-publish","4":"has-post-thumbnail","6":"product_cat-microsoft","8":"first","9":"instock","10":"shipping-taxable","11":"product-type-simple"},"brands":[],"_links":{"self":[{"href":"https:\/\/serverhot.vn\/en\/wp-json\/wp\/v2\/product\/13019","targetHints":{"allow":["GET"]}}],"collection":[{"href":"https:\/\/serverhot.vn\/en\/wp-json\/wp\/v2\/product"}],"about":[{"href":"https:\/\/serverhot.vn\/en\/wp-json\/wp\/v2\/types\/product"}],"replies":[{"embeddable":true,"href":"https:\/\/serverhot.vn\/en\/wp-json\/wp\/v2\/comments?post=13019"}],"wp:featuredmedia":[{"embeddable":true,"href":"https:\/\/serverhot.vn\/en\/wp-json\/wp\/v2\/media\/13020"}],"wp:attachment":[{"href":"https:\/\/serverhot.vn\/en\/wp-json\/wp\/v2\/media?parent=13019"}],"wp:term":[{"taxonomy":"pwb-brand","embeddable":true,"href":"https:\/\/serverhot.vn\/en\/wp-json\/wp\/v2\/pwb-brand?post=13019"},{"taxonomy":"product_cat","embeddable":true,"href":"https:\/\/serverhot.vn\/en\/wp-json\/wp\/v2\/product_cat?post=13019"},{"taxonomy":"product_tag","embeddable":true,"href":"https:\/\/serverhot.vn\/en\/wp-json\/wp\/v2\/product_tag?post=13019"}],"curies":[{"name":"wp","href":"https:\/\/api.w.org\/{rel}","templated":true}]}}