{"id":13229,"date":"2024-06-29T19:28:05","date_gmt":"2024-06-29T12:28:05","guid":{"rendered":"https:\/\/serverhot.vn\/product\/uncategorized\/man-hinh-lcd-gaming-asus-vg258qr-25-165hz0-5ms-g-sync-compatible-full-hd-2-loa-ma-san-pham-vg258qr\/"},"modified":"2024-06-29T19:28:08","modified_gmt":"2024-06-29T12:28:08","slug":"man-hinh-lcd-gaming-asus-vg258qr-25-165hz0-5ms-g-sync-compatible-full-hd-2-loa-ma-san-pham-vg258qr","status":"publish","type":"product","link":"https:\/\/serverhot.vn\/en\/-product-\/man-hinh-lcd-gaming-asus-vg258qr-25-165hz0-5ms-g-sync-compatible-full-hd-2-loa-ma-san-pham-vg258qr\/","title":{"rendered":"M\u00e0n H\u00ecnh LCD Gaming ASUS VG258QR 25&#8243; 165Hz0.5ms G-SYNC Compatible Full HD 2 Loa M\u00e3 s\u1ea3n ph\u1ea9m: VG258QR"},"content":{"rendered":"<div class=\"showText tabs\" id=\"tab2\">\n                                    <\/div>","protected":false},"excerpt":{"rendered":"<ul>\n<h1 class=\"product-slogan\" style=\"text-align: justify\"><span style=\"font-size: medium\">ASUS VG258QR Gaming Monitor &#8211; 24.5\u201d, Full HD, 0.5ms*, 165Hz (above 144Hz), G-SYNC Compatible, Adaptive Sync<\/span><\/h1>\n<div class=\"product-intro\">\n<ul>\n<li style=\"text-align: justify\">24.5\u201d Full HD gaming monitor with an ultra-fast 165Hz refresh rate and Adaptive-Sync technology to eliminate screen tearing and choppy frame rates<\/li>\n<li>Certified as G-SYNC Compatible, delivering a seamless, tear-free gaming experience by enabling VRR (variable refresh rate) by default.<\/li>\n<li>0.5ms* response time for smooth gameplay, and ASUS Extreme Low Motion Blur (ELMB) Technology to further reduce ghosting and motion blur<\/li>\n<li>GameFast Input Technology minimizes input lag and provides much faster motion delivery from end devices to monitor<\/li>\n<li>ASUS-exclusive GamePlus hotkey for in-game enhancements while GameVisual for optimized visuals<\/li>\n<li>Supports both Adaptive-Sync with NVIDIA GeForce* graphics cards and FreeSync with AMD Radeon graphics cards *Compatible with NVIDIA GeForce GTX 10 series, GTX 16 series, RTX 20 series and newer graphics cards<\/li>\n<\/ul>\n<\/div>\n<p><label class=\"checkbox add-to-list\"><\/label><\/p>\n<\/ul>","protected":false},"featured_media":13230,"comment_status":"closed","ping_status":"closed","template":"","meta":[],"pwb-brand":[],"product_cat":[2909],"product_tag":[],"class_list":{"0":"post-13229","1":"product","2":"type-product","3":"status-publish","4":"has-post-thumbnail","6":"product_cat-man-hinh-may-tinh","8":"first","9":"instock","10":"shipping-taxable","11":"product-type-simple"},"brands":[],"_links":{"self":[{"href":"https:\/\/serverhot.vn\/en\/wp-json\/wp\/v2\/product\/13229","targetHints":{"allow":["GET"]}}],"collection":[{"href":"https:\/\/serverhot.vn\/en\/wp-json\/wp\/v2\/product"}],"about":[{"href":"https:\/\/serverhot.vn\/en\/wp-json\/wp\/v2\/types\/product"}],"replies":[{"embeddable":true,"href":"https:\/\/serverhot.vn\/en\/wp-json\/wp\/v2\/comments?post=13229"}],"wp:featuredmedia":[{"embeddable":true,"href":"https:\/\/serverhot.vn\/en\/wp-json\/wp\/v2\/media\/13230"}],"wp:attachment":[{"href":"https:\/\/serverhot.vn\/en\/wp-json\/wp\/v2\/media?parent=13229"}],"wp:term":[{"taxonomy":"pwb-brand","embeddable":true,"href":"https:\/\/serverhot.vn\/en\/wp-json\/wp\/v2\/pwb-brand?post=13229"},{"taxonomy":"product_cat","embeddable":true,"href":"https:\/\/serverhot.vn\/en\/wp-json\/wp\/v2\/product_cat?post=13229"},{"taxonomy":"product_tag","embeddable":true,"href":"https:\/\/serverhot.vn\/en\/wp-json\/wp\/v2\/product_tag?post=13229"}],"curies":[{"name":"wp","href":"https:\/\/api.w.org\/{rel}","templated":true}]}}