{"id":13301,"date":"2024-06-29T19:37:04","date_gmt":"2024-06-29T12:37:04","guid":{"rendered":"https:\/\/serverhot.vn\/product\/uncategorized\/man-hinh-lcd-viewsonic-va2261-2-21-5-fhd-tn-250cd-m%c2%b2-vga-60hz-5ms-ma-san-pham-va2261-2\/"},"modified":"2024-06-29T19:37:06","modified_gmt":"2024-06-29T12:37:06","slug":"man-hinh-lcd-viewsonic-va2261-2-21-5-fhd-tn-250cd-m%c2%b2-vga-60hz-5ms-ma-san-pham-va2261-2","status":"publish","type":"product","link":"https:\/\/serverhot.vn\/en\/-product-\/man-hinh-lcd-viewsonic-va2261-2-21-5-fhd-tn-250cd-m%c2%b2-vga-60hz-5ms-ma-san-pham-va2261-2\/","title":{"rendered":"M\u00e0n H\u00ecnh LCD Viewsonic VA2261-2 (21.5\/FHD\/TN\/250cd\/m\u00b2\/VGA\/60Hz\/5ms) M\u00e3 s\u1ea3n ph\u1ea9m: VA2261-2"},"content":{"rendered":"<div class=\"showText tabs\" id=\"tab2\">\n<div class=\"box_right_pro_view\">\n<div class=\"thongso_pro a_technical\" style=\"max-height: fit-content\">\n<table border=\"1\">\n<tbody>\n<tr>\n<td width=\"177\">Sa\u0309n ph\u00e2\u0309m<\/td>\n<td width=\"514\">Ma\u0300n hi\u0300nh<\/td>\n<\/tr>\n<tr>\n<td>T\u00ean Ha\u0303ng<\/td>\n<td width=\"514\">Viewsonic<\/td>\n<\/tr>\n<tr>\n<td>Model<\/td>\n<td width=\"514\">VA2261-2<\/td>\n<\/tr>\n<tr>\n<td>Ki\u00ea\u0309u ma\u0300n hi\u0300nh<\/td>\n<td width=\"514\">Ma\u0300n hi\u0300nh r\u00f4\u0323ng<\/td>\n<\/tr>\n<tr>\n<td>K\u00edch th\u01b0\u1edbc m\u00e0n h\u00ecnh<\/td>\n<td width=\"514\">21.5Inch LED<\/td>\n<\/tr>\n<tr>\n<td>\u0110\u1ed9 s\u00e1ng<\/td>\n<td width=\"514\">250cd\/m2<\/td>\n<\/tr>\n<tr>\n<td>T\u1ef7 l\u1ec7 t\u01b0\u01a1ng ph\u1ea3n<\/td>\n<td width=\"514\">600:1<\/td>\n<\/tr>\n<tr>\n<td>\u0110\u1ed9 ph\u00e2n gi\u1ea3i<\/td>\n<td width=\"514\">Full HD (1920&#215;1080)<\/td>\n<\/tr>\n<tr>\n<td>Th\u1eddi gian \u0111\u00e1p \u1ee9ng<\/td>\n<td width=\"514\">5ms<\/td>\n<\/tr>\n<tr>\n<td>G\u00f3c nh\u00ecn<\/td>\n<td width=\"514\">90\u00b0\/65\u00b0<\/td>\n<\/tr>\n<tr>\n<td>C\u1ed5ng giao ti\u1ebfp<\/td>\n<td width=\"514\">\n<p>VGA, DVI<\/p>\n<p>Ph\u1ee5 ki\u1ec7n k\u00e8m theo: 1 c\u00e1p ngu\u1ed3n, 1 c\u00e1p VGA<\/p>\n<\/td>\n<\/tr>\n<tr>\n<td>T\u00ednh n\u0103ng kh\u00e1c<\/td>\n<td width=\"514\">Thi\u00ea\u0301t k\u00ea\u0301 treo t\u01b0\u01a1\u0300ng: 100mmx100mm Phu\u0323 ki\u00ea\u0323n \u0111i k\u00e8m: c\u00e1p VGA, d\u00e2y ngu\u00f4\u0300n<\/td>\n<\/tr>\n<\/tbody>\n<\/table><\/div>\n<p>                            <!--                            <\/p>\n<div class=\"xemthem_id_r\">--><br \/>\n                            <!--                                <a><!--\/show\/?token=--><br \/>\n                            <!--\"--><br \/>\n                            <!--                                   class=\"preview fancybox fancybox.ajax\" rel=\"nofollow\"&gt;Xem th&#234;m th&#244;ng s&#7889; k&#7929; thu&#7853;t<\/a>--><br \/>\n                            <!--                            <\/div>\n<p>-->\n                        <\/p><\/div>\n<\/p><\/div>","protected":false},"excerpt":{"rendered":"<ul>\n<ul>\n<li style=\"text-align: justify\">K\u00edch Th\u01b0\u1edbc M\u00e0n H\u00ecnh 22\u201d (21.5\u201d Viewable) TN Type, a-si TFT Active Matrix LCD<\/li>\n<li style=\"text-align: justify\">\u0110\u1ed9 S\u00e1ng M\u00e0n H\u00ecnh 200 cd\/\u33a1<\/li>\n<li style=\"text-align: justify\">T\u1ec9 L\u1ec7 T\u01b0\u01a1ng Ph\u1ea3n \u0110\u1ed9ng MEGA 600:1 (Typ)<\/li>\n<li style=\"text-align: justify\">\u0110\u1ed9 Ph\u00e2n Gi\u1ea3i M\u00e0n H\u00ecnh 1920&#215;1080<\/li>\n<li style=\"text-align: justify\">Th\u1eddi Gian \u0110\u00e1p \u1ee8ng 20,000 Hrs (Min)<\/li>\n<li style=\"text-align: justify\">H\u1ed7 tr\u1ee3 m\u00e0u 16.7 tri\u1ec7u m\u00e0u<\/li>\n<li style=\"text-align: justify\">G\u00f3c nh\u00ecn 90\u00ba (H) \/ 65\u00ba (V) (Typ)<\/li>\n<\/ul>\n<\/ul>","protected":false},"featured_media":13302,"comment_status":"closed","ping_status":"closed","template":"","meta":[],"pwb-brand":[],"product_cat":[2909],"product_tag":[],"class_list":{"0":"post-13301","1":"product","2":"type-product","3":"status-publish","4":"has-post-thumbnail","6":"product_cat-man-hinh-may-tinh","8":"first","9":"instock","10":"shipping-taxable","11":"product-type-simple"},"brands":[],"_links":{"self":[{"href":"https:\/\/serverhot.vn\/en\/wp-json\/wp\/v2\/product\/13301","targetHints":{"allow":["GET"]}}],"collection":[{"href":"https:\/\/serverhot.vn\/en\/wp-json\/wp\/v2\/product"}],"about":[{"href":"https:\/\/serverhot.vn\/en\/wp-json\/wp\/v2\/types\/product"}],"replies":[{"embeddable":true,"href":"https:\/\/serverhot.vn\/en\/wp-json\/wp\/v2\/comments?post=13301"}],"wp:featuredmedia":[{"embeddable":true,"href":"https:\/\/serverhot.vn\/en\/wp-json\/wp\/v2\/media\/13302"}],"wp:attachment":[{"href":"https:\/\/serverhot.vn\/en\/wp-json\/wp\/v2\/media?parent=13301"}],"wp:term":[{"taxonomy":"pwb-brand","embeddable":true,"href":"https:\/\/serverhot.vn\/en\/wp-json\/wp\/v2\/pwb-brand?post=13301"},{"taxonomy":"product_cat","embeddable":true,"href":"https:\/\/serverhot.vn\/en\/wp-json\/wp\/v2\/product_cat?post=13301"},{"taxonomy":"product_tag","embeddable":true,"href":"https:\/\/serverhot.vn\/en\/wp-json\/wp\/v2\/product_tag?post=13301"}],"curies":[{"name":"wp","href":"https:\/\/api.w.org\/{rel}","templated":true}]}}