{"id":13667,"date":"2024-08-01T07:30:08","date_gmt":"2024-08-01T00:30:08","guid":{"rendered":"https:\/\/serverhot.vn\/-product-\/thiet-bi-tuong-lua-firewall-fortigate-fg-60f-ma-san-pham-fg-60f\/"},"modified":"2024-08-01T07:30:11","modified_gmt":"2024-08-01T00:30:11","slug":"thiet-bi-tuong-lua-firewall-fortigate-fg-60f-ma-san-pham-fg-60f","status":"publish","type":"product","link":"https:\/\/serverhot.vn\/en\/-product-\/thiet-bi-tuong-lua-firewall-fortigate-fg-60f-ma-san-pham-fg-60f\/","title":{"rendered":"Thi\u1ebft b\u1ecb T\u01b0\u1eddng l\u1eeda Firewall FortiGate FG-60F M\u00e3 s\u1ea3n ph\u1ea9m: FG-60F"},"content":{"rendered":"<div class=\"showText tabs\" id=\"tab2\">\n<div class=\"box_right_pro_view\">\n<div class=\"thongso_pro a_technical\" style=\"max-height: fit-content\">\n<p>\u00a0<\/p>\n<table dir=\"ltr\" border=\"1\" cellspacing=\"0\" cellpadding=\"0\" data-sheets-root=\"1\">\n<colgroup>\n<col width=\"314\">\n<col width=\"119\">\n<col width=\"157\">\n<col width=\"246\">\n<col width=\"297\"><\/colgroup>\n<tbody>\n<tr>\n<td>\u00a0<\/td>\n<td data-sheets-value=\"{\">FortiGate 60F<\/td>\n<td data-sheets-value=\"{\">FortiGate 61F<\/td>\n<td data-sheets-value=\"{\">FortiWifi 60F<\/td>\n<td data-sheets-value=\"{\">FortiWifi 61F<\/td>\n<\/tr>\n<tr>\n<td colspan=\"5\" rowspan=\"1\" data-sheets-value=\"{\">Hardware Specifications<\/td>\n<\/tr>\n<tr>\n<td data-sheets-value=\"{\">GE RJ45 WAN \/ DMZ Ports<\/td>\n<td data-sheets-value=\"{\">2 \/ 1<\/td>\n<td data-sheets-value=\"{\">2 \/ 1<\/td>\n<td data-sheets-value=\"{\">2 \/ 1<\/td>\n<td data-sheets-value=\"{\">2 \/ 1<\/td>\n<\/tr>\n<tr>\n<td data-sheets-value=\"{\">GE RJ45 Internal Ports<\/td>\n<td data-sheets-value=\"{\">5<\/td>\n<td data-sheets-value=\"{\">5<\/td>\n<td data-sheets-value=\"{\">5<\/td>\n<td data-sheets-value=\"{\">5<\/td>\n<\/tr>\n<tr>\n<td data-sheets-value=\"{\">GE RJ45 FortiLink Ports (Default)<\/td>\n<td data-sheets-value=\"{\">2<\/td>\n<td data-sheets-value=\"{\">2<\/td>\n<td data-sheets-value=\"{\">2<\/td>\n<td data-sheets-value=\"{\">2<\/td>\n<\/tr>\n<tr>\n<td data-sheets-value=\"{\">Wireless Interface<\/td>\n<td data-sheets-value=\"{\">\u2013<\/td>\n<td data-sheets-value=\"{\">\u2013<\/td>\n<td data-sheets-value=\"{\">Single Radio (2.4GHz\/5GHz),<br \/>802.11 a\/b\/g\/n\/ac-W2<\/td>\n<td data-sheets-value=\"{\">Single Radio (2.4GHz\/5GHz),<br \/>802.11 a\/b\/g\/n\/ac-W2<\/td>\n<\/tr>\n<tr>\n<td data-sheets-value=\"{\">USB Ports<\/td>\n<td data-sheets-value=\"{\">1<\/td>\n<td data-sheets-value=\"{\">1<\/td>\n<td data-sheets-value=\"{\">1<\/td>\n<td data-sheets-value=\"{\">1<\/td>\n<\/tr>\n<tr>\n<td data-sheets-value=\"{\">Console (RJ45)<\/td>\n<td data-sheets-value=\"{\">1<\/td>\n<td data-sheets-value=\"{\">1<\/td>\n<td data-sheets-value=\"{\">1<\/td>\n<td data-sheets-value=\"{\">1<\/td>\n<\/tr>\n<tr>\n<td data-sheets-value=\"{\">Internal Storage<\/td>\n<td data-sheets-value=\"{\">\u2013<\/td>\n<td data-sheets-value=\"{\">1 x 128 GB SSD<\/td>\n<td data-sheets-value=\"{\">\u2013<\/td>\n<td data-sheets-value=\"{\">1 x 128 GB SSD<\/td>\n<\/tr>\n<tr>\n<td colspan=\"5\" rowspan=\"1\" data-sheets-value=\"{\">System Performance \u2014 Enterprise Traffic Mix<\/td>\n<\/tr>\n<tr>\n<td data-sheets-value=\"{\">IPS Throughput2<\/td>\n<td colspan=\"4\" rowspan=\"1\" data-sheets-value=\"{\">1.4 Gbps<\/td>\n<\/tr>\n<tr>\n<td data-sheets-value=\"{\">NGFW Throughput2, 4<\/td>\n<td colspan=\"4\" rowspan=\"1\" data-sheets-value=\"{\">1 Gbps<\/td>\n<\/tr>\n<tr>\n<td data-sheets-value=\"{\">Threat Protection Throughput2, 5<\/td>\n<td colspan=\"4\" rowspan=\"1\" data-sheets-value=\"{\">700 Mbps<\/td>\n<\/tr>\n<tr>\n<td colspan=\"5\" rowspan=\"1\" data-sheets-value=\"{\">System Performance<\/td>\n<\/tr>\n<tr>\n<td data-sheets-value=\"{\">Firewall Throughput (1518 \/ 512 \/ 64 byte UDP packets)<\/td>\n<td colspan=\"4\" rowspan=\"1\" data-sheets-value=\"{\">10\/10\/6 Gbps<\/td>\n<\/tr>\n<tr>\n<td data-sheets-value=\"{\">Firewall Latency (64 byte UDP packets)<\/td>\n<td colspan=\"4\" rowspan=\"1\" data-sheets-value=\"{\">3.3 \u03bcs<\/td>\n<\/tr>\n<tr>\n<td data-sheets-value=\"{\">Firewall Throughput (Packets Per Second)<\/td>\n<td colspan=\"4\" rowspan=\"1\" data-sheets-value=\"{\">9 Mpps<\/td>\n<\/tr>\n<tr>\n<td data-sheets-value=\"{\">Concurrent Sessions (TCP)<\/td>\n<td colspan=\"4\" rowspan=\"1\" data-sheets-value=\"{\">700<\/td>\n<\/tr>\n<tr>\n<td data-sheets-value=\"{\">New Sessions\/Second (TCP)<\/td>\n<td colspan=\"4\" rowspan=\"1\" data-sheets-value=\"{\">35<\/td>\n<\/tr>\n<tr>\n<td data-sheets-value=\"{\">Firewall Policies<\/td>\n<td colspan=\"4\" rowspan=\"1\" data-sheets-value=\"{\">5<\/td>\n<\/tr>\n<tr>\n<td data-sheets-value=\"{\">IPsec VPN Throughput (512 byte)1<\/td>\n<td colspan=\"4\" rowspan=\"1\" data-sheets-value=\"{\">6.5 Gbps<\/td>\n<\/tr>\n<tr>\n<td data-sheets-value=\"{\">Gateway-to-Gateway IPsec VPN Tunnels<\/td>\n<td colspan=\"4\" rowspan=\"1\" data-sheets-value=\"{\">200<\/td>\n<\/tr>\n<tr>\n<td data-sheets-value=\"{\">Client-to-Gateway IPsec VPN Tunnels<\/td>\n<td colspan=\"4\" rowspan=\"1\" data-sheets-value=\"{\">500<\/td>\n<\/tr>\n<tr>\n<td data-sheets-value=\"{\">SSL-VPN Throughput<\/td>\n<td colspan=\"4\" rowspan=\"1\" data-sheets-value=\"{\">900 Mbps<\/td>\n<\/tr>\n<tr>\n<td data-sheets-value=\"{\">Concurrent SSL-VPN Users (Recommended Maximum, Tunnel Mode)<\/td>\n<td colspan=\"4\" rowspan=\"1\" data-sheets-value=\"{\">200<\/td>\n<\/tr>\n<tr>\n<td data-sheets-value=\"{\">SSL Inspection Throughput (IPS, avg. HTTPS)3<\/td>\n<td colspan=\"4\" rowspan=\"1\" data-sheets-value=\"{\">630 Mbps<\/td>\n<\/tr>\n<tr>\n<td data-sheets-value=\"{\">SSL Inspection CPS (IPS, avg. HTTPS)3<\/td>\n<td colspan=\"4\" rowspan=\"1\" data-sheets-value=\"{\">400<\/td>\n<\/tr>\n<tr>\n<td data-sheets-value=\"{\">SSL Inspection Concurrent Session (IPS, avg. HTTPS)3<\/td>\n<td colspan=\"4\" rowspan=\"1\" data-sheets-value=\"{\">55<\/td>\n<\/tr>\n<tr>\n<td data-sheets-value=\"{\">Application Control Throughput (HTTP 64K)2<\/td>\n<td colspan=\"4\" rowspan=\"1\" data-sheets-value=\"{\">1.8 Gbps<\/td>\n<\/tr>\n<tr>\n<td data-sheets-value=\"{\">CAPWAP Throughput (HTTP 64K)<\/td>\n<td colspan=\"4\" rowspan=\"1\" data-sheets-value=\"{\">8 Gbps<\/td>\n<\/tr>\n<tr>\n<td data-sheets-value=\"{\">Virtual Domains (Default \/ Maximum)<\/td>\n<td colspan=\"4\" rowspan=\"1\" data-sheets-value=\"{\">10 \/ 10<\/td>\n<\/tr>\n<tr>\n<td data-sheets-value=\"{\">Maximum Number of FortiSwitches Supported<\/td>\n<td colspan=\"4\" rowspan=\"1\" data-sheets-value=\"{\">16<\/td>\n<\/tr>\n<tr>\n<td data-sheets-value=\"{\">Maximum Number of FortiAPs (Total \/ Tunnel Mode)<\/td>\n<td colspan=\"4\" rowspan=\"1\" data-sheets-value=\"{\">64 \/ 32<\/td>\n<\/tr>\n<tr>\n<td data-sheets-value=\"{\">Maximum Number of FortiTokens<\/td>\n<td colspan=\"4\" rowspan=\"1\" data-sheets-value=\"{\">500<\/td>\n<\/tr>\n<tr>\n<td data-sheets-value=\"{\">High Availability Configurations<\/td>\n<td colspan=\"4\" rowspan=\"1\" data-sheets-value=\"{\">Active-Active, Active-Passive, Clustering<\/td>\n<\/tr>\n<tr>\n<td colspan=\"5\" rowspan=\"1\" data-sheets-value=\"{\">Dimensions<\/td>\n<\/tr>\n<tr>\n<td width=\"\" height=\"\" data-sheets-value=\"{\">Height x Width x Length (inches)<\/td>\n<td colspan=\"4\" rowspan=\"1\" data-sheets-value=\"{\">1.5 x 8.5 x 6.3<\/td>\n<\/tr>\n<tr>\n<td width=\"\" height=\"\" data-sheets-value=\"{\">Height x Width x Length (mm)<\/td>\n<td colspan=\"4\" rowspan=\"1\" data-sheets-value=\"{\">38.5 x 216 x 160 mm<\/td>\n<\/tr>\n<tr>\n<td data-sheets-value=\"{\">Weight<\/td>\n<td colspan=\"4\" rowspan=\"1\" data-sheets-value=\"{\">2.23 lbs (1.01 kg)<\/td>\n<\/tr>\n<tr>\n<td data-sheets-value=\"{\">Form Factor<\/td>\n<td colspan=\"4\" rowspan=\"1\" data-sheets-value=\"{\">Desktop<\/td>\n<\/tr>\n<tr>\n<td colspan=\"5\" rowspan=\"1\" data-sheets-value=\"{\">Radio Specifications<\/td>\n<\/tr>\n<tr>\n<td data-sheets-value=\"{\">Multiple User (MU) MIMO<\/td>\n<td data-sheets-value=\"{\">\u2013<\/td>\n<td data-sheets-value=\"{\">\u2013<\/td>\n<td colspan=\"2\" rowspan=\"1\" data-sheets-value=\"{\">3&#215;3<\/td>\n<\/tr>\n<tr>\n<td data-sheets-value=\"{\">Maximum Wi-Fi Speeds<\/td>\n<td data-sheets-value=\"{\">\u2013<\/td>\n<td data-sheets-value=\"{\">\u2013<\/td>\n<td colspan=\"2\" rowspan=\"1\" data-sheets-value=\"{\">1300 Mbps @ 5 GHz, 450 Mbps @ 2.4 GHz<\/td>\n<\/tr>\n<tr>\n<td data-sheets-value=\"{\">Maximum Tx Power<\/td>\n<td data-sheets-value=\"{\">\u2013<\/td>\n<td data-sheets-value=\"{\">\u2013<\/td>\n<td colspan=\"2\" rowspan=\"1\" data-sheets-value=\"{\">20 dBm<\/td>\n<\/tr>\n<tr>\n<td data-sheets-value=\"{\">Antenna Gain<\/td>\n<td data-sheets-value=\"{\">\u2013<\/td>\n<td data-sheets-value=\"{\">\u2013<\/td>\n<td colspan=\"2\" rowspan=\"1\" data-sheets-value=\"{\">3.5 dBi @ 5 GHz, 5 dBi @ 2.4 GHz<\/td>\n<\/tr>\n<tr>\n<td colspan=\"5\" rowspan=\"1\" data-sheets-value=\"{\">Operating Environment and Certifications<\/td>\n<\/tr>\n<tr>\n<td data-sheets-value=\"{\">Power Rating<\/td>\n<td colspan=\"4\" rowspan=\"1\" data-sheets-value=\"{\">12Vdc, 3A<\/td>\n<\/tr>\n<tr>\n<td data-sheets-value=\"{\">Power Required<\/td>\n<td colspan=\"4\" rowspan=\"1\" data-sheets-value=\"{\">Powered by External DC Power Adapter,<br \/>100\u2013240V AC, 50\/60 Hz<\/td>\n<\/tr>\n<tr>\n<td data-sheets-value=\"{\">Maximum Current<\/td>\n<td colspan=\"4\" rowspan=\"1\" data-sheets-value=\"{\">100Vac\/1.0A, 240Vac\/0.6A<\/td>\n<\/tr>\n<tr>\n<td data-sheets-value=\"{\">Power Consumption (Average \/ Maximum)<\/td>\n<td data-sheets-value=\"{\">10.17 W \/ 12.43 W<\/td>\n<td data-sheets-value=\"{\">17.2 W \/ 18.7 W<\/td>\n<td data-sheets-value=\"{\">17.2 W \/ 18.7 W<\/td>\n<td data-sheets-value=\"{\">17.5 W \/ 19.0 W<\/td>\n<\/tr>\n<tr>\n<td data-sheets-value=\"{\">Heat Dissipation<\/td>\n<td data-sheets-value=\"{\">63.1 BTU\/hr<\/td>\n<td data-sheets-value=\"{\">63.8 BTU\/hr<\/td>\n<td data-sheets-value=\"{\">63.8 BTU\/hr<\/td>\n<td data-sheets-value=\"{\">64.8 BTU\/hr<\/td>\n<\/tr>\n<tr>\n<td data-sheets-value=\"{\">Operating Temperature<\/td>\n<td colspan=\"4\" rowspan=\"1\" data-sheets-value=\"{\">32\u2013104\u00b0F (0\u201340\u00b0C)<\/td>\n<\/tr>\n<tr>\n<td data-sheets-value=\"{\">Storage Temperature<\/td>\n<td colspan=\"4\" rowspan=\"1\" data-sheets-value=\"{\">-31\u2013158\u00b0F (-35\u201370\u00b0C)<\/td>\n<\/tr>\n<tr>\n<td data-sheets-value=\"{\">Humidity<\/td>\n<td colspan=\"4\" rowspan=\"1\" data-sheets-value=\"{\">10\u201390% non-condensing<\/td>\n<\/tr>\n<tr>\n<td data-sheets-value=\"{\">Noise Level<\/td>\n<td colspan=\"4\" rowspan=\"1\" data-sheets-value=\"{\">Fanless 0 dBA<\/td>\n<\/tr>\n<tr>\n<td data-sheets-value=\"{\">Operating Altitude<\/td>\n<td colspan=\"4\" rowspan=\"1\" data-sheets-value=\"{\">Up to 7,400 ft (2,250 m)<\/td>\n<\/tr>\n<tr>\n<td data-sheets-value=\"{\">Compliance<\/td>\n<td colspan=\"4\" rowspan=\"1\" data-sheets-value=\"{\">FCC, ICES, CE, RCM, VCCI, BSMI, UL\/cUL, CB<\/td>\n<\/tr>\n<tr>\n<td data-sheets-value=\"{\">Certifications<\/td>\n<td colspan=\"4\" rowspan=\"1\" data-sheets-value=\"{\">ICSA Labs: Firewall, IPsec, IPS, Antivirus, SSL-VPN<\/td>\n<\/tr>\n<\/tbody>\n<\/table><\/div>\n<p>                            <!--                            <\/p>\n<div class=\"xemthem_id_r\">--><br \/>\n                            <!--                                <a><!--\/show\/?token=--><br \/>\n                            <!--\"--><br \/>\n                            <!--                                   class=\"preview fancybox fancybox.ajax\" rel=\"nofollow\"&gt;Xem th&#234;m th&#244;ng s&#7889; k&#7929; thu&#7853;t<\/a>--><br \/>\n                            <!--                            <\/div>\n<p>-->\n                        <\/p><\/div>\n<\/p><\/div>","protected":false},"excerpt":{"rendered":"<ul>\n<p><span style=\"color: #111111;font-family: -apple-system, Roboto, SegoeUI, 'Segoe UI', 'Helvetica Neue', Helvetica, 'Microsoft YaHei', 'Meiryo UI', Meiryo, 'Arial Unicode MS', sans-serif;font-size: 16px;background-color: #f7f7f7\">FortiGate-60F l\u00e0 thi\u1ebft b\u1ecb t\u01b0\u1eddng l\u1eeda hi\u1ec7u su\u1ea5t cao, b\u1ea3o v\u1ec7 m\u1ea1ng doanh nghi\u1ec7p v\u1eeba v\u00e0 nh\u1ecf v\u1edbi c\u00e1c t\u00ednh n\u0103ng b\u1ea3o m\u1eadt to\u00e0n di\u1ec7n nh\u01b0 ki\u1ec3m so\u00e1t \u1ee9ng d\u1ee5ng, IPS, ch\u1ed1ng ph\u1ea7n m\u1ec1m \u0111\u1ed9c h\u1ea1i, v\u00e0 b\u1ea3o m\u1eadt SD-WAN. Thi\u1ebft k\u1ebf nh\u1ecf g\u1ecdn, kh\u00f4ng qu\u1ea1t, ph\u00f9 h\u1ee3p cho c\u00e1c v\u0103n ph\u00f2ng chi nh\u00e1nh<\/span><\/p>\n<\/ul>","protected":false},"featured_media":13668,"comment_status":"closed","ping_status":"closed","template":"","meta":[],"pwb-brand":[],"product_cat":[2908],"product_tag":[2856,25,2849,2852],"class_list":{"0":"post-13667","1":"product","2":"type-product","3":"status-publish","4":"has-post-thumbnail","6":"product_cat-fortinet","7":"product_tag-firewall","8":"product_tag-man","9":"product_tag-switch","10":"product_tag-wireless","12":"first","13":"instock","14":"shipping-taxable","15":"product-type-simple"},"brands":[],"_links":{"self":[{"href":"https:\/\/serverhot.vn\/en\/wp-json\/wp\/v2\/product\/13667","targetHints":{"allow":["GET"]}}],"collection":[{"href":"https:\/\/serverhot.vn\/en\/wp-json\/wp\/v2\/product"}],"about":[{"href":"https:\/\/serverhot.vn\/en\/wp-json\/wp\/v2\/types\/product"}],"replies":[{"embeddable":true,"href":"https:\/\/serverhot.vn\/en\/wp-json\/wp\/v2\/comments?post=13667"}],"wp:featuredmedia":[{"embeddable":true,"href":"https:\/\/serverhot.vn\/en\/wp-json\/wp\/v2\/media\/13668"}],"wp:attachment":[{"href":"https:\/\/serverhot.vn\/en\/wp-json\/wp\/v2\/media?parent=13667"}],"wp:term":[{"taxonomy":"pwb-brand","embeddable":true,"href":"https:\/\/serverhot.vn\/en\/wp-json\/wp\/v2\/pwb-brand?post=13667"},{"taxonomy":"product_cat","embeddable":true,"href":"https:\/\/serverhot.vn\/en\/wp-json\/wp\/v2\/product_cat?post=13667"},{"taxonomy":"product_tag","embeddable":true,"href":"https:\/\/serverhot.vn\/en\/wp-json\/wp\/v2\/product_tag?post=13667"}],"curies":[{"name":"wp","href":"https:\/\/api.w.org\/{rel}","templated":true}]}}