{"id":13762,"date":"2024-09-25T14:00:09","date_gmt":"2024-09-25T07:00:09","guid":{"rendered":"https:\/\/serverhot.vn\/-product-\/bo-truyen-hdmi-vga-khong-day-50m-ho-tro-4k-ugreen-ma-san-pham-90909a\/"},"modified":"2024-09-25T14:00:18","modified_gmt":"2024-09-25T07:00:18","slug":"bo-truyen-hdmi-vga-khong-day-50m-ho-tro-4k-ugreen-ma-san-pham-90909a","status":"publish","type":"product","link":"https:\/\/serverhot.vn\/en\/-product-\/bo-truyen-hdmi-vga-khong-day-50m-ho-tro-4k-ugreen-ma-san-pham-90909a\/","title":{"rendered":"B\u1ed9 Truy\u1ec1n HDMI\/ VGA Kh\u00f4ng D\u00e2y 50M h\u1ed7 tr\u1ee3 4K Ugreen M\u00e3 s\u1ea3n ph\u1ea9m: 90909A"},"content":{"rendered":"<div class=\"showText tabs\" id=\"tab2\">\n<div class=\"box_right_pro_view\">\n<div class=\"thongso_pro a_technical\" style=\"max-height: fit-content\">\n<p>Th\u00f4ng s\u1ed1 k\u1ef9 thu\u1eadt<\/p>\n<p>&#8211; H\u00e3ng sx : Ugreen<\/p>\n<p>&#8211; Model : 90909A &#8211; CM586<\/p>\n<p>&#8211; Product Name: Wireless HDMI Extender<\/p>\n<p>&#8211; Transfer Method: 2.4G+5G<\/p>\n<p>&#8211; HDMI Resolution: 4K\/30Hz, backward compatible with 1080P60Hz<\/p>\n<p>&#8211; VGA Resolution: 1080P60Hz<\/p>\n<p>&#8211; Transmission Distance: 50m &#8211; ph\u00f2ng tr\u1ed1ng &#8211; kh\u00f4ng v\u1eadt c\u1ea3n<\/p>\n<p>&#8211; Power Supply Port: USB-C<\/p>\n<p>&#8211; Material: Aluminum Alloy +ABS<\/p>\n<p>&#8211; Packing : B\u1ed9 ph\u00e1t HDMI kh\u00f4ng d\u00e2y*1, B\u1ed9 thu HDMI kh\u00f4ng d\u00e2y*1, C\u00e1p HDMI*2, C\u00e1p USB C*2 v\u00e0 H\u01b0\u1edbng d\u1eabn s\u1eed d\u1ee5ng.<\/p>\n<p>*** L\u01b0u \u00fd: Vui l\u00f2ng \u0111\u1ea3m b\u1ea3o r\u1eb1ng c\u1ea3 m\u00e1y ph\u00e1t v\u00e0 m\u00e1y thu \u0111\u1ec1u \u0111\u01b0\u1ee3c k\u1ebft n\u1ed1i v\u1edbi ngu\u1ed3n \u0111i\u1ec7n trong qu\u00e1 tr\u00ecnh s\u1eed d\u1ee5ng (Kh\u00f4ng bao g\u1ed3m ngu\u1ed3n \u0111i\u1ec7n)<\/p>\n<p>\u00a0Th\u00f4ng s\u1ed1 k\u1ef9 thu\u1eadt<\/p>\n<p>&#8211; B\u1ed9 Truy\u1ec1n HDMI\/ VGA Kh\u00f4ng D\u00e2y 50M Ugreen 50633 \u00e1p d\u1ee5ng c\u00f4ng ngh\u1ec7 m\u1edbi nh\u1ea5t trong k\u1ebft n\u1ed1i HDMI kh\u00f4ng d\u00e2y , thi\u1ebft b\u1ecb hdmi kh\u00f4ng d\u00e2y n\u00e0y cho ph\u00e9p b\u1ea1n chia s\u1ebb n\u1ed9i dung chu\u1ea9n HDMI c\u1ee7a c\u00e1c thi\u1ebft b\u1ecb k\u1ef9 thu\u1eadt s\u1ed1 HD &#8211; HD TV l\u00ean TV ho\u1eb7c m\u00e1y chi\u1ebfu kh\u00f4ng c\u1ea7n d\u00e2y c\u00e1p r\u1ea5t ti\u1ec7n l\u1ee3i th\u00f4ng qua c\u1ed5ng HDMI hay VGA<\/p>\n<p>&#8211; M\u00e0n h\u00ecnh 4K UHD &#8211; c\u1ed5ng HDMI: B\u1ea1n c\u00f3 th\u1ec3 th\u01b0\u1edfng th\u1ee9c h\u00ecnh \u1ea3nh \u0111\u1ed9 ph\u00e2n gi\u1ea3i c\u1ef1c cao 4K tr\u00ean m\u00e0n h\u00ecnh l\u1edbn, \u0111\u1ed9 ph\u00e2n gi\u1ea3i g\u1ea5p 4 l\u1ea7n so v\u1edbi 1080P v\u00e0 t\u1eadn h\u01b0\u1edfng tr\u1ea3i nghi\u1ec7m xem tuy\u1ec7t v\u1eddi. \u0110\u1ed3ng th\u1eddi, n\u00f3 h\u1ed7 tr\u1ee3 kh\u1ea3 n\u0103ng t\u01b0\u01a1ng th\u00edch ng\u01b0\u1ee3c v\u1edbi 1080P@60Hz.<\/p>\n<p>&#8211; Truy\u1ec1n kh\u00f4ng d\u00e2y \u0111\u01b0\u1eddng d\u00e0i: Nh\u1edd chip 5G m\u1ea1nh m\u1ebd v\u00e0 thi\u1ebft k\u1ebf \u0103ng-ten k\u00e9p, kho\u1ea3ng c\u00e1ch truy\u1ec1n t\u1ed1i \u0111a c\u1ee7a n\u00f3 c\u00f3 th\u1ec3 \u0111\u1ea1t t\u1edbi 50M. Ngay c\u1ea3 khi m\u00f4i tr\u01b0\u1eddng t\u00edn hi\u1ec7u t\u01b0\u01a1ng \u0111\u1ed1i ph\u1ee9c t\u1ea1p, v\u1eabn c\u00f3 th\u1ec3 \u0111\u1ea1t \u0111\u01b0\u1ee3c \u0111\u01b0\u1eddng truy\u1ec1n \u1ed5n \u0111\u1ecbnh.<\/p>\n<p>&#8211; D\u1ec5 s\u1eed d\u1ee5ng: \u0111\u01b0\u1ee3c gh\u00e9p n\u1ed1i t\u1ea1i nh\u00e0 m\u00e1y, khi\u1ebfn n\u00f3 th\u1ef1c s\u1ef1 ch\u1ec9 c\u1ea7n c\u1eafm v\u00e0 ch\u1ea1y m\u00e0 kh\u00f4ng c\u1ea7n thi\u1ebft l\u1eadp, Bluetooth ho\u1eb7c Wi-Fi. C\u00f3 th\u1ec3 ghi l\u1ea1i m\u00e0n h\u00ecnh ch\u1ec9 b\u1eb1ng m\u1ed9t c\u00fa nh\u1ea5p chu\u1ed9t.<\/p>\n<p>&#8211; Hi\u1ec3n th\u1ecb giao di\u1ec7n k\u00e9p VGA &amp; HDMI: \u0110\u1ecbnh c\u1ea5u h\u00ecnh hi\u1ec3n th\u1ecb m\u00e0n h\u00ecnh k\u00e9p VGA v\u00e0 HDMI, c\u00f3 th\u1ec3 h\u1ed7 tr\u1ee3 \u0111\u1ea7u ra t\u00edn hi\u1ec7u video \u0111\u1ed3ng th\u1eddi ho\u1eb7c ri\u00eang bi\u1ec7t v\u00e0 \u0111\u1ecbnh c\u1ea5u h\u00ecnh giao di\u1ec7n 3,5MM c\u00f9ng l\u00fac, h\u1ed7 tr\u1ee3 thi\u1ebft b\u1ecb \u00e2m thanh b\u00ean ngo\u00e0i<\/p>\n<p>\u00a0<\/p>\n<\/p><\/div>\n<p>                            <!--                            <\/p>\n<div class=\"xemthem_id_r\">--><br \/>\n                            <!--                                <a><!--\/show\/?token=--><br \/>\n                            <!--\"--><br \/>\n                            <!--                                   class=\"preview fancybox fancybox.ajax\" rel=\"nofollow\"&gt;Xem th&#234;m th&#244;ng s&#7889; k&#7929; thu&#7853;t<\/a>--><br \/>\n                            <!--                            <\/div>\n<p>-->\n                        <\/p><\/div>\n<\/p><\/div>","protected":false},"excerpt":{"rendered":"<ul>\n<ul>\n<li>Nh\u00e0 s\u1ea3n xu\u1ea5t: UGREEN<\/li>\n<li>Product Name: Wireless HDMI Extender<\/li>\n<li>Transfer Method: 2.4G+5G<\/li>\n<li>HDMI Resolution: 4K\/30Hz, backward compatible with 1080P60Hz<\/li>\n<\/ul>\n<\/ul>","protected":false},"featured_media":13763,"comment_status":"closed","ping_status":"closed","template":"","meta":[],"pwb-brand":[],"product_cat":[2910],"product_tag":[50,2852],"class_list":{"0":"post-13762","1":"product","2":"type-product","3":"status-publish","4":"has-post-thumbnail","6":"product_cat-thiet-bi-van-phong","7":"product_tag-green","8":"product_tag-wireless","10":"first","11":"instock","12":"shipping-taxable","13":"product-type-simple"},"brands":[],"_links":{"self":[{"href":"https:\/\/serverhot.vn\/en\/wp-json\/wp\/v2\/product\/13762","targetHints":{"allow":["GET"]}}],"collection":[{"href":"https:\/\/serverhot.vn\/en\/wp-json\/wp\/v2\/product"}],"about":[{"href":"https:\/\/serverhot.vn\/en\/wp-json\/wp\/v2\/types\/product"}],"replies":[{"embeddable":true,"href":"https:\/\/serverhot.vn\/en\/wp-json\/wp\/v2\/comments?post=13762"}],"wp:featuredmedia":[{"embeddable":true,"href":"https:\/\/serverhot.vn\/en\/wp-json\/wp\/v2\/media\/13763"}],"wp:attachment":[{"href":"https:\/\/serverhot.vn\/en\/wp-json\/wp\/v2\/media?parent=13762"}],"wp:term":[{"taxonomy":"pwb-brand","embeddable":true,"href":"https:\/\/serverhot.vn\/en\/wp-json\/wp\/v2\/pwb-brand?post=13762"},{"taxonomy":"product_cat","embeddable":true,"href":"https:\/\/serverhot.vn\/en\/wp-json\/wp\/v2\/product_cat?post=13762"},{"taxonomy":"product_tag","embeddable":true,"href":"https:\/\/serverhot.vn\/en\/wp-json\/wp\/v2\/product_tag?post=13762"}],"curies":[{"name":"wp","href":"https:\/\/api.w.org\/{rel}","templated":true}]}}