{"id":13830,"date":"2024-10-02T15:00:08","date_gmt":"2024-10-02T08:00:08","guid":{"rendered":"https:\/\/serverhot.vn\/-product-\/may-tinh-de-ban-dong-bo-dell-xps-8960-i7-13700-16gb-ddr5-512gb-ssd-_2tb-hdd-kb_m-w11sl-vga-rtx-3060-12gb-ddr6-winhome-11-_-xpsi78960w1-16g-512g2t-ma-san-pham-xpsi78960w1-16g-512g2t\/"},"modified":"2024-10-02T15:00:09","modified_gmt":"2024-10-02T08:00:09","slug":"may-tinh-de-ban-dong-bo-dell-xps-8960-i7-13700-16gb-ddr5-512gb-ssd-_2tb-hdd-kb_m-w11sl-vga-rtx-3060-12gb-ddr6-winhome-11-_-xpsi78960w1-16g-512g2t-ma-san-pham-xpsi78960w1-16g-512g2t","status":"publish","type":"product","link":"https:\/\/serverhot.vn\/en\/-product-\/may-tinh-de-ban-dong-bo-dell-xps-8960-i7-13700-16gb-ddr5-512gb-ssd-_2tb-hdd-kb_m-w11sl-vga-rtx-3060-12gb-ddr6-winhome-11-_-xpsi78960w1-16g-512g2t-ma-san-pham-xpsi78960w1-16g-512g2t\/","title":{"rendered":"M\u00e1y t\u00ednh \u0111\u1ec3 b\u00e0n \u0111\u1ed3ng b\u1ed9 Dell XPS 8960 (i7-13700 | 16GB DDR5 | 512GB SSD _2TB HDD | KB_M | W11SL | VGA RTX 3060 12Gb DDR6 | WinHome 11) _ XPSI78960W1-16G-512G+2T M\u00e3 s\u1ea3n ph\u1ea9m: XPSI78960W1-16G-512G+2T"},"content":{"rendered":"<div class=\"showText tabs\" id=\"tab2\">\n                                    <\/div>","protected":false},"excerpt":{"rendered":"<ul>\n<p>CPU: Intel Core i7-13700 (2.1 GHz &#8211; 5.2 GHz\/30MB\/16 nh\u00e2n, 24 lu\u00f4\u0300ng)<\/p>\n<p>RAM: 16GB DDR5 4800MHz (2 x 8GB Khe c\u1eafm, max 64GB)<\/p>\n<p>\u1ed4 c\u1ee9ng: 512GB M.2 NVMe SSD + 2TB HDD 7200RPM (x2 HDD 3.5&#8243;)<\/p>\n<p>VGA: GeForce RTX 3060 12GB DDR6 (1 x HDMI , 3 x DisplayPort)<\/p>\n<p>K\u1ebft n\u1ed1i m\u1ea1ng: Wlan + Bluetooth<\/p>\n<p>Ph\u00edm chu\u1ed9t: \u0110i k\u00e8m<\/p>\n<p>H\u1ec7 \u0111i\u1ec1u h\u00e0nh: Windows 11 Home SL 64-bit\u00a0<\/p>\n<\/ul>","protected":false},"featured_media":13831,"comment_status":"closed","ping_status":"closed","template":"","meta":[],"pwb-brand":[],"product_cat":[2886],"product_tag":[2841],"class_list":{"0":"post-13830","1":"product","2":"type-product","3":"status-publish","4":"has-post-thumbnail","6":"product_cat-dell-workstation","7":"product_tag-hdd","9":"first","10":"instock","11":"shipping-taxable","12":"product-type-simple"},"brands":[],"_links":{"self":[{"href":"https:\/\/serverhot.vn\/en\/wp-json\/wp\/v2\/product\/13830","targetHints":{"allow":["GET"]}}],"collection":[{"href":"https:\/\/serverhot.vn\/en\/wp-json\/wp\/v2\/product"}],"about":[{"href":"https:\/\/serverhot.vn\/en\/wp-json\/wp\/v2\/types\/product"}],"replies":[{"embeddable":true,"href":"https:\/\/serverhot.vn\/en\/wp-json\/wp\/v2\/comments?post=13830"}],"wp:featuredmedia":[{"embeddable":true,"href":"https:\/\/serverhot.vn\/en\/wp-json\/wp\/v2\/media\/13831"}],"wp:attachment":[{"href":"https:\/\/serverhot.vn\/en\/wp-json\/wp\/v2\/media?parent=13830"}],"wp:term":[{"taxonomy":"pwb-brand","embeddable":true,"href":"https:\/\/serverhot.vn\/en\/wp-json\/wp\/v2\/pwb-brand?post=13830"},{"taxonomy":"product_cat","embeddable":true,"href":"https:\/\/serverhot.vn\/en\/wp-json\/wp\/v2\/product_cat?post=13830"},{"taxonomy":"product_tag","embeddable":true,"href":"https:\/\/serverhot.vn\/en\/wp-json\/wp\/v2\/product_tag?post=13830"}],"curies":[{"name":"wp","href":"https:\/\/api.w.org\/{rel}","templated":true}]}}